{"id":46160,"date":"2026-03-26T15:05:23","date_gmt":"2026-03-26T14:05:23","guid":{"rendered":"https:\/\/starforlife.org\/karriar-2\/"},"modified":"2026-03-26T15:12:36","modified_gmt":"2026-03-26T14:12:36","slug":"karriar-2","status":"publish","type":"page","link":"https:\/\/starforlife.org\/sv\/vi-som-jobbar-har\/karriar-2\/","title":{"rendered":"Karri\u00e4r"},"content":{"rendered":"<p>[et_pb_section fb_built=&#8221;1&#8243; _builder_version=&#8221;4.23.4&#8243; _module_preset=&#8221;default&#8221; background_color=&#8221;#ebedea&#8221; locked=&#8221;off&#8221; global_colors_info=&#8221;{}&#8221; theme_builder_area=&#8221;post_content&#8221;][et_pb_row column_structure=&#8221;1_2,1_2&#8243; make_equal=&#8221;on&#8221; custom_padding_last_edited=&#8221;on|tablet&#8221; _builder_version=&#8221;4.27.6&#8243; _module_preset=&#8221;default&#8221; width=&#8221;90%&#8221; max_width=&#8221;1280px&#8221; custom_padding_tablet=&#8221;0px||||false|false&#8221; custom_padding_phone=&#8221;0px||||false|false&#8221; hover_enabled=&#8221;0&#8243; border_radii_tablet=&#8221;&#8221; border_radii_phone=&#8221;&#8221; border_radii_last_edited=&#8221;on|desktop&#8221; global_colors_info=&#8221;{}&#8221; border_radii__hover_enabled=&#8221;on|desktop&#8221; theme_builder_area=&#8221;post_content&#8221; sticky_enabled=&#8221;0&#8243;][et_pb_column type=&#8221;1_2&#8243; _builder_version=&#8221;4.23.4&#8243; _module_preset=&#8221;default&#8221; custom_padding=&#8221;3%||3%||false|false&#8221; custom_padding_tablet=&#8221;0%||0%||false|false&#8221; custom_padding_phone=&#8221;0%||0%||false|false&#8221; custom_padding_last_edited=&#8221;on|tablet&#8221; global_colors_info=&#8221;{}&#8221; theme_builder_area=&#8221;post_content&#8221;][et_pb_text _builder_version=&#8221;4.27.6&#8243; _module_preset=&#8221;default&#8221; text_text_color=&#8221;#344028&#8243; text_line_height=&#8221;1.6em&#8221; link_font=&#8221;||||on||||&#8221; link_text_color=&#8221;#47AC3D&#8221; header_2_text_color=&#8221;#344028&#8243; header_2_font_size=&#8221;28px&#8221; header_2_line_height=&#8221;1.3em&#8221; header_3_text_color=&#8221;#344028&#8243; header_3_font_size=&#8221;19px&#8221; header_3_line_height=&#8221;1.3em&#8221; width=&#8221;89%&#8221; width_tablet=&#8221;100%&#8221; width_phone=&#8221;100%&#8221; width_last_edited=&#8221;on|phone&#8221; custom_margin_tablet=&#8221;0px||||false|false&#8221; custom_margin_phone=&#8221;0px||||false|false&#8221; custom_margin_last_edited=&#8221;on|tablet&#8221; custom_padding_tablet=&#8221;&#8221; custom_padding_phone=&#8221;0px||||false|false&#8221; custom_padding_last_edited=&#8221;on|phone&#8221; hover_enabled=&#8221;0&#8243; text_orientation_tablet=&#8221;&#8221; text_orientation_phone=&#8221;&#8221; text_orientation_last_edited=&#8221;on|phone&#8221; global_colors_info=&#8221;{}&#8221; theme_builder_area=&#8221;post_content&#8221; sticky_enabled=&#8221;0&#8243; custom_css_free_form=&#8221;h3 {margin-bottom: -6px; margin-top: 10px;}&#8221;]<\/p>\n<h2 data-path-to-node=\"2\"><b data-path-to-node=\"2\" data-index-in-node=\"0\">Hj\u00e4lp oss att st\u00e4rka unga m\u00e4nniskor<\/b><\/h2>\n<p data-path-to-node=\"2\">Varje dag st\u00f6ttar Star for Life unga m\u00e4nniskor att tro p\u00e5 sig sj\u00e4lva, fatta h\u00e4lsosamma beslut och n\u00e5 sin fulla potential. Om du drivs av ett tydligt syfte och vill ha ett meningsfullt arbete \u00e4r du v\u00e4lkommen att s\u00f6ka m\u00f6jligheter hos oss. . <\/p>\n<h3 data-path-to-node=\"3\"><b data-path-to-node=\"3\" data-index-in-node=\"0\">Lediga tj\u00e4nster<\/b><\/h3>\n<p data-path-to-node=\"3\">Alla lediga tj\u00e4nster inom Star for Life publiceras p\u00e5 den h\u00e4r sidan och annonseras via relevanta nationella jobbplattformar i respektive land. Detta s\u00e4kerst\u00e4ller transparens, lika tillg\u00e5ng och lokal relevans i alla v\u00e5ra rekryteringsprocesser. N\u00e4r vi v\u00e4ljer ut kandidater v\u00e4rdes\u00e4tter vi kompetens, erfarenhet och en stark koppling till v\u00e5ra k\u00e4rnv\u00e4rden.<\/p>\n<p>Alla tj\u00e4nster inom Star for Life:<br \/>\u2022 Publiceras p\u00e5 denna sida<br \/>\u2022 och annonseras via relevanta jobbplattformar i respektive land<\/p>\n<p>Detta s\u00e4kerst\u00e4ller transparens och en r\u00e4ttvis rekryteringsprocess. Vid urval av kandidater ser vi till b\u00e5de formell kompetens, relevant erfarenhet och att man respekterar Star for Lifes v\u00e4rdegrund.  <\/p>\n<h3 data-path-to-node=\"4\"><b data-path-to-node=\"4\" data-index-in-node=\"0\">Spontanans\u00f6kningar<\/b><\/h3>\n<p data-path-to-node=\"4\">Vi tar f\u00f6r n\u00e4rvarande inte emot spontanans\u00f6kningar. <\/p>\n<p>[\/et_pb_text][\/et_pb_column][et_pb_column type=&#8221;1_2&#8243; _builder_version=&#8221;4.27.6&#8243; _module_preset=&#8221;default&#8221; background_enable_color=&#8221;off&#8221; background_image=&#8221;https:\/\/starforlife.org\/wp-content\/uploads\/2026\/01\/girls-club.jpg&#8221; custom_padding=&#8221;||||false|false&#8221; hover_enabled=&#8221;0&#8243; border_radii=&#8221;on|30px|30px|30px|30px&#8221; border_radii_tablet=&#8221;on|50px|50px|50px|50px&#8221; border_radii_phone=&#8221;on|50px|50px|50px|50px&#8221; border_radii_last_edited=&#8221;on|tablet&#8221; global_colors_info=&#8221;{}&#8221; theme_builder_area=&#8221;post_content&#8221; title_text=&#8221;girls-club&#8221; sticky_enabled=&#8221;0&#8243;][et_pb_divider show_divider=&#8221;off&#8221; _builder_version=&#8221;4.23.4&#8243; _module_preset=&#8221;default&#8221; custom_padding=&#8221;||||false|false&#8221; custom_padding_tablet=&#8221;40%||40%||false|false&#8221; custom_padding_phone=&#8221;50%||50%||false|false&#8221; custom_padding_last_edited=&#8221;on|tablet&#8221; global_colors_info=&#8221;{}&#8221; theme_builder_area=&#8221;post_content&#8221;][\/et_pb_divider][\/et_pb_column][\/et_pb_row][\/et_pb_section][et_pb_section fb_built=&#8221;1&#8243; theme_builder_area=&#8221;post_content&#8221; _builder_version=&#8221;4.27.6&#8243; _module_preset=&#8221;default&#8221; background_color=&#8221;#ebedea&#8221; custom_padding=&#8221;||90px|||&#8221; custom_padding_last_edited=&#8221;on|phone&#8221; custom_padding_phone=&#8221;0px||90px||false|false&#8221; hover_enabled=&#8221;0&#8243; sticky_enabled=&#8221;0&#8243; custom_padding_tablet=&#8221;||90px|||&#8221;][et_pb_row _builder_version=&#8221;4.27.6&#8243; _module_preset=&#8221;default&#8221; theme_builder_area=&#8221;post_content&#8221;][et_pb_column _builder_version=&#8221;4.27.6&#8243; _module_preset=&#8221;default&#8221; type=&#8221;4_4&#8243; theme_builder_area=&#8221;post_content&#8221;][et_pb_text _builder_version=&#8221;4.27.6&#8243; _module_preset=&#8221;default&#8221; text_text_color=&#8221;#344028&#8243; text_line_height=&#8221;1.6em&#8221; link_font=&#8221;||||on||||&#8221; link_text_color=&#8221;#47AC3D&#8221; header_2_text_color=&#8221;#344028&#8243; header_2_font_size=&#8221;35px&#8221; header_2_line_height=&#8221;1.3em&#8221; header_3_text_color=&#8221;#344028&#8243; header_3_font_size=&#8221;19px&#8221; header_3_line_height=&#8221;1.3em&#8221; width=&#8221;100%&#8221; width_tablet=&#8221;90%&#8221; width_phone=&#8221;100%&#8221; width_last_edited=&#8221;on|phone&#8221; custom_margin_tablet=&#8221;0px||||false|false&#8221; custom_margin_phone=&#8221;0px||||false|false&#8221; custom_margin_last_edited=&#8221;on|tablet&#8221; custom_padding_tablet=&#8221;&#8221; custom_padding_phone=&#8221;0px||||false|false&#8221; custom_padding_last_edited=&#8221;on|phone&#8221; hover_enabled=&#8221;0&#8243; text_orientation_last_edited=&#8221;off|desktop&#8221; global_colors_info=&#8221;{}&#8221; theme_builder_area=&#8221;post_content&#8221; sticky_enabled=&#8221;0&#8243; custom_css_free_form=&#8221;h3 {margin-bottom: -6px; margin-top: 10px;}&#8221; header_2_text_align=&#8221;center&#8221; text_orientation=&#8221;center&#8221; text_font_size=&#8221;16px&#8221;]<\/p>\n<h2 data-path-to-node=\"2\"><b data-path-to-node=\"2\" data-index-in-node=\"0\">Spontanans\u00f6kningar <\/b><\/h2>\n<p data-path-to-node=\"2\">Vi tar f\u00f6r n\u00e4rvarande inte emot spontanans\u00f6kningar.<\/p>\n<p>[\/et_pb_text][\/et_pb_column][\/et_pb_row][et_pb_row _builder_version=&#8221;4.27.6&#8243; _module_preset=&#8221;default&#8221; theme_builder_area=&#8221;post_content&#8221;][et_pb_column _builder_version=&#8221;4.27.6&#8243; _module_preset=&#8221;default&#8221; type=&#8221;4_4&#8243; theme_builder_area=&#8221;post_content&#8221;][et_pb_text _builder_version=&#8221;4.27.6&#8243; _module_preset=&#8221;default&#8221; text_text_color=&#8221;#969696&#8243; text_line_height=&#8221;1.6em&#8221; link_font=&#8221;||||on||||&#8221; link_text_color=&#8221;#47AC3D&#8221; header_2_text_color=&#8221;#344028&#8243; header_2_font_size=&#8221;28px&#8221; header_2_line_height=&#8221;1.3em&#8221; header_3_text_color=&#8221;#344028&#8243; header_3_font_size=&#8221;19px&#8221; header_3_line_height=&#8221;1.3em&#8221; width=&#8221;67%&#8221; width_tablet=&#8221;90%&#8221; width_phone=&#8221;100%&#8221; width_last_edited=&#8221;on|phone&#8221; custom_margin_tablet=&#8221;0px||||false|false&#8221; custom_margin_phone=&#8221;0px||||false|false&#8221; custom_margin_last_edited=&#8221;on|tablet&#8221; custom_padding_tablet=&#8221;&#8221; custom_padding_phone=&#8221;0px||||false|false&#8221; custom_padding_last_edited=&#8221;on|phone&#8221; hover_enabled=&#8221;0&#8243; text_orientation_last_edited=&#8221;off|desktop&#8221; global_colors_info=&#8221;{}&#8221; theme_builder_area=&#8221;post_content&#8221; sticky_enabled=&#8221;0&#8243; custom_css_free_form=&#8221;h3 {margin-bottom: -6px; margin-top: 10px;}&#8221; header_2_text_align=&#8221;center&#8221; text_orientation=&#8221;center&#8221; text_font_size=&#8221;19px&#8221; module_alignment=&#8221;center&#8221;]<\/p>\n<p data-path-to-node=\"2\">Bes\u00f6k g\u00e4rna den h\u00e4r sidan snart igen f\u00f6r att se v\u00e5ra senaste lediga jobb. <\/p>\n<p>[\/et_pb_text][\/et_pb_column][\/et_pb_row][\/et_pb_section]<\/p>\n","protected":false},"excerpt":{"rendered":"<p>Hj\u00e4lp oss att st\u00e4rka unga m\u00e4nniskor Varje dag st\u00f6ttar Star for Life unga m\u00e4nniskor att tro p\u00e5 sig sj\u00e4lva, fatta h\u00e4lsosamma beslut och n\u00e5 sin fulla potential. Om du drivs av ett tydligt syfte och vill ha ett meningsfullt arbete \u00e4r du v\u00e4lkommen att s\u00f6ka m\u00f6jligheter hos oss. . Lediga tj\u00e4nster Alla lediga tj\u00e4nster inom [&hellip;]<\/p>\n","protected":false},"author":1,"featured_media":0,"parent":31757,"menu_order":0,"comment_status":"closed","ping_status":"closed","template":"","meta":{"_acf_changed":false,"_et_pb_use_builder":"on","_et_pb_old_content":"","_et_gb_content_width":"","inline_featured_image":false,"footnotes":""},"class_list":["post-46160","page","type-page","status-publish","hentry"],"acf":[],"yoast_head":"<!-- This site is optimized with the Yoast SEO plugin v27.5 - https:\/\/yoast.com\/product\/yoast-seo-wordpress\/ -->\n<title>Karri\u00e4r | Star for Life<\/title>\n<meta name=\"robots\" content=\"index, follow, max-snippet:-1, max-image-preview:large, max-video-preview:-1\" \/>\n<link rel=\"canonical\" href=\"https:\/\/starforlife.org\/sv\/vi-som-jobbar-har\/karriar-2\/\" \/>\n<meta property=\"og:locale\" content=\"sv_SE\" \/>\n<meta property=\"og:type\" content=\"article\" \/>\n<meta property=\"og:title\" content=\"Karri\u00e4r | Star for Life\" \/>\n<meta property=\"og:description\" content=\"Hj\u00e4lp oss att st\u00e4rka unga m\u00e4nniskor Varje dag st\u00f6ttar Star for Life unga m\u00e4nniskor att tro p\u00e5 sig sj\u00e4lva, fatta h\u00e4lsosamma beslut och n\u00e5 sin fulla potential. Om du drivs av ett tydligt syfte och vill ha ett meningsfullt arbete \u00e4r du v\u00e4lkommen att s\u00f6ka m\u00f6jligheter hos oss. . Lediga tj\u00e4nster Alla lediga tj\u00e4nster inom [&hellip;]\" \/>\n<meta property=\"og:site_name\" content=\"Star for Life\" \/>\n<meta property=\"article:publisher\" content=\"https:\/\/www.facebook.com\/starforlifeofficial\" \/>\n<meta property=\"article:modified_time\" content=\"2026-03-26T14:12:36+00:00\" \/>\n<meta property=\"og:image\" content=\"https:\/\/starforlife.org\/wp-content\/uploads\/2023\/08\/kufezekile.webp\" \/>\n\t<meta property=\"og:image:width\" content=\"1920\" \/>\n\t<meta property=\"og:image:height\" content=\"1440\" \/>\n\t<meta property=\"og:image:type\" content=\"image\/webp\" \/>\n<meta name=\"twitter:card\" content=\"summary_large_image\" \/>\n<meta name=\"twitter:label1\" content=\"Ber\u00e4knad l\u00e4stid\" \/>\n\t<meta name=\"twitter:data1\" content=\"1 minut\" \/>\n<script type=\"application\/ld+json\" class=\"yoast-schema-graph\">{\"@context\":\"https:\\\/\\\/schema.org\",\"@graph\":[{\"@type\":\"WebPage\",\"@id\":\"https:\\\/\\\/starforlife.org\\\/sv\\\/vi-som-jobbar-har\\\/karriar-2\\\/\",\"url\":\"https:\\\/\\\/starforlife.org\\\/sv\\\/vi-som-jobbar-har\\\/karriar-2\\\/\",\"name\":\"Karri\u00e4r | Star for Life\",\"isPartOf\":{\"@id\":\"https:\\\/\\\/starforlife.org\\\/#website\"},\"datePublished\":\"2026-03-26T14:05:23+00:00\",\"dateModified\":\"2026-03-26T14:12:36+00:00\",\"breadcrumb\":{\"@id\":\"https:\\\/\\\/starforlife.org\\\/sv\\\/vi-som-jobbar-har\\\/karriar-2\\\/#breadcrumb\"},\"inLanguage\":\"sv-SE\",\"potentialAction\":[{\"@type\":\"ReadAction\",\"target\":[\"https:\\\/\\\/starforlife.org\\\/sv\\\/vi-som-jobbar-har\\\/karriar-2\\\/\"]}]},{\"@type\":\"BreadcrumbList\",\"@id\":\"https:\\\/\\\/starforlife.org\\\/sv\\\/vi-som-jobbar-har\\\/karriar-2\\\/#breadcrumb\",\"itemListElement\":[{\"@type\":\"ListItem\",\"position\":1,\"name\":\"Vi som jobbar h\u00e4r\",\"item\":\"https:\\\/\\\/starforlife.org\\\/our-staff\\\/\"},{\"@type\":\"ListItem\",\"position\":2,\"name\":\"Karri\u00e4r\"}]},{\"@type\":\"WebSite\",\"@id\":\"https:\\\/\\\/starforlife.org\\\/#website\",\"url\":\"https:\\\/\\\/starforlife.org\\\/\",\"name\":\"Star for Life\",\"description\":\"Empowering young people\",\"publisher\":{\"@id\":\"https:\\\/\\\/starforlife.org\\\/#organization\"},\"alternateName\":\"SFL\",\"potentialAction\":[{\"@type\":\"SearchAction\",\"target\":{\"@type\":\"EntryPoint\",\"urlTemplate\":\"https:\\\/\\\/starforlife.org\\\/?s={search_term_string}\"},\"query-input\":{\"@type\":\"PropertyValueSpecification\",\"valueRequired\":true,\"valueName\":\"search_term_string\"}}],\"inLanguage\":\"sv-SE\"},{\"@type\":\"Organization\",\"@id\":\"https:\\\/\\\/starforlife.org\\\/#organization\",\"name\":\"Star for life\",\"url\":\"https:\\\/\\\/starforlife.org\\\/\",\"logo\":{\"@type\":\"ImageObject\",\"inLanguage\":\"sv-SE\",\"@id\":\"https:\\\/\\\/starforlife.org\\\/#\\\/schema\\\/logo\\\/image\\\/\",\"url\":\"https:\\\/\\\/starforlife.org\\\/wp-content\\\/uploads\\\/2024\\\/02\\\/logga.svg\",\"contentUrl\":\"https:\\\/\\\/starforlife.org\\\/wp-content\\\/uploads\\\/2024\\\/02\\\/logga.svg\",\"width\":\"1024\",\"height\":\"1024\",\"caption\":\"Star for life\"},\"image\":{\"@id\":\"https:\\\/\\\/starforlife.org\\\/#\\\/schema\\\/logo\\\/image\\\/\"},\"sameAs\":[\"https:\\\/\\\/www.facebook.com\\\/starforlifeofficial\",\"https:\\\/\\\/www.linkedin.com\\\/company\\\/7063029\\\/\"]}]}<\/script>\n<!-- \/ Yoast SEO plugin. -->","yoast_head_json":{"title":"Karri\u00e4r | Star for Life","robots":{"index":"index","follow":"follow","max-snippet":"max-snippet:-1","max-image-preview":"max-image-preview:large","max-video-preview":"max-video-preview:-1"},"canonical":"https:\/\/starforlife.org\/sv\/vi-som-jobbar-har\/karriar-2\/","og_locale":"sv_SE","og_type":"article","og_title":"Karri\u00e4r | Star for Life","og_description":"Hj\u00e4lp oss att st\u00e4rka unga m\u00e4nniskor Varje dag st\u00f6ttar Star for Life unga m\u00e4nniskor att tro p\u00e5 sig sj\u00e4lva, fatta h\u00e4lsosamma beslut och n\u00e5 sin fulla potential. Om du drivs av ett tydligt syfte och vill ha ett meningsfullt arbete \u00e4r du v\u00e4lkommen att s\u00f6ka m\u00f6jligheter hos oss. . Lediga tj\u00e4nster Alla lediga tj\u00e4nster inom [&hellip;]","og_site_name":"Star for Life","article_publisher":"https:\/\/www.facebook.com\/starforlifeofficial","article_modified_time":"2026-03-26T14:12:36+00:00","og_image":[{"width":1920,"height":1440,"url":"https:\/\/starforlife.org\/wp-content\/uploads\/2023\/08\/kufezekile.webp","type":"image\/webp"}],"twitter_card":"summary_large_image","twitter_misc":{"Ber\u00e4knad l\u00e4stid":"1 minut"},"schema":{"@context":"https:\/\/schema.org","@graph":[{"@type":"WebPage","@id":"https:\/\/starforlife.org\/sv\/vi-som-jobbar-har\/karriar-2\/","url":"https:\/\/starforlife.org\/sv\/vi-som-jobbar-har\/karriar-2\/","name":"Karri\u00e4r | Star for Life","isPartOf":{"@id":"https:\/\/starforlife.org\/#website"},"datePublished":"2026-03-26T14:05:23+00:00","dateModified":"2026-03-26T14:12:36+00:00","breadcrumb":{"@id":"https:\/\/starforlife.org\/sv\/vi-som-jobbar-har\/karriar-2\/#breadcrumb"},"inLanguage":"sv-SE","potentialAction":[{"@type":"ReadAction","target":["https:\/\/starforlife.org\/sv\/vi-som-jobbar-har\/karriar-2\/"]}]},{"@type":"BreadcrumbList","@id":"https:\/\/starforlife.org\/sv\/vi-som-jobbar-har\/karriar-2\/#breadcrumb","itemListElement":[{"@type":"ListItem","position":1,"name":"Vi som jobbar h\u00e4r","item":"https:\/\/starforlife.org\/our-staff\/"},{"@type":"ListItem","position":2,"name":"Karri\u00e4r"}]},{"@type":"WebSite","@id":"https:\/\/starforlife.org\/#website","url":"https:\/\/starforlife.org\/","name":"Star for Life","description":"Empowering young people","publisher":{"@id":"https:\/\/starforlife.org\/#organization"},"alternateName":"SFL","potentialAction":[{"@type":"SearchAction","target":{"@type":"EntryPoint","urlTemplate":"https:\/\/starforlife.org\/?s={search_term_string}"},"query-input":{"@type":"PropertyValueSpecification","valueRequired":true,"valueName":"search_term_string"}}],"inLanguage":"sv-SE"},{"@type":"Organization","@id":"https:\/\/starforlife.org\/#organization","name":"Star for life","url":"https:\/\/starforlife.org\/","logo":{"@type":"ImageObject","inLanguage":"sv-SE","@id":"https:\/\/starforlife.org\/#\/schema\/logo\/image\/","url":"https:\/\/starforlife.org\/wp-content\/uploads\/2024\/02\/logga.svg","contentUrl":"https:\/\/starforlife.org\/wp-content\/uploads\/2024\/02\/logga.svg","width":"1024","height":"1024","caption":"Star for life"},"image":{"@id":"https:\/\/starforlife.org\/#\/schema\/logo\/image\/"},"sameAs":["https:\/\/www.facebook.com\/starforlifeofficial","https:\/\/www.linkedin.com\/company\/7063029\/"]}]}},"_links":{"self":[{"href":"https:\/\/starforlife.org\/sv\/wp-json\/wp\/v2\/pages\/46160","targetHints":{"allow":["GET"]}}],"collection":[{"href":"https:\/\/starforlife.org\/sv\/wp-json\/wp\/v2\/pages"}],"about":[{"href":"https:\/\/starforlife.org\/sv\/wp-json\/wp\/v2\/types\/page"}],"author":[{"embeddable":true,"href":"https:\/\/starforlife.org\/sv\/wp-json\/wp\/v2\/users\/1"}],"replies":[{"embeddable":true,"href":"https:\/\/starforlife.org\/sv\/wp-json\/wp\/v2\/comments?post=46160"}],"version-history":[{"count":4,"href":"https:\/\/starforlife.org\/sv\/wp-json\/wp\/v2\/pages\/46160\/revisions"}],"predecessor-version":[{"id":46165,"href":"https:\/\/starforlife.org\/sv\/wp-json\/wp\/v2\/pages\/46160\/revisions\/46165"}],"up":[{"embeddable":true,"href":"https:\/\/starforlife.org\/sv\/wp-json\/wp\/v2\/pages\/31757"}],"wp:attachment":[{"href":"https:\/\/starforlife.org\/sv\/wp-json\/wp\/v2\/media?parent=46160"}],"curies":[{"name":"wp","href":"https:\/\/api.w.org\/{rel}","templated":true}]}}