{"id":44617,"date":"2026-01-29T15:53:53","date_gmt":"2026-01-29T14:53:53","guid":{"rendered":"https:\/\/starforlife.org\/boys-clubs-2\/"},"modified":"2026-01-29T15:56:48","modified_gmt":"2026-01-29T14:56:48","slug":"boys-clubs","status":"publish","type":"page","link":"https:\/\/starforlife.org\/sv\/vara-projekt\/boys-clubs\/","title":{"rendered":"Boys Clubs"},"content":{"rendered":"<p>[et_pb_section fb_built=&#8221;1&#8243; _builder_version=&#8221;4.27.5&#8243; _module_preset=&#8221;default&#8221; background_color=&#8221;rgba(0,0,0,0.22)&#8221; background_image=&#8221;https:\/\/starforlife.org\/wp-content\/uploads\/2025\/11\/boys-clubs-2.webp&#8221; background_position=&#8221;top_center&#8221; background_vertical_offset=&#8221;37%&#8221; background_blend=&#8221;multiply&#8221; custom_margin=&#8221;||||false|false&#8221; custom_padding=&#8221;9%||9%||false|false&#8221; background_color_phone=&#8221;rgba(0,0,0,0.24)&#8221; background_enable_color_phone=&#8221;on&#8221; global_colors_info=&#8221;{}&#8221;][et_pb_row _builder_version=&#8221;4.22.0&#8243; _module_preset=&#8221;default&#8221; global_colors_info=&#8221;{}&#8221;][et_pb_column type=&#8221;4_4&#8243; _builder_version=&#8221;4.22.0&#8243; _module_preset=&#8221;default&#8221; global_colors_info=&#8221;{}&#8221;][et_pb_text _builder_version=&#8221;4.27.5&#8243; _module_preset=&#8221;default&#8221; header_text_align=&#8221;center&#8221; header_text_color=&#8221;#FFFFFF&#8221; header_2_text_align=&#8221;center&#8221; width=&#8221;66%&#8221; width_tablet=&#8221;100%&#8221; width_phone=&#8221;100%&#8221; width_last_edited=&#8221;on|phone&#8221; module_alignment=&#8221;center&#8221; header_font_size_tablet=&#8221;30px&#8221; header_font_size_phone=&#8221;25px&#8221; header_font_size_last_edited=&#8221;on|phone&#8221; header_line_height_tablet=&#8221;1.3em&#8221; header_line_height_phone=&#8221;1.3em&#8221; header_line_height_last_edited=&#8221;on|tablet&#8221; header_text_shadow_style=&#8221;preset3&#8243; global_colors_info=&#8221;{}&#8221;]<\/p>\n<h1>En ny generation av ansvarstagande, trygga och j\u00e4mst\u00e4llda unga m\u00e4n<\/h1>\n<p>[\/et_pb_text][et_pb_button button_url=&#8221;https:\/\/starforlife.org\/sv\/varfor-bli-partner\/&#8221; button_text=&#8221;Bli partner&#8221; button_alignment=&#8221;center&#8221; button_alignment_tablet=&#8221;center&#8221; button_alignment_phone=&#8221;center&#8221; button_alignment_last_edited=&#8221;on|phone&#8221; _builder_version=&#8221;4.27.4&#8243; _module_preset=&#8221;default&#8221; custom_button=&#8221;on&#8221; button_text_size=&#8221;16px&#8221; button_text_color=&#8221;#FFFFFF&#8221; button_bg_color=&#8221;#1072B8&#8243; button_border_radius=&#8221;30px&#8221; button_font=&#8221;|300|||||||&#8221; button_use_icon=&#8221;off&#8221; locked=&#8221;off&#8221; global_colors_info=&#8221;{}&#8221; button_bg_color__hover_enabled=&#8221;on|hover&#8221; button_bg_color__hover=&#8221;#000000&#8243; button_bg_enable_color__hover=&#8221;on&#8221;][\/et_pb_button][\/et_pb_column][\/et_pb_row][\/et_pb_section][et_pb_section fb_built=&#8221;1&#8243; custom_padding_last_edited=&#8221;on|tablet&#8221; _builder_version=&#8221;4.27.4&#8243; _module_preset=&#8221;default&#8221; background_color=&#8221;rgba(16,114,184,0.09)&#8221; custom_padding=&#8221;80px||80px||false|&#8221; custom_padding_tablet=&#8221;||50px||false|false&#8221; custom_padding_phone=&#8221;30px||0px||false|false&#8221; locked=&#8221;off&#8221; global_colors_info=&#8221;{}&#8221;][et_pb_row column_structure=&#8221;1_2,1_2&#8243; make_equal=&#8221;on&#8221; custom_padding_last_edited=&#8221;on|tablet&#8221; _builder_version=&#8221;4.27.5&#8243; _module_preset=&#8221;default&#8221; width=&#8221;85%&#8221; width_tablet=&#8221;90%&#8221; width_phone=&#8221;90%&#8221; width_last_edited=&#8221;on|phone&#8221; max_width=&#8221;1290px&#8221; custom_padding=&#8221;||||false|false&#8221; custom_padding_tablet=&#8221;0px||||false|false&#8221; custom_padding_phone=&#8221;0px||||false|false&#8221; locked=&#8221;off&#8221; global_colors_info=&#8221;{}&#8221;][et_pb_column type=&#8221;1_2&#8243; _builder_version=&#8221;4.27.4&#8243; _module_preset=&#8221;default&#8221; custom_padding_tablet=&#8221;0px||||false|false&#8221; custom_padding_phone=&#8221;0px||||false|false&#8221; custom_padding_last_edited=&#8221;on|tablet&#8221; global_colors_info=&#8221;{}&#8221;][et_pb_heading title=&#8221;Boys Clubs&#8221; _builder_version=&#8221;4.27.5&#8243; _module_preset=&#8221;default&#8221; title_font=&#8221;|300|||||||&#8221; custom_margin=&#8221;20px||0px||false|false&#8221; custom_margin_tablet=&#8221;0px||0px||false|false&#8221; custom_margin_phone=&#8221;0px||0px||false|false&#8221; custom_margin_last_edited=&#8221;on|tablet&#8221; title_font_size_tablet=&#8221;35px&#8221; title_font_size_phone=&#8221;30px&#8221; title_font_size_last_edited=&#8221;on|phone&#8221; global_colors_info=&#8221;{}&#8221;][\/et_pb_heading][et_pb_text _builder_version=&#8221;4.27.5&#8243; _module_preset=&#8221;default&#8221; text_text_color=&#8221;#000000&#8243; text_font_size=&#8221;20px&#8221; text_line_height=&#8221;1.5em&#8221; header_2_font=&#8221;|300|||||||&#8221; width=&#8221;100%&#8221; width_tablet=&#8221;90%&#8221; width_phone=&#8221;100%&#8221; width_last_edited=&#8221;on|tablet&#8221; max_width=&#8221;1290px&#8221; module_alignment=&#8221;left&#8221; custom_margin=&#8221;||25px||false|false&#8221; hover_enabled=&#8221;0&#8243; text_font_size_tablet=&#8221;20px&#8221; text_font_size_phone=&#8221;18px&#8221; text_font_size_last_edited=&#8221;on|phone&#8221; global_colors_info=&#8221;{}&#8221; sticky_enabled=&#8221;0&#8243;]<\/p>\n<p class=\"p1\"><span class=\"s1\">Star for Life arbetar f\u00f6r att utmana skadliga strukturer och minska oj\u00e4mlikhet. Genom v\u00e5ra Boys Clubs erbjuder vi pojkar en v\u00e4g bort fr\u00e5n gatan, drogerna och g\u00e4nget \u2013 och in i klassrummet, sj\u00e4lvk\u00e4nslan och framtiden. <\/span><\/p>\n<p>[\/et_pb_text][et_pb_text _builder_version=&#8221;4.27.5&#8243; _module_preset=&#8221;default&#8221; text_text_color=&#8221;#4c4c4c&#8221; text_font_size=&#8221;16px&#8221; text_line_height=&#8221;1.6em&#8221; header_4_font_size=&#8221;16px&#8221; header_4_line_height=&#8221;1.3em&#8221; width=&#8221;100%&#8221; module_alignment=&#8221;left&#8221; custom_margin=&#8221;||60px||false|false&#8221; custom_margin_tablet=&#8221;0px||40px||false|false&#8221; custom_margin_phone=&#8221;||40px||false|false&#8221; custom_margin_last_edited=&#8221;on|phone&#8221; text_font_size_tablet=&#8221;16px&#8221; text_font_size_phone=&#8221;16px&#8221; text_font_size_last_edited=&#8221;on|phone&#8221; custom_css_free_form=&#8221;h4 {margin-top: 10px; margin-bottom: -5px; }&#8221; global_colors_info=&#8221;{}&#8221;]<\/p>\n<p class=\"p2\"><span class=\"s1\">H\u00e4r f\u00e5r pojkarna kunskap om pubertet, sexualitet, samtycke och relationer samt redskap f\u00f6r hur de kan f\u00f6rverkliga sina dr\u00f6mmar genom studier och entrepren\u00f6rskap. M\u00e5let \u00e4r en ny generation ansvarsfulla och trygga m\u00e4n vars manlighet bygger p\u00e5 respekt ist\u00e4llet f\u00f6r p\u00e5 makt. P\u00e5 s\u00e5 vis hj\u00e4lper vi b\u00e5de killarna och tjejerna.  <\/span><\/p>\n<h4 class=\"p1\"><span class=\"s1\"><b>Ditt bidrag g\u00f6r skillnad<\/b><\/span><\/h4>\n<p class=\"p1\">V\u00e5rt arbete med ungdomar \u00e4r bara m\u00f6jligt tack vare f\u00f6retag som v\u00e4ljer att st\u00f6tta oss som partners. Ditt st\u00f6d hj\u00e4lper oss att forma n\u00e4sta generation av trygga och j\u00e4mst\u00e4llda m\u00e4n.  <span class=\"s2\">Dessa pengar s\u00e4krar en hel Boys Clubs under ett \u00e5r och s\u00e4kerst\u00e4ller samtidigt att pojkarna f\u00e5r grundl\u00e4ggande hygienprodukter som deodorant och tv\u00e5l, s\u00e5 att de kan g\u00e5 till skolan varje dag med sj\u00e4lvf\u00f6rtroende och v\u00e4rdighet. <\/span><\/p>\n<p class=\"p2\"><span class=\"s2\">Genom att st\u00f6tta en Star for Lifes Boys Club st\u00e4rker du ert CSR-arbete och m\u00f6jligg\u00f6r en ny generation av j\u00e4mst\u00e4lldhet.<\/span><\/p>\n<p>[\/et_pb_text][et_pb_button button_url=&#8221;https:\/\/starforlife.org\/sv\/varfor-bli-partner\/&#8221; button_text=&#8221;Bli partner&#8221; button_alignment=&#8221;left&#8221; button_alignment_tablet=&#8221;center&#8221; button_alignment_phone=&#8221;center&#8221; button_alignment_last_edited=&#8221;on|phone&#8221; _builder_version=&#8221;4.27.5&#8243; _module_preset=&#8221;default&#8221; custom_button=&#8221;on&#8221; button_text_size=&#8221;16px&#8221; button_text_color=&#8221;#FFFFFF&#8221; button_bg_color=&#8221;#1072B8&#8243; button_border_radius=&#8221;30px&#8221; button_font=&#8221;|300|||||||&#8221; button_use_icon=&#8221;off&#8221; custom_margin=&#8221;||40px||false|false&#8221; locked=&#8221;off&#8221; global_colors_info=&#8221;{}&#8221; button_bg_color__hover_enabled=&#8221;on|hover&#8221; button_bg_color__hover=&#8221;#000000&#8243; button_bg_enable_color__hover=&#8221;on&#8221;][\/et_pb_button][\/et_pb_column][et_pb_column type=&#8221;1_2&#8243; _builder_version=&#8221;4.27.5&#8243; _module_preset=&#8221;default&#8221; background_image=&#8221;https:\/\/starforlife.org\/wp-content\/uploads\/2025\/11\/boys-clubs.webp&#8221; border_radii=&#8221;on|30px|30px|30px|30px&#8221; global_colors_info=&#8221;{}&#8221;][et_pb_divider show_divider=&#8221;off&#8221; _builder_version=&#8221;4.27.4&#8243; _module_preset=&#8221;default&#8221; custom_padding_tablet=&#8221;30%||30%||false|false&#8221; custom_padding_phone=&#8221;40%||40%||false|false&#8221; custom_padding_last_edited=&#8221;on|tablet&#8221; global_colors_info=&#8221;{}&#8221;][\/et_pb_divider][\/et_pb_column][\/et_pb_row][\/et_pb_section]<\/p>\n","protected":false},"excerpt":{"rendered":"<p>En ny generation av ansvarstagande, trygga och j\u00e4mst\u00e4llda unga m\u00e4nStar for Life arbetar f\u00f6r att utmana skadliga strukturer och minska oj\u00e4mlikhet. Genom v\u00e5ra Boys Clubs erbjuder vi pojkar en v\u00e4g bort fr\u00e5n gatan, drogerna och g\u00e4nget \u2013 och in i klassrummet, sj\u00e4lvk\u00e4nslan och framtiden. H\u00e4r f\u00e5r pojkarna kunskap om pubertet, sexualitet, samtycke och relationer samt [&hellip;]<\/p>\n","protected":false},"author":1,"featured_media":0,"parent":44563,"menu_order":0,"comment_status":"closed","ping_status":"closed","template":"","meta":{"_acf_changed":false,"_et_pb_use_builder":"on","_et_pb_old_content":"","_et_gb_content_width":"","inline_featured_image":false,"footnotes":""},"class_list":["post-44617","page","type-page","status-publish","hentry"],"acf":[],"yoast_head":"<!-- This site is optimized with the Yoast SEO plugin v27.5 - https:\/\/yoast.com\/product\/yoast-seo-wordpress\/ -->\n<title>Boys Clubs | Star for Life<\/title>\n<meta name=\"robots\" content=\"index, follow, max-snippet:-1, max-image-preview:large, max-video-preview:-1\" \/>\n<link rel=\"canonical\" href=\"https:\/\/starforlife.org\/sv\/vara-projekt\/boys-clubs\/\" \/>\n<meta property=\"og:locale\" content=\"sv_SE\" \/>\n<meta property=\"og:type\" content=\"article\" \/>\n<meta property=\"og:title\" content=\"Boys Clubs | Star for Life\" \/>\n<meta property=\"og:description\" content=\"En ny generation av ansvarstagande, trygga och j\u00e4mst\u00e4llda unga m\u00e4nStar for Life arbetar f\u00f6r att utmana skadliga strukturer och minska oj\u00e4mlikhet. Genom v\u00e5ra Boys Clubs erbjuder vi pojkar en v\u00e4g bort fr\u00e5n gatan, drogerna och g\u00e4nget \u2013 och in i klassrummet, sj\u00e4lvk\u00e4nslan och framtiden. H\u00e4r f\u00e5r pojkarna kunskap om pubertet, sexualitet, samtycke och relationer samt [&hellip;]\" \/>\n<meta property=\"og:site_name\" content=\"Star for Life\" \/>\n<meta property=\"article:publisher\" content=\"https:\/\/www.facebook.com\/starforlifeofficial\" \/>\n<meta property=\"article:modified_time\" content=\"2026-01-29T14:56:48+00:00\" \/>\n<meta property=\"og:image\" content=\"https:\/\/starforlife.org\/wp-content\/uploads\/2023\/08\/kufezekile.webp\" \/>\n\t<meta property=\"og:image:width\" content=\"1920\" \/>\n\t<meta property=\"og:image:height\" content=\"1440\" \/>\n\t<meta property=\"og:image:type\" content=\"image\/webp\" \/>\n<meta name=\"twitter:card\" content=\"summary_large_image\" \/>\n<meta name=\"twitter:label1\" content=\"Ber\u00e4knad l\u00e4stid\" \/>\n\t<meta name=\"twitter:data1\" content=\"1 minut\" \/>\n<script type=\"application\/ld+json\" class=\"yoast-schema-graph\">{\"@context\":\"https:\\\/\\\/schema.org\",\"@graph\":[{\"@type\":\"WebPage\",\"@id\":\"https:\\\/\\\/starforlife.org\\\/sv\\\/vara-projekt\\\/boys-clubs\\\/\",\"url\":\"https:\\\/\\\/starforlife.org\\\/sv\\\/vara-projekt\\\/boys-clubs\\\/\",\"name\":\"Boys Clubs | Star for Life\",\"isPartOf\":{\"@id\":\"https:\\\/\\\/starforlife.org\\\/#website\"},\"datePublished\":\"2026-01-29T14:53:53+00:00\",\"dateModified\":\"2026-01-29T14:56:48+00:00\",\"breadcrumb\":{\"@id\":\"https:\\\/\\\/starforlife.org\\\/sv\\\/vara-projekt\\\/boys-clubs\\\/#breadcrumb\"},\"inLanguage\":\"sv-SE\",\"potentialAction\":[{\"@type\":\"ReadAction\",\"target\":[\"https:\\\/\\\/starforlife.org\\\/sv\\\/vara-projekt\\\/boys-clubs\\\/\"]}]},{\"@type\":\"BreadcrumbList\",\"@id\":\"https:\\\/\\\/starforlife.org\\\/sv\\\/vara-projekt\\\/boys-clubs\\\/#breadcrumb\",\"itemListElement\":[{\"@type\":\"ListItem\",\"position\":1,\"name\":\"V\u00e5ra projekt\",\"item\":\"https:\\\/\\\/starforlife.org\\\/sv\\\/vara-projekt\\\/\"},{\"@type\":\"ListItem\",\"position\":2,\"name\":\"Boys Clubs\"}]},{\"@type\":\"WebSite\",\"@id\":\"https:\\\/\\\/starforlife.org\\\/#website\",\"url\":\"https:\\\/\\\/starforlife.org\\\/\",\"name\":\"Star for Life\",\"description\":\"Empowering young people\",\"publisher\":{\"@id\":\"https:\\\/\\\/starforlife.org\\\/#organization\"},\"alternateName\":\"SFL\",\"potentialAction\":[{\"@type\":\"SearchAction\",\"target\":{\"@type\":\"EntryPoint\",\"urlTemplate\":\"https:\\\/\\\/starforlife.org\\\/?s={search_term_string}\"},\"query-input\":{\"@type\":\"PropertyValueSpecification\",\"valueRequired\":true,\"valueName\":\"search_term_string\"}}],\"inLanguage\":\"sv-SE\"},{\"@type\":\"Organization\",\"@id\":\"https:\\\/\\\/starforlife.org\\\/#organization\",\"name\":\"Star for life\",\"url\":\"https:\\\/\\\/starforlife.org\\\/\",\"logo\":{\"@type\":\"ImageObject\",\"inLanguage\":\"sv-SE\",\"@id\":\"https:\\\/\\\/starforlife.org\\\/#\\\/schema\\\/logo\\\/image\\\/\",\"url\":\"https:\\\/\\\/starforlife.org\\\/wp-content\\\/uploads\\\/2024\\\/02\\\/logga.svg\",\"contentUrl\":\"https:\\\/\\\/starforlife.org\\\/wp-content\\\/uploads\\\/2024\\\/02\\\/logga.svg\",\"width\":\"1024\",\"height\":\"1024\",\"caption\":\"Star for life\"},\"image\":{\"@id\":\"https:\\\/\\\/starforlife.org\\\/#\\\/schema\\\/logo\\\/image\\\/\"},\"sameAs\":[\"https:\\\/\\\/www.facebook.com\\\/starforlifeofficial\",\"https:\\\/\\\/www.linkedin.com\\\/company\\\/7063029\\\/\"]}]}<\/script>\n<!-- \/ Yoast SEO plugin. -->","yoast_head_json":{"title":"Boys Clubs | Star for Life","robots":{"index":"index","follow":"follow","max-snippet":"max-snippet:-1","max-image-preview":"max-image-preview:large","max-video-preview":"max-video-preview:-1"},"canonical":"https:\/\/starforlife.org\/sv\/vara-projekt\/boys-clubs\/","og_locale":"sv_SE","og_type":"article","og_title":"Boys Clubs | Star for Life","og_description":"En ny generation av ansvarstagande, trygga och j\u00e4mst\u00e4llda unga m\u00e4nStar for Life arbetar f\u00f6r att utmana skadliga strukturer och minska oj\u00e4mlikhet. Genom v\u00e5ra Boys Clubs erbjuder vi pojkar en v\u00e4g bort fr\u00e5n gatan, drogerna och g\u00e4nget \u2013 och in i klassrummet, sj\u00e4lvk\u00e4nslan och framtiden. H\u00e4r f\u00e5r pojkarna kunskap om pubertet, sexualitet, samtycke och relationer samt [&hellip;]","og_site_name":"Star for Life","article_publisher":"https:\/\/www.facebook.com\/starforlifeofficial","article_modified_time":"2026-01-29T14:56:48+00:00","og_image":[{"width":1920,"height":1440,"url":"https:\/\/starforlife.org\/wp-content\/uploads\/2023\/08\/kufezekile.webp","type":"image\/webp"}],"twitter_card":"summary_large_image","twitter_misc":{"Ber\u00e4knad l\u00e4stid":"1 minut"},"schema":{"@context":"https:\/\/schema.org","@graph":[{"@type":"WebPage","@id":"https:\/\/starforlife.org\/sv\/vara-projekt\/boys-clubs\/","url":"https:\/\/starforlife.org\/sv\/vara-projekt\/boys-clubs\/","name":"Boys Clubs | Star for Life","isPartOf":{"@id":"https:\/\/starforlife.org\/#website"},"datePublished":"2026-01-29T14:53:53+00:00","dateModified":"2026-01-29T14:56:48+00:00","breadcrumb":{"@id":"https:\/\/starforlife.org\/sv\/vara-projekt\/boys-clubs\/#breadcrumb"},"inLanguage":"sv-SE","potentialAction":[{"@type":"ReadAction","target":["https:\/\/starforlife.org\/sv\/vara-projekt\/boys-clubs\/"]}]},{"@type":"BreadcrumbList","@id":"https:\/\/starforlife.org\/sv\/vara-projekt\/boys-clubs\/#breadcrumb","itemListElement":[{"@type":"ListItem","position":1,"name":"V\u00e5ra projekt","item":"https:\/\/starforlife.org\/sv\/vara-projekt\/"},{"@type":"ListItem","position":2,"name":"Boys Clubs"}]},{"@type":"WebSite","@id":"https:\/\/starforlife.org\/#website","url":"https:\/\/starforlife.org\/","name":"Star for Life","description":"Empowering young people","publisher":{"@id":"https:\/\/starforlife.org\/#organization"},"alternateName":"SFL","potentialAction":[{"@type":"SearchAction","target":{"@type":"EntryPoint","urlTemplate":"https:\/\/starforlife.org\/?s={search_term_string}"},"query-input":{"@type":"PropertyValueSpecification","valueRequired":true,"valueName":"search_term_string"}}],"inLanguage":"sv-SE"},{"@type":"Organization","@id":"https:\/\/starforlife.org\/#organization","name":"Star for life","url":"https:\/\/starforlife.org\/","logo":{"@type":"ImageObject","inLanguage":"sv-SE","@id":"https:\/\/starforlife.org\/#\/schema\/logo\/image\/","url":"https:\/\/starforlife.org\/wp-content\/uploads\/2024\/02\/logga.svg","contentUrl":"https:\/\/starforlife.org\/wp-content\/uploads\/2024\/02\/logga.svg","width":"1024","height":"1024","caption":"Star for life"},"image":{"@id":"https:\/\/starforlife.org\/#\/schema\/logo\/image\/"},"sameAs":["https:\/\/www.facebook.com\/starforlifeofficial","https:\/\/www.linkedin.com\/company\/7063029\/"]}]}},"_links":{"self":[{"href":"https:\/\/starforlife.org\/sv\/wp-json\/wp\/v2\/pages\/44617","targetHints":{"allow":["GET"]}}],"collection":[{"href":"https:\/\/starforlife.org\/sv\/wp-json\/wp\/v2\/pages"}],"about":[{"href":"https:\/\/starforlife.org\/sv\/wp-json\/wp\/v2\/types\/page"}],"author":[{"embeddable":true,"href":"https:\/\/starforlife.org\/sv\/wp-json\/wp\/v2\/users\/1"}],"replies":[{"embeddable":true,"href":"https:\/\/starforlife.org\/sv\/wp-json\/wp\/v2\/comments?post=44617"}],"version-history":[{"count":8,"href":"https:\/\/starforlife.org\/sv\/wp-json\/wp\/v2\/pages\/44617\/revisions"}],"predecessor-version":[{"id":44628,"href":"https:\/\/starforlife.org\/sv\/wp-json\/wp\/v2\/pages\/44617\/revisions\/44628"}],"up":[{"embeddable":true,"href":"https:\/\/starforlife.org\/sv\/wp-json\/wp\/v2\/pages\/44563"}],"wp:attachment":[{"href":"https:\/\/starforlife.org\/sv\/wp-json\/wp\/v2\/media?parent=44617"}],"curies":[{"name":"wp","href":"https:\/\/api.w.org\/{rel}","templated":true}]}}