{"id":40136,"date":"2025-03-14T14:11:55","date_gmt":"2025-03-14T13:11:55","guid":{"rendered":"https:\/\/starforlife.org\/?page_id=40136"},"modified":"2026-03-17T12:41:53","modified_gmt":"2026-03-17T11:41:53","slug":"star-for-life-tanzania","status":"publish","type":"page","link":"https:\/\/starforlife.org\/sv\/star-for-life-tanzania\/","title":{"rendered":"Star for Life Tanzania"},"content":{"rendered":"<p>[et_pb_section fb_built=&#8221;1&#8243; admin_label=&#8221;Tanzania&#8221; _builder_version=&#8221;4.22.0&#8243; _module_preset=&#8221;default&#8221; background_color=&#8221;rgba(0,0,0,0.83)&#8221; custom_padding=&#8221;||60px|||&#8221; locked=&#8221;off&#8221; collapsed=&#8221;on&#8221; global_colors_info=&#8221;{}&#8221;][et_pb_row custom_padding_last_edited=&#8221;on|phone&#8221; _builder_version=&#8221;4.24.0&#8243; _module_preset=&#8221;default&#8221; custom_padding_tablet=&#8221;&#8221; custom_padding_phone=&#8221;0px||||false|false&#8221; global_colors_info=&#8221;{}&#8221;][et_pb_column type=&#8221;4_4&#8243; _builder_version=&#8221;4.22.0&#8243; _module_preset=&#8221;default&#8221; global_colors_info=&#8221;{}&#8221;][et_pb_text _builder_version=&#8221;4.23.4&#8243; _module_preset=&#8221;default&#8221; header_2_text_align=&#8221;center&#8221; header_2_text_color=&#8221;#FFFFFF&#8221; background_enable_image=&#8221;off&#8221; custom_margin=&#8221;||0px||false|false&#8221; custom_padding=&#8221;||0px||false|false&#8221; header_2_font_size_tablet=&#8221;&#8221; header_2_font_size_phone=&#8221;25px&#8221; header_2_font_size_last_edited=&#8221;on|phone&#8221; global_colors_info=&#8221;{}&#8221;]<\/p>\n<h2>Tanzania<\/h2>\n<p>[\/et_pb_text][et_pb_text _builder_version=&#8221;4.24.0&#8243; _module_preset=&#8221;default&#8221; text_text_color=&#8221;#FFFFFF&#8221; link_font=&#8221;||||on|||#FFD405|&#8221; link_text_color=&#8221;#FFD405&#8243; text_orientation=&#8221;center&#8221; width=&#8221;54%&#8221; width_tablet=&#8221;100%&#8221; width_phone=&#8221;100%&#8221; width_last_edited=&#8221;on|phone&#8221; module_alignment=&#8221;center&#8221; custom_margin=&#8221;||30px||false|false&#8221; global_colors_info=&#8221;{}&#8221;]<\/p>\n<p>Star for Life Tanzania arbetar p\u00e5 Mafia Island, en \u00f6 som ligger strax utanf\u00f6r Tanzanias kust. P\u00e5 \u00e5tta av \u00f6ns skolor arbetar v\u00e5ra coacher med att st\u00e4rka elevers sj\u00e4lvk\u00e4nsla och f\u00f6r att ungdomarna ska klara sin utbildning, h\u00e4lsa och n\u00e5 sina livsdr\u00f6mmar. Verksamheten leds av Rashid Slim Nassib.<\/p>\n<p>[\/et_pb_text][\/et_pb_column][\/et_pb_row][et_pb_row _builder_version=&#8221;4.27.6&#8243; _module_preset=&#8221;default&#8221; width=&#8221;85%&#8221; max_width=&#8221;1920px&#8221; locked=&#8221;off&#8221; global_colors_info=&#8221;{}&#8221;][et_pb_column type=&#8221;4_4&#8243; _builder_version=&#8221;4.27.6&#8243; _module_preset=&#8221;default&#8221; global_colors_info=&#8221;{}&#8221;][et_pb_code _builder_version=&#8221;4.27.6&#8243; _module_preset=&#8221;default&#8221; custom_css_free_form=&#8221;a {color: #ffffff !important;}&#8221; global_colors_info=&#8221;{}&#8221;]<div class='rt-container-fluid rt-team-container rt-pos-r rt-team-container-45752' id='rt-team-container-3672261372'  data-layout='layout3' data-desktop-col='4'  data-tab-col='2'  data-mobile-col='1' data-sc-id='45752' data-popup-bg=''><div data-title='Loading ...' class='rt-row rt-content-loader layout3 ttp-even ttp-pre-loader'><div class=\"rt-col-md-3 rt-col-sm-6 rt-col-xs-12  even-grid-item rt-grid-item\" data-id=\"45730\"><div class=\"single-team-area\"><figure><img loading=\"lazy\" decoding=\"async\" width=\"950\" height=\"950\" src=\"https:\/\/starforlife.org\/wp-content\/uploads\/2023\/11\/slim.webp\" class=\"img-responsive rt-team-img\" alt=\"Slim Nassib Rashid\" \/><\/figure><div class=\"tlp-content\"><h3><span class=\"team-name\">Slim Nassib Rashid<\/span><\/h3><\/div><div class=\"short-bio\"><p>Area Manager Tanzania<\/p>\n<\/div><div class=\"contact-info\"><ul><li class=\"tlp-email\"><i class=\"far fa-envelope\"><\/i><a href=\"mailto:rashid@starforlife.org\"><span class=\"tlp-email\">rashid@starforlife.org<\/span><\/a><\/li><li class=\"tlp-phone\"><i class=\"fa fa-phone-alt\"><\/i><a href=\"tel:+255 715 392 748\" class=\"tlp-phone\">+255 715 392 748<\/a><\/li><\/ul><\/div><div class=\"readmore-btn\"><\/div><div class=\"readmore-btn hirme-resume\"><a class=\"rt-ream-me-btn disabled\" data-id=\"45730\" target=\"_self\" title=\"Slim Nassib Rashid\" href=\"https:\/\/starforlife.org\/sv\/team\/slim-nassib-rashid\/\">Read More<\/a><\/div><\/div><\/div><div class=\"rt-col-md-3 rt-col-sm-6 rt-col-xs-12  even-grid-item rt-grid-item\" data-id=\"45736\"><div class=\"single-team-area\"><figure><img loading=\"lazy\" decoding=\"async\" width=\"842\" height=\"842\" src=\"https:\/\/starforlife.org\/wp-content\/uploads\/2023\/12\/Beatrice-Mkami-ME-Officer.webp\" class=\"img-responsive rt-team-img\" alt=\"Beatrice Mkami\" \/><\/figure><div class=\"tlp-content\"><h3><span class=\"team-name\">Beatrice Mkami<\/span><\/h3><\/div><div class=\"short-bio\"><p>M&amp;E Officer<\/p>\n<\/div><div class=\"contact-info\"><ul><li class=\"tlp-email\"><i class=\"far fa-envelope\"><\/i><a href=\"mailto:evaluation.tzn@starforlife.org\"><span class=\"tlp-email\">evaluation.tzn@starforlife.org<\/span><\/a><\/li><li class=\"tlp-phone\"><i class=\"fa fa-phone-alt\"><\/i><a href=\"tel:+255 683 016 408\" class=\"tlp-phone\">+255 683 016 408<\/a><\/li><\/ul><\/div><div class=\"readmore-btn\"><\/div><div class=\"readmore-btn hirme-resume\"><a class=\"rt-ream-me-btn disabled\" data-id=\"45736\" target=\"_self\" title=\"Beatrice Mkami\" href=\"https:\/\/starforlife.org\/sv\/team\/beatrice-mkami\/\">Read More<\/a><\/div><\/div><\/div><div class=\"rt-col-md-3 rt-col-sm-6 rt-col-xs-12  even-grid-item rt-grid-item\" data-id=\"45742\"><div class=\"single-team-area\"><figure><img loading=\"lazy\" decoding=\"async\" width=\"1024\" height=\"1024\" src=\"https:\/\/starforlife.org\/wp-content\/uploads\/2023\/12\/Frank-Philips-Finance-Officer-1024x1024.webp\" class=\"img-responsive rt-team-img\" alt=\"Frank Philips\" \/><\/figure><div class=\"tlp-content\"><h3><span class=\"team-name\">Frank Philips<\/span><\/h3><\/div><div class=\"short-bio\"><p>Finance Officer<\/p>\n<\/div><div class=\"contact-info\"><ul><li class=\"tlp-email\"><i class=\"far fa-envelope\"><\/i><a href=\"mailto:accounts@thandaisland.com\"><span class=\"tlp-email\">accounts@thandaisland.com<\/span><\/a><\/li><li class=\"tlp-phone\"><i class=\"fa fa-phone-alt\"><\/i><a href=\"tel:+255 742 918 645\" class=\"tlp-phone\">+255 742 918 645<\/a><\/li><\/ul><\/div><div class=\"readmore-btn\"><\/div><div class=\"readmore-btn hirme-resume\"><a class=\"rt-ream-me-btn disabled\" data-id=\"45742\" target=\"_self\" title=\"Frank Philips\" href=\"https:\/\/starforlife.org\/sv\/team\/frank-philips\/\">Read More<\/a><\/div><\/div><\/div><div class=\"rt-col-md-3 rt-col-sm-6 rt-col-xs-12  even-grid-item rt-grid-item\" data-id=\"45746\"><div class=\"single-team-area\"><figure><img loading=\"lazy\" decoding=\"async\" width=\"1024\" height=\"1024\" src=\"https:\/\/starforlife.org\/wp-content\/uploads\/2025\/02\/Evelyne-Libaula-Life-Skills-Coach-kopiera-1024x1024.webp\" class=\"img-responsive rt-team-img\" alt=\"Evelyne Libaula\" \/><\/figure><div class=\"tlp-content\"><h3><span class=\"team-name\">Evelyne Libaula<\/span><\/h3><\/div><div class=\"short-bio\"><p>Life Skills Coach<\/p>\n<\/div><div class=\"contact-info\"><ul><li class=\"tlp-email\"><i class=\"far fa-envelope\"><\/i><a href=\"mailto:evelyne@starforlife.org\"><span class=\"tlp-email\">evelyne@starforlife.org<\/span><\/a><\/li><li class=\"tlp-phone\"><i class=\"fa fa-phone-alt\"><\/i><a href=\"tel:+255 656 511 663\" class=\"tlp-phone\">+255 656 511 663<\/a><\/li><\/ul><\/div><div class=\"readmore-btn\"><\/div><div class=\"readmore-btn hirme-resume\"><a class=\"rt-ream-me-btn disabled\" data-id=\"45746\" target=\"_self\" title=\"Evelyne Libaula\" href=\"https:\/\/starforlife.org\/sv\/team\/evelyne-libaula\/\">Read More<\/a><\/div><\/div><\/div><div class=\"rt-col-md-3 rt-col-sm-6 rt-col-xs-12  even-grid-item rt-grid-item\" data-id=\"45750\"><div class=\"single-team-area\"><figure><img loading=\"lazy\" decoding=\"async\" width=\"1024\" height=\"1024\" src=\"https:\/\/starforlife.org\/wp-content\/uploads\/2025\/04\/Nassania-Kitundu-Life-Skills-Coach-Tanzania-kopiera-1024x1024.webp\" class=\"img-responsive rt-team-img\" alt=\"Nassania Kitundu\" \/><\/figure><div class=\"tlp-content\"><h3><span class=\"team-name\">Nassania Kitundu<\/span><\/h3><\/div><div class=\"short-bio\"><p>Life skills Coach<\/p>\n<\/div><div class=\"contact-info\"><ul><li class=\"tlp-email\"><i class=\"far fa-envelope\"><\/i><a href=\"mailto:nassaniah@gmail.com\"><span class=\"tlp-email\">nassaniah@gmail.com<\/span><\/a><\/li><li class=\"tlp-phone\"><i class=\"fa fa-phone-alt\"><\/i><a href=\"tel:+255 762 921 195\" class=\"tlp-phone\">+255 762 921 195<\/a><\/li><\/ul><\/div><div class=\"readmore-btn\"><\/div><div class=\"readmore-btn hirme-resume\"><a class=\"rt-ream-me-btn disabled\" data-id=\"45750\" target=\"_self\" title=\"Nassania Kitundu\" href=\"https:\/\/starforlife.org\/sv\/team\/nassania-kitundu\/\">Read More<\/a><\/div><\/div><\/div><div class=\"rt-loading-overlay\"><\/div><div class=\"rt-loading rt-ball-clip-rotate\"><div><\/div><\/div><\/div><\/div>[\/et_pb_code][\/et_pb_column][\/et_pb_row][\/et_pb_section]<\/p>\n","protected":false},"excerpt":{"rendered":"<p>[et_pb_section fb_built=&#8221;1&#8243; admin_label=&#8221;Tanzania&#8221; _builder_version=&#8221;4.22.0&#8243; _module_preset=&#8221;default&#8221; background_color=&#8221;rgba(0,0,0,0.83)&#8221; custom_padding=&#8221;||60px|||&#8221; locked=&#8221;off&#8221; collapsed=&#8221;on&#8221; global_colors_info=&#8221;{}&#8221;][et_pb_row custom_padding_last_edited=&#8221;on|phone&#8221; _builder_version=&#8221;4.24.0&#8243; _module_preset=&#8221;default&#8221; custom_padding_tablet=&#8221;&#8221; custom_padding_phone=&#8221;0px||||false|false&#8221; global_colors_info=&#8221;{}&#8221;][et_pb_column type=&#8221;4_4&#8243; _builder_version=&#8221;4.22.0&#8243; _module_preset=&#8221;default&#8221; global_colors_info=&#8221;{}&#8221;][et_pb_text _builder_version=&#8221;4.23.4&#8243; _module_preset=&#8221;default&#8221; header_2_text_align=&#8221;center&#8221; header_2_text_color=&#8221;#FFFFFF&#8221; background_enable_image=&#8221;off&#8221; custom_margin=&#8221;||0px||false|false&#8221; custom_padding=&#8221;||0px||false|false&#8221; header_2_font_size_tablet=&#8221;&#8221; header_2_font_size_phone=&#8221;25px&#8221; header_2_font_size_last_edited=&#8221;on|phone&#8221; global_colors_info=&#8221;{}&#8221;] Tanzania [\/et_pb_text][et_pb_text _builder_version=&#8221;4.24.0&#8243; _module_preset=&#8221;default&#8221; text_text_color=&#8221;#FFFFFF&#8221; link_font=&#8221;||||on|||#FFD405|&#8221; link_text_color=&#8221;#FFD405&#8243; text_orientation=&#8221;center&#8221; width=&#8221;54%&#8221; width_tablet=&#8221;100%&#8221; width_phone=&#8221;100%&#8221; width_last_edited=&#8221;on|phone&#8221; module_alignment=&#8221;center&#8221; custom_margin=&#8221;||30px||false|false&#8221; global_colors_info=&#8221;{}&#8221;] Star for Life Tanzania arbetar p\u00e5 Mafia Island, en [&hellip;]<\/p>\n","protected":false},"author":1,"featured_media":0,"parent":0,"menu_order":0,"comment_status":"closed","ping_status":"closed","template":"","meta":{"_acf_changed":false,"_et_pb_use_builder":"on","_et_pb_old_content":"","_et_gb_content_width":"","inline_featured_image":false,"footnotes":""},"class_list":["post-40136","page","type-page","status-publish","hentry"],"acf":[],"yoast_head":"<!-- This site is optimized with the Yoast SEO plugin v27.4 - https:\/\/yoast.com\/product\/yoast-seo-wordpress\/ -->\n<title>Star for Life Tanzania | Star for Life<\/title>\n<meta name=\"robots\" content=\"index, follow, max-snippet:-1, max-image-preview:large, max-video-preview:-1\" \/>\n<link rel=\"canonical\" href=\"https:\/\/starforlife.org\/star-for-life-tanzania\/\" \/>\n<meta property=\"og:locale\" content=\"sv_SE\" \/>\n<meta property=\"og:type\" content=\"article\" \/>\n<meta property=\"og:title\" content=\"Star for Life Tanzania | Star for Life\" \/>\n<meta property=\"og:description\" content=\"[et_pb_section fb_built=&#8221;1&#8243; admin_label=&#8221;Tanzania&#8221; _builder_version=&#8221;4.22.0&#8243; _module_preset=&#8221;default&#8221; background_color=&#8221;rgba(0,0,0,0.83)&#8221; custom_padding=&#8221;||60px|||&#8221; locked=&#8221;off&#8221; collapsed=&#8221;on&#8221; global_colors_info=&#8221;{}&#8221;][et_pb_row custom_padding_last_edited=&#8221;on|phone&#8221; _builder_version=&#8221;4.24.0&#8243; _module_preset=&#8221;default&#8221; custom_padding_tablet=&#8221;&#8221; custom_padding_phone=&#8221;0px||||false|false&#8221; global_colors_info=&#8221;{}&#8221;][et_pb_column type=&#8221;4_4&#8243; _builder_version=&#8221;4.22.0&#8243; _module_preset=&#8221;default&#8221; global_colors_info=&#8221;{}&#8221;][et_pb_text _builder_version=&#8221;4.23.4&#8243; _module_preset=&#8221;default&#8221; header_2_text_align=&#8221;center&#8221; header_2_text_color=&#8221;#FFFFFF&#8221; background_enable_image=&#8221;off&#8221; custom_margin=&#8221;||0px||false|false&#8221; custom_padding=&#8221;||0px||false|false&#8221; header_2_font_size_tablet=&#8221;&#8221; header_2_font_size_phone=&#8221;25px&#8221; header_2_font_size_last_edited=&#8221;on|phone&#8221; global_colors_info=&#8221;{}&#8221;] Tanzania [\/et_pb_text][et_pb_text _builder_version=&#8221;4.24.0&#8243; _module_preset=&#8221;default&#8221; text_text_color=&#8221;#FFFFFF&#8221; link_font=&#8221;||||on|||#FFD405|&#8221; link_text_color=&#8221;#FFD405&#8243; text_orientation=&#8221;center&#8221; width=&#8221;54%&#8221; width_tablet=&#8221;100%&#8221; width_phone=&#8221;100%&#8221; width_last_edited=&#8221;on|phone&#8221; module_alignment=&#8221;center&#8221; custom_margin=&#8221;||30px||false|false&#8221; global_colors_info=&#8221;{}&#8221;] Star for Life Tanzania arbetar p\u00e5 Mafia Island, en [&hellip;]\" \/>\n<meta property=\"og:site_name\" content=\"Star for Life\" \/>\n<meta property=\"article:publisher\" content=\"https:\/\/www.facebook.com\/starforlifeofficial\" \/>\n<meta property=\"article:modified_time\" content=\"2026-03-17T11:41:53+00:00\" \/>\n<meta property=\"og:image\" content=\"https:\/\/starforlife.org\/wp-content\/uploads\/2023\/08\/kufezekile.webp\" \/>\n\t<meta property=\"og:image:width\" content=\"1920\" \/>\n\t<meta property=\"og:image:height\" content=\"1440\" \/>\n\t<meta property=\"og:image:type\" content=\"image\/webp\" \/>\n<meta name=\"twitter:card\" content=\"summary_large_image\" \/>\n<script type=\"application\/ld+json\" class=\"yoast-schema-graph\">{\"@context\":\"https:\\\/\\\/schema.org\",\"@graph\":[{\"@type\":\"WebPage\",\"@id\":\"https:\\\/\\\/starforlife.org\\\/star-for-life-tanzania\\\/\",\"url\":\"https:\\\/\\\/starforlife.org\\\/star-for-life-tanzania\\\/\",\"name\":\"Star for Life Tanzania | Star for Life\",\"isPartOf\":{\"@id\":\"https:\\\/\\\/starforlife.org\\\/#website\"},\"datePublished\":\"2025-03-14T13:11:55+00:00\",\"dateModified\":\"2026-03-17T11:41:53+00:00\",\"inLanguage\":\"sv-SE\",\"potentialAction\":[{\"@type\":\"ReadAction\",\"target\":[\"https:\\\/\\\/starforlife.org\\\/star-for-life-tanzania\\\/\"]}]},{\"@type\":\"WebSite\",\"@id\":\"https:\\\/\\\/starforlife.org\\\/#website\",\"url\":\"https:\\\/\\\/starforlife.org\\\/\",\"name\":\"Star for Life\",\"description\":\"Empowering young people\",\"publisher\":{\"@id\":\"https:\\\/\\\/starforlife.org\\\/#organization\"},\"alternateName\":\"SFL\",\"potentialAction\":[{\"@type\":\"SearchAction\",\"target\":{\"@type\":\"EntryPoint\",\"urlTemplate\":\"https:\\\/\\\/starforlife.org\\\/?s={search_term_string}\"},\"query-input\":{\"@type\":\"PropertyValueSpecification\",\"valueRequired\":true,\"valueName\":\"search_term_string\"}}],\"inLanguage\":\"sv-SE\"},{\"@type\":\"Organization\",\"@id\":\"https:\\\/\\\/starforlife.org\\\/#organization\",\"name\":\"Star for life\",\"url\":\"https:\\\/\\\/starforlife.org\\\/\",\"logo\":{\"@type\":\"ImageObject\",\"inLanguage\":\"sv-SE\",\"@id\":\"https:\\\/\\\/starforlife.org\\\/#\\\/schema\\\/logo\\\/image\\\/\",\"url\":\"https:\\\/\\\/starforlife.org\\\/wp-content\\\/uploads\\\/2024\\\/02\\\/logga.svg\",\"contentUrl\":\"https:\\\/\\\/starforlife.org\\\/wp-content\\\/uploads\\\/2024\\\/02\\\/logga.svg\",\"width\":\"1024\",\"height\":\"1024\",\"caption\":\"Star for life\"},\"image\":{\"@id\":\"https:\\\/\\\/starforlife.org\\\/#\\\/schema\\\/logo\\\/image\\\/\"},\"sameAs\":[\"https:\\\/\\\/www.facebook.com\\\/starforlifeofficial\",\"https:\\\/\\\/www.linkedin.com\\\/company\\\/7063029\\\/\"]}]}<\/script>\n<!-- \/ Yoast SEO plugin. -->","yoast_head_json":{"title":"Star for Life Tanzania | Star for Life","robots":{"index":"index","follow":"follow","max-snippet":"max-snippet:-1","max-image-preview":"max-image-preview:large","max-video-preview":"max-video-preview:-1"},"canonical":"https:\/\/starforlife.org\/star-for-life-tanzania\/","og_locale":"sv_SE","og_type":"article","og_title":"Star for Life Tanzania | Star for Life","og_description":"[et_pb_section fb_built=&#8221;1&#8243; admin_label=&#8221;Tanzania&#8221; _builder_version=&#8221;4.22.0&#8243; _module_preset=&#8221;default&#8221; background_color=&#8221;rgba(0,0,0,0.83)&#8221; custom_padding=&#8221;||60px|||&#8221; locked=&#8221;off&#8221; collapsed=&#8221;on&#8221; global_colors_info=&#8221;{}&#8221;][et_pb_row custom_padding_last_edited=&#8221;on|phone&#8221; _builder_version=&#8221;4.24.0&#8243; _module_preset=&#8221;default&#8221; custom_padding_tablet=&#8221;&#8221; custom_padding_phone=&#8221;0px||||false|false&#8221; global_colors_info=&#8221;{}&#8221;][et_pb_column type=&#8221;4_4&#8243; _builder_version=&#8221;4.22.0&#8243; _module_preset=&#8221;default&#8221; global_colors_info=&#8221;{}&#8221;][et_pb_text _builder_version=&#8221;4.23.4&#8243; _module_preset=&#8221;default&#8221; header_2_text_align=&#8221;center&#8221; header_2_text_color=&#8221;#FFFFFF&#8221; background_enable_image=&#8221;off&#8221; custom_margin=&#8221;||0px||false|false&#8221; custom_padding=&#8221;||0px||false|false&#8221; header_2_font_size_tablet=&#8221;&#8221; header_2_font_size_phone=&#8221;25px&#8221; header_2_font_size_last_edited=&#8221;on|phone&#8221; global_colors_info=&#8221;{}&#8221;] Tanzania [\/et_pb_text][et_pb_text _builder_version=&#8221;4.24.0&#8243; _module_preset=&#8221;default&#8221; text_text_color=&#8221;#FFFFFF&#8221; link_font=&#8221;||||on|||#FFD405|&#8221; link_text_color=&#8221;#FFD405&#8243; text_orientation=&#8221;center&#8221; width=&#8221;54%&#8221; width_tablet=&#8221;100%&#8221; width_phone=&#8221;100%&#8221; width_last_edited=&#8221;on|phone&#8221; module_alignment=&#8221;center&#8221; custom_margin=&#8221;||30px||false|false&#8221; global_colors_info=&#8221;{}&#8221;] Star for Life Tanzania arbetar p\u00e5 Mafia Island, en [&hellip;]","og_site_name":"Star for Life","article_publisher":"https:\/\/www.facebook.com\/starforlifeofficial","article_modified_time":"2026-03-17T11:41:53+00:00","og_image":[{"width":1920,"height":1440,"url":"https:\/\/starforlife.org\/wp-content\/uploads\/2023\/08\/kufezekile.webp","type":"image\/webp"}],"twitter_card":"summary_large_image","schema":{"@context":"https:\/\/schema.org","@graph":[{"@type":"WebPage","@id":"https:\/\/starforlife.org\/star-for-life-tanzania\/","url":"https:\/\/starforlife.org\/star-for-life-tanzania\/","name":"Star for Life Tanzania | Star for Life","isPartOf":{"@id":"https:\/\/starforlife.org\/#website"},"datePublished":"2025-03-14T13:11:55+00:00","dateModified":"2026-03-17T11:41:53+00:00","inLanguage":"sv-SE","potentialAction":[{"@type":"ReadAction","target":["https:\/\/starforlife.org\/star-for-life-tanzania\/"]}]},{"@type":"WebSite","@id":"https:\/\/starforlife.org\/#website","url":"https:\/\/starforlife.org\/","name":"Star for Life","description":"Empowering young people","publisher":{"@id":"https:\/\/starforlife.org\/#organization"},"alternateName":"SFL","potentialAction":[{"@type":"SearchAction","target":{"@type":"EntryPoint","urlTemplate":"https:\/\/starforlife.org\/?s={search_term_string}"},"query-input":{"@type":"PropertyValueSpecification","valueRequired":true,"valueName":"search_term_string"}}],"inLanguage":"sv-SE"},{"@type":"Organization","@id":"https:\/\/starforlife.org\/#organization","name":"Star for life","url":"https:\/\/starforlife.org\/","logo":{"@type":"ImageObject","inLanguage":"sv-SE","@id":"https:\/\/starforlife.org\/#\/schema\/logo\/image\/","url":"https:\/\/starforlife.org\/wp-content\/uploads\/2024\/02\/logga.svg","contentUrl":"https:\/\/starforlife.org\/wp-content\/uploads\/2024\/02\/logga.svg","width":"1024","height":"1024","caption":"Star for life"},"image":{"@id":"https:\/\/starforlife.org\/#\/schema\/logo\/image\/"},"sameAs":["https:\/\/www.facebook.com\/starforlifeofficial","https:\/\/www.linkedin.com\/company\/7063029\/"]}]}},"_links":{"self":[{"href":"https:\/\/starforlife.org\/sv\/wp-json\/wp\/v2\/pages\/40136","targetHints":{"allow":["GET"]}}],"collection":[{"href":"https:\/\/starforlife.org\/sv\/wp-json\/wp\/v2\/pages"}],"about":[{"href":"https:\/\/starforlife.org\/sv\/wp-json\/wp\/v2\/types\/page"}],"author":[{"embeddable":true,"href":"https:\/\/starforlife.org\/sv\/wp-json\/wp\/v2\/users\/1"}],"replies":[{"embeddable":true,"href":"https:\/\/starforlife.org\/sv\/wp-json\/wp\/v2\/comments?post=40136"}],"version-history":[{"count":4,"href":"https:\/\/starforlife.org\/sv\/wp-json\/wp\/v2\/pages\/40136\/revisions"}],"predecessor-version":[{"id":45900,"href":"https:\/\/starforlife.org\/sv\/wp-json\/wp\/v2\/pages\/40136\/revisions\/45900"}],"wp:attachment":[{"href":"https:\/\/starforlife.org\/sv\/wp-json\/wp\/v2\/media?parent=40136"}],"curies":[{"name":"wp","href":"https:\/\/api.w.org\/{rel}","templated":true}]}}