{"id":40094,"date":"2025-03-14T14:03:32","date_gmt":"2025-03-14T13:03:32","guid":{"rendered":"https:\/\/starforlife.org\/?page_id=40094"},"modified":"2025-03-14T14:05:34","modified_gmt":"2025-03-14T13:05:34","slug":"star-for-life-norge","status":"publish","type":"page","link":"https:\/\/starforlife.org\/sv\/star-for-life-norge\/","title":{"rendered":"Star for Life Norge"},"content":{"rendered":"<p>[et_pb_section fb_built=&#8221;1&#8243; admin_label=&#8221;Norge&#8221; _builder_version=&#8221;4.22.0&#8243; _module_preset=&#8221;default&#8221; background_color=&#8221;rgba(0,0,0,0.83)&#8221; custom_padding=&#8221;||60px|||&#8221; collapsed=&#8221;on&#8221; global_colors_info=&#8221;{}&#8221; locked=&#8221;off&#8221; theme_builder_area=&#8221;post_content&#8221;][et_pb_row custom_padding_last_edited=&#8221;on|phone&#8221; _builder_version=&#8221;4.24.0&#8243; _module_preset=&#8221;default&#8221; custom_padding_tablet=&#8221;&#8221; custom_padding_phone=&#8221;0px||||false|false&#8221; global_colors_info=&#8221;{}&#8221; theme_builder_area=&#8221;post_content&#8221;][et_pb_column type=&#8221;4_4&#8243; _builder_version=&#8221;4.22.0&#8243; _module_preset=&#8221;default&#8221; global_colors_info=&#8221;{}&#8221; theme_builder_area=&#8221;post_content&#8221;][et_pb_text _builder_version=&#8221;4.22.0&#8243; _module_preset=&#8221;default&#8221; header_2_text_align=&#8221;center&#8221; header_2_text_color=&#8221;#FFFFFF&#8221; background_enable_image=&#8221;off&#8221; custom_margin=&#8221;||0px||false|false&#8221; custom_padding=&#8221;||0px||false|false&#8221; header_2_font_size_tablet=&#8221;&#8221; header_2_font_size_phone=&#8221;25px&#8221; header_2_font_size_last_edited=&#8221;on|phone&#8221; global_colors_info=&#8221;{}&#8221; theme_builder_area=&#8221;post_content&#8221;]<\/p>\n<h2>Norge<\/h2>\n<p>[\/et_pb_text][et_pb_text _builder_version=&#8221;4.24.0&#8243; _module_preset=&#8221;default&#8221; text_text_color=&#8221;#FFFFFF&#8221; link_font=&#8221;||||on|||#FFD405|&#8221; link_text_color=&#8221;#FFD405&#8243; text_orientation=&#8221;center&#8221; width=&#8221;58%&#8221; width_tablet=&#8221;100%&#8221; width_phone=&#8221;100%&#8221; width_last_edited=&#8221;on|phone&#8221; module_alignment=&#8221;center&#8221; custom_margin=&#8221;||30px||false|false&#8221; global_colors_info=&#8221;{}&#8221; theme_builder_area=&#8221;post_content&#8221;]<\/p>\n<p>Star for Life Norge \u00e4r en sj\u00e4lvst\u00e4ndig insamlingsstiftelse som samlar in medel till f\u00f6rm\u00e5n f\u00f6r Star for Lifes arbete i Sydafrika, Namibia och Tanzania. Detta sker exempelvis genom v\u00e4lg\u00f6renhetsloppet Dream Challenge i Lillesand, konsert och en \u00e5rlig julkampanj. Verksamheten leds av J\u00f8rgen Klafstad.<\/p>\n<p>Oscars Gate 27, 0352 Oslo<br \/><a href=\"mailto:jorgen@starforlife.org\">jorgen@starforlife.org<\/a><\/p>\n<p>[\/et_pb_text][\/et_pb_column][\/et_pb_row][et_pb_row column_structure=&#8221;1_3,1_3,1_3&#8243; use_custom_gutter=&#8221;on&#8221; make_equal=&#8221;on&#8221; custom_padding_last_edited=&#8221;on|phone&#8221; _builder_version=&#8221;4.22.0&#8243; _module_preset=&#8221;default&#8221; width=&#8221;90%&#8221; width_tablet=&#8221;90%&#8221; width_phone=&#8221;85%&#8221; width_last_edited=&#8221;on|phone&#8221; max_width=&#8221;1280px&#8221; custom_margin=&#8221;|auto|11px|auto|false|false&#8221; custom_padding=&#8221;||40px||false|false&#8221; custom_padding_tablet=&#8221;||40px||false|false&#8221; custom_padding_phone=&#8221;0px||40px||false|false&#8221; global_colors_info=&#8221;{}&#8221; theme_builder_area=&#8221;post_content&#8221;][et_pb_column type=&#8221;1_3&#8243; _builder_version=&#8221;4.22.0&#8243; _module_preset=&#8221;default&#8221; global_colors_info=&#8221;{}&#8221; theme_builder_area=&#8221;post_content&#8221;][et_pb_image src=&#8221;https:\/\/starforlife.org\/wp-content\/uploads\/2021\/08\/Jorgen.jpg&#8221; alt=&#8221;Jessica Grundstr\u00f6m Generalsekreterare Star for Life&#8221; title_text=&#8221;Jorgen&#8221; show_bottom_space=&#8221;off&#8221; _builder_version=&#8221;4.23.4&#8243; _module_preset=&#8221;default&#8221; custom_margin=&#8221;||20px||false|false&#8221; border_radii=&#8221;on|50px|50px|50px|50px&#8221; border_radii_tablet=&#8221;on|25px|25px|25px|25px&#8221; border_radii_phone=&#8221;on|25px|25px|25px|25px&#8221; border_radii_last_edited=&#8221;on|tablet&#8221; global_colors_info=&#8221;{}&#8221; theme_builder_area=&#8221;post_content&#8221;][\/et_pb_image][et_pb_blurb title=&#8221;J\u00f8rgen Klafstad&#8221; image=&#8221;https:\/\/starforlife.org\/wp-content\/uploads\/2023\/08\/norsk-flagga.svg&#8221; icon_placement=&#8221;left&#8221; content_max_width=&#8221;1100px&#8221; _builder_version=&#8221;4.24.0&#8243; _module_preset=&#8221;default&#8221; header_text_color=&#8221;#FFFFFF&#8221; body_text_color=&#8221;#FFFFFF&#8221; body_link_font=&#8221;||||on||||&#8221; body_link_text_color=&#8221;#FFD405&#8243; custom_margin=&#8221;||18px||false|false&#8221; custom_margin_tablet=&#8221;||40px||false|false&#8221; custom_margin_phone=&#8221;||40px||false|false&#8221; custom_margin_last_edited=&#8221;on|tablet&#8221; animation=&#8221;off&#8221; custom_css_blurb_title=&#8221;margin-bottom: 0px;||padding-bottom: 0px; &#8221; global_colors_info=&#8221;{}&#8221; theme_builder_area=&#8221;post_content&#8221;]<\/p>\n<p><em>Country Manager Norway<\/em><\/p>\n<p><a href=\"mailto:jorgen@starforlife.org\">jorgen@starforlife.org<\/a><br \/>+47 (0)91 698 342<\/p>\n<p>[\/et_pb_blurb][\/et_pb_column][et_pb_column type=&#8221;1_3&#8243; _builder_version=&#8221;4.22.0&#8243; _module_preset=&#8221;default&#8221; global_colors_info=&#8221;{}&#8221; theme_builder_area=&#8221;post_content&#8221;][et_pb_image src=&#8221;https:\/\/starforlife.org\/wp-content\/uploads\/2023\/08\/Stine-1-kopiera.webp&#8221; alt=&#8221;Jessica Grundstr\u00f6m Generalsekreterare Star for Life&#8221; title_text=&#8221;Stine-1 kopiera&#8221; show_bottom_space=&#8221;off&#8221; force_fullwidth=&#8221;on&#8221; _builder_version=&#8221;4.23.4&#8243; _module_preset=&#8221;default&#8221; custom_margin=&#8221;||20px||false|false&#8221; border_radii=&#8221;on|50px|50px|50px|50px&#8221; border_radii_tablet=&#8221;on|25px|25px|25px|25px&#8221; border_radii_phone=&#8221;on|25px|25px|25px|25px&#8221; border_radii_last_edited=&#8221;on|tablet&#8221; global_colors_info=&#8221;{}&#8221; theme_builder_area=&#8221;post_content&#8221;][\/et_pb_image][et_pb_blurb title=&#8221;Stine Foss&#8221; image=&#8221;https:\/\/starforlife.org\/wp-content\/uploads\/2023\/08\/norsk-flagga.svg&#8221; icon_placement=&#8221;left&#8221; content_max_width=&#8221;1100px&#8221; _builder_version=&#8221;4.24.0&#8243; _module_preset=&#8221;default&#8221; header_text_color=&#8221;#FFFFFF&#8221; body_text_color=&#8221;#FFFFFF&#8221; body_link_font=&#8221;||||on||||&#8221; body_link_text_color=&#8221;#FFD405&#8243; custom_margin=&#8221;||18px||false|false&#8221; custom_margin_tablet=&#8221;||40px||false|false&#8221; custom_margin_phone=&#8221;||40px||false|false&#8221; custom_margin_last_edited=&#8221;on|phone&#8221; animation=&#8221;off&#8221; custom_css_blurb_title=&#8221;margin-bottom: 0px;||padding-bottom: 0px; &#8221; global_colors_info=&#8221;{}&#8221; theme_builder_area=&#8221;post_content&#8221;]<\/p>\n<p><em>Advisor\/Board member<\/em><\/p>\n<p><a href=\"mailto:stine@northzone.com\">stine@northzone.com<\/a><br \/>+47 920 956 44<\/p>\n<p>[\/et_pb_blurb][\/et_pb_column][et_pb_column type=&#8221;1_3&#8243; disabled_on=&#8221;on|on|off&#8221; _builder_version=&#8221;4.22.0&#8243; _module_preset=&#8221;default&#8221; global_colors_info=&#8221;{}&#8221; theme_builder_area=&#8221;post_content&#8221;][et_pb_image src=&#8221;https:\/\/starforlife.org\/wp-content\/uploads\/2024\/02\/helle-1.webp&#8221; alt=&#8221;Jessica Grundstr\u00f6m Generalsekreterare Star for Life&#8221; title_text=&#8221;helle&#8221; show_bottom_space=&#8221;off&#8221; force_fullwidth=&#8221;on&#8221; _builder_version=&#8221;4.24.0&#8243; _module_preset=&#8221;default&#8221; custom_margin=&#8221;||20px||false|false&#8221; border_radii=&#8221;on|50px|50px|50px|50px&#8221; border_radii_tablet=&#8221;on|25px|25px|25px|25px&#8221; border_radii_phone=&#8221;on|25px|25px|25px|25px&#8221; border_radii_last_edited=&#8221;on|tablet&#8221; global_colors_info=&#8221;{}&#8221; theme_builder_area=&#8221;post_content&#8221;][\/et_pb_image][et_pb_blurb title=&#8221;Helle Jensen &#8221; image=&#8221;https:\/\/starforlife.org\/wp-content\/uploads\/2023\/08\/norsk-flagga.svg&#8221; icon_placement=&#8221;left&#8221; content_max_width=&#8221;1100px&#8221; _builder_version=&#8221;4.24.0&#8243; _module_preset=&#8221;default&#8221; header_text_color=&#8221;#FFFFFF&#8221; body_text_color=&#8221;#FFFFFF&#8221; body_link_font=&#8221;||||on||||&#8221; body_link_text_color=&#8221;#FFD405&#8243; custom_margin=&#8221;||18px||false|false&#8221; custom_margin_tablet=&#8221;||40px||false|false&#8221; custom_margin_phone=&#8221;||40px||false|false&#8221; custom_margin_last_edited=&#8221;on|phone&#8221; animation=&#8221;off&#8221; custom_css_blurb_title=&#8221;margin-bottom: 0px;||padding-bottom: 0px; &#8221; global_colors_info=&#8221;{}&#8221; theme_builder_area=&#8221;post_content&#8221;]<\/p>\n<p><em>Skolpartner &amp; styrelsemedlem<\/em><\/p>\n<p><a href=\"mailto:hellejh63@gmail.com\">hellejh63@gmail.com<\/a>\u00a0<br \/>+47 920 89114<\/p>\n<p>[\/et_pb_blurb][\/et_pb_column][\/et_pb_row][\/et_pb_section]<\/p>\n","protected":false},"excerpt":{"rendered":"<p>NorgeStar for Life Norge \u00e4r en sj\u00e4lvst\u00e4ndig insamlingsstiftelse som samlar in medel till f\u00f6rm\u00e5n f\u00f6r Star for Lifes arbete i Sydafrika, Namibia och Tanzania. Detta sker exempelvis genom v\u00e4lg\u00f6renhetsloppet Dream Challenge i Lillesand, konsert och en \u00e5rlig julkampanj. Verksamheten leds av J\u00f8rgen Klafstad. Oscars Gate 27, 0352 Oslojorgen@starforlife.orgCountry Manager Norway jorgen@starforlife.org+47 (0)91 698 342Advisor\/Board member [&hellip;]<\/p>\n","protected":false},"author":1,"featured_media":0,"parent":0,"menu_order":0,"comment_status":"closed","ping_status":"closed","template":"","meta":{"_acf_changed":false,"_et_pb_use_builder":"on","_et_pb_old_content":"","_et_gb_content_width":"","inline_featured_image":false,"footnotes":""},"class_list":["post-40094","page","type-page","status-publish","hentry"],"acf":[],"yoast_head":"<!-- This site is optimized with the Yoast SEO plugin v27.4 - https:\/\/yoast.com\/product\/yoast-seo-wordpress\/ -->\n<title>Star for Life Norge | Star for Life<\/title>\n<meta name=\"robots\" content=\"index, follow, max-snippet:-1, max-image-preview:large, max-video-preview:-1\" \/>\n<link rel=\"canonical\" href=\"https:\/\/starforlife.org\/sv\/star-for-life-norge\/\" \/>\n<meta property=\"og:locale\" content=\"sv_SE\" \/>\n<meta property=\"og:type\" content=\"article\" \/>\n<meta property=\"og:title\" content=\"Star for Life Norge | Star for Life\" \/>\n<meta property=\"og:description\" content=\"NorgeStar for Life Norge \u00e4r en sj\u00e4lvst\u00e4ndig insamlingsstiftelse som samlar in medel till f\u00f6rm\u00e5n f\u00f6r Star for Lifes arbete i Sydafrika, Namibia och Tanzania. Detta sker exempelvis genom v\u00e4lg\u00f6renhetsloppet Dream Challenge i Lillesand, konsert och en \u00e5rlig julkampanj. Verksamheten leds av J\u00f8rgen Klafstad. Oscars Gate 27, 0352 Oslojorgen@starforlife.orgCountry Manager Norway jorgen@starforlife.org+47 (0)91 698 342Advisor\/Board member [&hellip;]\" \/>\n<meta property=\"og:site_name\" content=\"Star for Life\" \/>\n<meta property=\"article:publisher\" content=\"https:\/\/www.facebook.com\/starforlifeofficial\" \/>\n<meta property=\"article:modified_time\" content=\"2025-03-14T13:05:34+00:00\" \/>\n<meta property=\"og:image\" content=\"https:\/\/starforlife.org\/wp-content\/uploads\/2023\/08\/kufezekile.webp\" \/>\n\t<meta property=\"og:image:width\" content=\"1920\" \/>\n\t<meta property=\"og:image:height\" content=\"1440\" \/>\n\t<meta property=\"og:image:type\" content=\"image\/webp\" \/>\n<meta name=\"twitter:card\" content=\"summary_large_image\" \/>\n<script type=\"application\/ld+json\" class=\"yoast-schema-graph\">{\"@context\":\"https:\\\/\\\/schema.org\",\"@graph\":[{\"@type\":\"WebPage\",\"@id\":\"https:\\\/\\\/starforlife.org\\\/sv\\\/star-for-life-norge\\\/\",\"url\":\"https:\\\/\\\/starforlife.org\\\/sv\\\/star-for-life-norge\\\/\",\"name\":\"Star for Life Norge | Star for Life\",\"isPartOf\":{\"@id\":\"https:\\\/\\\/starforlife.org\\\/#website\"},\"datePublished\":\"2025-03-14T13:03:32+00:00\",\"dateModified\":\"2025-03-14T13:05:34+00:00\",\"inLanguage\":\"sv-SE\",\"potentialAction\":[{\"@type\":\"ReadAction\",\"target\":[\"https:\\\/\\\/starforlife.org\\\/sv\\\/star-for-life-norge\\\/\"]}]},{\"@type\":\"WebSite\",\"@id\":\"https:\\\/\\\/starforlife.org\\\/#website\",\"url\":\"https:\\\/\\\/starforlife.org\\\/\",\"name\":\"Star for Life\",\"description\":\"Empowering young people\",\"publisher\":{\"@id\":\"https:\\\/\\\/starforlife.org\\\/#organization\"},\"alternateName\":\"SFL\",\"potentialAction\":[{\"@type\":\"SearchAction\",\"target\":{\"@type\":\"EntryPoint\",\"urlTemplate\":\"https:\\\/\\\/starforlife.org\\\/?s={search_term_string}\"},\"query-input\":{\"@type\":\"PropertyValueSpecification\",\"valueRequired\":true,\"valueName\":\"search_term_string\"}}],\"inLanguage\":\"sv-SE\"},{\"@type\":\"Organization\",\"@id\":\"https:\\\/\\\/starforlife.org\\\/#organization\",\"name\":\"Star for life\",\"url\":\"https:\\\/\\\/starforlife.org\\\/\",\"logo\":{\"@type\":\"ImageObject\",\"inLanguage\":\"sv-SE\",\"@id\":\"https:\\\/\\\/starforlife.org\\\/#\\\/schema\\\/logo\\\/image\\\/\",\"url\":\"https:\\\/\\\/starforlife.org\\\/wp-content\\\/uploads\\\/2024\\\/02\\\/logga.svg\",\"contentUrl\":\"https:\\\/\\\/starforlife.org\\\/wp-content\\\/uploads\\\/2024\\\/02\\\/logga.svg\",\"width\":\"1024\",\"height\":\"1024\",\"caption\":\"Star for life\"},\"image\":{\"@id\":\"https:\\\/\\\/starforlife.org\\\/#\\\/schema\\\/logo\\\/image\\\/\"},\"sameAs\":[\"https:\\\/\\\/www.facebook.com\\\/starforlifeofficial\",\"https:\\\/\\\/www.linkedin.com\\\/company\\\/7063029\\\/\"]}]}<\/script>\n<!-- \/ Yoast SEO plugin. -->","yoast_head_json":{"title":"Star for Life Norge | Star for Life","robots":{"index":"index","follow":"follow","max-snippet":"max-snippet:-1","max-image-preview":"max-image-preview:large","max-video-preview":"max-video-preview:-1"},"canonical":"https:\/\/starforlife.org\/sv\/star-for-life-norge\/","og_locale":"sv_SE","og_type":"article","og_title":"Star for Life Norge | Star for Life","og_description":"NorgeStar for Life Norge \u00e4r en sj\u00e4lvst\u00e4ndig insamlingsstiftelse som samlar in medel till f\u00f6rm\u00e5n f\u00f6r Star for Lifes arbete i Sydafrika, Namibia och Tanzania. Detta sker exempelvis genom v\u00e4lg\u00f6renhetsloppet Dream Challenge i Lillesand, konsert och en \u00e5rlig julkampanj. Verksamheten leds av J\u00f8rgen Klafstad. Oscars Gate 27, 0352 Oslojorgen@starforlife.orgCountry Manager Norway jorgen@starforlife.org+47 (0)91 698 342Advisor\/Board member [&hellip;]","og_site_name":"Star for Life","article_publisher":"https:\/\/www.facebook.com\/starforlifeofficial","article_modified_time":"2025-03-14T13:05:34+00:00","og_image":[{"width":1920,"height":1440,"url":"https:\/\/starforlife.org\/wp-content\/uploads\/2023\/08\/kufezekile.webp","type":"image\/webp"}],"twitter_card":"summary_large_image","schema":{"@context":"https:\/\/schema.org","@graph":[{"@type":"WebPage","@id":"https:\/\/starforlife.org\/sv\/star-for-life-norge\/","url":"https:\/\/starforlife.org\/sv\/star-for-life-norge\/","name":"Star for Life Norge | Star for Life","isPartOf":{"@id":"https:\/\/starforlife.org\/#website"},"datePublished":"2025-03-14T13:03:32+00:00","dateModified":"2025-03-14T13:05:34+00:00","inLanguage":"sv-SE","potentialAction":[{"@type":"ReadAction","target":["https:\/\/starforlife.org\/sv\/star-for-life-norge\/"]}]},{"@type":"WebSite","@id":"https:\/\/starforlife.org\/#website","url":"https:\/\/starforlife.org\/","name":"Star for Life","description":"Empowering young people","publisher":{"@id":"https:\/\/starforlife.org\/#organization"},"alternateName":"SFL","potentialAction":[{"@type":"SearchAction","target":{"@type":"EntryPoint","urlTemplate":"https:\/\/starforlife.org\/?s={search_term_string}"},"query-input":{"@type":"PropertyValueSpecification","valueRequired":true,"valueName":"search_term_string"}}],"inLanguage":"sv-SE"},{"@type":"Organization","@id":"https:\/\/starforlife.org\/#organization","name":"Star for life","url":"https:\/\/starforlife.org\/","logo":{"@type":"ImageObject","inLanguage":"sv-SE","@id":"https:\/\/starforlife.org\/#\/schema\/logo\/image\/","url":"https:\/\/starforlife.org\/wp-content\/uploads\/2024\/02\/logga.svg","contentUrl":"https:\/\/starforlife.org\/wp-content\/uploads\/2024\/02\/logga.svg","width":"1024","height":"1024","caption":"Star for life"},"image":{"@id":"https:\/\/starforlife.org\/#\/schema\/logo\/image\/"},"sameAs":["https:\/\/www.facebook.com\/starforlifeofficial","https:\/\/www.linkedin.com\/company\/7063029\/"]}]}},"_links":{"self":[{"href":"https:\/\/starforlife.org\/sv\/wp-json\/wp\/v2\/pages\/40094","targetHints":{"allow":["GET"]}}],"collection":[{"href":"https:\/\/starforlife.org\/sv\/wp-json\/wp\/v2\/pages"}],"about":[{"href":"https:\/\/starforlife.org\/sv\/wp-json\/wp\/v2\/types\/page"}],"author":[{"embeddable":true,"href":"https:\/\/starforlife.org\/sv\/wp-json\/wp\/v2\/users\/1"}],"replies":[{"embeddable":true,"href":"https:\/\/starforlife.org\/sv\/wp-json\/wp\/v2\/comments?post=40094"}],"version-history":[{"count":7,"href":"https:\/\/starforlife.org\/sv\/wp-json\/wp\/v2\/pages\/40094\/revisions"}],"predecessor-version":[{"id":40105,"href":"https:\/\/starforlife.org\/sv\/wp-json\/wp\/v2\/pages\/40094\/revisions\/40105"}],"wp:attachment":[{"href":"https:\/\/starforlife.org\/sv\/wp-json\/wp\/v2\/media?parent=40094"}],"curies":[{"name":"wp","href":"https:\/\/api.w.org\/{rel}","templated":true}]}}