{"id":33463,"date":"2023-12-04T16:58:26","date_gmt":"2023-12-04T15:58:26","guid":{"rendered":"https:\/\/starforlife.org\/?page_id=33463"},"modified":"2024-02-01T14:42:20","modified_gmt":"2024-02-01T13:42:20","slug":"bli-manadsgivare","status":"publish","type":"page","link":"https:\/\/starforlife.org\/sv\/ge-gava\/bli-manadsgivare\/","title":{"rendered":"Bli m\u00e5nadsgivare"},"content":{"rendered":"<p>[et_pb_section fb_built=&#8221;1&#8243; custom_padding_last_edited=&#8221;on|phone&#8221; _builder_version=&#8221;4.24.0&#8243; _module_preset=&#8221;default&#8221; background_color=&#8221;rgba(0,0,0,0.12)&#8221; background_image=&#8221;https:\/\/starforlife.org\/wp-content\/uploads\/2024\/02\/klassrum-manadsgivare.webp&#8221; background_position=&#8221;top_center&#8221; background_vertical_offset=&#8221;27%&#8221; background_blend=&#8221;multiply&#8221; custom_padding=&#8221;13%||15%||false|false&#8221; custom_padding_tablet=&#8221;13%||13%||false|false&#8221; custom_padding_phone=&#8221;15%||15%||false|false&#8221; background_color_tablet=&#8221;rgba(0,0,0,0.24)&#8221; background_color_phone=&#8221;rgba(0,0,0,0.31)&#8221; background_last_edited=&#8221;on|phone&#8221; background_enable_color_tablet=&#8221;on&#8221; background_enable_color_phone=&#8221;on&#8221; background_blend_phone=&#8221;multiply&#8221; global_colors_info=&#8221;{}&#8221; title_text=&#8221;klassrum-m\u00e5nadsgivare&#8221;][et_pb_row _builder_version=&#8221;4.22.0&#8243; _module_preset=&#8221;default&#8221; global_colors_info=&#8221;{}&#8221;][et_pb_column type=&#8221;4_4&#8243; _builder_version=&#8221;4.22.0&#8243; _module_preset=&#8221;default&#8221; global_colors_info=&#8221;{}&#8221;][et_pb_text _builder_version=&#8221;4.23.4&#8243; _module_preset=&#8221;default&#8221; header_text_align=&#8221;center&#8221; header_text_color=&#8221;#FFFFFF&#8221; header_line_height=&#8221;1.3em&#8221; header_2_text_align=&#8221;center&#8221; width=&#8221;93%&#8221; width_tablet=&#8221;100%&#8221; width_phone=&#8221;100%&#8221; width_last_edited=&#8221;on|phone&#8221; module_alignment=&#8221;center&#8221; header_font_size_tablet=&#8221;30px&#8221; header_font_size_phone=&#8221;25px&#8221; header_font_size_last_edited=&#8221;on|tablet&#8221; header_text_shadow_style=&#8221;preset3&#8243; global_colors_info=&#8221;{}&#8221;]<\/p>\n<h1>G\u00f6r skillnad\u00a0varje m\u00e5nad<\/h1>\n<p>[\/et_pb_text][et_pb_button button_url=&#8221;#bli-manadsgivare&#8221; url_new_window=&#8221;on&#8221; button_text=&#8221;L\u00e4s mer&#8221; button_alignment=&#8221;center&#8221; _builder_version=&#8221;4.23.4&#8243; _module_preset=&#8221;default&#8221; custom_button=&#8221;on&#8221; button_bg_color=&#8221;#DD1C1B&#8221; button_font=&#8221;||||||||&#8221; button_icon=&#8221;&#xf061;||fa||900&#8243; button_icon_color=&#8221;#FFFFFF&#8221; button_on_hover=&#8221;off&#8221; global_colors_info=&#8221;{}&#8221;][\/et_pb_button][\/et_pb_column][\/et_pb_row][\/et_pb_section][et_pb_section fb_built=&#8221;1&#8243; _builder_version=&#8221;4.22.0&#8243; _module_preset=&#8221;default&#8221; background_color=&#8221;rgba(221,28,27,0.09)&#8221; custom_padding=&#8221;||80px||false|false&#8221; global_colors_info=&#8221;{}&#8221;][et_pb_row column_structure=&#8221;1_2,1_2&#8243; use_custom_gutter=&#8221;on&#8221; make_equal=&#8221;on&#8221; custom_padding_last_edited=&#8221;on|tablet&#8221; _builder_version=&#8221;4.23.4&#8243; _module_preset=&#8221;default&#8221; width=&#8221;90%&#8221; width_tablet=&#8221;100%&#8221; width_phone=&#8221;100%&#8221; width_last_edited=&#8221;on|tablet&#8221; max_width=&#8221;1280px&#8221; max_width_tablet=&#8221;90%&#8221; max_width_phone=&#8221;90%&#8221; max_width_last_edited=&#8221;on|tablet&#8221; custom_padding=&#8221;||40px||false|false&#8221; custom_padding_tablet=&#8221;0px||40px||false|false&#8221; custom_padding_phone=&#8221;0px||40px||false|false&#8221; global_colors_info=&#8221;{}&#8221;][et_pb_column type=&#8221;1_2&#8243; _builder_version=&#8221;4.23.1&#8243; _module_preset=&#8221;default&#8221; custom_padding=&#8221;5%||5%||false|false&#8221; custom_padding_tablet=&#8221;0px||0px||false|false&#8221; custom_padding_phone=&#8221;0px||0px||false|false&#8221; custom_padding_last_edited=&#8221;on|phone&#8221; global_colors_info=&#8221;{}&#8221;][et_pb_text _builder_version=&#8221;4.23.4&#8243; _module_preset=&#8221;default&#8221; text_text_color=&#8221;#000000&#8243; text_font_size=&#8221;16px&#8221; text_line_height=&#8221;1.6em&#8221; link_font=&#8221;||||on|||#DD1C1B|&#8221; link_text_color=&#8221;#DD1C1B&#8221; header_2_text_color=&#8221;#000000&#8243; header_2_font_size=&#8221;28px&#8221; header_2_line_height=&#8221;1.3em&#8221; header_3_text_color=&#8221;#344028&#8243; header_3_font_size=&#8221;19px&#8221; header_3_line_height=&#8221;1.3em&#8221; width=&#8221;91%&#8221; width_tablet=&#8221;90%&#8221; width_phone=&#8221;100%&#8221; width_last_edited=&#8221;on|phone&#8221; custom_margin=&#8221;8px||||false|false&#8221; custom_margin_tablet=&#8221;0px||||false|false&#8221; custom_margin_phone=&#8221;0px||||false|false&#8221; custom_margin_last_edited=&#8221;on|phone&#8221; header_2_text_align_tablet=&#8221;&#8221; header_2_text_align_phone=&#8221;center&#8221; header_2_text_align_last_edited=&#8221;on|phone&#8221; text_orientation_tablet=&#8221;&#8221; text_orientation_phone=&#8221;center&#8221; text_orientation_last_edited=&#8221;on|phone&#8221; global_colors_info=&#8221;{}&#8221;]<\/p>\n<h2><a id=\"bli-manadsgivare\"><\/a>Bli m\u00e5nadsgivare<\/h2>\n<p>F\u00f6r 200 kronor i m\u00e5naden finansierar du 12 elevers deltagande i Star for Lifes program under ett helt l\u00e4s\u00e5r. Du kan sj\u00e4lv v\u00e4lja hur m\u00e5nga barn du vill st\u00f6dja och om du vill \u00f6ronm\u00e4rka din g\u00e5va till n\u00e5gon s\u00e4rskild del av v\u00e5r verksamhet.<\/p>\n<p>Star for Life \u00e4r godk\u00e4nd g\u00e5vomottagare vilket inneb\u00e4r att du kan f\u00e5 skattereduktion f\u00f6r en g\u00e5va till oss. L\u00e4s mer p\u00e5 <a href=\"https:\/\/skatteverket.se\/privat\/skatter\/arbeteochinkomst\/skattereduktioner\/skattereduktionforgavor.4.5fc8c94513259a4ba1d800064144.html\">Skatteverkets hemsida<\/a> om du kan ta del av skattereduktionen f\u00f6r din g\u00e5va. Stort tack f\u00f6r att hj\u00e4lper oss att hj\u00e4lpa och m\u00f6jligg\u00f6r dr\u00f6mmar.<\/p>\n<p>[\/et_pb_text][et_pb_button button_url=&#8221;https:\/\/www.mvh.bgonline.se\/Public.Web\/Templates\/MandateApplications\/FillInMandateApplication.aspx?formRef=21efed40-fea7-4cd5-885e-1e5cf6d9f858&#8243; url_new_window=&#8221;on&#8221; button_text=&#8221;Registrera dig h\u00e4r&#8221; button_alignment=&#8221;left&#8221; button_alignment_tablet=&#8221;left&#8221; button_alignment_phone=&#8221;center&#8221; button_alignment_last_edited=&#8221;on|phone&#8221; _builder_version=&#8221;4.23.1&#8243; _module_preset=&#8221;default&#8221; custom_button=&#8221;on&#8221; button_text_color=&#8221;#FFFFFF&#8221; button_bg_color=&#8221;#DD1C1B&#8221; button_font=&#8221;||||||||&#8221; button_icon=&#8221;&#xf061;||fa||900&#8243; button_icon_color=&#8221;#FFFFFF&#8221; button_on_hover=&#8221;off&#8221; custom_margin_tablet=&#8221;||30px||false|false&#8221; custom_margin_phone=&#8221;||10px||false|false&#8221; custom_margin_last_edited=&#8221;on|tablet&#8221; global_colors_info=&#8221;{}&#8221;][\/et_pb_button][\/et_pb_column][et_pb_column type=&#8221;1_2&#8243; _builder_version=&#8221;4.23.4&#8243; _module_preset=&#8221;default&#8221; background_image=&#8221;https:\/\/starforlife.org\/wp-content\/uploads\/2023\/12\/IMG_3627.webp&#8221; background_position=&#8221;top_center&#8221; background_vertical_offset=&#8221;41%&#8221; custom_padding_tablet=&#8221;20%||20%||false|false&#8221; custom_padding_phone=&#8221;25%||25%||false|false&#8221; custom_padding_last_edited=&#8221;on|phone&#8221; border_radii=&#8221;on|100px|100px|100px|100px&#8221; border_radii_tablet=&#8221;on|50px|50px|50px|50px&#8221; border_radii_phone=&#8221;on|50px|50px|50px|50px&#8221; border_radii_last_edited=&#8221;on|phone&#8221; global_colors_info=&#8221;{}&#8221;][et_pb_divider show_divider=&#8221;off&#8221; _builder_version=&#8221;4.23.4&#8243; _module_preset=&#8221;default&#8221; custom_padding_tablet=&#8221;15%||15%||false|false&#8221; custom_padding_phone=&#8221;15%||15%||false|false&#8221; custom_padding_last_edited=&#8221;on|tablet&#8221; global_colors_info=&#8221;{}&#8221;][\/et_pb_divider][\/et_pb_column][\/et_pb_row][\/et_pb_section][et_pb_section fb_built=&#8221;1&#8243; _builder_version=&#8221;4.22.0&#8243; _module_preset=&#8221;default&#8221; background_color=&#8221;rgba(0,0,0,0.88)&#8221; global_colors_info=&#8221;{}&#8221;][et_pb_row _builder_version=&#8221;4.22.0&#8243; _module_preset=&#8221;default&#8221; custom_margin=&#8221;||0px||false|false&#8221; custom_padding=&#8221;||0px||false|false&#8221; global_colors_info=&#8221;{}&#8221;][et_pb_column type=&#8221;4_4&#8243; _builder_version=&#8221;4.22.0&#8243; _module_preset=&#8221;default&#8221; global_colors_info=&#8221;{}&#8221;][et_pb_text _builder_version=&#8221;4.23.4&#8243; _module_preset=&#8221;default&#8221; header_2_text_align=&#8221;center&#8221; header_2_text_color=&#8221;#FFFFFF&#8221; header_2_font_size=&#8221;33px&#8221; width=&#8221;82%&#8221; width_tablet=&#8221;100%&#8221; width_phone=&#8221;100%&#8221; width_last_edited=&#8221;on|desktop&#8221; module_alignment=&#8221;center&#8221; custom_margin=&#8221;||0px||false|false&#8221; header_2_font_size_tablet=&#8221;30px&#8221; header_2_font_size_phone=&#8221;25px&#8221; header_2_font_size_last_edited=&#8221;on|phone&#8221; module_alignment_tablet=&#8221;center&#8221; module_alignment_phone=&#8221;center&#8221; module_alignment_last_edited=&#8221;on|desktop&#8221; global_colors_info=&#8221;{}&#8221;]<\/p>\n<h2>Med Star for Lifes program blir barndomsdr\u00f6mmar verklighet<br \/>\n<\/h2>\n<p>[\/et_pb_text][\/et_pb_column][\/et_pb_row][et_pb_row _builder_version=&#8221;4.22.0&#8243; _module_preset=&#8221;default&#8221; custom_padding=&#8221;0px||||false|false&#8221; global_colors_info=&#8221;{}&#8221;][et_pb_column type=&#8221;4_4&#8243; _builder_version=&#8221;4.22.0&#8243; _module_preset=&#8221;default&#8221; global_colors_info=&#8221;{}&#8221;][et_pb_nextend_smart_slider_3 slider=&#8221;7&#8243; _builder_version=&#8221;4.22.0&#8243; _module_preset=&#8221;default&#8221; global_colors_info=&#8221;{}&#8221;][\/et_pb_nextend_smart_slider_3][\/et_pb_column][\/et_pb_row][\/et_pb_section]<\/p>\n","protected":false},"excerpt":{"rendered":"<p>G\u00f6r skillnad\u00a0varje m\u00e5nadBli m\u00e5nadsgivare F\u00f6r 200 kronor i m\u00e5naden finansierar du 12 elevers deltagande i Star for Lifes program under ett helt l\u00e4s\u00e5r. Du kan sj\u00e4lv v\u00e4lja hur m\u00e5nga barn du vill st\u00f6dja och om du vill \u00f6ronm\u00e4rka din g\u00e5va till n\u00e5gon s\u00e4rskild del av v\u00e5r verksamhet. Star for Life \u00e4r godk\u00e4nd g\u00e5vomottagare vilket inneb\u00e4r [&hellip;]<\/p>\n","protected":false},"author":1,"featured_media":0,"parent":33461,"menu_order":0,"comment_status":"closed","ping_status":"closed","template":"","meta":{"_acf_changed":false,"_et_pb_use_builder":"on","_et_pb_old_content":"<!-- wp:divi\/placeholder \/-->","_et_gb_content_width":"","inline_featured_image":false,"footnotes":""},"class_list":["post-33463","page","type-page","status-publish","hentry"],"acf":[],"yoast_head":"<!-- This site is optimized with the Yoast SEO plugin v27.5 - https:\/\/yoast.com\/product\/yoast-seo-wordpress\/ -->\n<title>Bli m\u00e5nadsgivare | Star for Life<\/title>\n<meta name=\"robots\" content=\"index, follow, max-snippet:-1, max-image-preview:large, max-video-preview:-1\" \/>\n<link rel=\"canonical\" href=\"https:\/\/starforlife.org\/support-us\/become-a-monthly-donor\/\" \/>\n<meta property=\"og:locale\" content=\"sv_SE\" \/>\n<meta property=\"og:type\" content=\"article\" \/>\n<meta property=\"og:title\" content=\"Bli m\u00e5nadsgivare | Star for Life\" \/>\n<meta property=\"og:description\" content=\"G\u00f6r skillnad\u00a0varje m\u00e5nadBli m\u00e5nadsgivare F\u00f6r 200 kronor i m\u00e5naden finansierar du 12 elevers deltagande i Star for Lifes program under ett helt l\u00e4s\u00e5r. Du kan sj\u00e4lv v\u00e4lja hur m\u00e5nga barn du vill st\u00f6dja och om du vill \u00f6ronm\u00e4rka din g\u00e5va till n\u00e5gon s\u00e4rskild del av v\u00e5r verksamhet. Star for Life \u00e4r godk\u00e4nd g\u00e5vomottagare vilket inneb\u00e4r [&hellip;]\" \/>\n<meta property=\"og:site_name\" content=\"Star for Life\" \/>\n<meta property=\"article:publisher\" content=\"https:\/\/www.facebook.com\/starforlifeofficial\" \/>\n<meta property=\"article:modified_time\" content=\"2024-02-01T13:42:20+00:00\" \/>\n<meta property=\"og:image\" content=\"https:\/\/starforlife.org\/wp-content\/uploads\/2023\/08\/kufezekile.webp\" \/>\n\t<meta property=\"og:image:width\" content=\"1920\" \/>\n\t<meta property=\"og:image:height\" content=\"1440\" \/>\n\t<meta property=\"og:image:type\" content=\"image\/webp\" \/>\n<meta name=\"twitter:card\" content=\"summary_large_image\" \/>\n<script type=\"application\/ld+json\" class=\"yoast-schema-graph\">{\"@context\":\"https:\\\/\\\/schema.org\",\"@graph\":[{\"@type\":\"WebPage\",\"@id\":\"https:\\\/\\\/starforlife.org\\\/support-us\\\/become-a-monthly-donor\\\/\",\"url\":\"https:\\\/\\\/starforlife.org\\\/support-us\\\/become-a-monthly-donor\\\/\",\"name\":\"Bli m\u00e5nadsgivare | Star for Life\",\"isPartOf\":{\"@id\":\"https:\\\/\\\/starforlife.org\\\/#website\"},\"datePublished\":\"2023-12-04T15:58:26+00:00\",\"dateModified\":\"2024-02-01T13:42:20+00:00\",\"breadcrumb\":{\"@id\":\"https:\\\/\\\/starforlife.org\\\/support-us\\\/become-a-monthly-donor\\\/#breadcrumb\"},\"inLanguage\":\"sv-SE\",\"potentialAction\":[{\"@type\":\"ReadAction\",\"target\":[\"https:\\\/\\\/starforlife.org\\\/support-us\\\/become-a-monthly-donor\\\/\"]}]},{\"@type\":\"BreadcrumbList\",\"@id\":\"https:\\\/\\\/starforlife.org\\\/support-us\\\/become-a-monthly-donor\\\/#breadcrumb\",\"itemListElement\":[{\"@type\":\"ListItem\",\"position\":1,\"name\":\"Ge en g\u00e5va\",\"item\":\"https:\\\/\\\/starforlife.org\\\/support-us\\\/\"},{\"@type\":\"ListItem\",\"position\":2,\"name\":\"Bli m\u00e5nadsgivare\"}]},{\"@type\":\"WebSite\",\"@id\":\"https:\\\/\\\/starforlife.org\\\/#website\",\"url\":\"https:\\\/\\\/starforlife.org\\\/\",\"name\":\"Star for Life\",\"description\":\"Empowering young people\",\"publisher\":{\"@id\":\"https:\\\/\\\/starforlife.org\\\/#organization\"},\"alternateName\":\"SFL\",\"potentialAction\":[{\"@type\":\"SearchAction\",\"target\":{\"@type\":\"EntryPoint\",\"urlTemplate\":\"https:\\\/\\\/starforlife.org\\\/?s={search_term_string}\"},\"query-input\":{\"@type\":\"PropertyValueSpecification\",\"valueRequired\":true,\"valueName\":\"search_term_string\"}}],\"inLanguage\":\"sv-SE\"},{\"@type\":\"Organization\",\"@id\":\"https:\\\/\\\/starforlife.org\\\/#organization\",\"name\":\"Star for life\",\"url\":\"https:\\\/\\\/starforlife.org\\\/\",\"logo\":{\"@type\":\"ImageObject\",\"inLanguage\":\"sv-SE\",\"@id\":\"https:\\\/\\\/starforlife.org\\\/#\\\/schema\\\/logo\\\/image\\\/\",\"url\":\"https:\\\/\\\/starforlife.org\\\/wp-content\\\/uploads\\\/2024\\\/02\\\/logga.svg\",\"contentUrl\":\"https:\\\/\\\/starforlife.org\\\/wp-content\\\/uploads\\\/2024\\\/02\\\/logga.svg\",\"width\":\"1024\",\"height\":\"1024\",\"caption\":\"Star for life\"},\"image\":{\"@id\":\"https:\\\/\\\/starforlife.org\\\/#\\\/schema\\\/logo\\\/image\\\/\"},\"sameAs\":[\"https:\\\/\\\/www.facebook.com\\\/starforlifeofficial\",\"https:\\\/\\\/www.linkedin.com\\\/company\\\/7063029\\\/\"]}]}<\/script>\n<!-- \/ Yoast SEO plugin. -->","yoast_head_json":{"title":"Bli m\u00e5nadsgivare | Star for Life","robots":{"index":"index","follow":"follow","max-snippet":"max-snippet:-1","max-image-preview":"max-image-preview:large","max-video-preview":"max-video-preview:-1"},"canonical":"https:\/\/starforlife.org\/support-us\/become-a-monthly-donor\/","og_locale":"sv_SE","og_type":"article","og_title":"Bli m\u00e5nadsgivare | Star for Life","og_description":"G\u00f6r skillnad\u00a0varje m\u00e5nadBli m\u00e5nadsgivare F\u00f6r 200 kronor i m\u00e5naden finansierar du 12 elevers deltagande i Star for Lifes program under ett helt l\u00e4s\u00e5r. Du kan sj\u00e4lv v\u00e4lja hur m\u00e5nga barn du vill st\u00f6dja och om du vill \u00f6ronm\u00e4rka din g\u00e5va till n\u00e5gon s\u00e4rskild del av v\u00e5r verksamhet. Star for Life \u00e4r godk\u00e4nd g\u00e5vomottagare vilket inneb\u00e4r [&hellip;]","og_site_name":"Star for Life","article_publisher":"https:\/\/www.facebook.com\/starforlifeofficial","article_modified_time":"2024-02-01T13:42:20+00:00","og_image":[{"width":1920,"height":1440,"url":"https:\/\/starforlife.org\/wp-content\/uploads\/2023\/08\/kufezekile.webp","type":"image\/webp"}],"twitter_card":"summary_large_image","schema":{"@context":"https:\/\/schema.org","@graph":[{"@type":"WebPage","@id":"https:\/\/starforlife.org\/support-us\/become-a-monthly-donor\/","url":"https:\/\/starforlife.org\/support-us\/become-a-monthly-donor\/","name":"Bli m\u00e5nadsgivare | Star for Life","isPartOf":{"@id":"https:\/\/starforlife.org\/#website"},"datePublished":"2023-12-04T15:58:26+00:00","dateModified":"2024-02-01T13:42:20+00:00","breadcrumb":{"@id":"https:\/\/starforlife.org\/support-us\/become-a-monthly-donor\/#breadcrumb"},"inLanguage":"sv-SE","potentialAction":[{"@type":"ReadAction","target":["https:\/\/starforlife.org\/support-us\/become-a-monthly-donor\/"]}]},{"@type":"BreadcrumbList","@id":"https:\/\/starforlife.org\/support-us\/become-a-monthly-donor\/#breadcrumb","itemListElement":[{"@type":"ListItem","position":1,"name":"Ge en g\u00e5va","item":"https:\/\/starforlife.org\/support-us\/"},{"@type":"ListItem","position":2,"name":"Bli m\u00e5nadsgivare"}]},{"@type":"WebSite","@id":"https:\/\/starforlife.org\/#website","url":"https:\/\/starforlife.org\/","name":"Star for Life","description":"Empowering young people","publisher":{"@id":"https:\/\/starforlife.org\/#organization"},"alternateName":"SFL","potentialAction":[{"@type":"SearchAction","target":{"@type":"EntryPoint","urlTemplate":"https:\/\/starforlife.org\/?s={search_term_string}"},"query-input":{"@type":"PropertyValueSpecification","valueRequired":true,"valueName":"search_term_string"}}],"inLanguage":"sv-SE"},{"@type":"Organization","@id":"https:\/\/starforlife.org\/#organization","name":"Star for life","url":"https:\/\/starforlife.org\/","logo":{"@type":"ImageObject","inLanguage":"sv-SE","@id":"https:\/\/starforlife.org\/#\/schema\/logo\/image\/","url":"https:\/\/starforlife.org\/wp-content\/uploads\/2024\/02\/logga.svg","contentUrl":"https:\/\/starforlife.org\/wp-content\/uploads\/2024\/02\/logga.svg","width":"1024","height":"1024","caption":"Star for life"},"image":{"@id":"https:\/\/starforlife.org\/#\/schema\/logo\/image\/"},"sameAs":["https:\/\/www.facebook.com\/starforlifeofficial","https:\/\/www.linkedin.com\/company\/7063029\/"]}]}},"_links":{"self":[{"href":"https:\/\/starforlife.org\/sv\/wp-json\/wp\/v2\/pages\/33463","targetHints":{"allow":["GET"]}}],"collection":[{"href":"https:\/\/starforlife.org\/sv\/wp-json\/wp\/v2\/pages"}],"about":[{"href":"https:\/\/starforlife.org\/sv\/wp-json\/wp\/v2\/types\/page"}],"author":[{"embeddable":true,"href":"https:\/\/starforlife.org\/sv\/wp-json\/wp\/v2\/users\/1"}],"replies":[{"embeddable":true,"href":"https:\/\/starforlife.org\/sv\/wp-json\/wp\/v2\/comments?post=33463"}],"version-history":[{"count":13,"href":"https:\/\/starforlife.org\/sv\/wp-json\/wp\/v2\/pages\/33463\/revisions"}],"predecessor-version":[{"id":36218,"href":"https:\/\/starforlife.org\/sv\/wp-json\/wp\/v2\/pages\/33463\/revisions\/36218"}],"up":[{"embeddable":true,"href":"https:\/\/starforlife.org\/sv\/wp-json\/wp\/v2\/pages\/33461"}],"wp:attachment":[{"href":"https:\/\/starforlife.org\/sv\/wp-json\/wp\/v2\/media?parent=33463"}],"curies":[{"name":"wp","href":"https:\/\/api.w.org\/{rel}","templated":true}]}}