{"id":32385,"date":"2023-08-29T16:14:39","date_gmt":"2023-08-29T15:14:39","guid":{"rendered":"https:\/\/starforlife.org\/?page_id=32385"},"modified":"2026-02-04T15:28:24","modified_gmt":"2026-02-04T14:28:24","slug":"postkodlotteriet","status":"publish","type":"page","link":"https:\/\/starforlife.org\/sv\/postkodlotteriet\/","title":{"rendered":"Postkodlotteriet"},"content":{"rendered":"<p>[et_pb_section fb_built=&#8221;1&#8243; custom_padding_last_edited=&#8221;on|phone&#8221; _builder_version=&#8221;4.23.4&#8243; _module_preset=&#8221;default&#8221; background_color=&#8221;rgba(0,0,0,0.17)&#8221; background_image=&#8221;https:\/\/starforlife.org\/wp-content\/uploads\/2023\/11\/Shumayela-10.jpg&#8221; background_position=&#8221;top_center&#8221; background_vertical_offset=&#8221;25%&#8221; background_blend=&#8221;multiply&#8221; custom_padding=&#8221;11%||13%||false|false&#8221; custom_padding_tablet=&#8221;11%||13%||false|false&#8221; custom_padding_phone=&#8221;15%||15%||false|false&#8221; background_color_phone=&#8221;rgba(0,0,0,0.35)&#8221; background_last_edited=&#8221;on|phone&#8221; background_enable_color_phone=&#8221;on&#8221; global_colors_info=&#8221;{}&#8221;][et_pb_row _builder_version=&#8221;4.22.0&#8243; _module_preset=&#8221;default&#8221; global_colors_info=&#8221;{}&#8221;][et_pb_column type=&#8221;4_4&#8243; _builder_version=&#8221;4.22.0&#8243; _module_preset=&#8221;default&#8221; global_colors_info=&#8221;{}&#8221;][et_pb_text _builder_version=&#8221;4.23.4&#8243; _module_preset=&#8221;default&#8221; header_text_align=&#8221;center&#8221; header_text_color=&#8221;#FFFFFF&#8221; header_2_text_align=&#8221;center&#8221; width=&#8221;51%&#8221; width_tablet=&#8221;100%&#8221; width_phone=&#8221;100%&#8221; width_last_edited=&#8221;on|phone&#8221; module_alignment=&#8221;center&#8221; header_font_size_tablet=&#8221;30px&#8221; header_font_size_phone=&#8221;25px&#8221; header_font_size_last_edited=&#8221;on|tablet&#8221; header_2_font_size_tablet=&#8221;&#8221; header_2_font_size_phone=&#8221;25px&#8221; header_2_font_size_last_edited=&#8221;on|phone&#8221; header_text_shadow_style=&#8221;preset3&#8243; global_colors_info=&#8221;{}&#8221;]<\/p>\n<h1>Vi st\u00e4rker unga att v\u00e5ga tro p\u00e5 deras dr\u00f6mmar<\/h1>\n<p>[\/et_pb_text][et_pb_button button_url=&#8221;https:\/\/www.postkodlotteriet.se&#8221; url_new_window=&#8221;on&#8221; button_text=&#8221;Postkodlotteriet.se&#8221; button_alignment=&#8221;center&#8221; _builder_version=&#8221;4.23.1&#8243; _module_preset=&#8221;default&#8221; custom_button=&#8221;on&#8221; button_bg_color=&#8221;#1072B8&#8243; button_icon=&#8221;&#xf061;||fa||900&#8243; button_icon_color=&#8221;#FFFFFF&#8221; button_on_hover=&#8221;off&#8221; global_colors_info=&#8221;{}&#8221; button_bg_color__hover=&#8221;#282f40&#8243; button_bg_color__hover_enabled=&#8221;on|hover&#8221; button_text_color__hover=&#8221;#ffffff&#8221; button_text_color__hover_enabled=&#8221;on|hover&#8221;][\/et_pb_button][\/et_pb_column][\/et_pb_row][\/et_pb_section][et_pb_section fb_built=&#8221;1&#8243; custom_padding_last_edited=&#8221;on|desktop&#8221; _builder_version=&#8221;4.27.4&#8243; _module_preset=&#8221;default&#8221; background_color=&#8221;#eaebed&#8221; custom_padding=&#8221;0px|0px|0px|0px|false|false&#8221; custom_padding_tablet=&#8221;40px||||false|false&#8221; custom_padding_phone=&#8221;40px||||false|false&#8221; global_colors_info=&#8221;{}&#8221;][et_pb_row column_structure=&#8221;1_2,1_2&#8243; use_custom_gutter=&#8221;on&#8221; gutter_width=&#8221;1&#8243; make_equal=&#8221;on&#8221; custom_padding_last_edited=&#8221;off|desktop&#8221; _builder_version=&#8221;4.27.4&#8243; _module_preset=&#8221;default&#8221; width=&#8221;100%&#8221; max_width=&#8221;3000px&#8221; custom_margin=&#8221;0px|0px|0px|0px|false|false&#8221; custom_margin_tablet=&#8221;0px||0px||false|false&#8221; custom_margin_phone=&#8221;||0px||false|false&#8221; custom_margin_last_edited=&#8221;off|desktop&#8221; custom_padding=&#8221;0px|0px|0px|0px|false|false&#8221; custom_padding_tablet=&#8221;0px||40px||false|false&#8221; custom_padding_phone=&#8221;0px||40px||false|false&#8221; global_colors_info=&#8221;{}&#8221;][et_pb_column type=&#8221;1_2&#8243; _builder_version=&#8221;4.27.4&#8243; _module_preset=&#8221;default&#8221; custom_padding=&#8221;5%|4%|5%|7%|false|false&#8221; custom_padding_tablet=&#8221;|6%||6%|false|false&#8221; custom_padding_phone=&#8221;5%|6%|5%|6%|false|false&#8221; custom_padding_last_edited=&#8221;on|tablet&#8221; global_colors_info=&#8221;{}&#8221;][et_pb_image src=&#8221;https:\/\/starforlife.org\/wp-content\/uploads\/2026\/02\/svenska-postkodlotteriet.webp&#8221; title_text=&#8221;svenska-postkodlotteriet&#8221; align=&#8221;right&#8221; disabled_on=&#8221;on|on|off&#8221; _builder_version=&#8221;4.27.5&#8243; _module_preset=&#8221;default&#8221; width=&#8221;16%&#8221; custom_margin=&#8221;||-73px||false|false&#8221; hover_enabled=&#8221;0&#8243; global_colors_info=&#8221;{}&#8221; sticky_enabled=&#8221;0&#8243;][\/et_pb_image][et_pb_text content_tablet=&#8221;<\/p>\n<h2>Varmt tack till<br \/>Postkodlotteriet<\/h2>\n<p>Star for Life \u00e4r f\u00f6rm\u00e5nstagare till Svenska Postkodlotteriet &#8211; Sveriges st\u00f6rsta privata bidragsgivare. Sedan starten 2005 har Postkodlotteriet delat ut mer \u00e4n 13 miljarder kronor till ideella organisationer &#8211; tack vare alla som k\u00f6pt lotter.<\/p>\n<p>N\u00e4rmare en miljon m\u00e4nniskor i Sverige \u00e4r med i Svenska Postkodlotteriet och betalar f\u00f6r en lott varje m\u00e5nad.<\/p>\n<p>2022 delade Svenska Postkodlotteriet ut \u00f6verskottet p\u00e5 en drygt en miljard kronor till 59 f\u00f6rm\u00e5nstagarorganisationer. Star for Life fick ta emot ett basst\u00f6d fr\u00e5n Postkodlotteriet p\u00e5 7 miljoner kronor. St\u00f6det fr\u00e5n Postkodlotteriet \u00e4r inte \u00f6ronm\u00e4rkt, utan medlen kan styras dit de b\u00e4st beh\u00f6vs f\u00f6r att st\u00e4rka organisationen p\u00e5 ett h\u00e5llbart s\u00e4tt.<\/p>\n<p>Star for Life har varit f\u00f6rm\u00e5nstagare till Postkodlotteriet sedan 2012. Tack vare detta viktiga och l\u00e5ngsiktiga st\u00f6d kan vi forts\u00e4tta att utveckla v\u00e5rt arbete i verksamhetsl\u00e4nderna.<\/p>\n<p>&#8221; content_phone=&#8221;<\/p>\n<h2>Varmt tack till<br \/>Postkodlotteriet<\/h2>\n<p>Star for Life \u00e4r f\u00f6rm\u00e5nstagare till Svenska Postkodlotteriet &#8211; Sveriges st\u00f6rsta privata bidragsgivare. Sedan starten 2005 har Postkodlotteriet delat ut mer \u00e4n 13 miljarder kronor till ideella organisationer &#8211; tack vare alla som k\u00f6pt lotter.<\/p>\n<p>N\u00e4rmare en miljon m\u00e4nniskor i Sverige \u00e4r med i Svenska Postkodlotteriet och betalar f\u00f6r en lott varje m\u00e5nad.<\/p>\n<p>2022 delade Svenska Postkodlotteriet ut \u00f6verskottet p\u00e5 en drygt en miljard kronor till 59 f\u00f6rm\u00e5nstagarorganisationer. Star for Life fick ta emot ett basst\u00f6d fr\u00e5n Postkodlotteriet p\u00e5 7 miljoner kronor. St\u00f6det fr\u00e5n Postkodlotteriet \u00e4r inte \u00f6ronm\u00e4rkt, utan medlen kan styras dit de b\u00e4st beh\u00f6vs f\u00f6r att st\u00e4rka organisationen p\u00e5 ett h\u00e5llbart s\u00e4tt.<\/p>\n<p>Star for Life har varit f\u00f6rm\u00e5nstagare till Postkodlotteriet sedan 2012. Tack vare detta viktiga och l\u00e5ngsiktiga st\u00f6d kan vi forts\u00e4tta att utveckla v\u00e5rt arbete i verksamhetsl\u00e4nderna.<\/p>\n<p>&#8221; content_last_edited=&#8221;on|desktop&#8221; _builder_version=&#8221;4.27.4&#8243; _module_preset=&#8221;default&#8221; text_text_color=&#8221;#282f40&#8243; text_line_height=&#8221;1.5em&#8221; header_2_text_color=&#8221;#282f40&#8243; header_2_font_size=&#8221;28px&#8221; custom_margin=&#8221;||30px||false|false&#8221; header_2_font_size_phone=&#8221;27px&#8221; header_2_font_size_last_edited=&#8221;off|phone&#8221; header_2_line_height_tablet=&#8221;&#8221; header_2_line_height_phone=&#8221;1.3em&#8221; header_2_line_height_last_edited=&#8221;on|phone&#8221; global_colors_info=&#8221;{}&#8221;]<\/p>\n<h2>Varmt tack till<br \/>Postkodlotteriet<\/h2>\n<p>Svenska Postkodlotteriets grund \u00e4r att v\u00e4rlden blir b\u00e4ttre med starka ideella organisationer. Sedan starten 2005 har man d\u00e4rf\u00f6r delat ut mer \u00e4n 15,5 miljarder kronor till organisationer som p\u00e5 olika s\u00e4tt k\u00e4mpar f\u00f6r m\u00e4nniskor, djur eller natur. Sedan 2012 f\u00e5r den svenska insamlingsstiftelsen Star for Life ett \u00e5rligt basst\u00f6d p\u00e5 7 miljoner och \u00e4r d\u00e4rmed stolta medlemmar av Svenska Postkodf\u00f6reningen. Varmt tack till Postkodlotteriet och till var och en av er som k\u00f6per en lott. Tillsammans m\u00f6jligg\u00f6r ni v\u00e5rt arbete och f\u00f6rvandlar barns och ungas dr\u00f6mmar till verklighet.<\/p>\n<p>[\/et_pb_text][et_pb_image src=&#8221;https:\/\/starforlife.org\/wp-content\/uploads\/2025\/03\/Postkod-halvkropp-liggande-scaled.jpg&#8221; title_text=&#8221;Postkod-halvkropp-liggande&#8221; _builder_version=&#8221;4.27.4&#8243; _module_preset=&#8221;default&#8221; border_radii=&#8221;on|25px|25px|25px|25px&#8221; global_colors_info=&#8221;{}&#8221;][\/et_pb_image][\/et_pb_column][et_pb_column type=&#8221;1_2&#8243; _builder_version=&#8221;4.27.4&#8243; _module_preset=&#8221;default&#8221; background_color=&#8221;#282f40&#8243; background_enable_image=&#8221;off&#8221; custom_padding=&#8221;5%|7%|5%|4%|false|false&#8221; custom_padding_tablet=&#8221;|6%||6%|false|false&#8221; custom_padding_phone=&#8221;5%|6%|5%|6%|false|false&#8221; custom_padding_last_edited=&#8221;on|tablet&#8221; border_radii_tablet=&#8221;off|150px||150px|&#8221; border_radii_phone=&#8221;on|25px|25px|25px|25px&#8221; border_radii_last_edited=&#8221;off|phone&#8221; global_colors_info=&#8221;{}&#8221;][et_pb_text content_tablet=&#8221;<\/p>\n<h2>Varmt tack till<br \/>Postkodlotteriet<\/h2>\n<p>Star for Life \u00e4r f\u00f6rm\u00e5nstagare till Svenska Postkodlotteriet &#8211; Sveriges st\u00f6rsta privata bidragsgivare. Sedan starten 2005 har Postkodlotteriet delat ut mer \u00e4n 13 miljarder kronor till ideella organisationer &#8211; tack vare alla som k\u00f6pt lotter.<\/p>\n<p>N\u00e4rmare en miljon m\u00e4nniskor i Sverige \u00e4r med i Svenska Postkodlotteriet och betalar f\u00f6r en lott varje m\u00e5nad.<\/p>\n<p>2022 delade Svenska Postkodlotteriet ut \u00f6verskottet p\u00e5 en drygt en miljard kronor till 59 f\u00f6rm\u00e5nstagarorganisationer. Star for Life fick ta emot ett basst\u00f6d fr\u00e5n Postkodlotteriet p\u00e5 7 miljoner kronor. St\u00f6det fr\u00e5n Postkodlotteriet \u00e4r inte \u00f6ronm\u00e4rkt, utan medlen kan styras dit de b\u00e4st beh\u00f6vs f\u00f6r att st\u00e4rka organisationen p\u00e5 ett h\u00e5llbart s\u00e4tt.<\/p>\n<p>Star for Life har varit f\u00f6rm\u00e5nstagare till Postkodlotteriet sedan 2012. Tack vare detta viktiga och l\u00e5ngsiktiga st\u00f6d kan vi forts\u00e4tta att utveckla v\u00e5rt arbete i verksamhetsl\u00e4nderna.<\/p>\n<p>&#8221; content_phone=&#8221;<\/p>\n<h2>Varmt tack till<br \/>Postkodlotteriet<\/h2>\n<p>Star for Life \u00e4r f\u00f6rm\u00e5nstagare till Svenska Postkodlotteriet &#8211; Sveriges st\u00f6rsta privata bidragsgivare. Sedan starten 2005 har Postkodlotteriet delat ut mer \u00e4n 13 miljarder kronor till ideella organisationer &#8211; tack vare alla som k\u00f6pt lotter.<\/p>\n<p>N\u00e4rmare en miljon m\u00e4nniskor i Sverige \u00e4r med i Svenska Postkodlotteriet och betalar f\u00f6r en lott varje m\u00e5nad.<\/p>\n<p>2022 delade Svenska Postkodlotteriet ut \u00f6verskottet p\u00e5 en drygt en miljard kronor till 59 f\u00f6rm\u00e5nstagarorganisationer. Star for Life fick ta emot ett basst\u00f6d fr\u00e5n Postkodlotteriet p\u00e5 7 miljoner kronor. St\u00f6det fr\u00e5n Postkodlotteriet \u00e4r inte \u00f6ronm\u00e4rkt, utan medlen kan styras dit de b\u00e4st beh\u00f6vs f\u00f6r att st\u00e4rka organisationen p\u00e5 ett h\u00e5llbart s\u00e4tt.<\/p>\n<p>Star for Life har varit f\u00f6rm\u00e5nstagare till Postkodlotteriet sedan 2012. Tack vare detta viktiga och l\u00e5ngsiktiga st\u00f6d kan vi forts\u00e4tta att utveckla v\u00e5rt arbete i verksamhetsl\u00e4nderna.<\/p>\n<p>&#8221; content_last_edited=&#8221;off|desktop&#8221; _builder_version=&#8221;4.27.4&#8243; _module_preset=&#8221;default&#8221; text_text_color=&#8221;#FFFFFF&#8221; text_line_height=&#8221;1.5em&#8221; header_2_text_color=&#8221;#282f40&#8243; header_2_font_size=&#8221;28px&#8221; width=&#8221;93%&#8221; custom_margin=&#8221;||27px||false|false&#8221; custom_margin_tablet=&#8221;20px||27px||false|false&#8221; custom_margin_phone=&#8221;20px||27px||false|false&#8221; custom_margin_last_edited=&#8221;on|tablet&#8221; header_2_font_size_phone=&#8221;27px&#8221; header_2_font_size_last_edited=&#8221;off|phone&#8221; header_2_line_height_tablet=&#8221;&#8221; header_2_line_height_phone=&#8221;1.3em&#8221; header_2_line_height_last_edited=&#8221;on|phone&#8221; global_colors_info=&#8221;{}&#8221;]<\/p>\n<p><em>\u201dI en snabbt f\u00f6r\u00e4nderlig v\u00e4rld \u00e4r ungas framtidstro och m\u00f6jligheter viktigare \u00e4n n\u00e5gonsin. Star for Life st\u00e4rker ungdomar genom utbildning, mentorskap och h\u00e4lsoprogram och g\u00f6r en avg\u00f6rande skillnad f\u00f6r tusentals unga. Tack vare alla lottk\u00f6pare har vi kunnat st\u00f6tta deras viktiga arbete sedan 2012, med ett l\u00e5ngsiktigt och tillitsbaserat st\u00f6d p\u00e5 sammanlagt 151 miljoner kronor. Tillsammans bidrar vi till en v\u00e4rld d\u00e4r fler unga f\u00e5r chans att n\u00e5 sina dr\u00f6mmar.\u201d<\/em><\/p>\n<p>[\/et_pb_text][et_pb_text content_tablet=&#8221;<\/p>\n<h2>Varmt tack till<br \/>Postkodlotteriet<\/h2>\n<p>Star for Life \u00e4r f\u00f6rm\u00e5nstagare till Svenska Postkodlotteriet &#8211; Sveriges st\u00f6rsta privata bidragsgivare. Sedan starten 2005 har Postkodlotteriet delat ut mer \u00e4n 13 miljarder kronor till ideella organisationer &#8211; tack vare alla som k\u00f6pt lotter.<\/p>\n<p>N\u00e4rmare en miljon m\u00e4nniskor i Sverige \u00e4r med i Svenska Postkodlotteriet och betalar f\u00f6r en lott varje m\u00e5nad.<\/p>\n<p>2022 delade Svenska Postkodlotteriet ut \u00f6verskottet p\u00e5 en drygt en miljard kronor till 59 f\u00f6rm\u00e5nstagarorganisationer. Star for Life fick ta emot ett basst\u00f6d fr\u00e5n Postkodlotteriet p\u00e5 7 miljoner kronor. St\u00f6det fr\u00e5n Postkodlotteriet \u00e4r inte \u00f6ronm\u00e4rkt, utan medlen kan styras dit de b\u00e4st beh\u00f6vs f\u00f6r att st\u00e4rka organisationen p\u00e5 ett h\u00e5llbart s\u00e4tt.<\/p>\n<p>Star for Life har varit f\u00f6rm\u00e5nstagare till Postkodlotteriet sedan 2012. Tack vare detta viktiga och l\u00e5ngsiktiga st\u00f6d kan vi forts\u00e4tta att utveckla v\u00e5rt arbete i verksamhetsl\u00e4nderna.<\/p>\n<p>&#8221; content_phone=&#8221;<\/p>\n<h2>Varmt tack till<br \/>Postkodlotteriet<\/h2>\n<p>Star for Life \u00e4r f\u00f6rm\u00e5nstagare till Svenska Postkodlotteriet &#8211; Sveriges st\u00f6rsta privata bidragsgivare. Sedan starten 2005 har Postkodlotteriet delat ut mer \u00e4n 13 miljarder kronor till ideella organisationer &#8211; tack vare alla som k\u00f6pt lotter.<\/p>\n<p>N\u00e4rmare en miljon m\u00e4nniskor i Sverige \u00e4r med i Svenska Postkodlotteriet och betalar f\u00f6r en lott varje m\u00e5nad.<\/p>\n<p>2022 delade Svenska Postkodlotteriet ut \u00f6verskottet p\u00e5 en drygt en miljard kronor till 59 f\u00f6rm\u00e5nstagarorganisationer. Star for Life fick ta emot ett basst\u00f6d fr\u00e5n Postkodlotteriet p\u00e5 7 miljoner kronor. St\u00f6det fr\u00e5n Postkodlotteriet \u00e4r inte \u00f6ronm\u00e4rkt, utan medlen kan styras dit de b\u00e4st beh\u00f6vs f\u00f6r att st\u00e4rka organisationen p\u00e5 ett h\u00e5llbart s\u00e4tt.<\/p>\n<p>Star for Life har varit f\u00f6rm\u00e5nstagare till Postkodlotteriet sedan 2012. Tack vare detta viktiga och l\u00e5ngsiktiga st\u00f6d kan vi forts\u00e4tta att utveckla v\u00e5rt arbete i verksamhetsl\u00e4nderna.<\/p>\n<p>&#8221; content_last_edited=&#8221;off|desktop&#8221; _builder_version=&#8221;4.27.4&#8243; _module_preset=&#8221;default&#8221; text_text_color=&#8221;#FFFFFF&#8221; text_line_height=&#8221;1.5em&#8221; header_2_text_color=&#8221;#282f40&#8243; header_2_font_size=&#8221;28px&#8221; custom_margin=&#8221;||58px||false|false&#8221; header_2_font_size_phone=&#8221;27px&#8221; header_2_font_size_last_edited=&#8221;off|phone&#8221; header_2_line_height_tablet=&#8221;&#8221; header_2_line_height_phone=&#8221;1.3em&#8221; header_2_line_height_last_edited=&#8221;on|phone&#8221; global_colors_info=&#8221;{}&#8221;]<\/p>\n<p><strong>Anders \u00c5rbrandt, Managing Director <\/strong><br \/>Svenska Postkodlotteriet<\/p>\n<p>[\/et_pb_text][et_pb_image src=&#8221;https:\/\/starforlife.org\/wp-content\/uploads\/2025\/03\/Anders-Arbrandt.webp&#8221; title_text=&#8221;Anders \u00c5rbrandt&#8221; _builder_version=&#8221;4.27.4&#8243; _module_preset=&#8221;default&#8221; border_radii=&#8221;on|25px|25px|25px|25px&#8221; global_colors_info=&#8221;{}&#8221;][\/et_pb_image][\/et_pb_column][\/et_pb_row][\/et_pb_section]<\/p>\n","protected":false},"excerpt":{"rendered":"<p>Vi st\u00e4rker unga att v\u00e5ga tro p\u00e5 deras dr\u00f6mmarVarmt tack tillPostkodlotteriet Svenska Postkodlotteriets grund \u00e4r att v\u00e4rlden blir b\u00e4ttre med starka ideella organisationer. Sedan starten 2005 har man d\u00e4rf\u00f6r delat ut mer \u00e4n 15,5 miljarder kronor till organisationer som p\u00e5 olika s\u00e4tt k\u00e4mpar f\u00f6r m\u00e4nniskor, djur eller natur. Sedan 2012 f\u00e5r den svenska insamlingsstiftelsen Star [&hellip;]<\/p>\n","protected":false},"author":1,"featured_media":0,"parent":0,"menu_order":0,"comment_status":"closed","ping_status":"closed","template":"","meta":{"_acf_changed":false,"_et_pb_use_builder":"on","_et_pb_old_content":"","_et_gb_content_width":"","inline_featured_image":false,"footnotes":""},"class_list":["post-32385","page","type-page","status-publish","hentry"],"acf":[],"yoast_head":"<!-- This site is optimized with the Yoast SEO plugin v27.5 - https:\/\/yoast.com\/product\/yoast-seo-wordpress\/ -->\n<title>Postkodlotteriet | Star for Life<\/title>\n<meta name=\"robots\" content=\"index, follow, max-snippet:-1, max-image-preview:large, max-video-preview:-1\" \/>\n<link rel=\"canonical\" href=\"https:\/\/starforlife.org\/postkodlotteriet\/\" \/>\n<meta property=\"og:locale\" content=\"sv_SE\" \/>\n<meta property=\"og:type\" content=\"article\" \/>\n<meta property=\"og:title\" content=\"Postkodlotteriet | Star for Life\" \/>\n<meta property=\"og:description\" content=\"Vi st\u00e4rker unga att v\u00e5ga tro p\u00e5 deras dr\u00f6mmarVarmt tack tillPostkodlotteriet Svenska Postkodlotteriets grund \u00e4r att v\u00e4rlden blir b\u00e4ttre med starka ideella organisationer. Sedan starten 2005 har man d\u00e4rf\u00f6r delat ut mer \u00e4n 15,5 miljarder kronor till organisationer som p\u00e5 olika s\u00e4tt k\u00e4mpar f\u00f6r m\u00e4nniskor, djur eller natur. Sedan 2012 f\u00e5r den svenska insamlingsstiftelsen Star [&hellip;]\" \/>\n<meta property=\"og:site_name\" content=\"Star for Life\" \/>\n<meta property=\"article:publisher\" content=\"https:\/\/www.facebook.com\/starforlifeofficial\" \/>\n<meta property=\"article:modified_time\" content=\"2026-02-04T14:28:24+00:00\" \/>\n<meta property=\"og:image\" content=\"https:\/\/starforlife.org\/wp-content\/uploads\/2023\/08\/kufezekile.webp\" \/>\n\t<meta property=\"og:image:width\" content=\"1920\" \/>\n\t<meta property=\"og:image:height\" content=\"1440\" \/>\n\t<meta property=\"og:image:type\" content=\"image\/webp\" \/>\n<meta name=\"twitter:card\" content=\"summary_large_image\" \/>\n<script type=\"application\/ld+json\" class=\"yoast-schema-graph\">{\"@context\":\"https:\\\/\\\/schema.org\",\"@graph\":[{\"@type\":\"WebPage\",\"@id\":\"https:\\\/\\\/starforlife.org\\\/postkodlotteriet\\\/\",\"url\":\"https:\\\/\\\/starforlife.org\\\/postkodlotteriet\\\/\",\"name\":\"Postkodlotteriet | Star for Life\",\"isPartOf\":{\"@id\":\"https:\\\/\\\/starforlife.org\\\/#website\"},\"datePublished\":\"2023-08-29T15:14:39+00:00\",\"dateModified\":\"2026-02-04T14:28:24+00:00\",\"inLanguage\":\"sv-SE\",\"potentialAction\":[{\"@type\":\"ReadAction\",\"target\":[\"https:\\\/\\\/starforlife.org\\\/postkodlotteriet\\\/\"]}]},{\"@type\":\"WebSite\",\"@id\":\"https:\\\/\\\/starforlife.org\\\/#website\",\"url\":\"https:\\\/\\\/starforlife.org\\\/\",\"name\":\"Star for Life\",\"description\":\"Empowering young people\",\"publisher\":{\"@id\":\"https:\\\/\\\/starforlife.org\\\/#organization\"},\"alternateName\":\"SFL\",\"potentialAction\":[{\"@type\":\"SearchAction\",\"target\":{\"@type\":\"EntryPoint\",\"urlTemplate\":\"https:\\\/\\\/starforlife.org\\\/?s={search_term_string}\"},\"query-input\":{\"@type\":\"PropertyValueSpecification\",\"valueRequired\":true,\"valueName\":\"search_term_string\"}}],\"inLanguage\":\"sv-SE\"},{\"@type\":\"Organization\",\"@id\":\"https:\\\/\\\/starforlife.org\\\/#organization\",\"name\":\"Star for life\",\"url\":\"https:\\\/\\\/starforlife.org\\\/\",\"logo\":{\"@type\":\"ImageObject\",\"inLanguage\":\"sv-SE\",\"@id\":\"https:\\\/\\\/starforlife.org\\\/#\\\/schema\\\/logo\\\/image\\\/\",\"url\":\"https:\\\/\\\/starforlife.org\\\/wp-content\\\/uploads\\\/2024\\\/02\\\/logga.svg\",\"contentUrl\":\"https:\\\/\\\/starforlife.org\\\/wp-content\\\/uploads\\\/2024\\\/02\\\/logga.svg\",\"width\":\"1024\",\"height\":\"1024\",\"caption\":\"Star for life\"},\"image\":{\"@id\":\"https:\\\/\\\/starforlife.org\\\/#\\\/schema\\\/logo\\\/image\\\/\"},\"sameAs\":[\"https:\\\/\\\/www.facebook.com\\\/starforlifeofficial\",\"https:\\\/\\\/www.linkedin.com\\\/company\\\/7063029\\\/\"]}]}<\/script>\n<!-- \/ Yoast SEO plugin. -->","yoast_head_json":{"title":"Postkodlotteriet | Star for Life","robots":{"index":"index","follow":"follow","max-snippet":"max-snippet:-1","max-image-preview":"max-image-preview:large","max-video-preview":"max-video-preview:-1"},"canonical":"https:\/\/starforlife.org\/postkodlotteriet\/","og_locale":"sv_SE","og_type":"article","og_title":"Postkodlotteriet | Star for Life","og_description":"Vi st\u00e4rker unga att v\u00e5ga tro p\u00e5 deras dr\u00f6mmarVarmt tack tillPostkodlotteriet Svenska Postkodlotteriets grund \u00e4r att v\u00e4rlden blir b\u00e4ttre med starka ideella organisationer. Sedan starten 2005 har man d\u00e4rf\u00f6r delat ut mer \u00e4n 15,5 miljarder kronor till organisationer som p\u00e5 olika s\u00e4tt k\u00e4mpar f\u00f6r m\u00e4nniskor, djur eller natur. Sedan 2012 f\u00e5r den svenska insamlingsstiftelsen Star [&hellip;]","og_site_name":"Star for Life","article_publisher":"https:\/\/www.facebook.com\/starforlifeofficial","article_modified_time":"2026-02-04T14:28:24+00:00","og_image":[{"width":1920,"height":1440,"url":"https:\/\/starforlife.org\/wp-content\/uploads\/2023\/08\/kufezekile.webp","type":"image\/webp"}],"twitter_card":"summary_large_image","schema":{"@context":"https:\/\/schema.org","@graph":[{"@type":"WebPage","@id":"https:\/\/starforlife.org\/postkodlotteriet\/","url":"https:\/\/starforlife.org\/postkodlotteriet\/","name":"Postkodlotteriet | Star for Life","isPartOf":{"@id":"https:\/\/starforlife.org\/#website"},"datePublished":"2023-08-29T15:14:39+00:00","dateModified":"2026-02-04T14:28:24+00:00","inLanguage":"sv-SE","potentialAction":[{"@type":"ReadAction","target":["https:\/\/starforlife.org\/postkodlotteriet\/"]}]},{"@type":"WebSite","@id":"https:\/\/starforlife.org\/#website","url":"https:\/\/starforlife.org\/","name":"Star for Life","description":"Empowering young people","publisher":{"@id":"https:\/\/starforlife.org\/#organization"},"alternateName":"SFL","potentialAction":[{"@type":"SearchAction","target":{"@type":"EntryPoint","urlTemplate":"https:\/\/starforlife.org\/?s={search_term_string}"},"query-input":{"@type":"PropertyValueSpecification","valueRequired":true,"valueName":"search_term_string"}}],"inLanguage":"sv-SE"},{"@type":"Organization","@id":"https:\/\/starforlife.org\/#organization","name":"Star for life","url":"https:\/\/starforlife.org\/","logo":{"@type":"ImageObject","inLanguage":"sv-SE","@id":"https:\/\/starforlife.org\/#\/schema\/logo\/image\/","url":"https:\/\/starforlife.org\/wp-content\/uploads\/2024\/02\/logga.svg","contentUrl":"https:\/\/starforlife.org\/wp-content\/uploads\/2024\/02\/logga.svg","width":"1024","height":"1024","caption":"Star for life"},"image":{"@id":"https:\/\/starforlife.org\/#\/schema\/logo\/image\/"},"sameAs":["https:\/\/www.facebook.com\/starforlifeofficial","https:\/\/www.linkedin.com\/company\/7063029\/"]}]}},"_links":{"self":[{"href":"https:\/\/starforlife.org\/sv\/wp-json\/wp\/v2\/pages\/32385","targetHints":{"allow":["GET"]}}],"collection":[{"href":"https:\/\/starforlife.org\/sv\/wp-json\/wp\/v2\/pages"}],"about":[{"href":"https:\/\/starforlife.org\/sv\/wp-json\/wp\/v2\/types\/page"}],"author":[{"embeddable":true,"href":"https:\/\/starforlife.org\/sv\/wp-json\/wp\/v2\/users\/1"}],"replies":[{"embeddable":true,"href":"https:\/\/starforlife.org\/sv\/wp-json\/wp\/v2\/comments?post=32385"}],"version-history":[{"count":24,"href":"https:\/\/starforlife.org\/sv\/wp-json\/wp\/v2\/pages\/32385\/revisions"}],"predecessor-version":[{"id":44691,"href":"https:\/\/starforlife.org\/sv\/wp-json\/wp\/v2\/pages\/32385\/revisions\/44691"}],"wp:attachment":[{"href":"https:\/\/starforlife.org\/sv\/wp-json\/wp\/v2\/media?parent=32385"}],"curies":[{"name":"wp","href":"https:\/\/api.w.org\/{rel}","templated":true}]}}