{"id":31856,"date":"2023-08-24T11:20:06","date_gmt":"2023-08-24T10:20:06","guid":{"rendered":"https:\/\/starforlife.org\/?page_id=31856"},"modified":"2025-04-03T13:22:38","modified_gmt":"2025-04-03T12:22:38","slug":"var-historia","status":"publish","type":"page","link":"https:\/\/starforlife.org\/sv\/var-historia\/","title":{"rendered":"V\u00e5r Historia"},"content":{"rendered":"<p>[et_pb_section fb_built=&#8221;1&#8243; custom_padding_last_edited=&#8221;on|phone&#8221; _builder_version=&#8221;4.23.4&#8243; _module_preset=&#8221;default&#8221; background_color=&#8221;rgba(0,0,0,0.19)&#8221; background_image=&#8221;https:\/\/starforlife.org\/wp-content\/uploads\/2023\/08\/nkanyiso-1.webp&#8221; background_position=&#8221;top_center&#8221; background_vertical_offset=&#8221;31%&#8221; background_blend=&#8221;multiply&#8221; custom_padding=&#8221;11%||13%||false|false&#8221; custom_padding_tablet=&#8221;7%||9%||false|false&#8221; custom_padding_phone=&#8221;15%||15%||false|false&#8221; background_color_phone=&#8221;rgba(0,0,0,0.39)&#8221; background_last_edited=&#8221;on|phone&#8221; background_enable_color_phone=&#8221;on&#8221; global_colors_info=&#8221;{}&#8221;][et_pb_row _builder_version=&#8221;4.22.0&#8243; _module_preset=&#8221;default&#8221; global_colors_info=&#8221;{}&#8221;][et_pb_column type=&#8221;4_4&#8243; _builder_version=&#8221;4.22.0&#8243; _module_preset=&#8221;default&#8221; global_colors_info=&#8221;{}&#8221;][et_pb_text _builder_version=&#8221;4.23.4&#8243; _module_preset=&#8221;default&#8221; header_text_align=&#8221;center&#8221; header_text_color=&#8221;#FFFFFF&#8221; header_2_text_align=&#8221;center&#8221; width=&#8221;51%&#8221; width_tablet=&#8221;73%&#8221; width_phone=&#8221;100%&#8221; width_last_edited=&#8221;on|phone&#8221; module_alignment=&#8221;center&#8221; header_font_size_tablet=&#8221;30px&#8221; header_font_size_phone=&#8221;25px&#8221; header_font_size_last_edited=&#8221;on|phone&#8221; header_2_font_size_tablet=&#8221;&#8221; header_2_font_size_phone=&#8221;25px&#8221; header_2_font_size_last_edited=&#8221;on|phone&#8221; header_text_shadow_style=&#8221;preset3&#8243; global_colors_info=&#8221;{}&#8221;]<\/p>\n<h1>Vi st\u00e4rker unga att v\u00e5ga tro p\u00e5 sina dr\u00f6mmar<\/h1>\n<p>[\/et_pb_text][et_pb_button button_url=&#8221;https:\/\/starforlife.org\/sv\/ge-gava\/&#8221; button_text=&#8221;Ge en g\u00e5va&#8221; button_alignment=&#8221;center&#8221; _builder_version=&#8221;4.24.0&#8243; _module_preset=&#8221;default&#8221; custom_button=&#8221;on&#8221; button_text_color=&#8221;#FFFFFF&#8221; button_bg_color=&#8221;#47AC3D&#8221; button_font=&#8221;||||||||&#8221; button_icon=&#8221;&#xf061;||fa||900&#8243; button_icon_color=&#8221;#FFFFFF&#8221; button_on_hover=&#8221;off&#8221; global_colors_info=&#8221;{}&#8221; button_bg_color__hover=&#8221;#344028&#8243; button_bg_color__hover_enabled=&#8221;on|hover&#8221;][\/et_pb_button][\/et_pb_column][\/et_pb_row][\/et_pb_section][et_pb_section fb_built=&#8221;1&#8243; _builder_version=&#8221;4.23.4&#8243; _module_preset=&#8221;default&#8221; background_color=&#8221;#ebedea&#8221; custom_padding=&#8221;||70px|||&#8221; global_colors_info=&#8221;{}&#8221;][et_pb_row column_structure=&#8221;1_2,1_2&#8243; custom_padding_last_edited=&#8221;on|tablet&#8221; _builder_version=&#8221;4.23.4&#8243; _module_preset=&#8221;default&#8221; width=&#8221;85%&#8221; max_width=&#8221;1280px&#8221; custom_padding_tablet=&#8221;0px||||false|false&#8221; custom_padding_phone=&#8221;0px||||false|false&#8221; global_colors_info=&#8221;{}&#8221;][et_pb_column type=&#8221;1_2&#8243; _builder_version=&#8221;4.23.4&#8243; _module_preset=&#8221;default&#8221; global_colors_info=&#8221;{}&#8221;][et_pb_text _builder_version=&#8221;4.27.4&#8243; _module_preset=&#8221;default&#8221; text_text_color=&#8221;#344028&#8243; text_line_height=&#8221;1.6em&#8221; header_2_text_color=&#8221;#344028&#8243; header_2_font_size=&#8221;28px&#8221; header_2_line_height=&#8221;1.3em&#8221; header_3_text_color=&#8221;#344028&#8243; header_3_font_size=&#8221;19px&#8221; header_3_line_height=&#8221;1.3em&#8221; width=&#8221;90%&#8221; width_tablet=&#8221;100%&#8221; width_phone=&#8221;100%&#8221; width_last_edited=&#8221;on|phone&#8221; custom_margin_tablet=&#8221;0px||30px||false|false&#8221; custom_margin_phone=&#8221;0px||||false|false&#8221; custom_margin_last_edited=&#8221;on|tablet&#8221; hover_enabled=&#8221;0&#8243; text_font_size_tablet=&#8221;&#8221; text_font_size_phone=&#8221;16px&#8221; text_font_size_last_edited=&#8221;on|phone&#8221; header_2_font_size_tablet=&#8221;28px&#8221; header_2_font_size_phone=&#8221;28px&#8221; header_2_font_size_last_edited=&#8221;on|phone&#8221; text_orientation_tablet=&#8221;&#8221; text_orientation_phone=&#8221;left&#8221; text_orientation_last_edited=&#8221;on|phone&#8221; global_colors_info=&#8221;{}&#8221; sticky_enabled=&#8221;0&#8243;]<\/p>\n<h2>V\u00e5r historia<\/h2>\n<p>N\u00e4r entrepren\u00f6ren Dan Olofsson och hans hustru Christin etablerade ny verksamhet i Sydafrika m\u00e4rkte de snart hur h\u00e5rt drabbade barn och unga var av hiv och aids i landet. D\u00e4rf\u00f6r startade paret 2005 ett program p\u00e5 Siphosabadletshe High School i provinsen KwaZulu-Natal med syftet att ge barn och unga st\u00f6d f\u00f6r att sj\u00e4lva kunna ta ansvar f\u00f6r sina studier, h\u00e4lsa och sexualitet. Eftersom programmet uppskattades av b\u00e5de l\u00e4rare, barn och f\u00f6r\u00e4ldrar spred det sig snabbt och har utvecklats med \u00e5ren. Idag \u00e4r HIV fortsatt en utmaning i s\u00f6dra Afrika men med bromsmediciner har liv skingrat mycket m\u00f6rker. Idag har Star for Life en bredare verksamhet fokuserad p\u00e5 ungdomars h\u00e4lsa, motivation och ansvarstagande.<\/p>\n<p style=\"font-weight: 400;\">Sedan starten har \u00f6ver 500 000 elever g\u00e5tt igenom Star for Life\u2019s fler\u00e5riga program. Utv\u00e4rderingar visar att vi g\u00f6r st\u00f6rst skillnad f\u00f6r flickor i de fattigaste omr\u00e5dena. Tillsammans bygger vi en b\u00e4ttre morgondag.<\/p>\n<p>[\/et_pb_text][\/et_pb_column][et_pb_column type=&#8221;1_2&#8243; _builder_version=&#8221;4.23.4&#8243; _module_preset=&#8221;default&#8221; global_colors_info=&#8221;{}&#8221;][et_pb_image src=&#8221;https:\/\/starforlife.org\/wp-content\/uploads\/2021\/02\/12791160814_d7dce96ccc_o-scaled.jpeg&#8221; title_text=&#8221;12791160814_d7dce96ccc_o&#8221; _builder_version=&#8221;4.23.4&#8243; _module_preset=&#8221;default&#8221; border_radii=&#8221;on|100px|100px|100px|100px&#8221; border_radii_tablet=&#8221;on|50px|50px|50px|50px&#8221; border_radii_phone=&#8221;on|50px|50px|50px|50px&#8221; border_radii_last_edited=&#8221;on|desktop&#8221; global_colors_info=&#8221;{}&#8221;][\/et_pb_image][\/et_pb_column][\/et_pb_row][et_pb_row column_structure=&#8221;1_2,1_2&#8243; custom_padding_last_edited=&#8221;on|tablet&#8221; _builder_version=&#8221;4.27.4&#8243; _module_preset=&#8221;default&#8221; width=&#8221;85%&#8221; max_width=&#8221;1280px&#8221; custom_padding_tablet=&#8221;0px||||false|false&#8221; custom_padding_phone=&#8221;0px||||false|false&#8221; global_colors_info=&#8221;{}&#8221; disabled_on=&#8221;on|on|on&#8221; disabled=&#8221;on&#8221;][et_pb_column type=&#8221;1_2&#8243; _builder_version=&#8221;4.23.4&#8243; _module_preset=&#8221;default&#8221; global_colors_info=&#8221;{}&#8221;][et_pb_text _builder_version=&#8221;4.27.4&#8243; _module_preset=&#8221;default&#8221; text_text_color=&#8221;#344028&#8243; text_line_height=&#8221;1.6em&#8221; header_2_text_color=&#8221;#344028&#8243; header_2_font_size=&#8221;28px&#8221; header_2_line_height=&#8221;1.3em&#8221; header_3_text_color=&#8221;#344028&#8243; header_3_font_size=&#8221;19px&#8221; header_3_line_height=&#8221;1.3em&#8221; width=&#8221;90%&#8221; width_tablet=&#8221;100%&#8221; width_phone=&#8221;100%&#8221; width_last_edited=&#8221;on|phone&#8221; custom_margin_tablet=&#8221;0px||30px||false|false&#8221; custom_margin_phone=&#8221;0px||||false|false&#8221; custom_margin_last_edited=&#8221;on|tablet&#8221; hover_enabled=&#8221;0&#8243; text_font_size_tablet=&#8221;&#8221; text_font_size_phone=&#8221;16px&#8221; text_font_size_last_edited=&#8221;on|phone&#8221; header_2_font_size_tablet=&#8221;28px&#8221; header_2_font_size_phone=&#8221;28px&#8221; header_2_font_size_last_edited=&#8221;on|phone&#8221; text_orientation_tablet=&#8221;&#8221; text_orientation_phone=&#8221;left&#8221; text_orientation_last_edited=&#8221;on|phone&#8221; global_colors_info=&#8221;{}&#8221; sticky_enabled=&#8221;0&#8243;]<\/p>\n<h2>V\u00e5r historia<\/h2>\n<p>N\u00e4r entrepren\u00f6ren Dan Olofsson och hans hustru Christin etablerade ny verksamhet i Sydafrika m\u00e4rkte de snart hur h\u00e5rt drabbade barn och unga var av hiv och aids i landet. D\u00e4rf\u00f6r startade paret 2005 ett program p\u00e5 Siphosabadletshe High School i provinsen KwaZulu-Natal med syftet att ge barn och unga st\u00f6d f\u00f6r att sj\u00e4lva kunna ta ansvar f\u00f6r sina studier, h\u00e4lsa och sexualitet. Eftersom programmet uppskattades av b\u00e5de l\u00e4rare, barn och f\u00f6r\u00e4ldrar spred det sig snabbt och har utvecklats med \u00e5ren. Idag \u00e4r HIV fortsatt en utmaning i s\u00f6dra Afrika men med bromsmediciner har liv skingrat mycket m\u00f6rker. Idag har Star for Life en bredare verksamhet fokuserad p\u00e5 ungdomars h\u00e4lsa, motivation och ansvarstagande.<\/p>\n<p style=\"font-weight: 400;\">Sedan starten har \u00f6ver 500 000 elever g\u00e5tt igenom Star for Life\u2019s fler\u00e5riga program och vi finns idag p\u00e5 169 skolor i Sydafrika, Namibia, Tanzania, Sverige, Ukraina och Jerusalem. Utv\u00e4rderingar visar att vi g\u00f6r st\u00f6rst skillnad f\u00f6r flickor i de fattigaste omr\u00e5dena. Tillsammans bygger vi en b\u00e4ttre morgondag.<\/p>\n<p>[\/et_pb_text][\/et_pb_column][et_pb_column type=&#8221;1_2&#8243; _builder_version=&#8221;4.23.4&#8243; _module_preset=&#8221;default&#8221; global_colors_info=&#8221;{}&#8221;][et_pb_image src=&#8221;https:\/\/starforlife.org\/wp-content\/uploads\/2021\/02\/12791160814_d7dce96ccc_o-scaled.jpeg&#8221; title_text=&#8221;12791160814_d7dce96ccc_o&#8221; _builder_version=&#8221;4.23.4&#8243; _module_preset=&#8221;default&#8221; border_radii=&#8221;on|100px|100px|100px|100px&#8221; border_radii_tablet=&#8221;on|50px|50px|50px|50px&#8221; border_radii_phone=&#8221;on|50px|50px|50px|50px&#8221; border_radii_last_edited=&#8221;on|desktop&#8221; global_colors_info=&#8221;{}&#8221;][\/et_pb_image][\/et_pb_column][\/et_pb_row][\/et_pb_section]<\/p>\n","protected":false},"excerpt":{"rendered":"<p>Vi st\u00e4rker unga att v\u00e5ga tro p\u00e5 sina dr\u00f6mmarV\u00e5r historia N\u00e4r entrepren\u00f6ren Dan Olofsson och hans hustru Christin etablerade ny verksamhet i Sydafrika m\u00e4rkte de snart hur h\u00e5rt drabbade barn och unga var av hiv och aids i landet. D\u00e4rf\u00f6r startade paret 2005 ett program p\u00e5 Siphosabadletshe High School i provinsen KwaZulu-Natal med syftet att [&hellip;]<\/p>\n","protected":false},"author":1,"featured_media":0,"parent":0,"menu_order":0,"comment_status":"closed","ping_status":"closed","template":"","meta":{"_acf_changed":false,"_et_pb_use_builder":"on","_et_pb_old_content":"","_et_gb_content_width":"","inline_featured_image":false,"footnotes":""},"class_list":["post-31856","page","type-page","status-publish","hentry"],"acf":[],"yoast_head":"<!-- This site is optimized with the Yoast SEO plugin v27.4 - https:\/\/yoast.com\/product\/yoast-seo-wordpress\/ -->\n<title>V\u00e5r Historia | Star for Life<\/title>\n<meta name=\"robots\" content=\"index, follow, max-snippet:-1, max-image-preview:large, max-video-preview:-1\" \/>\n<link rel=\"canonical\" href=\"https:\/\/starforlife.org\/our-history\/\" \/>\n<meta property=\"og:locale\" content=\"sv_SE\" \/>\n<meta property=\"og:type\" content=\"article\" \/>\n<meta property=\"og:title\" content=\"V\u00e5r Historia | Star for Life\" \/>\n<meta property=\"og:description\" content=\"Vi st\u00e4rker unga att v\u00e5ga tro p\u00e5 sina dr\u00f6mmarV\u00e5r historia N\u00e4r entrepren\u00f6ren Dan Olofsson och hans hustru Christin etablerade ny verksamhet i Sydafrika m\u00e4rkte de snart hur h\u00e5rt drabbade barn och unga var av hiv och aids i landet. D\u00e4rf\u00f6r startade paret 2005 ett program p\u00e5 Siphosabadletshe High School i provinsen KwaZulu-Natal med syftet att [&hellip;]\" \/>\n<meta property=\"og:site_name\" content=\"Star for Life\" \/>\n<meta property=\"article:publisher\" content=\"https:\/\/www.facebook.com\/starforlifeofficial\" \/>\n<meta property=\"article:modified_time\" content=\"2025-04-03T12:22:38+00:00\" \/>\n<meta property=\"og:image\" content=\"https:\/\/starforlife.org\/wp-content\/uploads\/2023\/08\/kufezekile.webp\" \/>\n\t<meta property=\"og:image:width\" content=\"1920\" \/>\n\t<meta property=\"og:image:height\" content=\"1440\" \/>\n\t<meta property=\"og:image:type\" content=\"image\/webp\" \/>\n<meta name=\"twitter:card\" content=\"summary_large_image\" \/>\n<script type=\"application\/ld+json\" class=\"yoast-schema-graph\">{\"@context\":\"https:\\\/\\\/schema.org\",\"@graph\":[{\"@type\":\"WebPage\",\"@id\":\"https:\\\/\\\/starforlife.org\\\/our-history\\\/\",\"url\":\"https:\\\/\\\/starforlife.org\\\/our-history\\\/\",\"name\":\"V\u00e5r Historia | Star for Life\",\"isPartOf\":{\"@id\":\"https:\\\/\\\/starforlife.org\\\/#website\"},\"datePublished\":\"2023-08-24T10:20:06+00:00\",\"dateModified\":\"2025-04-03T12:22:38+00:00\",\"inLanguage\":\"sv-SE\",\"potentialAction\":[{\"@type\":\"ReadAction\",\"target\":[\"https:\\\/\\\/starforlife.org\\\/our-history\\\/\"]}]},{\"@type\":\"WebSite\",\"@id\":\"https:\\\/\\\/starforlife.org\\\/#website\",\"url\":\"https:\\\/\\\/starforlife.org\\\/\",\"name\":\"Star for Life\",\"description\":\"Empowering young people\",\"publisher\":{\"@id\":\"https:\\\/\\\/starforlife.org\\\/#organization\"},\"alternateName\":\"SFL\",\"potentialAction\":[{\"@type\":\"SearchAction\",\"target\":{\"@type\":\"EntryPoint\",\"urlTemplate\":\"https:\\\/\\\/starforlife.org\\\/?s={search_term_string}\"},\"query-input\":{\"@type\":\"PropertyValueSpecification\",\"valueRequired\":true,\"valueName\":\"search_term_string\"}}],\"inLanguage\":\"sv-SE\"},{\"@type\":\"Organization\",\"@id\":\"https:\\\/\\\/starforlife.org\\\/#organization\",\"name\":\"Star for life\",\"url\":\"https:\\\/\\\/starforlife.org\\\/\",\"logo\":{\"@type\":\"ImageObject\",\"inLanguage\":\"sv-SE\",\"@id\":\"https:\\\/\\\/starforlife.org\\\/#\\\/schema\\\/logo\\\/image\\\/\",\"url\":\"https:\\\/\\\/starforlife.org\\\/wp-content\\\/uploads\\\/2024\\\/02\\\/logga.svg\",\"contentUrl\":\"https:\\\/\\\/starforlife.org\\\/wp-content\\\/uploads\\\/2024\\\/02\\\/logga.svg\",\"width\":\"1024\",\"height\":\"1024\",\"caption\":\"Star for life\"},\"image\":{\"@id\":\"https:\\\/\\\/starforlife.org\\\/#\\\/schema\\\/logo\\\/image\\\/\"},\"sameAs\":[\"https:\\\/\\\/www.facebook.com\\\/starforlifeofficial\",\"https:\\\/\\\/www.linkedin.com\\\/company\\\/7063029\\\/\"]}]}<\/script>\n<!-- \/ Yoast SEO plugin. -->","yoast_head_json":{"title":"V\u00e5r Historia | Star for Life","robots":{"index":"index","follow":"follow","max-snippet":"max-snippet:-1","max-image-preview":"max-image-preview:large","max-video-preview":"max-video-preview:-1"},"canonical":"https:\/\/starforlife.org\/our-history\/","og_locale":"sv_SE","og_type":"article","og_title":"V\u00e5r Historia | Star for Life","og_description":"Vi st\u00e4rker unga att v\u00e5ga tro p\u00e5 sina dr\u00f6mmarV\u00e5r historia N\u00e4r entrepren\u00f6ren Dan Olofsson och hans hustru Christin etablerade ny verksamhet i Sydafrika m\u00e4rkte de snart hur h\u00e5rt drabbade barn och unga var av hiv och aids i landet. D\u00e4rf\u00f6r startade paret 2005 ett program p\u00e5 Siphosabadletshe High School i provinsen KwaZulu-Natal med syftet att [&hellip;]","og_site_name":"Star for Life","article_publisher":"https:\/\/www.facebook.com\/starforlifeofficial","article_modified_time":"2025-04-03T12:22:38+00:00","og_image":[{"width":1920,"height":1440,"url":"https:\/\/starforlife.org\/wp-content\/uploads\/2023\/08\/kufezekile.webp","type":"image\/webp"}],"twitter_card":"summary_large_image","schema":{"@context":"https:\/\/schema.org","@graph":[{"@type":"WebPage","@id":"https:\/\/starforlife.org\/our-history\/","url":"https:\/\/starforlife.org\/our-history\/","name":"V\u00e5r Historia | Star for Life","isPartOf":{"@id":"https:\/\/starforlife.org\/#website"},"datePublished":"2023-08-24T10:20:06+00:00","dateModified":"2025-04-03T12:22:38+00:00","inLanguage":"sv-SE","potentialAction":[{"@type":"ReadAction","target":["https:\/\/starforlife.org\/our-history\/"]}]},{"@type":"WebSite","@id":"https:\/\/starforlife.org\/#website","url":"https:\/\/starforlife.org\/","name":"Star for Life","description":"Empowering young people","publisher":{"@id":"https:\/\/starforlife.org\/#organization"},"alternateName":"SFL","potentialAction":[{"@type":"SearchAction","target":{"@type":"EntryPoint","urlTemplate":"https:\/\/starforlife.org\/?s={search_term_string}"},"query-input":{"@type":"PropertyValueSpecification","valueRequired":true,"valueName":"search_term_string"}}],"inLanguage":"sv-SE"},{"@type":"Organization","@id":"https:\/\/starforlife.org\/#organization","name":"Star for life","url":"https:\/\/starforlife.org\/","logo":{"@type":"ImageObject","inLanguage":"sv-SE","@id":"https:\/\/starforlife.org\/#\/schema\/logo\/image\/","url":"https:\/\/starforlife.org\/wp-content\/uploads\/2024\/02\/logga.svg","contentUrl":"https:\/\/starforlife.org\/wp-content\/uploads\/2024\/02\/logga.svg","width":"1024","height":"1024","caption":"Star for life"},"image":{"@id":"https:\/\/starforlife.org\/#\/schema\/logo\/image\/"},"sameAs":["https:\/\/www.facebook.com\/starforlifeofficial","https:\/\/www.linkedin.com\/company\/7063029\/"]}]}},"_links":{"self":[{"href":"https:\/\/starforlife.org\/sv\/wp-json\/wp\/v2\/pages\/31856","targetHints":{"allow":["GET"]}}],"collection":[{"href":"https:\/\/starforlife.org\/sv\/wp-json\/wp\/v2\/pages"}],"about":[{"href":"https:\/\/starforlife.org\/sv\/wp-json\/wp\/v2\/types\/page"}],"author":[{"embeddable":true,"href":"https:\/\/starforlife.org\/sv\/wp-json\/wp\/v2\/users\/1"}],"replies":[{"embeddable":true,"href":"https:\/\/starforlife.org\/sv\/wp-json\/wp\/v2\/comments?post=31856"}],"version-history":[{"count":37,"href":"https:\/\/starforlife.org\/sv\/wp-json\/wp\/v2\/pages\/31856\/revisions"}],"predecessor-version":[{"id":40301,"href":"https:\/\/starforlife.org\/sv\/wp-json\/wp\/v2\/pages\/31856\/revisions\/40301"}],"wp:attachment":[{"href":"https:\/\/starforlife.org\/sv\/wp-json\/wp\/v2\/media?parent=31856"}],"curies":[{"name":"wp","href":"https:\/\/api.w.org\/{rel}","templated":true}]}}