{"id":31623,"date":"2023-08-22T17:09:19","date_gmt":"2023-08-22T16:09:19","guid":{"rendered":"https:\/\/starforlife.org\/?page_id=31623"},"modified":"2025-05-26T11:08:54","modified_gmt":"2025-05-26T10:08:54","slug":"girls-club-daughters-of-africa","status":"publish","type":"page","link":"https:\/\/starforlife.org\/sv\/girls-club-daughters-of-africa\/","title":{"rendered":"Daughters of Africa"},"content":{"rendered":"<p>[et_pb_section fb_built=&#8221;1&#8243; custom_padding_last_edited=&#8221;on|desktop&#8221; _builder_version=&#8221;4.23.4&#8243; _module_preset=&#8221;default&#8221; background_color=&#8221;rgba(0,0,0,0)&#8221; background_image=&#8221;https:\/\/starforlife.org\/wp-content\/uploads\/2023\/09\/DSC05908-kopiera-kopia.webp&#8221; background_blend=&#8221;multiply&#8221; custom_padding=&#8221;11%||13%||false|false&#8221; custom_padding_tablet=&#8221;11%||13%||false|false&#8221; custom_padding_phone=&#8221;15%||15%||false|false&#8221; background_color_phone=&#8221;rgba(0,0,0,0.24)&#8221; background_last_edited=&#8221;on|phone&#8221; background_enable_color_phone=&#8221;on&#8221; global_colors_info=&#8221;{}&#8221;][et_pb_row _builder_version=&#8221;4.22.0&#8243; _module_preset=&#8221;default&#8221; global_colors_info=&#8221;{}&#8221;][et_pb_column type=&#8221;4_4&#8243; _builder_version=&#8221;4.22.0&#8243; _module_preset=&#8221;default&#8221; global_colors_info=&#8221;{}&#8221;][et_pb_text _builder_version=&#8221;4.23.4&#8243; _module_preset=&#8221;default&#8221; header_text_align=&#8221;center&#8221; header_text_color=&#8221;#FFFFFF&#8221; header_2_text_align=&#8221;center&#8221; width=&#8221;51%&#8221; width_tablet=&#8221;100%&#8221; width_phone=&#8221;100%&#8221; width_last_edited=&#8221;on|phone&#8221; module_alignment=&#8221;center&#8221; header_font_size_tablet=&#8221;30px&#8221; header_font_size_phone=&#8221;25px&#8221; header_font_size_last_edited=&#8221;on|phone&#8221; header_line_height_tablet=&#8221;1.3em&#8221; header_line_height_phone=&#8221;1.3em&#8221; header_line_height_last_edited=&#8221;on|tablet&#8221; header_text_shadow_style=&#8221;preset3&#8243; global_colors_info=&#8221;{}&#8221;]<\/p>\n<h1>Starka tjejer och oberoende kvinnor<\/h1>\n<p>[\/et_pb_text][et_pb_button button_url=&#8221;https:\/\/starforlife.org\/sv\/partnerskap\/&#8221; button_text=&#8221;Sponsra en Girls Club&#8221; button_alignment=&#8221;center&#8221; _builder_version=&#8221;4.24.0&#8243; _module_preset=&#8221;default&#8221; custom_button=&#8221;on&#8221; button_text_color=&#8221;#FFFFFF&#8221; button_bg_color=&#8221;#47AC3D&#8221; button_font=&#8221;||||||||&#8221; button_icon=&#8221;&#xf061;||fa||900&#8243; button_icon_color=&#8221;#FFFFFF&#8221; button_on_hover=&#8221;off&#8221; global_colors_info=&#8221;{}&#8221; button_bg_color__hover=&#8221;#344028&#8243; button_bg_color__hover_enabled=&#8221;on|hover&#8221;][\/et_pb_button][\/et_pb_column][\/et_pb_row][\/et_pb_section][et_pb_section fb_built=&#8221;1&#8243; _builder_version=&#8221;4.22.0&#8243; _module_preset=&#8221;default&#8221; background_color=&#8221;rgba(0,0,0,0.83)&#8221; global_colors_info=&#8221;{}&#8221;][et_pb_row column_structure=&#8221;1_2,1_2&#8243; use_custom_gutter=&#8221;on&#8221; make_equal=&#8221;on&#8221; custom_padding_last_edited=&#8221;on|phone&#8221; _builder_version=&#8221;4.23.4&#8243; _module_preset=&#8221;default&#8221; width=&#8221;90%&#8221; width_tablet=&#8221;90%&#8221; width_phone=&#8221;85%&#8221; width_last_edited=&#8221;on|phone&#8221; max_width=&#8221;1280px&#8221; custom_margin=&#8221;||||false|false&#8221; custom_padding=&#8221;||40px||false|false&#8221; custom_padding_tablet=&#8221;0px||40px||false|false&#8221; custom_padding_phone=&#8221;0px||||false|false&#8221; global_colors_info=&#8221;{}&#8221;][et_pb_column type=&#8221;1_2&#8243; _builder_version=&#8221;4.23.4&#8243; _module_preset=&#8221;default&#8221; custom_padding=&#8221;3%||3%||false|false&#8221; custom_padding_tablet=&#8221;0%||3%||false|false&#8221; custom_padding_phone=&#8221;3%||3%||false|false&#8221; custom_padding_last_edited=&#8221;on|desktop&#8221; global_colors_info=&#8221;{}&#8221;][et_pb_text _builder_version=&#8221;4.23.4&#8243; _module_preset=&#8221;default&#8221; text_text_color=&#8221;#FFFFFF&#8221; text_line_height=&#8221;1.6em&#8221; header_2_text_color=&#8221;#FFFFFF&#8221; header_2_font_size=&#8221;28px&#8221; width=&#8221;86%&#8221; width_tablet=&#8221;100%&#8221; width_phone=&#8221;100%&#8221; width_last_edited=&#8221;on|phone&#8221; custom_margin=&#8221;||||false|false&#8221; custom_margin_tablet=&#8221;0px||||false|false&#8221; custom_margin_phone=&#8221;0px||||false|false&#8221; custom_margin_last_edited=&#8221;on|tablet&#8221; custom_padding_tablet=&#8221;0px||||false|false&#8221; custom_padding_phone=&#8221;0px||||false|false&#8221; custom_padding_last_edited=&#8221;on|tablet&#8221; text_font_size_tablet=&#8221;&#8221; text_font_size_phone=&#8221;16px&#8221; text_font_size_last_edited=&#8221;on|phone&#8221; header_2_font_size_phone=&#8221;28px&#8221; header_2_font_size_last_edited=&#8221;off|phone&#8221; header_2_line_height_tablet=&#8221;&#8221; header_2_line_height_phone=&#8221;1.3em&#8221; header_2_line_height_last_edited=&#8221;on|phone&#8221; global_colors_info=&#8221;{}&#8221;]<\/p>\n<h2>Daughters of Africa<\/h2>\n<p>I s\u00f6dra Afrika f\u00f6ds alltf\u00f6r m\u00e5nga flickor in i en tillvaro av diskriminering, f\u00f6rdomar, kunskapsbrist och fattigdom. Genom Star for Lifes s\u00e4rskilda satsning Daughters of Africa Girls Glub fokuserar vi d\u00e4rf\u00f6r p\u00e5 just flickors livssituation. I trygga rum och genom speciella workshops f\u00e5r flickorna, tillsammans med v\u00e5ra coacher, s\u00e4tta sig in i fr\u00e5gor kring h\u00e4lsa, sexualitet, samtycke, k\u00f6nsbaserat v\u00e5ld, j\u00e4mlikhet och entrepren\u00f6rskap. M\u00e5let \u00e4r en ny generation starka och oberoende kvinnor.<\/p>\n<p>[\/et_pb_text][et_pb_button button_url=&#8221;https:\/\/starforlife.org\/sv\/partnerskap\/&#8221; button_text=&#8221;Sponsra en Girls Club&#8221; button_alignment=&#8221;left&#8221; _builder_version=&#8221;4.24.0&#8243; _module_preset=&#8221;default&#8221; custom_button=&#8221;on&#8221; button_text_color=&#8221;#FFFFFF&#8221; button_bg_color=&#8221;#47AC3D&#8221; button_font=&#8221;||||||||&#8221; button_icon=&#8221;&#xf061;||fa||900&#8243; button_icon_color=&#8221;#FFFFFF&#8221; button_on_hover=&#8221;off&#8221; global_colors_info=&#8221;{}&#8221; button_bg_color__hover=&#8221;#344028&#8243; button_bg_color__hover_enabled=&#8221;on|hover&#8221;][\/et_pb_button][\/et_pb_column][et_pb_column type=&#8221;1_2&#8243; _builder_version=&#8221;4.23.4&#8243; _module_preset=&#8221;default&#8221; background_image=&#8221;https:\/\/starforlife.org\/wp-content\/uploads\/2023\/08\/esiqiwni-girls.webp&#8221; border_radii=&#8221;on|100px|100px|100px|100px&#8221; border_radii_tablet=&#8221;on|50px|50px|50px|50px&#8221; border_radii_phone=&#8221;on|50px|50px|50px|50px&#8221; border_radii_last_edited=&#8221;on|tablet&#8221; global_colors_info=&#8221;{}&#8221;][et_pb_divider show_divider=&#8221;off&#8221; _builder_version=&#8221;4.23.4&#8243; _module_preset=&#8221;default&#8221; custom_padding_tablet=&#8221;30%||30%||false|false&#8221; custom_padding_phone=&#8221;30%||30%||false|false&#8221; custom_padding_last_edited=&#8221;on|tablet&#8221; global_colors_info=&#8221;{}&#8221;][\/et_pb_divider][\/et_pb_column][\/et_pb_row][\/et_pb_section][et_pb_section fb_built=&#8221;1&#8243; custom_padding_last_edited=&#8221;on|desktop&#8221; _builder_version=&#8221;4.27.4&#8243; _module_preset=&#8221;default&#8221; background_color=&#8221;#ebedea&#8221; custom_padding=&#8221;||80px||false|false&#8221; custom_padding_tablet=&#8221;||80px||false|false&#8221; custom_padding_phone=&#8221;||80px||false|false&#8221; hover_enabled=&#8221;0&#8243; global_colors_info=&#8221;{}&#8221; disabled_on=&#8221;on|on|on&#8221; disabled=&#8221;on&#8221; sticky_enabled=&#8221;0&#8243;][et_pb_row column_structure=&#8221;3_5,2_5&#8243; _builder_version=&#8221;4.23.4&#8243; _module_preset=&#8221;default&#8221; width=&#8221;90%&#8221; max_width=&#8221;1280px&#8221; global_colors_info=&#8221;{}&#8221;][et_pb_column type=&#8221;3_5&#8243; _builder_version=&#8221;4.23.4&#8243; _module_preset=&#8221;default&#8221; global_colors_info=&#8221;{}&#8221;][et_pb_video src=&#8221;https:\/\/vimeo.com\/747909526&#8243; _builder_version=&#8221;4.22.0&#8243; _module_preset=&#8221;default&#8221; global_colors_info=&#8221;{}&#8221;][\/et_pb_video][\/et_pb_column][et_pb_column type=&#8221;2_5&#8243; _builder_version=&#8221;4.23.4&#8243; _module_preset=&#8221;default&#8221; global_colors_info=&#8221;{}&#8221;][et_pb_text _builder_version=&#8221;4.23.4&#8243; _module_preset=&#8221;default&#8221; text_text_color=&#8221;#344028&#8243; text_font_size=&#8221;16px&#8221; text_line_height=&#8221;1.6em&#8221; link_font=&#8221;||||on|||#47AC3D|&#8221; link_text_color=&#8221;#47AC3D&#8221; header_2_text_color=&#8221;#344028&#8243; header_2_font_size=&#8221;28px&#8221; header_3_text_color=&#8221;#344028&#8243; header_3_font_size=&#8221;19px&#8221; header_3_line_height=&#8221;1.3em&#8221; width=&#8221;100%&#8221; width_tablet=&#8221;90%&#8221; width_phone=&#8221;100%&#8221; width_last_edited=&#8221;on|phone&#8221; custom_margin=&#8221;40px||||false|false&#8221; custom_margin_tablet=&#8221;0px||||false|false&#8221; custom_margin_phone=&#8221;0px||||false|false&#8221; custom_margin_last_edited=&#8221;on|desktop&#8221; global_colors_info=&#8221;{}&#8221;]<\/p>\n<h2>Lyssna p\u00e5 Zimbili<\/h2>\n<p>I den h\u00e4r filmen f\u00e5r ni m\u00f6ta Zimbili, en sydafrikansk flicka som genom Star for Lifes projekt Daughters of Africa f\u00e5tt smak f\u00f6r entrepren\u00f6rskap. Genom ett litet familjef\u00f6retag tillverkar och s\u00e4ljer hon idag traditionella p\u00e4rlhantverk samtidigt som hon blivit en sj\u00e4lvst\u00e4ndig ung kvinna som f\u00f6rs\u00f6rjer sig sj\u00e4lv. S\u00e5 blir dr\u00f6mmar verklighet.<\/p>\n<p>Vill du st\u00f6dja Daughters of Africa p\u00e5 en av v\u00e5ra skolor? Kontakta Patric Salmonsson f\u00f6r ytterligare information.<\/p>\n<p><a href=\"mailto:patric@starforlife.se\">patric@starforlife.se<\/a><br \/><span>+46 (0)76 723 40 19<\/span><\/p>\n<p>[\/et_pb_text][\/et_pb_column][\/et_pb_row][\/et_pb_section]<\/p>\n","protected":false},"excerpt":{"rendered":"<p>Starka tjejer och oberoende kvinnorDaughters of Africa I s\u00f6dra Afrika f\u00f6ds alltf\u00f6r m\u00e5nga flickor in i en tillvaro av diskriminering, f\u00f6rdomar, kunskapsbrist och fattigdom. Genom Star for Lifes s\u00e4rskilda satsning Daughters of Africa Girls Glub fokuserar vi d\u00e4rf\u00f6r p\u00e5 just flickors livssituation. I trygga rum och genom speciella workshops f\u00e5r flickorna, tillsammans med v\u00e5ra coacher, [&hellip;]<\/p>\n","protected":false},"author":1,"featured_media":0,"parent":0,"menu_order":0,"comment_status":"closed","ping_status":"closed","template":"","meta":{"_acf_changed":false,"_et_pb_use_builder":"on","_et_pb_old_content":"","_et_gb_content_width":"","inline_featured_image":false,"footnotes":""},"class_list":["post-31623","page","type-page","status-publish","hentry"],"acf":[],"yoast_head":"<!-- This site is optimized with the Yoast SEO plugin v27.4 - https:\/\/yoast.com\/product\/yoast-seo-wordpress\/ -->\n<title>Daughters of Africa | Star for Life<\/title>\n<meta name=\"robots\" content=\"index, follow, max-snippet:-1, max-image-preview:large, max-video-preview:-1\" \/>\n<link rel=\"canonical\" href=\"https:\/\/starforlife.org\/girls-club-daughters-of-africa\/\" \/>\n<meta property=\"og:locale\" content=\"sv_SE\" \/>\n<meta property=\"og:type\" content=\"article\" \/>\n<meta property=\"og:title\" content=\"Daughters of Africa | Star for Life\" \/>\n<meta property=\"og:description\" content=\"Starka tjejer och oberoende kvinnorDaughters of Africa I s\u00f6dra Afrika f\u00f6ds alltf\u00f6r m\u00e5nga flickor in i en tillvaro av diskriminering, f\u00f6rdomar, kunskapsbrist och fattigdom. Genom Star for Lifes s\u00e4rskilda satsning Daughters of Africa Girls Glub fokuserar vi d\u00e4rf\u00f6r p\u00e5 just flickors livssituation. I trygga rum och genom speciella workshops f\u00e5r flickorna, tillsammans med v\u00e5ra coacher, [&hellip;]\" \/>\n<meta property=\"og:site_name\" content=\"Star for Life\" \/>\n<meta property=\"article:publisher\" content=\"https:\/\/www.facebook.com\/starforlifeofficial\" \/>\n<meta property=\"article:modified_time\" content=\"2025-05-26T10:08:54+00:00\" \/>\n<meta property=\"og:image\" content=\"https:\/\/starforlife.org\/wp-content\/uploads\/2023\/08\/kufezekile.webp\" \/>\n\t<meta property=\"og:image:width\" content=\"1920\" \/>\n\t<meta property=\"og:image:height\" content=\"1440\" \/>\n\t<meta property=\"og:image:type\" content=\"image\/webp\" \/>\n<meta name=\"twitter:card\" content=\"summary_large_image\" \/>\n<script type=\"application\/ld+json\" class=\"yoast-schema-graph\">{\"@context\":\"https:\\\/\\\/schema.org\",\"@graph\":[{\"@type\":\"WebPage\",\"@id\":\"https:\\\/\\\/starforlife.org\\\/girls-club-daughters-of-africa\\\/\",\"url\":\"https:\\\/\\\/starforlife.org\\\/girls-club-daughters-of-africa\\\/\",\"name\":\"Daughters of Africa | Star for Life\",\"isPartOf\":{\"@id\":\"https:\\\/\\\/starforlife.org\\\/#website\"},\"datePublished\":\"2023-08-22T16:09:19+00:00\",\"dateModified\":\"2025-05-26T10:08:54+00:00\",\"inLanguage\":\"sv-SE\",\"potentialAction\":[{\"@type\":\"ReadAction\",\"target\":[\"https:\\\/\\\/starforlife.org\\\/girls-club-daughters-of-africa\\\/\"]}]},{\"@type\":\"WebSite\",\"@id\":\"https:\\\/\\\/starforlife.org\\\/#website\",\"url\":\"https:\\\/\\\/starforlife.org\\\/\",\"name\":\"Star for Life\",\"description\":\"Empowering young people\",\"publisher\":{\"@id\":\"https:\\\/\\\/starforlife.org\\\/#organization\"},\"alternateName\":\"SFL\",\"potentialAction\":[{\"@type\":\"SearchAction\",\"target\":{\"@type\":\"EntryPoint\",\"urlTemplate\":\"https:\\\/\\\/starforlife.org\\\/?s={search_term_string}\"},\"query-input\":{\"@type\":\"PropertyValueSpecification\",\"valueRequired\":true,\"valueName\":\"search_term_string\"}}],\"inLanguage\":\"sv-SE\"},{\"@type\":\"Organization\",\"@id\":\"https:\\\/\\\/starforlife.org\\\/#organization\",\"name\":\"Star for life\",\"url\":\"https:\\\/\\\/starforlife.org\\\/\",\"logo\":{\"@type\":\"ImageObject\",\"inLanguage\":\"sv-SE\",\"@id\":\"https:\\\/\\\/starforlife.org\\\/#\\\/schema\\\/logo\\\/image\\\/\",\"url\":\"https:\\\/\\\/starforlife.org\\\/wp-content\\\/uploads\\\/2024\\\/02\\\/logga.svg\",\"contentUrl\":\"https:\\\/\\\/starforlife.org\\\/wp-content\\\/uploads\\\/2024\\\/02\\\/logga.svg\",\"width\":\"1024\",\"height\":\"1024\",\"caption\":\"Star for life\"},\"image\":{\"@id\":\"https:\\\/\\\/starforlife.org\\\/#\\\/schema\\\/logo\\\/image\\\/\"},\"sameAs\":[\"https:\\\/\\\/www.facebook.com\\\/starforlifeofficial\",\"https:\\\/\\\/www.linkedin.com\\\/company\\\/7063029\\\/\"]}]}<\/script>\n<!-- \/ Yoast SEO plugin. -->","yoast_head_json":{"title":"Daughters of Africa | Star for Life","robots":{"index":"index","follow":"follow","max-snippet":"max-snippet:-1","max-image-preview":"max-image-preview:large","max-video-preview":"max-video-preview:-1"},"canonical":"https:\/\/starforlife.org\/girls-club-daughters-of-africa\/","og_locale":"sv_SE","og_type":"article","og_title":"Daughters of Africa | Star for Life","og_description":"Starka tjejer och oberoende kvinnorDaughters of Africa I s\u00f6dra Afrika f\u00f6ds alltf\u00f6r m\u00e5nga flickor in i en tillvaro av diskriminering, f\u00f6rdomar, kunskapsbrist och fattigdom. Genom Star for Lifes s\u00e4rskilda satsning Daughters of Africa Girls Glub fokuserar vi d\u00e4rf\u00f6r p\u00e5 just flickors livssituation. I trygga rum och genom speciella workshops f\u00e5r flickorna, tillsammans med v\u00e5ra coacher, [&hellip;]","og_site_name":"Star for Life","article_publisher":"https:\/\/www.facebook.com\/starforlifeofficial","article_modified_time":"2025-05-26T10:08:54+00:00","og_image":[{"width":1920,"height":1440,"url":"https:\/\/starforlife.org\/wp-content\/uploads\/2023\/08\/kufezekile.webp","type":"image\/webp"}],"twitter_card":"summary_large_image","schema":{"@context":"https:\/\/schema.org","@graph":[{"@type":"WebPage","@id":"https:\/\/starforlife.org\/girls-club-daughters-of-africa\/","url":"https:\/\/starforlife.org\/girls-club-daughters-of-africa\/","name":"Daughters of Africa | Star for Life","isPartOf":{"@id":"https:\/\/starforlife.org\/#website"},"datePublished":"2023-08-22T16:09:19+00:00","dateModified":"2025-05-26T10:08:54+00:00","inLanguage":"sv-SE","potentialAction":[{"@type":"ReadAction","target":["https:\/\/starforlife.org\/girls-club-daughters-of-africa\/"]}]},{"@type":"WebSite","@id":"https:\/\/starforlife.org\/#website","url":"https:\/\/starforlife.org\/","name":"Star for Life","description":"Empowering young people","publisher":{"@id":"https:\/\/starforlife.org\/#organization"},"alternateName":"SFL","potentialAction":[{"@type":"SearchAction","target":{"@type":"EntryPoint","urlTemplate":"https:\/\/starforlife.org\/?s={search_term_string}"},"query-input":{"@type":"PropertyValueSpecification","valueRequired":true,"valueName":"search_term_string"}}],"inLanguage":"sv-SE"},{"@type":"Organization","@id":"https:\/\/starforlife.org\/#organization","name":"Star for life","url":"https:\/\/starforlife.org\/","logo":{"@type":"ImageObject","inLanguage":"sv-SE","@id":"https:\/\/starforlife.org\/#\/schema\/logo\/image\/","url":"https:\/\/starforlife.org\/wp-content\/uploads\/2024\/02\/logga.svg","contentUrl":"https:\/\/starforlife.org\/wp-content\/uploads\/2024\/02\/logga.svg","width":"1024","height":"1024","caption":"Star for life"},"image":{"@id":"https:\/\/starforlife.org\/#\/schema\/logo\/image\/"},"sameAs":["https:\/\/www.facebook.com\/starforlifeofficial","https:\/\/www.linkedin.com\/company\/7063029\/"]}]}},"_links":{"self":[{"href":"https:\/\/starforlife.org\/sv\/wp-json\/wp\/v2\/pages\/31623","targetHints":{"allow":["GET"]}}],"collection":[{"href":"https:\/\/starforlife.org\/sv\/wp-json\/wp\/v2\/pages"}],"about":[{"href":"https:\/\/starforlife.org\/sv\/wp-json\/wp\/v2\/types\/page"}],"author":[{"embeddable":true,"href":"https:\/\/starforlife.org\/sv\/wp-json\/wp\/v2\/users\/1"}],"replies":[{"embeddable":true,"href":"https:\/\/starforlife.org\/sv\/wp-json\/wp\/v2\/comments?post=31623"}],"version-history":[{"count":29,"href":"https:\/\/starforlife.org\/sv\/wp-json\/wp\/v2\/pages\/31623\/revisions"}],"predecessor-version":[{"id":40899,"href":"https:\/\/starforlife.org\/sv\/wp-json\/wp\/v2\/pages\/31623\/revisions\/40899"}],"wp:attachment":[{"href":"https:\/\/starforlife.org\/sv\/wp-json\/wp\/v2\/media?parent=31623"}],"curies":[{"name":"wp","href":"https:\/\/api.w.org\/{rel}","templated":true}]}}