{"id":46215,"date":"2026-04-16T12:14:29","date_gmt":"2026-04-16T11:14:29","guid":{"rendered":"https:\/\/starforlife.org\/?page_id=46215"},"modified":"2026-04-16T13:32:03","modified_gmt":"2026-04-16T12:32:03","slug":"inviterer-til-skolebesok","status":"publish","type":"page","link":"https:\/\/starforlife.org\/no\/inviterer-til-skolebesok\/","title":{"rendered":"Get Africa Travel og SfL Norge forsterker partnerskapet og inviterer til skolebes\u00f8k"},"content":{"rendered":"<p>[et_pb_section fb_built=&raquo;1&#8243; custom_padding_last_edited=&raquo;on|desktop&raquo; _builder_version=&raquo;4.23.4&#8243; _module_preset=&raquo;default&raquo; background_color=&raquo;#eaebed&raquo; custom_padding=&raquo;40px||32px||false|false&raquo; custom_padding_tablet=&raquo;40px||||false|false&raquo; custom_padding_phone=&raquo;40px||||false|false&raquo; global_colors_info=&raquo;{}&raquo;][et_pb_row column_structure=&raquo;1_2,1_2&#8243; use_custom_gutter=&raquo;on&raquo; make_equal=&raquo;on&raquo; custom_padding_last_edited=&raquo;on|phone&raquo; _builder_version=&raquo;4.27.6&#8243; _module_preset=&raquo;default&raquo; width=&raquo;90%&raquo; max_width=&raquo;1280px&raquo; custom_margin=&raquo;||50px||false|false&raquo; custom_margin_tablet=&raquo;0px||50px||false|false&raquo; custom_margin_phone=&raquo;0px||50px||false|false&raquo; custom_margin_last_edited=&raquo;on|tablet&raquo; custom_padding=&raquo;||40px||false|false&raquo; custom_padding_tablet=&raquo;0px||0px||false|false&raquo; custom_padding_phone=&raquo;0px||0px||false|false&raquo; global_colors_info=&raquo;{}&raquo;][et_pb_column type=&raquo;1_2&#8243; _builder_version=&raquo;4.23.4&#8243; _module_preset=&raquo;default&raquo; custom_padding=&raquo;3%||5%||false|false&raquo; custom_padding_tablet=&raquo;0%||||false|false&raquo; custom_padding_phone=&raquo;0%||||false|false&raquo; custom_padding_last_edited=&raquo;on|tablet&raquo; global_colors_info=&raquo;{}&raquo;][et_pb_text _builder_version=&raquo;4.27.6&#8243; _module_preset=&raquo;default&raquo; text_text_color=&raquo;#282f40&#8243; text_font_size=&raquo;16px&raquo; text_line_height=&raquo;1.6em&raquo; link_font=&raquo;||||on|||#1072B8|&raquo; link_text_color=&raquo;#1072B8&#8243; header_2_text_color=&raquo;#282f40&#8243; header_2_font_size=&raquo;28px&raquo; width=&raquo;100%&raquo; width_tablet=&raquo;100%&raquo; width_phone=&raquo;100%&raquo; width_last_edited=&raquo;on|tablet&raquo; custom_margin_tablet=&raquo;0px||||false|false&raquo; custom_margin_phone=&raquo;0px||||false|false&raquo; custom_margin_last_edited=&raquo;on|tablet&raquo; custom_padding_tablet=&raquo;0px||||false|false&raquo; custom_padding_phone=&raquo;0px||||false|false&raquo; custom_padding_last_edited=&raquo;on|tablet&raquo; header_2_font_size_phone=&raquo;25px&raquo; header_2_font_size_last_edited=&raquo;off|phone&raquo; custom_css_free_form=&raquo;ul {margin-top: -10px; margin-bottom: 20px;}&raquo; global_colors_info=&raquo;{}&raquo;]<\/p>\n<h2>Get Africa Travel og SfL Norge forsterker partnerskapet og inviterer til skolebes\u00f8k<\/h2>\n<p>Get Africa Travel inviterer n\u00e5 alle sine gjester til \u00e5 bes\u00f8ke v\u00e5re skoler i S\u00f8r-Afrika. Star for Life Norge har ansvar for to ungdomsskoler og \u00e9n barneskole i KwaZulu Natal (3 timer nord for Durban). Totalt har skolene n\u00e6r 1.500 elever og 45 l\u00e6rere.<\/p>\n<p>Get Africa Travel vil gjennom skolebes\u00f8kene s\u00e6rskilt st\u00f8tte v\u00e5rt jobbskapeprogram ved v\u00e5re ungdomsskoler i S\u00f8r-Afrika. V\u00e5rt nye prosjekt Daughters of Africa Girls Club fokuserer p\u00e5 jenters livssituasjon og muligheter. I trygge rom og gjennom spesielle workshops f\u00e5r jentene l\u00e6re om jenters likestilling, rettigheter og entrepren\u00f8rskap, der m\u00e5let er en ny generasjon sterke og uavhengige kvinner.<\/p>\n<p><strong>Program under skolebes\u00f8kene:<\/strong><\/p>\n<ul>\n<li>Omvisning p\u00e5 skolens omr\u00e5de, m\u00f8te med ansatte og en kort introduksjon til skolen<\/li>\n<li>Bli med inn i klasserommet der elevene inviterer til en kort opptreden og forteller. Bes\u00f8kende oppfordres ogs\u00e5 til \u00e5 si noen ord om sin egen reise og kanskje dele noen tanker<\/li>\n<li>Mulighet for \u00e5 bli bedre kjent med elever og v\u00e5re coacher<\/li>\n<\/ul>\n<p>Ta gjerne kontakt med b\u00e6rekraftskoordinator Ine Sofie Kristiansen i Get Africa Travel (mobil +47 900 91791 \/ e-post <a href=\"mailto:res10@getafricatravel.com\">res10@getafricatravel.com<\/a>) hvis du har lyst til \u00e5 h\u00f8re mer om skolebes\u00f8kene og prosjektet.<\/p>\n<p>[\/et_pb_text][et_pb_blurb title=&raquo;Gjestebes\u00f8k &#8211; Star for Life skole&raquo; url=&raquo;https:\/\/starforlife.org\/wp-content\/uploads\/2026\/04\/Gjestebesok-Star-for-Life-skole.pdf&raquo; use_icon=&raquo;on&raquo; font_icon=&raquo;&#x69;||divi||400&#8243; icon_color=&raquo;#282f40&#8243; icon_placement=&raquo;left&raquo; image_icon_width=&raquo;33px&raquo; content_max_width=&raquo;1100px&raquo; image_icon_width_tablet=&raquo;33px&raquo; image_icon_width_phone=&raquo;24px&raquo; image_icon_width_last_edited=&raquo;on|phone&raquo; _builder_version=&raquo;4.27.6&#8243; _module_preset=&raquo;default&raquo; header_text_color=&raquo;#282f40&#8243; header_font_size=&raquo;18px&raquo; header_line_height=&raquo;1.3em&raquo; body_link_font=&raquo;||||on|||#1072B8|&raquo; body_link_text_color=&raquo;#1072B8&#8243; image_icon_custom_margin=&raquo;||||false|false&raquo; custom_margin_tablet=&raquo;||25px||false|false&raquo; custom_margin_phone=&raquo;||28px||false|false&raquo; custom_margin_last_edited=&raquo;on|phone&raquo; link_option_url=&raquo;https:\/\/starforlife.org\/wp-content\/uploads\/2026\/04\/Gjestebesok-Star-for-Life-skole.pdf&raquo; link_option_url_new_window=&raquo;on&raquo; header_font_size_tablet=&raquo;&raquo; header_font_size_phone=&raquo;17px&raquo; header_font_size_last_edited=&raquo;on|phone&raquo; header_line_height_tablet=&raquo;&raquo; header_line_height_phone=&raquo;1.2em&raquo; header_line_height_last_edited=&raquo;on|phone&raquo; body_font_size_tablet=&raquo;&raquo; body_font_size_phone=&raquo;14px&raquo; body_font_size_last_edited=&raquo;on|phone&raquo; body_line_height_tablet=&raquo;&raquo; body_line_height_phone=&raquo;1.3em&raquo; body_line_height_last_edited=&raquo;on|phone&raquo; custom_css_blurb_title=&raquo;margin-top: 3px;||margin-bottom: -5px;||&raquo; border_color_all_image=&raquo;#ffd405&#8243; icon_font_size=&raquo;33px&raquo; icon_font_size_tablet=&raquo;&raquo; icon_font_size_phone=&raquo;22px&raquo; icon_font_size_last_edited=&raquo;on|phone&raquo; use_circle=&raquo;on&raquo; use_circle_border=&raquo;on&raquo; locked=&raquo;off&raquo; global_colors_info=&raquo;{}&raquo; image_icon_background_color__sticky_enabled=&raquo;#ffd405&#8243; image_icon_background_color__sticky=&raquo;#ffd405&#8243;]<a href=\"https:\/\/starforlife.org\/wp-content\/uploads\/2026\/04\/Gjestebesok-Star-for-Life-skole.pdf\" title=\"Last ned - PDF\" target=\"_blank\" rel=\"noopener noreferrer\">Last ned &#8211; PDF<\/a>[\/et_pb_blurb][\/et_pb_column][et_pb_column type=&raquo;1_2&#8243; _builder_version=&raquo;4.27.6&#8243; _module_preset=&raquo;default&raquo; background_image=&raquo;https:\/\/starforlife.org\/wp-content\/uploads\/2026\/04\/Bilde-Stine-med-ungdom-1.jpg&raquo; border_radii=&raquo;on|75px|75px|75px|75px&raquo; border_radii_tablet=&raquo;on|25px|25px|25px|25px&raquo; border_radii_phone=&raquo;on|25px|25px|25px|25px&raquo; border_radii_last_edited=&raquo;on|tablet&raquo; global_colors_info=&raquo;{}&raquo;][et_pb_divider show_divider=&raquo;off&raquo; _builder_version=&raquo;4.23.4&#8243; _module_preset=&raquo;default&raquo; custom_padding_tablet=&raquo;30%||30%||false|false&raquo; custom_padding_phone=&raquo;30%||30%||false|false&raquo; custom_padding_last_edited=&raquo;on|tablet&raquo; global_colors_info=&raquo;{}&raquo;][\/et_pb_divider][\/et_pb_column][\/et_pb_row][\/et_pb_section]<\/p>\n","protected":false},"excerpt":{"rendered":"<p>Get Africa Travel og SfL Norge forsterker partnerskapet og inviterer til skolebes\u00f8k Get Africa Travel inviterer n\u00e5 alle sine gjester til \u00e5 bes\u00f8ke v\u00e5re skoler i S\u00f8r-Afrika. Star for Life Norge har ansvar for to ungdomsskoler og \u00e9n barneskole i KwaZulu Natal (3 timer nord for Durban). Totalt har skolene n\u00e6r 1.500 elever og 45 [&hellip;]<\/p>\n","protected":false},"author":1,"featured_media":46239,"parent":0,"menu_order":0,"comment_status":"closed","ping_status":"closed","template":"","meta":{"_acf_changed":false,"_et_pb_use_builder":"on","_et_pb_old_content":"","_et_gb_content_width":"","inline_featured_image":false,"footnotes":""},"class_list":["post-46215","page","type-page","status-publish","has-post-thumbnail","hentry"],"acf":[],"yoast_head":"<!-- This site is optimized with the Yoast SEO plugin v27.5 - https:\/\/yoast.com\/product\/yoast-seo-wordpress\/ -->\n<title>Get Africa Travel og SfL Norge forsterker partnerskapet og inviterer til skolebes\u00f8k | Star for Life<\/title>\n<meta name=\"description\" content=\"Get Africa Travel inviterer n\u00e5 alle sine gjester til \u00e5 bes\u00f8ke v\u00e5re skoler i S\u00f8r-Afrika. Star for Life Norge har ansvar for to ungdomsskoler og \u00e9n barneskole i KwaZulu Natal (3 timer nord for Durban). Totalt har skolene n\u00e6r 1.500 elever og 45 l\u00e6rere.\" \/>\n<meta name=\"robots\" content=\"index, follow, max-snippet:-1, max-image-preview:large, max-video-preview:-1\" \/>\n<link rel=\"canonical\" href=\"https:\/\/starforlife.org\/no\/inviterer-til-skolebesok\/\" \/>\n<meta property=\"og:locale\" content=\"nb_NO\" \/>\n<meta property=\"og:type\" content=\"article\" \/>\n<meta property=\"og:title\" content=\"Get Africa Travel og SfL Norge forsterker partnerskapet og inviterer til skolebes\u00f8k\" \/>\n<meta property=\"og:description\" content=\"Get Africa Travel inviterer n\u00e5 alle sine gjester til \u00e5 bes\u00f8ke v\u00e5re skoler i S\u00f8r-Afrika. Star for Life Norge har ansvar for to ungdomsskoler og \u00e9n barneskole i KwaZulu Natal (3 timer nord for Durban). Totalt har skolene n\u00e6r 1.500 elever og 45 l\u00e6rere.\" \/>\n<meta property=\"og:site_name\" content=\"Star for Life\" \/>\n<meta property=\"article:publisher\" content=\"https:\/\/www.facebook.com\/starforlifeofficial\" \/>\n<meta property=\"article:modified_time\" content=\"2026-04-16T12:32:03+00:00\" \/>\n<meta property=\"og:image\" content=\"https:\/\/starforlife.org\/wp-content\/uploads\/2026\/04\/get-africa-travel-1.jpg\" \/>\n\t<meta property=\"og:image:width\" content=\"1920\" \/>\n\t<meta property=\"og:image:height\" content=\"1176\" \/>\n\t<meta property=\"og:image:type\" content=\"image\/jpeg\" \/>\n<meta name=\"twitter:card\" content=\"summary_large_image\" \/>\n<meta name=\"twitter:label1\" content=\"Ansl. lesetid\" \/>\n\t<meta name=\"twitter:data1\" content=\"2 minutter\" \/>\n<script type=\"application\/ld+json\" class=\"yoast-schema-graph\">{\"@context\":\"https:\\\/\\\/schema.org\",\"@graph\":[{\"@type\":\"WebPage\",\"@id\":\"https:\\\/\\\/starforlife.org\\\/no\\\/inviterer-til-skolebesok\\\/\",\"url\":\"https:\\\/\\\/starforlife.org\\\/no\\\/inviterer-til-skolebesok\\\/\",\"name\":\"Get Africa Travel og SfL Norge forsterker partnerskapet og inviterer til skolebes\u00f8k | Star for Life\",\"isPartOf\":{\"@id\":\"https:\\\/\\\/starforlife.org\\\/#website\"},\"primaryImageOfPage\":{\"@id\":\"https:\\\/\\\/starforlife.org\\\/no\\\/inviterer-til-skolebesok\\\/#primaryimage\"},\"image\":{\"@id\":\"https:\\\/\\\/starforlife.org\\\/no\\\/inviterer-til-skolebesok\\\/#primaryimage\"},\"thumbnailUrl\":\"https:\\\/\\\/starforlife.org\\\/wp-content\\\/uploads\\\/2026\\\/04\\\/get-africa-travel-1.jpg\",\"datePublished\":\"2026-04-16T11:14:29+00:00\",\"dateModified\":\"2026-04-16T12:32:03+00:00\",\"description\":\"Get Africa Travel inviterer n\u00e5 alle sine gjester til \u00e5 bes\u00f8ke v\u00e5re skoler i S\u00f8r-Afrika. Star for Life Norge har ansvar for to ungdomsskoler og \u00e9n barneskole i KwaZulu Natal (3 timer nord for Durban). Totalt har skolene n\u00e6r 1.500 elever og 45 l\u00e6rere.\",\"inLanguage\":\"nb-NO\",\"potentialAction\":[{\"@type\":\"ReadAction\",\"target\":[\"https:\\\/\\\/starforlife.org\\\/no\\\/inviterer-til-skolebesok\\\/\"]}]},{\"@type\":\"ImageObject\",\"inLanguage\":\"nb-NO\",\"@id\":\"https:\\\/\\\/starforlife.org\\\/no\\\/inviterer-til-skolebesok\\\/#primaryimage\",\"url\":\"https:\\\/\\\/starforlife.org\\\/wp-content\\\/uploads\\\/2026\\\/04\\\/get-africa-travel-1.jpg\",\"contentUrl\":\"https:\\\/\\\/starforlife.org\\\/wp-content\\\/uploads\\\/2026\\\/04\\\/get-africa-travel-1.jpg\",\"width\":1920,\"height\":1176},{\"@type\":\"WebSite\",\"@id\":\"https:\\\/\\\/starforlife.org\\\/#website\",\"url\":\"https:\\\/\\\/starforlife.org\\\/\",\"name\":\"Star for Life\",\"description\":\"Empowering young people\",\"publisher\":{\"@id\":\"https:\\\/\\\/starforlife.org\\\/#organization\"},\"alternateName\":\"SFL\",\"potentialAction\":[{\"@type\":\"SearchAction\",\"target\":{\"@type\":\"EntryPoint\",\"urlTemplate\":\"https:\\\/\\\/starforlife.org\\\/?s={search_term_string}\"},\"query-input\":{\"@type\":\"PropertyValueSpecification\",\"valueRequired\":true,\"valueName\":\"search_term_string\"}}],\"inLanguage\":\"nb-NO\"},{\"@type\":\"Organization\",\"@id\":\"https:\\\/\\\/starforlife.org\\\/#organization\",\"name\":\"Star for life\",\"url\":\"https:\\\/\\\/starforlife.org\\\/\",\"logo\":{\"@type\":\"ImageObject\",\"inLanguage\":\"nb-NO\",\"@id\":\"https:\\\/\\\/starforlife.org\\\/#\\\/schema\\\/logo\\\/image\\\/\",\"url\":\"https:\\\/\\\/starforlife.org\\\/wp-content\\\/uploads\\\/2024\\\/02\\\/logga.svg\",\"contentUrl\":\"https:\\\/\\\/starforlife.org\\\/wp-content\\\/uploads\\\/2024\\\/02\\\/logga.svg\",\"width\":\"1024\",\"height\":\"1024\",\"caption\":\"Star for life\"},\"image\":{\"@id\":\"https:\\\/\\\/starforlife.org\\\/#\\\/schema\\\/logo\\\/image\\\/\"},\"sameAs\":[\"https:\\\/\\\/www.facebook.com\\\/starforlifeofficial\",\"https:\\\/\\\/www.linkedin.com\\\/company\\\/7063029\\\/\"]}]}<\/script>\n<!-- \/ Yoast SEO plugin. -->","yoast_head_json":{"title":"Get Africa Travel og SfL Norge forsterker partnerskapet og inviterer til skolebes\u00f8k | Star for Life","description":"Get Africa Travel inviterer n\u00e5 alle sine gjester til \u00e5 bes\u00f8ke v\u00e5re skoler i S\u00f8r-Afrika. Star for Life Norge har ansvar for to ungdomsskoler og \u00e9n barneskole i KwaZulu Natal (3 timer nord for Durban). Totalt har skolene n\u00e6r 1.500 elever og 45 l\u00e6rere.","robots":{"index":"index","follow":"follow","max-snippet":"max-snippet:-1","max-image-preview":"max-image-preview:large","max-video-preview":"max-video-preview:-1"},"canonical":"https:\/\/starforlife.org\/no\/inviterer-til-skolebesok\/","og_locale":"nb_NO","og_type":"article","og_title":"Get Africa Travel og SfL Norge forsterker partnerskapet og inviterer til skolebes\u00f8k","og_description":"Get Africa Travel inviterer n\u00e5 alle sine gjester til \u00e5 bes\u00f8ke v\u00e5re skoler i S\u00f8r-Afrika. Star for Life Norge har ansvar for to ungdomsskoler og \u00e9n barneskole i KwaZulu Natal (3 timer nord for Durban). Totalt har skolene n\u00e6r 1.500 elever og 45 l\u00e6rere.","og_site_name":"Star for Life","article_publisher":"https:\/\/www.facebook.com\/starforlifeofficial","article_modified_time":"2026-04-16T12:32:03+00:00","og_image":[{"width":1920,"height":1176,"url":"https:\/\/starforlife.org\/wp-content\/uploads\/2026\/04\/get-africa-travel-1.jpg","type":"image\/jpeg"}],"twitter_card":"summary_large_image","twitter_misc":{"Ansl. lesetid":"2 minutter"},"schema":{"@context":"https:\/\/schema.org","@graph":[{"@type":"WebPage","@id":"https:\/\/starforlife.org\/no\/inviterer-til-skolebesok\/","url":"https:\/\/starforlife.org\/no\/inviterer-til-skolebesok\/","name":"Get Africa Travel og SfL Norge forsterker partnerskapet og inviterer til skolebes\u00f8k | Star for Life","isPartOf":{"@id":"https:\/\/starforlife.org\/#website"},"primaryImageOfPage":{"@id":"https:\/\/starforlife.org\/no\/inviterer-til-skolebesok\/#primaryimage"},"image":{"@id":"https:\/\/starforlife.org\/no\/inviterer-til-skolebesok\/#primaryimage"},"thumbnailUrl":"https:\/\/starforlife.org\/wp-content\/uploads\/2026\/04\/get-africa-travel-1.jpg","datePublished":"2026-04-16T11:14:29+00:00","dateModified":"2026-04-16T12:32:03+00:00","description":"Get Africa Travel inviterer n\u00e5 alle sine gjester til \u00e5 bes\u00f8ke v\u00e5re skoler i S\u00f8r-Afrika. Star for Life Norge har ansvar for to ungdomsskoler og \u00e9n barneskole i KwaZulu Natal (3 timer nord for Durban). Totalt har skolene n\u00e6r 1.500 elever og 45 l\u00e6rere.","inLanguage":"nb-NO","potentialAction":[{"@type":"ReadAction","target":["https:\/\/starforlife.org\/no\/inviterer-til-skolebesok\/"]}]},{"@type":"ImageObject","inLanguage":"nb-NO","@id":"https:\/\/starforlife.org\/no\/inviterer-til-skolebesok\/#primaryimage","url":"https:\/\/starforlife.org\/wp-content\/uploads\/2026\/04\/get-africa-travel-1.jpg","contentUrl":"https:\/\/starforlife.org\/wp-content\/uploads\/2026\/04\/get-africa-travel-1.jpg","width":1920,"height":1176},{"@type":"WebSite","@id":"https:\/\/starforlife.org\/#website","url":"https:\/\/starforlife.org\/","name":"Star for Life","description":"Empowering young people","publisher":{"@id":"https:\/\/starforlife.org\/#organization"},"alternateName":"SFL","potentialAction":[{"@type":"SearchAction","target":{"@type":"EntryPoint","urlTemplate":"https:\/\/starforlife.org\/?s={search_term_string}"},"query-input":{"@type":"PropertyValueSpecification","valueRequired":true,"valueName":"search_term_string"}}],"inLanguage":"nb-NO"},{"@type":"Organization","@id":"https:\/\/starforlife.org\/#organization","name":"Star for life","url":"https:\/\/starforlife.org\/","logo":{"@type":"ImageObject","inLanguage":"nb-NO","@id":"https:\/\/starforlife.org\/#\/schema\/logo\/image\/","url":"https:\/\/starforlife.org\/wp-content\/uploads\/2024\/02\/logga.svg","contentUrl":"https:\/\/starforlife.org\/wp-content\/uploads\/2024\/02\/logga.svg","width":"1024","height":"1024","caption":"Star for life"},"image":{"@id":"https:\/\/starforlife.org\/#\/schema\/logo\/image\/"},"sameAs":["https:\/\/www.facebook.com\/starforlifeofficial","https:\/\/www.linkedin.com\/company\/7063029\/"]}]}},"_links":{"self":[{"href":"https:\/\/starforlife.org\/no\/wp-json\/wp\/v2\/pages\/46215","targetHints":{"allow":["GET"]}}],"collection":[{"href":"https:\/\/starforlife.org\/no\/wp-json\/wp\/v2\/pages"}],"about":[{"href":"https:\/\/starforlife.org\/no\/wp-json\/wp\/v2\/types\/page"}],"author":[{"embeddable":true,"href":"https:\/\/starforlife.org\/no\/wp-json\/wp\/v2\/users\/1"}],"replies":[{"embeddable":true,"href":"https:\/\/starforlife.org\/no\/wp-json\/wp\/v2\/comments?post=46215"}],"version-history":[{"count":10,"href":"https:\/\/starforlife.org\/no\/wp-json\/wp\/v2\/pages\/46215\/revisions"}],"predecessor-version":[{"id":46244,"href":"https:\/\/starforlife.org\/no\/wp-json\/wp\/v2\/pages\/46215\/revisions\/46244"}],"wp:featuredmedia":[{"embeddable":true,"href":"https:\/\/starforlife.org\/no\/wp-json\/wp\/v2\/media\/46239"}],"wp:attachment":[{"href":"https:\/\/starforlife.org\/no\/wp-json\/wp\/v2\/media?parent=46215"}],"curies":[{"name":"wp","href":"https:\/\/api.w.org\/{rel}","templated":true}]}}