{"id":37252,"date":"2024-02-20T18:33:00","date_gmt":"2024-02-20T17:33:00","guid":{"rendered":"https:\/\/starforlife.org\/?page_id=37252"},"modified":"2024-03-07T16:08:30","modified_gmt":"2024-03-07T15:08:30","slug":"testamenter-en-gave","status":"publish","type":"page","link":"https:\/\/starforlife.org\/no\/gi-gave\/testamenter-en-gave\/","title":{"rendered":"Testamenter en gave"},"content":{"rendered":"<p>[et_pb_section fb_built=&raquo;1&#8243; custom_padding_last_edited=&raquo;on|phone&raquo; _builder_version=&raquo;4.24.0&#8243; _module_preset=&raquo;default&raquo; background_color=&raquo;rgba(221,28,27,0.14)&raquo; background_image=&raquo;https:\/\/starforlife.org\/wp-content\/uploads\/2024\/02\/IMG_0481.webp&raquo; background_position=&raquo;top_center&raquo; background_vertical_offset=&raquo;27%&raquo; background_blend=&raquo;multiply&raquo; custom_padding=&raquo;13%||15%||false|false&raquo; custom_padding_tablet=&raquo;13%||13%||false|false&raquo; custom_padding_phone=&raquo;15%||15%||false|false&raquo; background_color_tablet=&raquo;rgba(0,0,0,0.24)&raquo; background_color_phone=&raquo;rgba(0,0,0,0.31)&raquo; background_last_edited=&raquo;on|phone&raquo; background_enable_color_tablet=&raquo;on&raquo; background_enable_color_phone=&raquo;on&raquo; background_blend_phone=&raquo;multiply&raquo; global_colors_info=&raquo;{}&raquo;][et_pb_row _builder_version=&raquo;4.22.0&#8243; _module_preset=&raquo;default&raquo; global_colors_info=&raquo;{}&raquo;][et_pb_column type=&raquo;4_4&#8243; _builder_version=&raquo;4.22.0&#8243; _module_preset=&raquo;default&raquo; global_colors_info=&raquo;{}&raquo;][et_pb_text _builder_version=&raquo;4.24.0&#8243; _module_preset=&raquo;default&raquo; header_text_align=&raquo;center&raquo; header_text_color=&raquo;#FFFFFF&raquo; header_line_height=&raquo;1.3em&raquo; header_2_text_align=&raquo;center&raquo; background_enable_color=&raquo;off&raquo; width=&raquo;75%&raquo; width_tablet=&raquo;100%&raquo; width_phone=&raquo;100%&raquo; width_last_edited=&raquo;on|phone&raquo; module_alignment=&raquo;center&raquo; header_font_size_tablet=&raquo;30px&raquo; header_font_size_phone=&raquo;25px&raquo; header_font_size_last_edited=&raquo;on|tablet&raquo; header_text_shadow_style=&raquo;preset3&#8243; global_colors_info=&raquo;{}&raquo;]<\/p>\n<h1>Med et testamente kan du selv bestemme hvordan dine verdier skal fordeles<br \/>\n<\/h1>\n<p>[\/et_pb_text][\/et_pb_column][\/et_pb_row][\/et_pb_section][et_pb_section fb_built=&raquo;1&#8243; _builder_version=&raquo;4.22.0&#8243; _module_preset=&raquo;default&raquo; background_color=&raquo;rgba(221,28,27,0.09)&raquo; custom_padding=&raquo;||80px||false|false&raquo; global_colors_info=&raquo;{}&raquo;][et_pb_row column_structure=&raquo;1_2,1_2&#8243; use_custom_gutter=&raquo;on&raquo; make_equal=&raquo;on&raquo; custom_padding_last_edited=&raquo;on|tablet&raquo; _builder_version=&raquo;4.24.0&#8243; _module_preset=&raquo;default&raquo; width=&raquo;90%&raquo; width_tablet=&raquo;100%&raquo; width_phone=&raquo;100%&raquo; width_last_edited=&raquo;on|tablet&raquo; max_width=&raquo;1280px&raquo; max_width_tablet=&raquo;90%&raquo; max_width_phone=&raquo;90%&raquo; max_width_last_edited=&raquo;on|tablet&raquo; custom_padding=&raquo;||40px||false|false&raquo; custom_padding_tablet=&raquo;0px||40px||false|false&raquo; custom_padding_phone=&raquo;0px||40px||false|false&raquo; global_colors_info=&raquo;{}&raquo;][et_pb_column type=&raquo;1_2&#8243; _builder_version=&raquo;4.23.1&#8243; _module_preset=&raquo;default&raquo; custom_padding=&raquo;5%||5%||false|false&raquo; custom_padding_tablet=&raquo;0px||0px||false|false&raquo; custom_padding_phone=&raquo;0px||0px||false|false&raquo; custom_padding_last_edited=&raquo;on|phone&raquo; global_colors_info=&raquo;{}&raquo;][et_pb_text _builder_version=&raquo;4.24.0&#8243; _module_preset=&raquo;default&raquo; text_text_color=&raquo;#000000&#8243; text_font_size=&raquo;16px&raquo; text_line_height=&raquo;1.6em&raquo; link_font=&raquo;||||on|||#DD1C1B|&raquo; link_text_color=&raquo;#DD1C1B&raquo; header_2_text_color=&raquo;#000000&#8243; header_2_font_size=&raquo;28px&raquo; header_2_line_height=&raquo;1.3em&raquo; header_3_text_color=&raquo;#344028&#8243; header_3_font_size=&raquo;19px&raquo; header_3_line_height=&raquo;1.3em&raquo; width=&raquo;91%&raquo; width_tablet=&raquo;90%&raquo; width_phone=&raquo;100%&raquo; width_last_edited=&raquo;on|phone&raquo; custom_margin=&raquo;8px||||false|false&raquo; custom_margin_tablet=&raquo;0px||||false|false&raquo; custom_margin_phone=&raquo;0px||||false|false&raquo; custom_margin_last_edited=&raquo;on|phone&raquo; header_2_text_align_tablet=&raquo;&raquo; header_2_text_align_phone=&raquo;center&raquo; header_2_text_align_last_edited=&raquo;on|phone&raquo; text_orientation_tablet=&raquo;&raquo; text_orientation_phone=&raquo;center&raquo; text_orientation_last_edited=&raquo;on|phone&raquo; global_colors_info=&raquo;{}&raquo;]<\/p>\n<h2>Testamenter en gave<\/h2>\n<p>Star for Life Norge har et samarbeid med Jurio som hjelper deg med \u00e5 sette opp ditt testament. I Norge reguleres arverettslige sp\u00f8rsm\u00e5l av arveloven. \u00d8nsker du at arven din skal fordeles p\u00e5 en annen m\u00e5te enn det som er bestemt i loven? Med et testament kan du selv bestemme hvordan dine verdier skal fordeles den dagen du g\u00e5r bort. Det \u00e5 velge \u00e5 gi en gave til Star for Life er en slik mulighet.[\/et_pb_text][et_pb_button button_url=&raquo;https:\/\/www.jurio.com\/no\/dokumenter-privat\/arv\/testament&raquo; url_new_window=&raquo;on&raquo; button_text=&raquo;Opprett et skriftlig testament&raquo; button_alignment=&raquo;left&raquo; button_alignment_tablet=&raquo;left&raquo; button_alignment_phone=&raquo;center&raquo; button_alignment_last_edited=&raquo;on|phone&raquo; _builder_version=&raquo;4.24.2&#8243; _module_preset=&raquo;default&raquo; custom_button=&raquo;on&raquo; button_text_color=&raquo;#FFFFFF&raquo; button_bg_color=&raquo;#DD1C1B&raquo; button_font=&raquo;||||||||&raquo; button_icon=&raquo;&#xf061;||fa||900&#8243; button_icon_color=&raquo;#FFFFFF&raquo; button_on_hover=&raquo;off&raquo; custom_margin=&raquo;||20px||false|false&raquo; custom_margin_tablet=&raquo;||30px||false|false&raquo; custom_margin_phone=&raquo;||10px||false|false&raquo; custom_margin_last_edited=&raquo;on|tablet&raquo; hover_enabled=&raquo;0&#8243; global_colors_info=&raquo;{}&raquo; sticky_enabled=&raquo;0&#8243;][\/et_pb_button][et_pb_button button_url=&raquo;https:\/\/www.jurio.com\/no&raquo; url_new_window=&raquo;on&raquo; button_text=&raquo;Juss p\u00e5 dine betingelser&raquo; button_alignment=&raquo;left&raquo; button_alignment_tablet=&raquo;left&raquo; button_alignment_phone=&raquo;center&raquo; button_alignment_last_edited=&raquo;on|phone&raquo; _builder_version=&raquo;4.24.2&#8243; _module_preset=&raquo;default&raquo; custom_button=&raquo;on&raquo; button_text_color=&raquo;#FFFFFF&raquo; button_bg_color=&raquo;#DD1C1B&raquo; button_font=&raquo;||||||||&raquo; button_icon=&raquo;&#xf061;||fa||900&#8243; button_icon_color=&raquo;#FFFFFF&raquo; button_on_hover=&raquo;off&raquo; custom_margin_tablet=&raquo;||30px||false|false&raquo; custom_margin_phone=&raquo;||10px||false|false&raquo; custom_margin_last_edited=&raquo;on|tablet&raquo; global_colors_info=&raquo;{}&raquo;][\/et_pb_button][\/et_pb_column][et_pb_column type=&raquo;1_2&#8243; _builder_version=&raquo;4.24.0&#8243; _module_preset=&raquo;default&raquo; background_image=&raquo;https:\/\/starforlife.org\/wp-content\/uploads\/2023\/12\/ge-en-gava-1.webp&raquo; background_position=&raquo;top_center&raquo; background_vertical_offset=&raquo;41%&raquo; custom_padding_tablet=&raquo;20%||20%||false|false&raquo; custom_padding_phone=&raquo;25%||25%||false|false&raquo; custom_padding_last_edited=&raquo;on|phone&raquo; border_radii=&raquo;on|100px|100px|100px|100px&raquo; border_radii_tablet=&raquo;on|50px|50px|50px|50px&raquo; border_radii_phone=&raquo;on|50px|50px|50px|50px&raquo; border_radii_last_edited=&raquo;on|phone&raquo; global_colors_info=&raquo;{}&raquo;][et_pb_divider show_divider=&raquo;off&raquo; _builder_version=&raquo;4.23.4&#8243; _module_preset=&raquo;default&raquo; custom_padding_tablet=&raquo;15%||15%||false|false&raquo; custom_padding_phone=&raquo;15%||15%||false|false&raquo; custom_padding_last_edited=&raquo;on|tablet&raquo; global_colors_info=&raquo;{}&raquo;][\/et_pb_divider][\/et_pb_column][\/et_pb_row][\/et_pb_section]<\/p>\n","protected":false},"excerpt":{"rendered":"<p>Med et testamente kan du selv bestemme hvordan dine verdier skal fordeles Testamenter en gave Star for Life Norge har et samarbeid med Jurio som hjelper deg med \u00e5 sette opp ditt testament. I Norge reguleres arverettslige sp\u00f8rsm\u00e5l av arveloven. \u00d8nsker du at arven din skal fordeles p\u00e5 en annen m\u00e5te enn det som er [&hellip;]<\/p>\n","protected":false},"author":1,"featured_media":0,"parent":35686,"menu_order":0,"comment_status":"closed","ping_status":"closed","template":"","meta":{"_acf_changed":false,"_et_pb_use_builder":"on","_et_pb_old_content":"","_et_gb_content_width":"","inline_featured_image":false,"footnotes":""},"class_list":["post-37252","page","type-page","status-publish","hentry"],"acf":[],"yoast_head":"<!-- This site is optimized with the Yoast SEO plugin v27.5 - https:\/\/yoast.com\/product\/yoast-seo-wordpress\/ -->\n<title>Testamenter en gave | Star for Life<\/title>\n<meta name=\"robots\" content=\"index, follow, max-snippet:-1, max-image-preview:large, max-video-preview:-1\" \/>\n<link rel=\"canonical\" href=\"https:\/\/starforlife.org\/no\/gi-gave\/testamenter-en-gave\/\" \/>\n<meta property=\"og:locale\" content=\"nb_NO\" \/>\n<meta property=\"og:type\" content=\"article\" \/>\n<meta property=\"og:title\" content=\"Testamenter en gave | Star for Life\" \/>\n<meta property=\"og:description\" content=\"Med et testamente kan du selv bestemme hvordan dine verdier skal fordeles Testamenter en gave Star for Life Norge har et samarbeid med Jurio som hjelper deg med \u00e5 sette opp ditt testament. I Norge reguleres arverettslige sp\u00f8rsm\u00e5l av arveloven. \u00d8nsker du at arven din skal fordeles p\u00e5 en annen m\u00e5te enn det som er [&hellip;]\" \/>\n<meta property=\"og:site_name\" content=\"Star for Life\" \/>\n<meta property=\"article:publisher\" content=\"https:\/\/www.facebook.com\/starforlifeofficial\" \/>\n<meta property=\"article:modified_time\" content=\"2024-03-07T15:08:30+00:00\" \/>\n<meta property=\"og:image\" content=\"https:\/\/starforlife.org\/wp-content\/uploads\/2023\/08\/kufezekile.webp\" \/>\n\t<meta property=\"og:image:width\" content=\"1920\" \/>\n\t<meta property=\"og:image:height\" content=\"1440\" \/>\n\t<meta property=\"og:image:type\" content=\"image\/webp\" \/>\n<meta name=\"twitter:card\" content=\"summary_large_image\" \/>\n<script type=\"application\/ld+json\" class=\"yoast-schema-graph\">{\"@context\":\"https:\\\/\\\/schema.org\",\"@graph\":[{\"@type\":\"WebPage\",\"@id\":\"https:\\\/\\\/starforlife.org\\\/no\\\/gi-gave\\\/testamenter-en-gave\\\/\",\"url\":\"https:\\\/\\\/starforlife.org\\\/no\\\/gi-gave\\\/testamenter-en-gave\\\/\",\"name\":\"Testamenter en gave | Star for Life\",\"isPartOf\":{\"@id\":\"https:\\\/\\\/starforlife.org\\\/#website\"},\"datePublished\":\"2024-02-20T17:33:00+00:00\",\"dateModified\":\"2024-03-07T15:08:30+00:00\",\"breadcrumb\":{\"@id\":\"https:\\\/\\\/starforlife.org\\\/no\\\/gi-gave\\\/testamenter-en-gave\\\/#breadcrumb\"},\"inLanguage\":\"nb-NO\",\"potentialAction\":[{\"@type\":\"ReadAction\",\"target\":[\"https:\\\/\\\/starforlife.org\\\/no\\\/gi-gave\\\/testamenter-en-gave\\\/\"]}]},{\"@type\":\"BreadcrumbList\",\"@id\":\"https:\\\/\\\/starforlife.org\\\/no\\\/gi-gave\\\/testamenter-en-gave\\\/#breadcrumb\",\"itemListElement\":[{\"@type\":\"ListItem\",\"position\":1,\"name\":\"Gi en gave\",\"item\":\"https:\\\/\\\/starforlife.org\\\/support-us\\\/\"},{\"@type\":\"ListItem\",\"position\":2,\"name\":\"Testamenter en gave\"}]},{\"@type\":\"WebSite\",\"@id\":\"https:\\\/\\\/starforlife.org\\\/#website\",\"url\":\"https:\\\/\\\/starforlife.org\\\/\",\"name\":\"Star for Life\",\"description\":\"Empowering young people\",\"publisher\":{\"@id\":\"https:\\\/\\\/starforlife.org\\\/#organization\"},\"alternateName\":\"SFL\",\"potentialAction\":[{\"@type\":\"SearchAction\",\"target\":{\"@type\":\"EntryPoint\",\"urlTemplate\":\"https:\\\/\\\/starforlife.org\\\/?s={search_term_string}\"},\"query-input\":{\"@type\":\"PropertyValueSpecification\",\"valueRequired\":true,\"valueName\":\"search_term_string\"}}],\"inLanguage\":\"nb-NO\"},{\"@type\":\"Organization\",\"@id\":\"https:\\\/\\\/starforlife.org\\\/#organization\",\"name\":\"Star for life\",\"url\":\"https:\\\/\\\/starforlife.org\\\/\",\"logo\":{\"@type\":\"ImageObject\",\"inLanguage\":\"nb-NO\",\"@id\":\"https:\\\/\\\/starforlife.org\\\/#\\\/schema\\\/logo\\\/image\\\/\",\"url\":\"https:\\\/\\\/starforlife.org\\\/wp-content\\\/uploads\\\/2024\\\/02\\\/logga.svg\",\"contentUrl\":\"https:\\\/\\\/starforlife.org\\\/wp-content\\\/uploads\\\/2024\\\/02\\\/logga.svg\",\"width\":\"1024\",\"height\":\"1024\",\"caption\":\"Star for life\"},\"image\":{\"@id\":\"https:\\\/\\\/starforlife.org\\\/#\\\/schema\\\/logo\\\/image\\\/\"},\"sameAs\":[\"https:\\\/\\\/www.facebook.com\\\/starforlifeofficial\",\"https:\\\/\\\/www.linkedin.com\\\/company\\\/7063029\\\/\"]}]}<\/script>\n<!-- \/ Yoast SEO plugin. -->","yoast_head_json":{"title":"Testamenter en gave | Star for Life","robots":{"index":"index","follow":"follow","max-snippet":"max-snippet:-1","max-image-preview":"max-image-preview:large","max-video-preview":"max-video-preview:-1"},"canonical":"https:\/\/starforlife.org\/no\/gi-gave\/testamenter-en-gave\/","og_locale":"nb_NO","og_type":"article","og_title":"Testamenter en gave | Star for Life","og_description":"Med et testamente kan du selv bestemme hvordan dine verdier skal fordeles Testamenter en gave Star for Life Norge har et samarbeid med Jurio som hjelper deg med \u00e5 sette opp ditt testament. I Norge reguleres arverettslige sp\u00f8rsm\u00e5l av arveloven. \u00d8nsker du at arven din skal fordeles p\u00e5 en annen m\u00e5te enn det som er [&hellip;]","og_site_name":"Star for Life","article_publisher":"https:\/\/www.facebook.com\/starforlifeofficial","article_modified_time":"2024-03-07T15:08:30+00:00","og_image":[{"width":1920,"height":1440,"url":"https:\/\/starforlife.org\/wp-content\/uploads\/2023\/08\/kufezekile.webp","type":"image\/webp"}],"twitter_card":"summary_large_image","schema":{"@context":"https:\/\/schema.org","@graph":[{"@type":"WebPage","@id":"https:\/\/starforlife.org\/no\/gi-gave\/testamenter-en-gave\/","url":"https:\/\/starforlife.org\/no\/gi-gave\/testamenter-en-gave\/","name":"Testamenter en gave | Star for Life","isPartOf":{"@id":"https:\/\/starforlife.org\/#website"},"datePublished":"2024-02-20T17:33:00+00:00","dateModified":"2024-03-07T15:08:30+00:00","breadcrumb":{"@id":"https:\/\/starforlife.org\/no\/gi-gave\/testamenter-en-gave\/#breadcrumb"},"inLanguage":"nb-NO","potentialAction":[{"@type":"ReadAction","target":["https:\/\/starforlife.org\/no\/gi-gave\/testamenter-en-gave\/"]}]},{"@type":"BreadcrumbList","@id":"https:\/\/starforlife.org\/no\/gi-gave\/testamenter-en-gave\/#breadcrumb","itemListElement":[{"@type":"ListItem","position":1,"name":"Gi en gave","item":"https:\/\/starforlife.org\/support-us\/"},{"@type":"ListItem","position":2,"name":"Testamenter en gave"}]},{"@type":"WebSite","@id":"https:\/\/starforlife.org\/#website","url":"https:\/\/starforlife.org\/","name":"Star for Life","description":"Empowering young people","publisher":{"@id":"https:\/\/starforlife.org\/#organization"},"alternateName":"SFL","potentialAction":[{"@type":"SearchAction","target":{"@type":"EntryPoint","urlTemplate":"https:\/\/starforlife.org\/?s={search_term_string}"},"query-input":{"@type":"PropertyValueSpecification","valueRequired":true,"valueName":"search_term_string"}}],"inLanguage":"nb-NO"},{"@type":"Organization","@id":"https:\/\/starforlife.org\/#organization","name":"Star for life","url":"https:\/\/starforlife.org\/","logo":{"@type":"ImageObject","inLanguage":"nb-NO","@id":"https:\/\/starforlife.org\/#\/schema\/logo\/image\/","url":"https:\/\/starforlife.org\/wp-content\/uploads\/2024\/02\/logga.svg","contentUrl":"https:\/\/starforlife.org\/wp-content\/uploads\/2024\/02\/logga.svg","width":"1024","height":"1024","caption":"Star for life"},"image":{"@id":"https:\/\/starforlife.org\/#\/schema\/logo\/image\/"},"sameAs":["https:\/\/www.facebook.com\/starforlifeofficial","https:\/\/www.linkedin.com\/company\/7063029\/"]}]}},"_links":{"self":[{"href":"https:\/\/starforlife.org\/no\/wp-json\/wp\/v2\/pages\/37252","targetHints":{"allow":["GET"]}}],"collection":[{"href":"https:\/\/starforlife.org\/no\/wp-json\/wp\/v2\/pages"}],"about":[{"href":"https:\/\/starforlife.org\/no\/wp-json\/wp\/v2\/types\/page"}],"author":[{"embeddable":true,"href":"https:\/\/starforlife.org\/no\/wp-json\/wp\/v2\/users\/1"}],"replies":[{"embeddable":true,"href":"https:\/\/starforlife.org\/no\/wp-json\/wp\/v2\/comments?post=37252"}],"version-history":[{"count":8,"href":"https:\/\/starforlife.org\/no\/wp-json\/wp\/v2\/pages\/37252\/revisions"}],"predecessor-version":[{"id":37680,"href":"https:\/\/starforlife.org\/no\/wp-json\/wp\/v2\/pages\/37252\/revisions\/37680"}],"up":[{"embeddable":true,"href":"https:\/\/starforlife.org\/no\/wp-json\/wp\/v2\/pages\/35686"}],"wp:attachment":[{"href":"https:\/\/starforlife.org\/no\/wp-json\/wp\/v2\/media?parent=37252"}],"curies":[{"name":"wp","href":"https:\/\/api.w.org\/{rel}","templated":true}]}}