{"id":36548,"date":"2024-02-07T15:13:04","date_gmt":"2024-02-07T14:13:04","guid":{"rendered":"https:\/\/starforlife.org\/start-norska\/"},"modified":"2026-03-24T14:26:53","modified_gmt":"2026-03-24T13:26:53","slug":"start-norska","status":"publish","type":"page","link":"https:\/\/starforlife.org\/no\/","title":{"rendered":"Star for Life"},"content":{"rendered":"<p>[et_pb_section fb_built=&raquo;1&#8243; theme_builder_area=&raquo;post_content&raquo; _builder_version=&raquo;4.24.2&#8243; _module_preset=&raquo;default&raquo; custom_margin=&raquo;0px||0px||false|false&raquo; custom_padding=&raquo;0px||0px||false|false&raquo;][et_pb_row _builder_version=&raquo;4.24.2&#8243; _module_preset=&raquo;default&raquo; theme_builder_area=&raquo;post_content&raquo; custom_padding=&raquo;0px||0px||false|false&raquo; custom_margin=&raquo;0px||0px||false|false&raquo;][et_pb_column _builder_version=&raquo;4.24.2&#8243; _module_preset=&raquo;default&raquo; type=&raquo;4_4&#8243; theme_builder_area=&raquo;post_content&raquo;][\/et_pb_column][\/et_pb_row][\/et_pb_section]<\/p>\n","protected":false},"excerpt":{"rendered":"","protected":false},"author":1,"featured_media":32708,"parent":0,"menu_order":0,"comment_status":"closed","ping_status":"closed","template":"","meta":{"_acf_changed":false,"_et_pb_use_builder":"on","_et_pb_old_content":"","_et_gb_content_width":"","inline_featured_image":false,"footnotes":""},"class_list":["post-36548","page","type-page","status-publish","has-post-thumbnail","hentry"],"acf":[],"yoast_head":"<!-- This site is optimized with the Yoast SEO plugin v27.4 - https:\/\/yoast.com\/product\/yoast-seo-wordpress\/ -->\n<title>Star for Life | Empowering young people<\/title>\n<meta name=\"description\" content=\"Meld deg p\u00e5 Sentrumsl\u00f8pet Dream Challenge 11. juli i Lillesand. Trening med mening. H\u00e5per \u00e5 se deg!\" \/>\n<meta name=\"robots\" content=\"index, follow, max-snippet:-1, max-image-preview:large, max-video-preview:-1\" \/>\n<link rel=\"canonical\" href=\"https:\/\/starforlife.org\/no\/\" \/>\n<meta property=\"og:locale\" content=\"nb_NO\" \/>\n<meta property=\"og:type\" content=\"article\" \/>\n<meta property=\"og:title\" content=\"Star for Life | Empowering young people\" \/>\n<meta property=\"og:description\" content=\"Meld deg p\u00e5 Sentrumsl\u00f8pet Dream Challenge 11. juli i Lillesand. Trening med mening. H\u00e5per \u00e5 se deg!\" \/>\n<meta property=\"og:site_name\" content=\"Star for Life\" \/>\n<meta property=\"article:publisher\" content=\"https:\/\/www.facebook.com\/starforlifeofficial\" \/>\n<meta property=\"article:modified_time\" content=\"2026-03-24T13:26:53+00:00\" \/>\n<meta property=\"og:image\" content=\"https:\/\/starforlife.org\/wp-content\/uploads\/2023\/09\/DSC05908-kopiera-kopia.webp\" \/>\n\t<meta property=\"og:image:width\" content=\"1920\" \/>\n\t<meta property=\"og:image:height\" content=\"1280\" \/>\n\t<meta property=\"og:image:type\" content=\"image\/webp\" \/>\n<meta name=\"twitter:card\" content=\"summary_large_image\" \/>\n<meta name=\"twitter:description\" content=\"N\u00e5 kan du melde deg p\u00e5 innsamlingsl\u00f8pet Dream Challenge i Lillesand 12. juli. Trening med mening. Velkommen!\" \/>\n<meta name=\"twitter:image\" content=\"https:\/\/starforlife.org\/wp-content\/uploads\/2023\/09\/DSC05908-kopiera-kopia.webp\" \/>\n<meta name=\"twitter:label1\" content=\"Ansl. lesetid\" \/>\n\t<meta name=\"twitter:data1\" content=\"1 minutt\" \/>\n<script type=\"application\/ld+json\" class=\"yoast-schema-graph\">{\"@context\":\"https:\\\/\\\/schema.org\",\"@graph\":[{\"@type\":\"WebPage\",\"@id\":\"https:\\\/\\\/starforlife.org\\\/no\\\/\",\"url\":\"https:\\\/\\\/starforlife.org\\\/no\\\/\",\"name\":\"Star for Life | Empowering young people\",\"isPartOf\":{\"@id\":\"https:\\\/\\\/starforlife.org\\\/#website\"},\"primaryImageOfPage\":{\"@id\":\"https:\\\/\\\/starforlife.org\\\/no\\\/#primaryimage\"},\"image\":{\"@id\":\"https:\\\/\\\/starforlife.org\\\/no\\\/#primaryimage\"},\"thumbnailUrl\":\"https:\\\/\\\/starforlife.org\\\/wp-content\\\/uploads\\\/2023\\\/09\\\/DSC05908-kopiera-kopia.webp\",\"datePublished\":\"2024-02-07T14:13:04+00:00\",\"dateModified\":\"2026-03-24T13:26:53+00:00\",\"description\":\"Meld deg p\u00e5 Sentrumsl\u00f8pet Dream Challenge 11. juli i Lillesand. Trening med mening. H\u00e5per \u00e5 se deg!\",\"inLanguage\":\"nb-NO\",\"potentialAction\":[{\"@type\":\"ReadAction\",\"target\":[\"https:\\\/\\\/starforlife.org\\\/no\\\/\"]}]},{\"@type\":\"ImageObject\",\"inLanguage\":\"nb-NO\",\"@id\":\"https:\\\/\\\/starforlife.org\\\/no\\\/#primaryimage\",\"url\":\"https:\\\/\\\/starforlife.org\\\/wp-content\\\/uploads\\\/2023\\\/09\\\/DSC05908-kopiera-kopia.webp\",\"contentUrl\":\"https:\\\/\\\/starforlife.org\\\/wp-content\\\/uploads\\\/2023\\\/09\\\/DSC05908-kopiera-kopia.webp\",\"width\":1920,\"height\":1280},{\"@type\":\"WebSite\",\"@id\":\"https:\\\/\\\/starforlife.org\\\/#website\",\"url\":\"https:\\\/\\\/starforlife.org\\\/\",\"name\":\"Star for Life\",\"description\":\"Empowering young people\",\"publisher\":{\"@id\":\"https:\\\/\\\/starforlife.org\\\/#organization\"},\"alternateName\":\"SFL\",\"potentialAction\":[{\"@type\":\"SearchAction\",\"target\":{\"@type\":\"EntryPoint\",\"urlTemplate\":\"https:\\\/\\\/starforlife.org\\\/?s={search_term_string}\"},\"query-input\":{\"@type\":\"PropertyValueSpecification\",\"valueRequired\":true,\"valueName\":\"search_term_string\"}}],\"inLanguage\":\"nb-NO\"},{\"@type\":\"Organization\",\"@id\":\"https:\\\/\\\/starforlife.org\\\/#organization\",\"name\":\"Star for life\",\"url\":\"https:\\\/\\\/starforlife.org\\\/\",\"logo\":{\"@type\":\"ImageObject\",\"inLanguage\":\"nb-NO\",\"@id\":\"https:\\\/\\\/starforlife.org\\\/#\\\/schema\\\/logo\\\/image\\\/\",\"url\":\"https:\\\/\\\/starforlife.org\\\/wp-content\\\/uploads\\\/2024\\\/02\\\/logga.svg\",\"contentUrl\":\"https:\\\/\\\/starforlife.org\\\/wp-content\\\/uploads\\\/2024\\\/02\\\/logga.svg\",\"width\":\"1024\",\"height\":\"1024\",\"caption\":\"Star for life\"},\"image\":{\"@id\":\"https:\\\/\\\/starforlife.org\\\/#\\\/schema\\\/logo\\\/image\\\/\"},\"sameAs\":[\"https:\\\/\\\/www.facebook.com\\\/starforlifeofficial\",\"https:\\\/\\\/www.linkedin.com\\\/company\\\/7063029\\\/\"]}]}<\/script>\n<!-- \/ Yoast SEO plugin. -->","yoast_head_json":{"title":"Star for Life | Empowering young people","description":"Meld deg p\u00e5 Sentrumsl\u00f8pet Dream Challenge 11. juli i Lillesand. Trening med mening. H\u00e5per \u00e5 se deg!","robots":{"index":"index","follow":"follow","max-snippet":"max-snippet:-1","max-image-preview":"max-image-preview:large","max-video-preview":"max-video-preview:-1"},"canonical":"https:\/\/starforlife.org\/no\/","og_locale":"nb_NO","og_type":"article","og_title":"Star for Life | Empowering young people","og_description":"Meld deg p\u00e5 Sentrumsl\u00f8pet Dream Challenge 11. juli i Lillesand. Trening med mening. H\u00e5per \u00e5 se deg!","og_site_name":"Star for Life","article_publisher":"https:\/\/www.facebook.com\/starforlifeofficial","article_modified_time":"2026-03-24T13:26:53+00:00","og_image":[{"width":1920,"height":1280,"url":"https:\/\/starforlife.org\/wp-content\/uploads\/2023\/09\/DSC05908-kopiera-kopia.webp","type":"image\/webp"}],"twitter_card":"summary_large_image","twitter_description":"N\u00e5 kan du melde deg p\u00e5 innsamlingsl\u00f8pet Dream Challenge i Lillesand 12. juli. Trening med mening. Velkommen!","twitter_image":"https:\/\/starforlife.org\/wp-content\/uploads\/2023\/09\/DSC05908-kopiera-kopia.webp","twitter_misc":{"Ansl. lesetid":"1 minutt"},"schema":{"@context":"https:\/\/schema.org","@graph":[{"@type":"WebPage","@id":"https:\/\/starforlife.org\/no\/","url":"https:\/\/starforlife.org\/no\/","name":"Star for Life | Empowering young people","isPartOf":{"@id":"https:\/\/starforlife.org\/#website"},"primaryImageOfPage":{"@id":"https:\/\/starforlife.org\/no\/#primaryimage"},"image":{"@id":"https:\/\/starforlife.org\/no\/#primaryimage"},"thumbnailUrl":"https:\/\/starforlife.org\/wp-content\/uploads\/2023\/09\/DSC05908-kopiera-kopia.webp","datePublished":"2024-02-07T14:13:04+00:00","dateModified":"2026-03-24T13:26:53+00:00","description":"Meld deg p\u00e5 Sentrumsl\u00f8pet Dream Challenge 11. juli i Lillesand. Trening med mening. H\u00e5per \u00e5 se deg!","inLanguage":"nb-NO","potentialAction":[{"@type":"ReadAction","target":["https:\/\/starforlife.org\/no\/"]}]},{"@type":"ImageObject","inLanguage":"nb-NO","@id":"https:\/\/starforlife.org\/no\/#primaryimage","url":"https:\/\/starforlife.org\/wp-content\/uploads\/2023\/09\/DSC05908-kopiera-kopia.webp","contentUrl":"https:\/\/starforlife.org\/wp-content\/uploads\/2023\/09\/DSC05908-kopiera-kopia.webp","width":1920,"height":1280},{"@type":"WebSite","@id":"https:\/\/starforlife.org\/#website","url":"https:\/\/starforlife.org\/","name":"Star for Life","description":"Empowering young people","publisher":{"@id":"https:\/\/starforlife.org\/#organization"},"alternateName":"SFL","potentialAction":[{"@type":"SearchAction","target":{"@type":"EntryPoint","urlTemplate":"https:\/\/starforlife.org\/?s={search_term_string}"},"query-input":{"@type":"PropertyValueSpecification","valueRequired":true,"valueName":"search_term_string"}}],"inLanguage":"nb-NO"},{"@type":"Organization","@id":"https:\/\/starforlife.org\/#organization","name":"Star for life","url":"https:\/\/starforlife.org\/","logo":{"@type":"ImageObject","inLanguage":"nb-NO","@id":"https:\/\/starforlife.org\/#\/schema\/logo\/image\/","url":"https:\/\/starforlife.org\/wp-content\/uploads\/2024\/02\/logga.svg","contentUrl":"https:\/\/starforlife.org\/wp-content\/uploads\/2024\/02\/logga.svg","width":"1024","height":"1024","caption":"Star for life"},"image":{"@id":"https:\/\/starforlife.org\/#\/schema\/logo\/image\/"},"sameAs":["https:\/\/www.facebook.com\/starforlifeofficial","https:\/\/www.linkedin.com\/company\/7063029\/"]}]}},"_links":{"self":[{"href":"https:\/\/starforlife.org\/no\/wp-json\/wp\/v2\/pages\/36548","targetHints":{"allow":["GET"]}}],"collection":[{"href":"https:\/\/starforlife.org\/no\/wp-json\/wp\/v2\/pages"}],"about":[{"href":"https:\/\/starforlife.org\/no\/wp-json\/wp\/v2\/types\/page"}],"author":[{"embeddable":true,"href":"https:\/\/starforlife.org\/no\/wp-json\/wp\/v2\/users\/1"}],"replies":[{"embeddable":true,"href":"https:\/\/starforlife.org\/no\/wp-json\/wp\/v2\/comments?post=36548"}],"version-history":[{"count":44,"href":"https:\/\/starforlife.org\/no\/wp-json\/wp\/v2\/pages\/36548\/revisions"}],"predecessor-version":[{"id":46148,"href":"https:\/\/starforlife.org\/no\/wp-json\/wp\/v2\/pages\/36548\/revisions\/46148"}],"wp:featuredmedia":[{"embeddable":true,"href":"https:\/\/starforlife.org\/no\/wp-json\/wp\/v2\/media\/32708"}],"wp:attachment":[{"href":"https:\/\/starforlife.org\/no\/wp-json\/wp\/v2\/media?parent=36548"}],"curies":[{"name":"wp","href":"https:\/\/api.w.org\/{rel}","templated":true}]}}