{"id":35645,"date":"2024-01-27T15:15:51","date_gmt":"2024-01-27T14:15:51","guid":{"rendered":"https:\/\/starforlife.org\/musikk-og-kultur\/"},"modified":"2025-11-07T12:47:46","modified_gmt":"2025-11-07T11:47:46","slug":"musikk-og-kultur","status":"publish","type":"page","link":"https:\/\/starforlife.org\/no\/hva-vi-gjor\/musikk-og-kultur\/","title":{"rendered":"Musikk og kultur"},"content":{"rendered":"<p>[et_pb_section fb_built=&raquo;1&#8243; custom_padding_last_edited=&raquo;on|tablet&raquo; _builder_version=&raquo;4.23.4&#8243; _module_preset=&raquo;default&raquo; background_video_mp4=&raquo;https:\/\/starforlife.org\/wp-content\/uploads\/2023\/11\/Star-for-Life-in-Concert.mov&raquo; background_video_webm=&raquo;https:\/\/starforlife.org\/wp-content\/uploads\/2023\/12\/Star-for-Life-in-Concert.webm&raquo; background_video_pause_outside_viewport=&raquo;off&raquo; custom_padding=&raquo;190px||210px||false|false&raquo; custom_padding_tablet=&raquo;75px||100px||false|false&raquo; custom_padding_phone=&raquo;75px||100px||false|false&raquo; global_colors_info=&raquo;{}&raquo;][et_pb_row _builder_version=&raquo;4.23.1&#8243; _module_preset=&raquo;default&raquo; global_colors_info=&raquo;{}&raquo;][et_pb_column type=&raquo;4_4&#8243; _builder_version=&raquo;4.23.1&#8243; _module_preset=&raquo;default&raquo; global_colors_info=&raquo;{}&raquo;][et_pb_image src=&raquo;https:\/\/starforlife.org\/wp-content\/uploads\/\/sfl_white_star_2023-.svg&raquo; title_text=&raquo;sfl_white_star_2023&#8243; _builder_version=&raquo;4.23.4&#8243; _module_preset=&raquo;default&raquo; width=&raquo;15%&raquo; width_tablet=&raquo;23%&raquo; width_phone=&raquo;27%&raquo; width_last_edited=&raquo;on|tablet&raquo; module_alignment=&raquo;center&raquo; custom_margin=&raquo;||10px||false|false&raquo; global_colors_info=&raquo;{}&raquo;][\/et_pb_image][et_pb_text _builder_version=&raquo;4.23.4&#8243; _module_preset=&raquo;default&raquo; header_text_align=&raquo;center&raquo; header_text_color=&raquo;#FFFFFF&raquo; header_2_text_align=&raquo;center&raquo; header_2_text_color=&raquo;#ffffff&raquo; header_font_size_tablet=&raquo;30px&raquo; header_font_size_phone=&raquo;25px&raquo; header_font_size_last_edited=&raquo;on|phone&raquo; header_text_shadow_style=&raquo;preset3&#8243; header_2_text_shadow_style=&raquo;preset3&#8243; global_colors_info=&raquo;{}&raquo;]<\/p>\n<h1>Star for Life in Concert<\/h1>\n<p>[\/et_pb_text][\/et_pb_column][\/et_pb_row][\/et_pb_section][et_pb_section fb_built=&raquo;1&#8243; custom_padding_last_edited=&raquo;on|phone&raquo; _builder_version=&raquo;4.22.0&#8243; _module_preset=&raquo;default&raquo; background_color=&raquo;rgba(0,0,0,0.83)&raquo; custom_padding_tablet=&raquo;&raquo; custom_padding_phone=&raquo;||0px||false|false&raquo; global_colors_info=&raquo;{}&raquo;][et_pb_row column_structure=&raquo;1_2,1_2&#8243; use_custom_gutter=&raquo;on&raquo; make_equal=&raquo;on&raquo; custom_padding_last_edited=&raquo;on|desktop&raquo; _builder_version=&raquo;4.23.4&#8243; _module_preset=&raquo;default&raquo; width=&raquo;90%&raquo; max_width=&raquo;1280px&raquo; custom_margin=&raquo;||||false|false&raquo; custom_padding=&raquo;||40px||false|false&raquo; custom_padding_tablet=&raquo;0px||0px||false|false&raquo; custom_padding_phone=&raquo;0px||80px||false|false&raquo; global_colors_info=&raquo;{}&raquo;][et_pb_column type=&raquo;1_2&#8243; _builder_version=&raquo;4.23.4&#8243; _module_preset=&raquo;default&raquo; custom_padding_tablet=&raquo;&raquo; custom_padding_phone=&raquo;0px||||false|false&raquo; custom_padding_last_edited=&raquo;on|phone&raquo; global_colors_info=&raquo;{}&raquo;][et_pb_text _builder_version=&raquo;4.24.0&#8243; _module_preset=&raquo;default&raquo; text_text_color=&raquo;#FFFFFF&raquo; text_font_size=&raquo;16px&raquo; text_line_height=&raquo;1.6em&raquo; link_font=&raquo;||||on|||#47AC3D|&raquo; link_text_color=&raquo;#47AC3D&raquo; header_2_text_color=&raquo;#FFFFFF&raquo; header_2_font_size=&raquo;28px&raquo; width=&raquo;96%&raquo; custom_margin_tablet=&raquo;||||false|false&raquo; custom_margin_phone=&raquo;0px||||false|false&raquo; custom_margin_last_edited=&raquo;on|tablet&raquo; custom_padding_tablet=&raquo;||20px||false|false&raquo; custom_padding_phone=&raquo;0px||20px||false|false&raquo; custom_padding_last_edited=&raquo;on|tablet&raquo; header_2_font_size_phone=&raquo;25px&raquo; header_2_font_size_last_edited=&raquo;off|phone&raquo; global_colors_info=&raquo;{}&raquo;]<\/p>\n<h2>Star for Life in Concert<br \/>\u2013 mer enn en konsert<\/h2>\n<p>Enten du er i &laquo;bushing hj\u00f8rner&raquo; av de store byene eller i klasserommene p\u00e5 landsbygda skoler, er musikk stadig til stede i S\u00f8r-Afrika. Som en p\u00e5minnelse om kampen mot apartheid, som nasjonalsang for denne spirende regnbuenasjonen og som en viktig kilde til styrke i hverdagen. Derfor, siden Star for Life ble grunnlagt i S\u00f8r-Afrika, har musikk hatt en sentral rolle i arbeidet v\u00e5rt.<\/p>\n<p>Under ledelse av Ken Wennerholm og G\u00f6ran Rudbo fra Triple &amp; Touch har Star for Life in Concert samlet nordiske skolebarn som har kunnet synge med det s\u00f8rafrikanske stjernekoret, artistene Ntombie og Phakamani, samt noen av Sveriges mest popul\u00e6re artister som Cazzi Opeia, M\u00e5ns Zelmerl\u00f6w, Sonja Ald\u00e9n, Dregen og John Lundvik. Resultatet har blitt utsolgte konsertsaler og musikkglede i byer, tettsteder og sm\u00e5byer over hele Sverige og i Norge. P\u00e5 denne m\u00e5ten \u00f8ker vi kunnskapen og bringer folk n\u00e6rmere hverandre. Men dette er bare mulig gjennom tett samarbeid mellom Star for Life, lokale bedrifter, idrettslag og skoler.<\/p>\n<p>Vil du ogs\u00e5 v\u00e6re med \u00e5 arrangere Star for Life in Concert i din kommune? Ta gjerne kontakt med J\u00f8rgen Klafstad <a href=\"mailto:lois@starforlife.se\">jorgen@starforlife.org<\/a>\u00a0for mer informasjon.<\/p>\n<p>[\/et_pb_text][et_pb_button button_url=&raquo;https:\/\/starforlife.org\/no\/bli-partner\/&raquo; button_text=&raquo;Doner til Star for Life Arts&raquo; button_alignment=&raquo;left&raquo; _builder_version=&raquo;4.24.0&#8243; _module_preset=&raquo;default&raquo; custom_button=&raquo;on&raquo; button_text_color=&raquo;#FFFFFF&raquo; button_bg_color=&raquo;#47AC3D&raquo; button_font=&raquo;||||||||&raquo; button_icon=&raquo;&#xf061;||fa||900&#8243; button_icon_color=&raquo;#FFFFFF&raquo; button_on_hover=&raquo;off&raquo; hover_enabled=&raquo;0&#8243; locked=&raquo;off&raquo; global_colors_info=&raquo;{}&raquo; button_bg_color__hover=&raquo;#344028&#8243; button_bg_color__hover_enabled=&raquo;on|hover&raquo; sticky_enabled=&raquo;0&#8243;][\/et_pb_button][\/et_pb_column][et_pb_column type=&raquo;1_2&#8243; _builder_version=&raquo;4.22.0&#8243; _module_preset=&raquo;default&raquo; global_colors_info=&raquo;{}&raquo;][et_pb_code _builder_version=&raquo;4.23.4&#8243; _module_preset=&raquo;default&raquo; global_colors_info=&raquo;{}&raquo;]<iframe loading=\"lazy\" src=\"https:\/\/open.spotify.com\/embed\/album\/4GljyjDM4UzZteS8zLEnDl?theme=0\" width=\"100%\" height=\"700\" frameborder=\"0\" allowfullscreen=\"\" allow=\"autoplay; clipboard-write; encrypted-media; fullscreen; picture-in-picture\"><\/iframe>[\/et_pb_code][\/et_pb_column][\/et_pb_row][\/et_pb_section]<\/p>\n","protected":false},"excerpt":{"rendered":"<p>Star for Life in ConcertStar for Life in Concert\u2013 mer enn en konsert Enten du er i &laquo;bushing hj\u00f8rner&raquo; av de store byene eller i klasserommene p\u00e5 landsbygda skoler, er musikk stadig til stede i S\u00f8r-Afrika. Som en p\u00e5minnelse om kampen mot apartheid, som nasjonalsang for denne spirende regnbuenasjonen og som en viktig kilde til [&hellip;]<\/p>\n","protected":false},"author":1,"featured_media":0,"parent":35610,"menu_order":0,"comment_status":"closed","ping_status":"closed","template":"","meta":{"_acf_changed":false,"_et_pb_use_builder":"on","_et_pb_old_content":"","_et_gb_content_width":"","inline_featured_image":false,"footnotes":""},"class_list":["post-35645","page","type-page","status-publish","hentry"],"acf":[],"yoast_head":"<!-- This site is optimized with the Yoast SEO plugin v27.4 - https:\/\/yoast.com\/product\/yoast-seo-wordpress\/ -->\n<title>Musikk og kultur | Star for Life<\/title>\n<meta name=\"robots\" content=\"index, follow, max-snippet:-1, max-image-preview:large, max-video-preview:-1\" \/>\n<link rel=\"canonical\" href=\"https:\/\/starforlife.org\/no\/hva-vi-gjor\/musikk-og-kultur\/\" \/>\n<meta property=\"og:locale\" content=\"nb_NO\" \/>\n<meta property=\"og:type\" content=\"article\" \/>\n<meta property=\"og:title\" content=\"Musikk og kultur | Star for Life\" \/>\n<meta property=\"og:description\" content=\"Star for Life in ConcertStar for Life in Concert\u2013 mer enn en konsert Enten du er i &quot;bushing hj\u00f8rner&quot; av de store byene eller i klasserommene p\u00e5 landsbygda skoler, er musikk stadig til stede i S\u00f8r-Afrika. Som en p\u00e5minnelse om kampen mot apartheid, som nasjonalsang for denne spirende regnbuenasjonen og som en viktig kilde til [&hellip;]\" \/>\n<meta property=\"og:site_name\" content=\"Star for Life\" \/>\n<meta property=\"article:publisher\" content=\"https:\/\/www.facebook.com\/starforlifeofficial\" \/>\n<meta property=\"article:modified_time\" content=\"2025-11-07T11:47:46+00:00\" \/>\n<meta property=\"og:image\" content=\"https:\/\/starforlife.org\/wp-content\/uploads\/2023\/08\/kufezekile.webp\" \/>\n\t<meta property=\"og:image:width\" content=\"1920\" \/>\n\t<meta property=\"og:image:height\" content=\"1440\" \/>\n\t<meta property=\"og:image:type\" content=\"image\/webp\" \/>\n<meta name=\"twitter:card\" content=\"summary_large_image\" \/>\n<meta name=\"twitter:label1\" content=\"Ansl. lesetid\" \/>\n\t<meta name=\"twitter:data1\" content=\"4 minutter\" \/>\n<script type=\"application\/ld+json\" class=\"yoast-schema-graph\">{\"@context\":\"https:\\\/\\\/schema.org\",\"@graph\":[{\"@type\":\"WebPage\",\"@id\":\"https:\\\/\\\/starforlife.org\\\/no\\\/hva-vi-gjor\\\/musikk-og-kultur\\\/\",\"url\":\"https:\\\/\\\/starforlife.org\\\/no\\\/hva-vi-gjor\\\/musikk-og-kultur\\\/\",\"name\":\"Musikk og kultur | Star for Life\",\"isPartOf\":{\"@id\":\"https:\\\/\\\/starforlife.org\\\/#website\"},\"datePublished\":\"2024-01-27T14:15:51+00:00\",\"dateModified\":\"2025-11-07T11:47:46+00:00\",\"breadcrumb\":{\"@id\":\"https:\\\/\\\/starforlife.org\\\/no\\\/hva-vi-gjor\\\/musikk-og-kultur\\\/#breadcrumb\"},\"inLanguage\":\"nb-NO\",\"potentialAction\":[{\"@type\":\"ReadAction\",\"target\":[\"https:\\\/\\\/starforlife.org\\\/no\\\/hva-vi-gjor\\\/musikk-og-kultur\\\/\"]}]},{\"@type\":\"BreadcrumbList\",\"@id\":\"https:\\\/\\\/starforlife.org\\\/no\\\/hva-vi-gjor\\\/musikk-og-kultur\\\/#breadcrumb\",\"itemListElement\":[{\"@type\":\"ListItem\",\"position\":1,\"name\":\"Hva vi gj\u00f8r\",\"item\":\"https:\\\/\\\/starforlife.org\\\/no\\\/hva-vi-gjor\\\/\"},{\"@type\":\"ListItem\",\"position\":2,\"name\":\"Musikk og kultur\"}]},{\"@type\":\"WebSite\",\"@id\":\"https:\\\/\\\/starforlife.org\\\/#website\",\"url\":\"https:\\\/\\\/starforlife.org\\\/\",\"name\":\"Star for Life\",\"description\":\"Empowering young people\",\"publisher\":{\"@id\":\"https:\\\/\\\/starforlife.org\\\/#organization\"},\"alternateName\":\"SFL\",\"potentialAction\":[{\"@type\":\"SearchAction\",\"target\":{\"@type\":\"EntryPoint\",\"urlTemplate\":\"https:\\\/\\\/starforlife.org\\\/?s={search_term_string}\"},\"query-input\":{\"@type\":\"PropertyValueSpecification\",\"valueRequired\":true,\"valueName\":\"search_term_string\"}}],\"inLanguage\":\"nb-NO\"},{\"@type\":\"Organization\",\"@id\":\"https:\\\/\\\/starforlife.org\\\/#organization\",\"name\":\"Star for life\",\"url\":\"https:\\\/\\\/starforlife.org\\\/\",\"logo\":{\"@type\":\"ImageObject\",\"inLanguage\":\"nb-NO\",\"@id\":\"https:\\\/\\\/starforlife.org\\\/#\\\/schema\\\/logo\\\/image\\\/\",\"url\":\"https:\\\/\\\/starforlife.org\\\/wp-content\\\/uploads\\\/2024\\\/02\\\/logga.svg\",\"contentUrl\":\"https:\\\/\\\/starforlife.org\\\/wp-content\\\/uploads\\\/2024\\\/02\\\/logga.svg\",\"width\":\"1024\",\"height\":\"1024\",\"caption\":\"Star for life\"},\"image\":{\"@id\":\"https:\\\/\\\/starforlife.org\\\/#\\\/schema\\\/logo\\\/image\\\/\"},\"sameAs\":[\"https:\\\/\\\/www.facebook.com\\\/starforlifeofficial\",\"https:\\\/\\\/www.linkedin.com\\\/company\\\/7063029\\\/\"]}]}<\/script>\n<!-- \/ Yoast SEO plugin. -->","yoast_head_json":{"title":"Musikk og kultur | Star for Life","robots":{"index":"index","follow":"follow","max-snippet":"max-snippet:-1","max-image-preview":"max-image-preview:large","max-video-preview":"max-video-preview:-1"},"canonical":"https:\/\/starforlife.org\/no\/hva-vi-gjor\/musikk-og-kultur\/","og_locale":"nb_NO","og_type":"article","og_title":"Musikk og kultur | Star for Life","og_description":"Star for Life in ConcertStar for Life in Concert\u2013 mer enn en konsert Enten du er i \"bushing hj\u00f8rner\" av de store byene eller i klasserommene p\u00e5 landsbygda skoler, er musikk stadig til stede i S\u00f8r-Afrika. Som en p\u00e5minnelse om kampen mot apartheid, som nasjonalsang for denne spirende regnbuenasjonen og som en viktig kilde til [&hellip;]","og_site_name":"Star for Life","article_publisher":"https:\/\/www.facebook.com\/starforlifeofficial","article_modified_time":"2025-11-07T11:47:46+00:00","og_image":[{"width":1920,"height":1440,"url":"https:\/\/starforlife.org\/wp-content\/uploads\/2023\/08\/kufezekile.webp","type":"image\/webp"}],"twitter_card":"summary_large_image","twitter_misc":{"Ansl. lesetid":"4 minutter"},"schema":{"@context":"https:\/\/schema.org","@graph":[{"@type":"WebPage","@id":"https:\/\/starforlife.org\/no\/hva-vi-gjor\/musikk-og-kultur\/","url":"https:\/\/starforlife.org\/no\/hva-vi-gjor\/musikk-og-kultur\/","name":"Musikk og kultur | Star for Life","isPartOf":{"@id":"https:\/\/starforlife.org\/#website"},"datePublished":"2024-01-27T14:15:51+00:00","dateModified":"2025-11-07T11:47:46+00:00","breadcrumb":{"@id":"https:\/\/starforlife.org\/no\/hva-vi-gjor\/musikk-og-kultur\/#breadcrumb"},"inLanguage":"nb-NO","potentialAction":[{"@type":"ReadAction","target":["https:\/\/starforlife.org\/no\/hva-vi-gjor\/musikk-og-kultur\/"]}]},{"@type":"BreadcrumbList","@id":"https:\/\/starforlife.org\/no\/hva-vi-gjor\/musikk-og-kultur\/#breadcrumb","itemListElement":[{"@type":"ListItem","position":1,"name":"Hva vi gj\u00f8r","item":"https:\/\/starforlife.org\/no\/hva-vi-gjor\/"},{"@type":"ListItem","position":2,"name":"Musikk og kultur"}]},{"@type":"WebSite","@id":"https:\/\/starforlife.org\/#website","url":"https:\/\/starforlife.org\/","name":"Star for Life","description":"Empowering young people","publisher":{"@id":"https:\/\/starforlife.org\/#organization"},"alternateName":"SFL","potentialAction":[{"@type":"SearchAction","target":{"@type":"EntryPoint","urlTemplate":"https:\/\/starforlife.org\/?s={search_term_string}"},"query-input":{"@type":"PropertyValueSpecification","valueRequired":true,"valueName":"search_term_string"}}],"inLanguage":"nb-NO"},{"@type":"Organization","@id":"https:\/\/starforlife.org\/#organization","name":"Star for life","url":"https:\/\/starforlife.org\/","logo":{"@type":"ImageObject","inLanguage":"nb-NO","@id":"https:\/\/starforlife.org\/#\/schema\/logo\/image\/","url":"https:\/\/starforlife.org\/wp-content\/uploads\/2024\/02\/logga.svg","contentUrl":"https:\/\/starforlife.org\/wp-content\/uploads\/2024\/02\/logga.svg","width":"1024","height":"1024","caption":"Star for life"},"image":{"@id":"https:\/\/starforlife.org\/#\/schema\/logo\/image\/"},"sameAs":["https:\/\/www.facebook.com\/starforlifeofficial","https:\/\/www.linkedin.com\/company\/7063029\/"]}]}},"_links":{"self":[{"href":"https:\/\/starforlife.org\/no\/wp-json\/wp\/v2\/pages\/35645","targetHints":{"allow":["GET"]}}],"collection":[{"href":"https:\/\/starforlife.org\/no\/wp-json\/wp\/v2\/pages"}],"about":[{"href":"https:\/\/starforlife.org\/no\/wp-json\/wp\/v2\/types\/page"}],"author":[{"embeddable":true,"href":"https:\/\/starforlife.org\/no\/wp-json\/wp\/v2\/users\/1"}],"replies":[{"embeddable":true,"href":"https:\/\/starforlife.org\/no\/wp-json\/wp\/v2\/comments?post=35645"}],"version-history":[{"count":8,"href":"https:\/\/starforlife.org\/no\/wp-json\/wp\/v2\/pages\/35645\/revisions"}],"predecessor-version":[{"id":43935,"href":"https:\/\/starforlife.org\/no\/wp-json\/wp\/v2\/pages\/35645\/revisions\/43935"}],"up":[{"embeddable":true,"href":"https:\/\/starforlife.org\/no\/wp-json\/wp\/v2\/pages\/35610"}],"wp:attachment":[{"href":"https:\/\/starforlife.org\/no\/wp-json\/wp\/v2\/media?parent=35645"}],"curies":[{"name":"wp","href":"https:\/\/api.w.org\/{rel}","templated":true}]}}