{"id":35639,"date":"2024-01-27T15:13:24","date_gmt":"2024-01-27T14:13:24","guid":{"rendered":"https:\/\/starforlife.org\/daughters-of-africa-2\/"},"modified":"2025-11-19T16:10:49","modified_gmt":"2025-11-19T15:10:49","slug":"girls-club-daughters-of-africa","status":"publish","type":"page","link":"https:\/\/starforlife.org\/no\/hva-vi-gjor\/girls-club-daughters-of-africa\/","title":{"rendered":"Daughters of Africa"},"content":{"rendered":"<p>[et_pb_section fb_built=&raquo;1&#8243; custom_padding_last_edited=&raquo;on|desktop&raquo; _builder_version=&raquo;4.23.4&#8243; _module_preset=&raquo;default&raquo; background_color=&raquo;rgba(0,0,0,0)&raquo; background_image=&raquo;https:\/\/starforlife.org\/wp-content\/uploads\/2023\/09\/DSC05908-kopiera-kopia.webp&raquo; background_blend=&raquo;multiply&raquo; custom_padding=&raquo;11%||13%||false|false&raquo; custom_padding_tablet=&raquo;11%||13%||false|false&raquo; custom_padding_phone=&raquo;15%||15%||false|false&raquo; background_color_phone=&raquo;rgba(0,0,0,0.24)&raquo; background_last_edited=&raquo;on|phone&raquo; background_enable_color_phone=&raquo;on&raquo; global_colors_info=&raquo;{}&raquo;][et_pb_row _builder_version=&raquo;4.22.0&#8243; _module_preset=&raquo;default&raquo; global_colors_info=&raquo;{}&raquo;][et_pb_column type=&raquo;4_4&#8243; _builder_version=&raquo;4.22.0&#8243; _module_preset=&raquo;default&raquo; global_colors_info=&raquo;{}&raquo;][et_pb_text _builder_version=&raquo;4.23.4&#8243; _module_preset=&raquo;default&raquo; header_text_align=&raquo;center&raquo; header_text_color=&raquo;#FFFFFF&raquo; header_2_text_align=&raquo;center&raquo; width=&raquo;51%&raquo; width_tablet=&raquo;100%&raquo; width_phone=&raquo;100%&raquo; width_last_edited=&raquo;on|phone&raquo; module_alignment=&raquo;center&raquo; header_font_size_tablet=&raquo;30px&raquo; header_font_size_phone=&raquo;25px&raquo; header_font_size_last_edited=&raquo;on|phone&raquo; header_line_height_tablet=&raquo;1.3em&raquo; header_line_height_phone=&raquo;1.3em&raquo; header_line_height_last_edited=&raquo;on|tablet&raquo; header_text_shadow_style=&raquo;preset3&#8243; global_colors_info=&raquo;{}&raquo;]<\/p>\n<h1>Sterke jenter og selvstendige kvinner<\/h1>\n<p>[\/et_pb_text][et_pb_button button_url=&raquo;https:\/\/starforlife.org\/no\/bli-partner\/&raquo; button_text=&raquo;St\u00f8tt Afrikas d\u00f8tre&raquo; button_alignment=&raquo;center&raquo; _builder_version=&raquo;4.24.0&#8243; _module_preset=&raquo;default&raquo; custom_button=&raquo;on&raquo; button_text_color=&raquo;#FFFFFF&raquo; button_bg_color=&raquo;#47AC3D&raquo; button_font=&raquo;||||||||&raquo; button_icon=&raquo;&#xf061;||fa||900&#8243; button_icon_color=&raquo;#FFFFFF&raquo; button_on_hover=&raquo;off&raquo; global_colors_info=&raquo;{}&raquo; button_bg_color__hover=&raquo;#344028&#8243; button_bg_color__hover_enabled=&raquo;on|hover&raquo;][\/et_pb_button][\/et_pb_column][\/et_pb_row][\/et_pb_section][et_pb_section fb_built=&raquo;1&#8243; _builder_version=&raquo;4.22.0&#8243; _module_preset=&raquo;default&raquo; background_color=&raquo;rgba(0,0,0,0.83)&raquo; global_colors_info=&raquo;{}&raquo;][et_pb_row column_structure=&raquo;1_2,1_2&#8243; use_custom_gutter=&raquo;on&raquo; make_equal=&raquo;on&raquo; custom_padding_last_edited=&raquo;on|phone&raquo; _builder_version=&raquo;4.23.4&#8243; _module_preset=&raquo;default&raquo; width=&raquo;90%&raquo; width_tablet=&raquo;90%&raquo; width_phone=&raquo;85%&raquo; width_last_edited=&raquo;on|phone&raquo; max_width=&raquo;1280px&raquo; custom_margin=&raquo;||||false|false&raquo; custom_padding=&raquo;||40px||false|false&raquo; custom_padding_tablet=&raquo;0px||40px||false|false&raquo; custom_padding_phone=&raquo;0px||||false|false&raquo; global_colors_info=&raquo;{}&raquo;][et_pb_column type=&raquo;1_2&#8243; _builder_version=&raquo;4.23.4&#8243; _module_preset=&raquo;default&raquo; custom_padding=&raquo;3%||3%||false|false&raquo; custom_padding_tablet=&raquo;0%||3%||false|false&raquo; custom_padding_phone=&raquo;3%||3%||false|false&raquo; custom_padding_last_edited=&raquo;on|desktop&raquo; global_colors_info=&raquo;{}&raquo;][et_pb_text _builder_version=&raquo;4.27.4&#8243; _module_preset=&raquo;default&raquo; text_text_color=&raquo;#FFFFFF&raquo; text_line_height=&raquo;1.6em&raquo; header_2_text_color=&raquo;#FFFFFF&raquo; header_2_font_size=&raquo;28px&raquo; width=&raquo;86%&raquo; width_tablet=&raquo;100%&raquo; width_phone=&raquo;100%&raquo; width_last_edited=&raquo;on|phone&raquo; custom_margin=&raquo;||||false|false&raquo; custom_margin_tablet=&raquo;0px||||false|false&raquo; custom_margin_phone=&raquo;0px||||false|false&raquo; custom_margin_last_edited=&raquo;on|tablet&raquo; custom_padding_tablet=&raquo;0px||||false|false&raquo; custom_padding_phone=&raquo;0px||||false|false&raquo; custom_padding_last_edited=&raquo;on|tablet&raquo; hover_enabled=&raquo;0&#8243; text_font_size_tablet=&raquo;&raquo; text_font_size_phone=&raquo;16px&raquo; text_font_size_last_edited=&raquo;on|phone&raquo; header_2_font_size_phone=&raquo;28px&raquo; header_2_font_size_last_edited=&raquo;off|phone&raquo; header_2_line_height_tablet=&raquo;&raquo; header_2_line_height_phone=&raquo;1.3em&raquo; header_2_line_height_last_edited=&raquo;on|phone&raquo; global_colors_info=&raquo;{}&raquo; sticky_enabled=&raquo;0&#8243;]<\/p>\n<h2>Daughters of Africa<\/h2>\n<p><span>Star for Lifes julekampanje g\u00e5r til \u00e5 st\u00f8tte v\u00e5rt jobbskapeprogram ved en av v\u00e5re ungdomsskoler i S\u00f8r-Afrika. Gjennom v\u00e5r s\u00e6rskilte satsing Daughters of Africa Girls Glub fokuserer vi p\u00e5 jenters livssituasjon og muligheter. I trygge rom og gjennom spesielle workshops f\u00e5r jentene, sammen med v\u00e5re coacher, l\u00e6re om jenters likestilling, rettigheter og entrepren\u00f8rskap, der m\u00e5let er en ny generasjon sterke og uavhengige kvinner.\u00a0<\/span><\/p>\n<p style=\"font-weight: 400;\">Vipps valgfritt bel\u00f8p til 560\u00a0448 og st\u00f8tt arbeidet for \u00e5 styrke jenters muligheter til \u00e5 skape sin egen jobbframtid. Takk for ditt bidrag!<\/p>\n<p>&nbsp;<\/p>\n<p>[\/et_pb_text][et_pb_text disabled_on=&raquo;on|on|on&raquo; _builder_version=&raquo;4.27.4&#8243; _module_preset=&raquo;default&raquo; text_text_color=&raquo;#FFFFFF&raquo; text_line_height=&raquo;1.6em&raquo; header_2_text_color=&raquo;#FFFFFF&raquo; header_2_font_size=&raquo;28px&raquo; width=&raquo;86%&raquo; width_tablet=&raquo;100%&raquo; width_phone=&raquo;100%&raquo; width_last_edited=&raquo;on|phone&raquo; custom_margin=&raquo;||||false|false&raquo; custom_margin_tablet=&raquo;0px||||false|false&raquo; custom_margin_phone=&raquo;0px||||false|false&raquo; custom_margin_last_edited=&raquo;on|tablet&raquo; custom_padding_tablet=&raquo;0px||||false|false&raquo; custom_padding_phone=&raquo;0px||||false|false&raquo; custom_padding_last_edited=&raquo;on|tablet&raquo; text_font_size_tablet=&raquo;&raquo; text_font_size_phone=&raquo;16px&raquo; text_font_size_last_edited=&raquo;on|phone&raquo; header_2_font_size_phone=&raquo;28px&raquo; header_2_font_size_last_edited=&raquo;off|phone&raquo; header_2_line_height_tablet=&raquo;&raquo; header_2_line_height_phone=&raquo;1.3em&raquo; header_2_line_height_last_edited=&raquo;on|phone&raquo; disabled=&raquo;on&raquo; global_colors_info=&raquo;{}&raquo;]<\/p>\n<h2>Daughters of Africa<\/h2>\n<p>I det s\u00f8rlige Afrika f\u00f8des altfor mange jenter inn i et liv med diskriminering, fordommer, mangel p\u00e5 kunnskap og fattigdom. Gjennom Star for Lifes spesielle initiativ Daughters of Africa Girls Club setter vi fokus p\u00e5 jenters livssituasjon. I trygge rom, og gjennom spesielle workshops, blir jentene, sammen med v\u00e5re coacher, kjent med problemstillinger knyttet til helse, seksualitet, samtykke, kj\u00f8nnsbasert vold, likestilling og entrepren\u00f8rskap. M\u00e5let er en ny generasjon sterke og selvstendige kvinner.<\/p>\n<p>[\/et_pb_text][et_pb_button button_url=&raquo;https:\/\/starforlife.org\/no\/bli-partner\/&raquo; button_text=&raquo;St\u00f8tt Afrikas d\u00f8tre&raquo; button_alignment=&raquo;left&raquo; _builder_version=&raquo;4.24.0&#8243; _module_preset=&raquo;default&raquo; custom_button=&raquo;on&raquo; button_text_color=&raquo;#FFFFFF&raquo; button_bg_color=&raquo;#47AC3D&raquo; button_font=&raquo;||||||||&raquo; button_icon=&raquo;&#xf061;||fa||900&#8243; button_icon_color=&raquo;#FFFFFF&raquo; button_on_hover=&raquo;off&raquo; global_colors_info=&raquo;{}&raquo; button_bg_color__hover=&raquo;#344028&#8243; button_bg_color__hover_enabled=&raquo;on|hover&raquo;][\/et_pb_button][\/et_pb_column][et_pb_column type=&raquo;1_2&#8243; _builder_version=&raquo;4.23.4&#8243; _module_preset=&raquo;default&raquo; background_image=&raquo;https:\/\/starforlife.org\/wp-content\/uploads\/2023\/08\/esiqiwni-girls.webp&raquo; border_radii=&raquo;on|100px|100px|100px|100px&raquo; border_radii_tablet=&raquo;on|50px|50px|50px|50px&raquo; border_radii_phone=&raquo;on|50px|50px|50px|50px&raquo; border_radii_last_edited=&raquo;on|tablet&raquo; global_colors_info=&raquo;{}&raquo;][et_pb_divider show_divider=&raquo;off&raquo; _builder_version=&raquo;4.23.4&#8243; _module_preset=&raquo;default&raquo; custom_padding_tablet=&raquo;30%||30%||false|false&raquo; custom_padding_phone=&raquo;30%||30%||false|false&raquo; custom_padding_last_edited=&raquo;on|tablet&raquo; global_colors_info=&raquo;{}&raquo;][\/et_pb_divider][\/et_pb_column][\/et_pb_row][\/et_pb_section][et_pb_section fb_built=&raquo;1&#8243; _builder_version=&raquo;4.23.4&#8243; _module_preset=&raquo;default&raquo; background_color=&raquo;#ebedea&raquo; global_colors_info=&raquo;{}&raquo;][et_pb_row column_structure=&raquo;3_5,2_5&#8243; _builder_version=&raquo;4.23.4&#8243; _module_preset=&raquo;default&raquo; width=&raquo;90%&raquo; max_width=&raquo;1280px&raquo; global_colors_info=&raquo;{}&raquo;][et_pb_column type=&raquo;3_5&#8243; _builder_version=&raquo;4.23.4&#8243; _module_preset=&raquo;default&raquo; global_colors_info=&raquo;{}&raquo;][et_pb_video src=&raquo;https:\/\/starforlife.org\/wp-content\/uploads\/2025\/11\/Zimbili-DOA.mp4&#8243; _builder_version=&raquo;4.27.4&#8243; _module_preset=&raquo;default&raquo; global_colors_info=&raquo;{}&raquo;][\/et_pb_video][\/et_pb_column][et_pb_column type=&raquo;2_5&#8243; _builder_version=&raquo;4.23.4&#8243; _module_preset=&raquo;default&raquo; global_colors_info=&raquo;{}&raquo;][et_pb_text _builder_version=&raquo;4.24.0&#8243; _module_preset=&raquo;default&raquo; text_text_color=&raquo;#344028&#8243; text_font_size=&raquo;16px&raquo; text_line_height=&raquo;1.6em&raquo; link_font=&raquo;||||on|||#47AC3D|&raquo; link_text_color=&raquo;#47AC3D&raquo; header_2_text_color=&raquo;#344028&#8243; header_2_font_size=&raquo;28px&raquo; header_3_text_color=&raquo;#344028&#8243; header_3_font_size=&raquo;19px&raquo; header_3_line_height=&raquo;1.3em&raquo; width=&raquo;100%&raquo; width_tablet=&raquo;90%&raquo; width_phone=&raquo;100%&raquo; width_last_edited=&raquo;on|phone&raquo; custom_margin=&raquo;20px||||false|false&raquo; custom_margin_tablet=&raquo;0px||||false|false&raquo; custom_margin_phone=&raquo;0px||||false|false&raquo; custom_margin_last_edited=&raquo;on|desktop&raquo; global_colors_info=&raquo;{}&raquo;]<\/p>\n<h2>Lytt til Zimbili<\/h2>\n<p>I denne filmen f\u00e5r du m\u00f8te Zimbili, en s\u00f8rafrikansk jente som gjennom Star for Lifes prosjekt Daughters of Africa har utviklet sitt entrepren\u00f8rskap. Gjennom en liten familiebedrift produserer og selger hun n\u00e5 tradisjonelle perlebroderier, samtidig som hun blir en selvstendig kvinne som fors\u00f8rger seg selv. Det er slik dr\u00f8mmer g\u00e5r i oppfyllelse.<\/p>\n<p>Vil du st\u00f8tte Afrikas d\u00f8tre p\u00e5 en av skolene v\u00e5re? Kontakt J\u00f8rgen Klafstad for mer informasjon.<\/p>\n<p><a href=\"mailto:jorgen@starforlife.org\">jorgen@starforlife.org<\/a><br \/>+47 (0)91 698 342<\/p>\n<p>[\/et_pb_text][\/et_pb_column][\/et_pb_row][\/et_pb_section]<\/p>\n","protected":false},"excerpt":{"rendered":"<p>Sterke jenter og selvstendige kvinnerDaughters of Africa Star for Lifes julekampanje g\u00e5r til \u00e5 st\u00f8tte v\u00e5rt jobbskapeprogram ved en av v\u00e5re ungdomsskoler i S\u00f8r-Afrika. Gjennom v\u00e5r s\u00e6rskilte satsing Daughters of Africa Girls Glub fokuserer vi p\u00e5 jenters livssituasjon og muligheter. I trygge rom og gjennom spesielle workshops f\u00e5r jentene, sammen med v\u00e5re coacher, l\u00e6re om [&hellip;]<\/p>\n","protected":false},"author":1,"featured_media":0,"parent":35610,"menu_order":0,"comment_status":"closed","ping_status":"closed","template":"","meta":{"_acf_changed":false,"_et_pb_use_builder":"on","_et_pb_old_content":"","_et_gb_content_width":"","inline_featured_image":false,"footnotes":""},"class_list":["post-35639","page","type-page","status-publish","hentry"],"acf":[],"yoast_head":"<!-- This site is optimized with the Yoast SEO plugin v27.5 - https:\/\/yoast.com\/product\/yoast-seo-wordpress\/ -->\n<title>Daughters of Africa | Star for Life<\/title>\n<meta name=\"robots\" content=\"index, follow, max-snippet:-1, max-image-preview:large, max-video-preview:-1\" \/>\n<link rel=\"canonical\" href=\"https:\/\/starforlife.org\/girls-club-daughters-of-africa\/\" \/>\n<meta property=\"og:locale\" content=\"nb_NO\" \/>\n<meta property=\"og:type\" content=\"article\" \/>\n<meta property=\"og:title\" content=\"Daughters of Africa | Star for Life\" \/>\n<meta property=\"og:description\" content=\"Sterke jenter og selvstendige kvinnerDaughters of Africa Star for Lifes julekampanje g\u00e5r til \u00e5 st\u00f8tte v\u00e5rt jobbskapeprogram ved en av v\u00e5re ungdomsskoler i S\u00f8r-Afrika. Gjennom v\u00e5r s\u00e6rskilte satsing Daughters of Africa Girls Glub fokuserer vi p\u00e5 jenters livssituasjon og muligheter. I trygge rom og gjennom spesielle workshops f\u00e5r jentene, sammen med v\u00e5re coacher, l\u00e6re om [&hellip;]\" \/>\n<meta property=\"og:site_name\" content=\"Star for Life\" \/>\n<meta property=\"article:publisher\" content=\"https:\/\/www.facebook.com\/starforlifeofficial\" \/>\n<meta property=\"article:modified_time\" content=\"2025-11-19T15:10:49+00:00\" \/>\n<meta property=\"og:image\" content=\"https:\/\/starforlife.org\/wp-content\/uploads\/2023\/08\/kufezekile.webp\" \/>\n\t<meta property=\"og:image:width\" content=\"1920\" \/>\n\t<meta property=\"og:image:height\" content=\"1440\" \/>\n\t<meta property=\"og:image:type\" content=\"image\/webp\" \/>\n<meta name=\"twitter:card\" content=\"summary_large_image\" \/>\n<meta name=\"twitter:label1\" content=\"Ansl. lesetid\" \/>\n\t<meta name=\"twitter:data1\" content=\"6 minutter\" \/>\n<script type=\"application\/ld+json\" class=\"yoast-schema-graph\">{\"@context\":\"https:\\\/\\\/schema.org\",\"@graph\":[{\"@type\":\"WebPage\",\"@id\":\"https:\\\/\\\/starforlife.org\\\/girls-club-daughters-of-africa\\\/\",\"url\":\"https:\\\/\\\/starforlife.org\\\/girls-club-daughters-of-africa\\\/\",\"name\":\"Daughters of Africa | Star for Life\",\"isPartOf\":{\"@id\":\"https:\\\/\\\/starforlife.org\\\/#website\"},\"datePublished\":\"2024-01-27T14:13:24+00:00\",\"dateModified\":\"2025-11-19T15:10:49+00:00\",\"breadcrumb\":{\"@id\":\"https:\\\/\\\/starforlife.org\\\/girls-club-daughters-of-africa\\\/#breadcrumb\"},\"inLanguage\":\"nb-NO\",\"potentialAction\":[{\"@type\":\"ReadAction\",\"target\":[\"https:\\\/\\\/starforlife.org\\\/girls-club-daughters-of-africa\\\/\"]}]},{\"@type\":\"BreadcrumbList\",\"@id\":\"https:\\\/\\\/starforlife.org\\\/girls-club-daughters-of-africa\\\/#breadcrumb\",\"itemListElement\":[{\"@type\":\"ListItem\",\"position\":1,\"name\":\"Hva vi gj\u00f8r\",\"item\":\"https:\\\/\\\/starforlife.org\\\/no\\\/hva-vi-gjor\\\/\"},{\"@type\":\"ListItem\",\"position\":2,\"name\":\"Daughters of Africa\"}]},{\"@type\":\"WebSite\",\"@id\":\"https:\\\/\\\/starforlife.org\\\/#website\",\"url\":\"https:\\\/\\\/starforlife.org\\\/\",\"name\":\"Star for Life\",\"description\":\"Empowering young people\",\"publisher\":{\"@id\":\"https:\\\/\\\/starforlife.org\\\/#organization\"},\"alternateName\":\"SFL\",\"potentialAction\":[{\"@type\":\"SearchAction\",\"target\":{\"@type\":\"EntryPoint\",\"urlTemplate\":\"https:\\\/\\\/starforlife.org\\\/?s={search_term_string}\"},\"query-input\":{\"@type\":\"PropertyValueSpecification\",\"valueRequired\":true,\"valueName\":\"search_term_string\"}}],\"inLanguage\":\"nb-NO\"},{\"@type\":\"Organization\",\"@id\":\"https:\\\/\\\/starforlife.org\\\/#organization\",\"name\":\"Star for life\",\"url\":\"https:\\\/\\\/starforlife.org\\\/\",\"logo\":{\"@type\":\"ImageObject\",\"inLanguage\":\"nb-NO\",\"@id\":\"https:\\\/\\\/starforlife.org\\\/#\\\/schema\\\/logo\\\/image\\\/\",\"url\":\"https:\\\/\\\/starforlife.org\\\/wp-content\\\/uploads\\\/2024\\\/02\\\/logga.svg\",\"contentUrl\":\"https:\\\/\\\/starforlife.org\\\/wp-content\\\/uploads\\\/2024\\\/02\\\/logga.svg\",\"width\":\"1024\",\"height\":\"1024\",\"caption\":\"Star for life\"},\"image\":{\"@id\":\"https:\\\/\\\/starforlife.org\\\/#\\\/schema\\\/logo\\\/image\\\/\"},\"sameAs\":[\"https:\\\/\\\/www.facebook.com\\\/starforlifeofficial\",\"https:\\\/\\\/www.linkedin.com\\\/company\\\/7063029\\\/\"]}]}<\/script>\n<!-- \/ Yoast SEO plugin. -->","yoast_head_json":{"title":"Daughters of Africa | Star for Life","robots":{"index":"index","follow":"follow","max-snippet":"max-snippet:-1","max-image-preview":"max-image-preview:large","max-video-preview":"max-video-preview:-1"},"canonical":"https:\/\/starforlife.org\/girls-club-daughters-of-africa\/","og_locale":"nb_NO","og_type":"article","og_title":"Daughters of Africa | Star for Life","og_description":"Sterke jenter og selvstendige kvinnerDaughters of Africa Star for Lifes julekampanje g\u00e5r til \u00e5 st\u00f8tte v\u00e5rt jobbskapeprogram ved en av v\u00e5re ungdomsskoler i S\u00f8r-Afrika. Gjennom v\u00e5r s\u00e6rskilte satsing Daughters of Africa Girls Glub fokuserer vi p\u00e5 jenters livssituasjon og muligheter. I trygge rom og gjennom spesielle workshops f\u00e5r jentene, sammen med v\u00e5re coacher, l\u00e6re om [&hellip;]","og_site_name":"Star for Life","article_publisher":"https:\/\/www.facebook.com\/starforlifeofficial","article_modified_time":"2025-11-19T15:10:49+00:00","og_image":[{"width":1920,"height":1440,"url":"https:\/\/starforlife.org\/wp-content\/uploads\/2023\/08\/kufezekile.webp","type":"image\/webp"}],"twitter_card":"summary_large_image","twitter_misc":{"Ansl. lesetid":"6 minutter"},"schema":{"@context":"https:\/\/schema.org","@graph":[{"@type":"WebPage","@id":"https:\/\/starforlife.org\/girls-club-daughters-of-africa\/","url":"https:\/\/starforlife.org\/girls-club-daughters-of-africa\/","name":"Daughters of Africa | Star for Life","isPartOf":{"@id":"https:\/\/starforlife.org\/#website"},"datePublished":"2024-01-27T14:13:24+00:00","dateModified":"2025-11-19T15:10:49+00:00","breadcrumb":{"@id":"https:\/\/starforlife.org\/girls-club-daughters-of-africa\/#breadcrumb"},"inLanguage":"nb-NO","potentialAction":[{"@type":"ReadAction","target":["https:\/\/starforlife.org\/girls-club-daughters-of-africa\/"]}]},{"@type":"BreadcrumbList","@id":"https:\/\/starforlife.org\/girls-club-daughters-of-africa\/#breadcrumb","itemListElement":[{"@type":"ListItem","position":1,"name":"Hva vi gj\u00f8r","item":"https:\/\/starforlife.org\/no\/hva-vi-gjor\/"},{"@type":"ListItem","position":2,"name":"Daughters of Africa"}]},{"@type":"WebSite","@id":"https:\/\/starforlife.org\/#website","url":"https:\/\/starforlife.org\/","name":"Star for Life","description":"Empowering young people","publisher":{"@id":"https:\/\/starforlife.org\/#organization"},"alternateName":"SFL","potentialAction":[{"@type":"SearchAction","target":{"@type":"EntryPoint","urlTemplate":"https:\/\/starforlife.org\/?s={search_term_string}"},"query-input":{"@type":"PropertyValueSpecification","valueRequired":true,"valueName":"search_term_string"}}],"inLanguage":"nb-NO"},{"@type":"Organization","@id":"https:\/\/starforlife.org\/#organization","name":"Star for life","url":"https:\/\/starforlife.org\/","logo":{"@type":"ImageObject","inLanguage":"nb-NO","@id":"https:\/\/starforlife.org\/#\/schema\/logo\/image\/","url":"https:\/\/starforlife.org\/wp-content\/uploads\/2024\/02\/logga.svg","contentUrl":"https:\/\/starforlife.org\/wp-content\/uploads\/2024\/02\/logga.svg","width":"1024","height":"1024","caption":"Star for life"},"image":{"@id":"https:\/\/starforlife.org\/#\/schema\/logo\/image\/"},"sameAs":["https:\/\/www.facebook.com\/starforlifeofficial","https:\/\/www.linkedin.com\/company\/7063029\/"]}]}},"_links":{"self":[{"href":"https:\/\/starforlife.org\/no\/wp-json\/wp\/v2\/pages\/35639","targetHints":{"allow":["GET"]}}],"collection":[{"href":"https:\/\/starforlife.org\/no\/wp-json\/wp\/v2\/pages"}],"about":[{"href":"https:\/\/starforlife.org\/no\/wp-json\/wp\/v2\/types\/page"}],"author":[{"embeddable":true,"href":"https:\/\/starforlife.org\/no\/wp-json\/wp\/v2\/users\/1"}],"replies":[{"embeddable":true,"href":"https:\/\/starforlife.org\/no\/wp-json\/wp\/v2\/comments?post=35639"}],"version-history":[{"count":8,"href":"https:\/\/starforlife.org\/no\/wp-json\/wp\/v2\/pages\/35639\/revisions"}],"predecessor-version":[{"id":44025,"href":"https:\/\/starforlife.org\/no\/wp-json\/wp\/v2\/pages\/35639\/revisions\/44025"}],"up":[{"embeddable":true,"href":"https:\/\/starforlife.org\/no\/wp-json\/wp\/v2\/pages\/35610"}],"wp:attachment":[{"href":"https:\/\/starforlife.org\/no\/wp-json\/wp\/v2\/media?parent=35639"}],"curies":[{"name":"wp","href":"https:\/\/api.w.org\/{rel}","templated":true}]}}