{"id":46301,"date":"2026-05-05T12:56:32","date_gmt":"2026-05-05T11:56:32","guid":{"rendered":"https:\/\/starforlife.org\/?page_id=46301"},"modified":"2026-05-05T18:27:04","modified_gmt":"2026-05-05T17:27:04","slug":"projekt-sailing","status":"publish","type":"page","link":"https:\/\/starforlife.org\/de\/was-wir-tun\/projekt-sailing\/","title":{"rendered":"Projekt: Sailing"},"content":{"rendered":"<p>[et_pb_section fb_built=&#8220;1&#8243; _builder_version=&#8220;4.27.6&#8243; _module_preset=&#8220;default&#8220; background_color=&#8220;rgba(0,0,0,0.22)&#8220; background_image=&#8220;https:\/\/starforlife.org\/wp-content\/uploads\/2026\/05\/3.jpg&#8220; background_position=&#8220;top_center&#8220; background_vertical_offset=&#8220;37%&#8220; background_blend=&#8220;multiply&#8220; custom_margin=&#8220;||||false|false&#8220; custom_padding=&#8220;9%||9%||false|false&#8220; background_color_phone=&#8220;rgba(0,0,0,0.24)&#8220; background_enable_color_phone=&#8220;on&#8220; global_colors_info=&#8220;{}&#8220;][et_pb_row _builder_version=&#8220;4.22.0&#8243; _module_preset=&#8220;default&#8220; global_colors_info=&#8220;{}&#8220;][et_pb_column type=&#8220;4_4&#8243; _builder_version=&#8220;4.22.0&#8243; _module_preset=&#8220;default&#8220; global_colors_info=&#8220;{}&#8220;][et_pb_text _builder_version=&#8220;4.27.5&#8243; _module_preset=&#8220;default&#8220; header_text_align=&#8220;center&#8220; header_text_color=&#8220;#FFFFFF&#8220; header_2_text_align=&#8220;center&#8220; width=&#8220;52%&#8220; width_tablet=&#8220;100%&#8220; width_phone=&#8220;100%&#8220; width_last_edited=&#8220;on|phone&#8220; max_width_tablet=&#8220;68%&#8220; max_width_phone=&#8220;68%&#8220; max_width_last_edited=&#8220;on|tablet&#8220; module_alignment=&#8220;center&#8220; header_font_size_tablet=&#8220;30px&#8220; header_font_size_phone=&#8220;25px&#8220; header_font_size_last_edited=&#8220;on|phone&#8220; header_line_height_tablet=&#8220;1.3em&#8220; header_line_height_phone=&#8220;1.3em&#8220; header_line_height_last_edited=&#8220;on|tablet&#8220; header_text_shadow_style=&#8220;preset3&#8243; global_colors_info=&#8220;{}&#8220;]<\/p>\n<h1>Mit R\u00fcckenwind f\u00fcr die Zukunft: Die Star for Life &#8211; Segel der Hendrika Bartelds<\/h1>\n<p>[\/et_pb_text][\/et_pb_column][\/et_pb_row][\/et_pb_section][et_pb_section fb_built=&#8220;1&#8243; custom_padding_last_edited=&#8220;on|tablet&#8220; _builder_version=&#8220;4.27.5&#8243; _module_preset=&#8220;default&#8220; background_color=&#8220;rgba(16,114,184,0.09)&#8220; custom_margin=&#8220;||0px||false|false&#8220; custom_padding=&#8220;80px||80px||false|false&#8220; custom_padding_tablet=&#8220;||50px||false|false&#8220; custom_padding_phone=&#8220;30px||0px||false|false&#8220; locked=&#8220;off&#8220; global_colors_info=&#8220;{}&#8220;][et_pb_row column_structure=&#8220;1_2,1_2&#8243; make_equal=&#8220;on&#8220; custom_padding_last_edited=&#8220;on|tablet&#8220; _builder_version=&#8220;4.27.6&#8243; _module_preset=&#8220;default&#8220; width=&#8220;85.6%&#8220; width_tablet=&#8220;90%&#8220; width_phone=&#8220;90%&#8220; width_last_edited=&#8220;on|phone&#8220; max_width=&#8220;1290px&#8220; custom_margin=&#8220;||40px||false|false&#8220; custom_padding=&#8220;||||false|false&#8220; custom_padding_tablet=&#8220;0px||||false|false&#8220; custom_padding_phone=&#8220;0px||||false|false&#8220; hover_enabled=&#8220;0&#8243; locked=&#8220;off&#8220; global_colors_info=&#8220;{}&#8220; sticky_enabled=&#8220;0&#8243; min_height=&#8220;540.2px&#8220;][et_pb_column type=&#8220;1_2&#8243; _builder_version=&#8220;4.27.4&#8243; _module_preset=&#8220;default&#8220; custom_padding_tablet=&#8220;0px||||false|false&#8220; custom_padding_phone=&#8220;0px||||false|false&#8220; custom_padding_last_edited=&#8220;on|tablet&#8220; global_colors_info=&#8220;{}&#8220;][et_pb_text _builder_version=&#8220;4.27.6&#8243; _module_preset=&#8220;default&#8220; text_text_color=&#8220;#4c4c4c&#8220; text_font_size=&#8220;16px&#8220; text_line_height=&#8220;1.6em&#8220; header_4_font_size=&#8220;16px&#8220; header_4_line_height=&#8220;1.3em&#8220; width=&#8220;100%&#8220; module_alignment=&#8220;left&#8220; min_height=&#8220;312px&#8220; custom_margin=&#8220;||60px||false|false&#8220; custom_margin_tablet=&#8220;0px||40px||false|false&#8220; custom_margin_phone=&#8220;40px||40px||true|false&#8220; custom_margin_last_edited=&#8220;on|phone&#8220; text_font_size_tablet=&#8220;16px&#8220; text_font_size_phone=&#8220;16px&#8220; text_font_size_last_edited=&#8220;on|phone&#8220; custom_css_free_form=&#8220;h4 {margin-top: 10px; margin-bottom: -5px; }&#8220; global_colors_info=&#8220;{}&#8220;]<\/p>\n<p>Um hierzulande noch mehr Bewusstsein f\u00fcr die Arbeit von Star for Life zu schaffen, stechen wir seit letztem Jahr gemeinsam mit der Hendrika Bartelds in See. Drei neue, weithin sichtbare Segel tragen seit Oktober 2025 die Botschaft von Star for Life \u00fcber Nord- und Ostsee. An Bord des Dreimast-Toppsegelschoners wird sie bei gro\u00dfen Regatten sichtbar, darunter:<\/p>\n<p>&#8211; 08. bis 10. Mai 2026: Hamburger Hafengeburtstag<\/p>\n<p>&#8211; 20. bis 28 Juni 2026: Kieler Woche<\/p>\n<p>&#8211; 06. bis 09. August 2026: Hanse Sail Rostock<\/p>\n<p>&#8211; 02. bis 04. Oktober 2026: Wilhelmshaven Sailing-CUP<\/p>\n<p>Wenn die Segel im Wind stehen, geht es um mehr als nur ein sch\u00f6nes Bild \u2013 es geht darum, gemeinsam etwas voranzubringen.<\/p>\n<p>&nbsp;<\/p>\n<p>[\/et_pb_text][\/et_pb_column][et_pb_column _builder_version=&#8220;4.27.6&#8243; _module_preset=&#8220;default&#8220; type=&#8220;1_2&#8243; hover_enabled=&#8220;0&#8243; sticky_enabled=&#8220;0&#8243;][et_pb_image src=&#8220;https:\/\/starforlife.org\/wp-content\/uploads\/2026\/05\/iiiii.mov&#8220; _builder_version=&#8220;4.27.6&#8243; _module_preset=&#8220;default&#8220; title_text=&#8220;iiiii&#8220; hover_enabled=&#8220;0&#8243; sticky_enabled=&#8220;0&#8243; custom_margin=&#8220;||147px|||&#8220;][\/et_pb_image][\/et_pb_column][\/et_pb_row][et_pb_row column_structure=&#8220;1_2,1_2&#8243; make_equal=&#8220;on&#8220; custom_padding_last_edited=&#8220;on|tablet&#8220; _builder_version=&#8220;4.27.6&#8243; _module_preset=&#8220;default&#8220; width=&#8220;85%&#8220; width_tablet=&#8220;90%&#8220; width_phone=&#8220;90%&#8220; width_last_edited=&#8220;on|phone&#8220; max_width=&#8220;1290px&#8220; min_height=&#8220;564.2px&#8220; custom_margin=&#8220;||40px||false|false&#8220; custom_padding=&#8220;||||false|false&#8220; custom_padding_tablet=&#8220;0px||||false|false&#8220; custom_padding_phone=&#8220;0px||||false|false&#8220; hover_enabled=&#8220;0&#8243; locked=&#8220;off&#8220; global_colors_info=&#8220;{}&#8220; sticky_enabled=&#8220;0&#8243;][et_pb_column _builder_version=&#8220;4.27.6&#8243; _module_preset=&#8220;default&#8220; type=&#8220;1_2&#8243; hover_enabled=&#8220;0&#8243; sticky_enabled=&#8220;0&#8243;][et_pb_image src=&#8220;https:\/\/starforlife.org\/wp-content\/uploads\/2026\/05\/IW7A2033-1-scaled-e1778000798342.jpg&#8220; _builder_version=&#8220;4.27.6&#8243; _module_preset=&#8220;default&#8220; hover_enabled=&#8220;0&#8243; sticky_enabled=&#8220;0&#8243; title_text=&#8220;IW7A2033&#8243;][\/et_pb_image][\/et_pb_column][et_pb_column type=&#8220;1_2&#8243; _builder_version=&#8220;4.27.5&#8243; _module_preset=&#8220;default&#8220; custom_padding=&#8220;30px||30px|0px|false|false&#8220; custom_padding_tablet=&#8220;0px||||false|false&#8220; custom_padding_phone=&#8220;0px||||false|false&#8220; custom_padding_last_edited=&#8220;on|tablet&#8220; global_colors_info=&#8220;{}&#8220;][et_pb_text _builder_version=&#8220;4.27.5&#8243; _module_preset=&#8220;default&#8220; text_text_color=&#8220;#4c4c4c&#8220; text_font_size=&#8220;16px&#8220; text_line_height=&#8220;1.6em&#8220; header_4_font_size=&#8220;16px&#8220; header_4_line_height=&#8220;1.3em&#8220; width=&#8220;100%&#8220; module_alignment=&#8220;left&#8220; custom_margin=&#8220;||60px||false|false&#8220; custom_margin_tablet=&#8220;0px||40px||false|false&#8220; custom_margin_phone=&#8220;||40px||false|false&#8220; custom_margin_last_edited=&#8220;on|phone&#8220; text_font_size_tablet=&#8220;16px&#8220; text_font_size_phone=&#8220;16px&#8220; text_font_size_last_edited=&#8220;on|phone&#8220; custom_css_free_form=&#8220;h4 {margin-top: 10px; margin-bottom: -5px; }&#8220; global_colors_info=&#8220;{}&#8220;]<\/p>\n<h2>Segeln und Star for Life \u2013 den eigenen Kurs finden<\/h2>\n<p>Ein Tag auf See macht schnell klar, was z\u00e4hlt: Zusammenarbeit, Vertrauen und Verantwortung. Der Wind ist nicht steuerbar &#8211; aber wie wir die Segel setzen, schon. Genau hier setzt Star for Life an.<\/p>\n<p>Wir st\u00e4rken junge Menschen in S\u00fcdafrika und Namibia darin, ihren eigenen Weg zu finden. Mit Programmen zu Selbstvertrauen, Gesundheit und Zukunftsperspektiven unterst\u00fctzen wir sie dabei, ihre Chancen zu erkennen und zu nutzen.<\/p>\n<p>Die Erfahrungen an Bord spiegeln diese Idee wider: Teamarbeit, klare Kommunikation und gegenseitige Unterst\u00fctzung. F\u00e4higkeiten, die \u00fcberall relevant sind.<\/p>\n<p>[\/et_pb_text][\/et_pb_column][\/et_pb_row][et_pb_row column_structure=&#8220;1_2,1_2&#8243; make_equal=&#8220;on&#8220; custom_padding_last_edited=&#8220;on|tablet&#8220; _builder_version=&#8220;4.27.6&#8243; _module_preset=&#8220;default&#8220; width=&#8220;85%&#8220; width_tablet=&#8220;90%&#8220; width_phone=&#8220;90%&#8220; width_last_edited=&#8220;on|phone&#8220; max_width=&#8220;1290px&#8220; min_height=&#8220;723.2px&#8220; custom_padding=&#8220;||||false|false&#8220; custom_padding_tablet=&#8220;0px||||false|false&#8220; custom_padding_phone=&#8220;0px||||false|false&#8220; hover_enabled=&#8220;0&#8243; custom_css_before=&#8220;place-items: center;&#8220; locked=&#8220;off&#8220; global_colors_info=&#8220;{}&#8220; sticky_enabled=&#8220;0&#8243;][et_pb_column type=&#8220;1_2&#8243; _builder_version=&#8220;4.27.5&#8243; _module_preset=&#8220;default&#8220; custom_padding=&#8220;20px||20px||false|false&#8220; custom_padding_tablet=&#8220;0px||||false|false&#8220; custom_padding_phone=&#8220;0px||||false|false&#8220; custom_padding_last_edited=&#8220;on|tablet&#8220; global_colors_info=&#8220;{}&#8220;][et_pb_text _builder_version=&#8220;4.27.5&#8243; _module_preset=&#8220;default&#8220; text_text_color=&#8220;#4c4c4c&#8220; text_font_size=&#8220;16px&#8220; text_line_height=&#8220;1.6em&#8220; header_4_font_size=&#8220;16px&#8220; header_4_line_height=&#8220;1.3em&#8220; width=&#8220;100%&#8220; module_alignment=&#8220;left&#8220; custom_margin=&#8220;||60px||false|false&#8220; custom_margin_tablet=&#8220;0px||40px||false|false&#8220; custom_margin_phone=&#8220;||40px||false|false&#8220; custom_margin_last_edited=&#8220;on|phone&#8220; text_font_size_tablet=&#8220;16px&#8220; text_font_size_phone=&#8220;16px&#8220; text_font_size_last_edited=&#8220;on|phone&#8220; custom_css_free_form=&#8220;h4 {margin-top: 10px; margin-bottom: -5px; }&#8220; global_colors_info=&#8220;{}&#8220;]<\/p>\n<h2 data-start=\"471\" data-end=\"586\">Was Ihre Unterst\u00fctzung bewirkt<\/h2>\n<p data-start=\"471\" data-end=\"586\">Die Erl\u00f6se der Charity-Aktionen flie\u00dfen direkt in das Schulprogramm an der Kufezekile Secondary School in S\u00fcdafrika \u2013 insbesondere in das <a href=\"https:\/\/starforlife.org\/de\/was-wir-tun\/projekt-veggie-garden\/\">Veggie Garden Projekt<\/a>.\u00a0<\/p>\n<p data-start=\"471\" data-end=\"586\">Eine gute Grundlage f\u00fcr Lernen ist entscheidend: ausreichende Ern\u00e4hrung, Gesundheit und Perspektiven.<\/p>\n<p data-start=\"471\" data-end=\"586\">Im Schulgarten bauen die Jugendlichen eigenes Gem\u00fcse an. Sie lernen Anbaumethoden, \u00fcbernehmen Verantwortung und erleben, dass ihr Einsatz konkrete Ergebnisse bringt.<\/p>\n<p data-start=\"471\" data-end=\"586\"><strong>Ihre Unterst\u00fctzung erm\u00f6glicht konkret:<\/strong><\/p>\n<ul>\n<li>Ausbau und Betrieb des Gew\u00e4chshauses<\/li>\n<li data-start=\"471\" data-end=\"586\">Workshops zu Ern\u00e4hrung und nachhaltiger Landwirtschaft<\/li>\n<li data-start=\"471\" data-end=\"586\">Saatgut, Werkzeuge und Bew\u00e4sserungssysteme<\/li>\n<li data-start=\"471\" data-end=\"586\">gesunde Schulmahlzeiten aus eigener Ernte<\/li>\n<\/ul>\n<p data-start=\"471\" data-end=\"586\">So entsteht eine direkte Verbindung zwischen Engagement hier und konkreter Wirkung vor Ort.\u00a0<\/p>\n<p>[\/et_pb_text][et_pb_button button_url=&#8220;https:\/\/starforlife.org\/de\/spende-unterstuetzung\/&#8220; button_text=&#8220;Jetzt spenden&#8220; button_alignment=&#8220;left&#8220; button_alignment_tablet=&#8220;center&#8220; button_alignment_phone=&#8220;center&#8220; button_alignment_last_edited=&#8220;on|phone&#8220; _builder_version=&#8220;4.27.6&#8243; _module_preset=&#8220;default&#8220; custom_button=&#8220;on&#8220; button_text_size=&#8220;16px&#8220; button_text_color=&#8220;#FFFFFF&#8220; button_border_radius=&#8220;30px&#8220; button_font=&#8220;|300|||||||&#8220; button_use_icon=&#8220;off&#8220; locked=&#8220;off&#8220; global_colors_info=&#8220;{}&#8220; button_bg_color__hover_enabled=&#8220;on|hover&#8220; button_bg_color__hover=&#8220;#000000&#8243; button_bg_enable_color__hover=&#8220;on&#8220;][\/et_pb_button][\/et_pb_column][et_pb_column _builder_version=&#8220;4.27.6&#8243; _module_preset=&#8220;default&#8220; type=&#8220;1_2&#8243; hover_enabled=&#8220;0&#8243; sticky_enabled=&#8220;0&#8243;][et_pb_image src=&#8220;https:\/\/starforlife.org\/wp-content\/uploads\/2026\/05\/IW7A1913-1-scaled-e1778000901286.jpg&#8220; _builder_version=&#8220;4.27.6&#8243; _module_preset=&#8220;default&#8220; title_text=&#8220;IW7A1913&#8243; hover_enabled=&#8220;0&#8243; sticky_enabled=&#8220;0&#8243;][\/et_pb_image][\/et_pb_column][\/et_pb_row][\/et_pb_section][et_pb_section fb_built=&#8220;1&#8243; _builder_version=&#8220;4.27.6&#8243; _module_preset=&#8220;default&#8220; global_colors_info=&#8220;{}&#8220;][et_pb_row column_structure=&#8220;1_2,1_2&#8243; _builder_version=&#8220;4.27.6&#8243; _module_preset=&#8220;default&#8220; global_colors_info=&#8220;{}&#8220;][et_pb_column type=&#8220;1_2&#8243; _builder_version=&#8220;4.27.6&#8243; _module_preset=&#8220;default&#8220; global_colors_info=&#8220;{}&#8220;][et_pb_slider _builder_version=&#8220;4.27.6&#8243; _module_preset=&#8220;default&#8220; min_height=&#8220;337px&#8220; global_colors_info=&#8220;{}&#8220;][et_pb_slide _builder_version=&#8220;4.27.6&#8243; _module_preset=&#8220;default&#8220; background_image=&#8220;https:\/\/starforlife.org\/wp-content\/uploads\/2026\/05\/IW7A1718-scaled.jpg&#8220; background_enable_image=&#8220;on&#8220; global_colors_info=&#8220;{}&#8220; sticky_transition=&#8220;on&#8220;][\/et_pb_slide][et_pb_slide _builder_version=&#8220;4.27.6&#8243; _module_preset=&#8220;default&#8220; background_image=&#8220;https:\/\/starforlife.org\/wp-content\/uploads\/2026\/05\/IW7A1925-scaled.jpg&#8220; background_enable_image=&#8220;on&#8220; global_colors_info=&#8220;{}&#8220; sticky_transition=&#8220;on&#8220;][\/et_pb_slide][et_pb_slide _builder_version=&#8220;4.27.6&#8243; _module_preset=&#8220;default&#8220; background_image=&#8220;https:\/\/starforlife.org\/wp-content\/uploads\/2026\/05\/IW7A1948-scaled.jpg&#8220; background_enable_image=&#8220;on&#8220; global_colors_info=&#8220;{}&#8220; sticky_transition=&#8220;on&#8220;][\/et_pb_slide][et_pb_slide _builder_version=&#8220;4.27.6&#8243; _module_preset=&#8220;default&#8220; background_image=&#8220;https:\/\/starforlife.org\/wp-content\/uploads\/2026\/05\/IW7A2007-scaled.jpg&#8220; background_enable_image=&#8220;on&#8220; global_colors_info=&#8220;{}&#8220; sticky_transition=&#8220;on&#8220;][\/et_pb_slide][et_pb_slide _builder_version=&#8220;4.27.6&#8243; _module_preset=&#8220;default&#8220; background_image=&#8220;https:\/\/starforlife.org\/wp-content\/uploads\/2026\/05\/IW7A1880-scaled.jpg&#8220; background_enable_image=&#8220;on&#8220; global_colors_info=&#8220;{}&#8220; sticky_transition=&#8220;on&#8220;][\/et_pb_slide][\/et_pb_slider][\/et_pb_column][et_pb_column type=&#8220;1_2&#8243; _builder_version=&#8220;4.27.6&#8243; _module_preset=&#8220;default&#8220; global_colors_info=&#8220;{}&#8220;][et_pb_text _builder_version=&#8220;4.27.6&#8243; _module_preset=&#8220;default&#8220; global_colors_info=&#8220;{}&#8220;]<\/p>\n<h3>Gemeinsam Segel setzen<\/h3>\n<p>Ein wichtiger Partner ist der Wilhelmshavener Handballverein (WHV):<\/p>\n<p>Von jedem verkauften Ticket flie\u00dft 1 Euro in das Star-for-Life Projekt an der Kufezekile Secondary School in S\u00fcdafrika.<\/p>\n<p>Vielen Dank an alle, die mit Ihrem Beitrag konkrete Unterst\u00fctzung m\u00f6glich machen.<\/p>\n<p>&nbsp;<\/p>\n<p>[\/et_pb_text][\/et_pb_column][\/et_pb_row][\/et_pb_section]<\/p>\n","protected":false},"excerpt":{"rendered":"<p>Mit R\u00fcckenwind f\u00fcr die Zukunft: Die Star for Life &#8211; Segel der Hendrika BarteldsUm hierzulande noch mehr Bewusstsein f\u00fcr die Arbeit von Star for Life zu schaffen, stechen wir seit letztem Jahr gemeinsam mit der Hendrika Bartelds in See. Drei neue, weithin sichtbare Segel tragen seit Oktober 2025 die Botschaft von Star for Life \u00fcber [&hellip;]<\/p>\n","protected":false},"author":8,"featured_media":0,"parent":37189,"menu_order":0,"comment_status":"closed","ping_status":"closed","template":"","meta":{"_acf_changed":false,"_et_pb_use_builder":"on","_et_pb_old_content":"","_et_gb_content_width":"","inline_featured_image":false,"footnotes":""},"class_list":["post-46301","page","type-page","status-publish","hentry"],"acf":[],"yoast_head":"<!-- This site is optimized with the Yoast SEO plugin v27.6 - https:\/\/yoast.com\/product\/yoast-seo-wordpress\/ -->\n<title>Projekt: Sailing | Star for Life<\/title>\n<meta name=\"robots\" content=\"index, follow, max-snippet:-1, max-image-preview:large, max-video-preview:-1\" \/>\n<link rel=\"canonical\" href=\"https:\/\/starforlife.org\/de\/was-wir-tun\/projekt-sailing\/\" \/>\n<meta property=\"og:locale\" content=\"de_DE\" \/>\n<meta property=\"og:type\" content=\"article\" \/>\n<meta property=\"og:title\" content=\"Projekt: Sailing | Star for Life\" \/>\n<meta property=\"og:description\" content=\"Mit R\u00fcckenwind f\u00fcr die Zukunft: Die Star for Life - Segel der Hendrika BarteldsUm hierzulande noch mehr Bewusstsein f\u00fcr die Arbeit von Star for Life zu schaffen, stechen wir seit letztem Jahr gemeinsam mit der Hendrika Bartelds in See. Drei neue, weithin sichtbare Segel tragen seit Oktober 2025 die Botschaft von Star for Life \u00fcber [&hellip;]\" \/>\n<meta property=\"og:site_name\" content=\"Star for Life\" \/>\n<meta property=\"article:publisher\" content=\"https:\/\/www.facebook.com\/starforlifeofficial\" \/>\n<meta property=\"article:modified_time\" content=\"2026-05-05T17:27:04+00:00\" \/>\n<meta property=\"og:image\" content=\"https:\/\/starforlife.org\/wp-content\/uploads\/2023\/08\/kufezekile.webp\" \/>\n\t<meta property=\"og:image:width\" content=\"1920\" \/>\n\t<meta property=\"og:image:height\" content=\"1440\" \/>\n\t<meta property=\"og:image:type\" content=\"image\/webp\" \/>\n<meta name=\"twitter:card\" content=\"summary_large_image\" \/>\n<meta name=\"twitter:label1\" content=\"Gesch\u00e4tzte Lesezeit\" \/>\n\t<meta name=\"twitter:data1\" content=\"2\u00a0Minuten\" \/>\n<script type=\"application\/ld+json\" class=\"yoast-schema-graph\">{\"@context\":\"https:\\\/\\\/schema.org\",\"@graph\":[{\"@type\":\"WebPage\",\"@id\":\"https:\\\/\\\/starforlife.org\\\/de\\\/was-wir-tun\\\/projekt-sailing\\\/\",\"url\":\"https:\\\/\\\/starforlife.org\\\/de\\\/was-wir-tun\\\/projekt-sailing\\\/\",\"name\":\"Projekt: Sailing | Star for Life\",\"isPartOf\":{\"@id\":\"https:\\\/\\\/starforlife.org\\\/#website\"},\"datePublished\":\"2026-05-05T11:56:32+00:00\",\"dateModified\":\"2026-05-05T17:27:04+00:00\",\"breadcrumb\":{\"@id\":\"https:\\\/\\\/starforlife.org\\\/de\\\/was-wir-tun\\\/projekt-sailing\\\/#breadcrumb\"},\"inLanguage\":\"de\",\"potentialAction\":[{\"@type\":\"ReadAction\",\"target\":[\"https:\\\/\\\/starforlife.org\\\/de\\\/was-wir-tun\\\/projekt-sailing\\\/\"]}]},{\"@type\":\"BreadcrumbList\",\"@id\":\"https:\\\/\\\/starforlife.org\\\/de\\\/was-wir-tun\\\/projekt-sailing\\\/#breadcrumb\",\"itemListElement\":[{\"@type\":\"ListItem\",\"position\":1,\"name\":\"Was wir tun\",\"item\":\"https:\\\/\\\/starforlife.org\\\/what-we-do\\\/\"},{\"@type\":\"ListItem\",\"position\":2,\"name\":\"Projekt: Sailing\"}]},{\"@type\":\"WebSite\",\"@id\":\"https:\\\/\\\/starforlife.org\\\/#website\",\"url\":\"https:\\\/\\\/starforlife.org\\\/\",\"name\":\"Star for Life\",\"description\":\"Empowering young people\",\"publisher\":{\"@id\":\"https:\\\/\\\/starforlife.org\\\/#organization\"},\"alternateName\":\"SFL\",\"potentialAction\":[{\"@type\":\"SearchAction\",\"target\":{\"@type\":\"EntryPoint\",\"urlTemplate\":\"https:\\\/\\\/starforlife.org\\\/?s={search_term_string}\"},\"query-input\":{\"@type\":\"PropertyValueSpecification\",\"valueRequired\":true,\"valueName\":\"search_term_string\"}}],\"inLanguage\":\"de\"},{\"@type\":\"Organization\",\"@id\":\"https:\\\/\\\/starforlife.org\\\/#organization\",\"name\":\"Star for life\",\"url\":\"https:\\\/\\\/starforlife.org\\\/\",\"logo\":{\"@type\":\"ImageObject\",\"inLanguage\":\"de\",\"@id\":\"https:\\\/\\\/starforlife.org\\\/#\\\/schema\\\/logo\\\/image\\\/\",\"url\":\"https:\\\/\\\/starforlife.org\\\/wp-content\\\/uploads\\\/2024\\\/02\\\/logga.svg\",\"contentUrl\":\"https:\\\/\\\/starforlife.org\\\/wp-content\\\/uploads\\\/2024\\\/02\\\/logga.svg\",\"width\":\"1024\",\"height\":\"1024\",\"caption\":\"Star for life\"},\"image\":{\"@id\":\"https:\\\/\\\/starforlife.org\\\/#\\\/schema\\\/logo\\\/image\\\/\"},\"sameAs\":[\"https:\\\/\\\/www.facebook.com\\\/starforlifeofficial\",\"https:\\\/\\\/www.linkedin.com\\\/company\\\/7063029\\\/\"]}]}<\/script>\n<!-- \/ Yoast SEO plugin. -->","yoast_head_json":{"title":"Projekt: Sailing | Star for Life","robots":{"index":"index","follow":"follow","max-snippet":"max-snippet:-1","max-image-preview":"max-image-preview:large","max-video-preview":"max-video-preview:-1"},"canonical":"https:\/\/starforlife.org\/de\/was-wir-tun\/projekt-sailing\/","og_locale":"de_DE","og_type":"article","og_title":"Projekt: Sailing | Star for Life","og_description":"Mit R\u00fcckenwind f\u00fcr die Zukunft: Die Star for Life - Segel der Hendrika BarteldsUm hierzulande noch mehr Bewusstsein f\u00fcr die Arbeit von Star for Life zu schaffen, stechen wir seit letztem Jahr gemeinsam mit der Hendrika Bartelds in See. Drei neue, weithin sichtbare Segel tragen seit Oktober 2025 die Botschaft von Star for Life \u00fcber [&hellip;]","og_site_name":"Star for Life","article_publisher":"https:\/\/www.facebook.com\/starforlifeofficial","article_modified_time":"2026-05-05T17:27:04+00:00","og_image":[{"width":1920,"height":1440,"url":"https:\/\/starforlife.org\/wp-content\/uploads\/2023\/08\/kufezekile.webp","type":"image\/webp"}],"twitter_card":"summary_large_image","twitter_misc":{"Gesch\u00e4tzte Lesezeit":"2\u00a0Minuten"},"schema":{"@context":"https:\/\/schema.org","@graph":[{"@type":"WebPage","@id":"https:\/\/starforlife.org\/de\/was-wir-tun\/projekt-sailing\/","url":"https:\/\/starforlife.org\/de\/was-wir-tun\/projekt-sailing\/","name":"Projekt: Sailing | Star for Life","isPartOf":{"@id":"https:\/\/starforlife.org\/#website"},"datePublished":"2026-05-05T11:56:32+00:00","dateModified":"2026-05-05T17:27:04+00:00","breadcrumb":{"@id":"https:\/\/starforlife.org\/de\/was-wir-tun\/projekt-sailing\/#breadcrumb"},"inLanguage":"de","potentialAction":[{"@type":"ReadAction","target":["https:\/\/starforlife.org\/de\/was-wir-tun\/projekt-sailing\/"]}]},{"@type":"BreadcrumbList","@id":"https:\/\/starforlife.org\/de\/was-wir-tun\/projekt-sailing\/#breadcrumb","itemListElement":[{"@type":"ListItem","position":1,"name":"Was wir tun","item":"https:\/\/starforlife.org\/what-we-do\/"},{"@type":"ListItem","position":2,"name":"Projekt: Sailing"}]},{"@type":"WebSite","@id":"https:\/\/starforlife.org\/#website","url":"https:\/\/starforlife.org\/","name":"Star for Life","description":"Empowering young people","publisher":{"@id":"https:\/\/starforlife.org\/#organization"},"alternateName":"SFL","potentialAction":[{"@type":"SearchAction","target":{"@type":"EntryPoint","urlTemplate":"https:\/\/starforlife.org\/?s={search_term_string}"},"query-input":{"@type":"PropertyValueSpecification","valueRequired":true,"valueName":"search_term_string"}}],"inLanguage":"de"},{"@type":"Organization","@id":"https:\/\/starforlife.org\/#organization","name":"Star for life","url":"https:\/\/starforlife.org\/","logo":{"@type":"ImageObject","inLanguage":"de","@id":"https:\/\/starforlife.org\/#\/schema\/logo\/image\/","url":"https:\/\/starforlife.org\/wp-content\/uploads\/2024\/02\/logga.svg","contentUrl":"https:\/\/starforlife.org\/wp-content\/uploads\/2024\/02\/logga.svg","width":"1024","height":"1024","caption":"Star for life"},"image":{"@id":"https:\/\/starforlife.org\/#\/schema\/logo\/image\/"},"sameAs":["https:\/\/www.facebook.com\/starforlifeofficial","https:\/\/www.linkedin.com\/company\/7063029\/"]}]}},"_links":{"self":[{"href":"https:\/\/starforlife.org\/de\/wp-json\/wp\/v2\/pages\/46301","targetHints":{"allow":["GET"]}}],"collection":[{"href":"https:\/\/starforlife.org\/de\/wp-json\/wp\/v2\/pages"}],"about":[{"href":"https:\/\/starforlife.org\/de\/wp-json\/wp\/v2\/types\/page"}],"author":[{"embeddable":true,"href":"https:\/\/starforlife.org\/de\/wp-json\/wp\/v2\/users\/8"}],"replies":[{"embeddable":true,"href":"https:\/\/starforlife.org\/de\/wp-json\/wp\/v2\/comments?post=46301"}],"version-history":[{"count":30,"href":"https:\/\/starforlife.org\/de\/wp-json\/wp\/v2\/pages\/46301\/revisions"}],"predecessor-version":[{"id":46453,"href":"https:\/\/starforlife.org\/de\/wp-json\/wp\/v2\/pages\/46301\/revisions\/46453"}],"up":[{"embeddable":true,"href":"https:\/\/starforlife.org\/de\/wp-json\/wp\/v2\/pages\/37189"}],"wp:attachment":[{"href":"https:\/\/starforlife.org\/de\/wp-json\/wp\/v2\/media?parent=46301"}],"curies":[{"name":"wp","href":"https:\/\/api.w.org\/{rel}","templated":true}]}}