{"id":39512,"date":"2024-11-28T17:03:55","date_gmt":"2024-11-28T16:03:55","guid":{"rendered":"https:\/\/starforlife.org\/?page_id=39512"},"modified":"2026-03-31T11:58:05","modified_gmt":"2026-03-31T10:58:05","slug":"projekt-computer-workshop","status":"publish","type":"page","link":"https:\/\/starforlife.org\/de\/was-wir-tun\/projekt-computer-workshop\/","title":{"rendered":"Projekt: Computer Workshop"},"content":{"rendered":"<p>[et_pb_section fb_built=&#8220;1&#8243; custom_padding_last_edited=&#8220;on|desktop&#8220; _builder_version=&#8220;4.27.3&#8243; _module_preset=&#8220;default&#8220; background_color=&#8220;rgba(0,0,0,0)&#8220; background_image=&#8220;https:\/\/starforlife.org\/wp-content\/uploads\/2024\/11\/computer-projekt-junge-afrikaner.jpg&#8220; background_blend=&#8220;multiply&#8220; custom_padding=&#8220;11%||13%||false|false&#8220; custom_padding_tablet=&#8220;11%||13%||false|false&#8220; custom_padding_phone=&#8220;15%||15%||false|false&#8220; background_color_phone=&#8220;rgba(0,0,0,0.24)&#8220; background_last_edited=&#8220;on|desktop&#8220; background_enable_color_phone=&#8220;on&#8220; background_image_tablet=&#8220;https:\/\/starforlife.org\/wp-content\/uploads\/2024\/11\/Photo-2024-08-05-13-09-08-Bearbeitet.jpg&#8220; background_enable_image_tablet=&#8220;on&#8220; global_colors_info=&#8220;{}&#8220;][et_pb_row _builder_version=&#8220;4.22.0&#8243; _module_preset=&#8220;default&#8220; global_colors_info=&#8220;{}&#8220;][et_pb_column type=&#8220;4_4&#8243; _builder_version=&#8220;4.22.0&#8243; _module_preset=&#8220;default&#8220; global_colors_info=&#8220;{}&#8220;][et_pb_text _builder_version=&#8220;4.27.3&#8243; _module_preset=&#8220;default&#8220; header_text_align=&#8220;center&#8220; header_text_color=&#8220;#FFFFFF&#8220; header_2_text_align=&#8220;center&#8220; width=&#8220;54.5%&#8220; width_tablet=&#8220;100%&#8220; width_phone=&#8220;100%&#8220; width_last_edited=&#8220;on|phone&#8220; module_alignment=&#8220;center&#8220; custom_margin=&#8220;|221px||||&#8220; header_font_size_tablet=&#8220;30px&#8220; header_font_size_phone=&#8220;25px&#8220; header_font_size_last_edited=&#8220;on|phone&#8220; header_line_height_tablet=&#8220;1.3em&#8220; header_line_height_phone=&#8220;1.3em&#8220; header_line_height_last_edited=&#8220;on|tablet&#8220; header_text_shadow_style=&#8220;preset3&#8243; global_colors_info=&#8220;{}&#8220;]<\/p>\n<h1>Digitales Sprungbrett f\u00fcr Afrikas Jugend: Das Star for Life Computer-Projekt<\/h1>\n<p>[\/et_pb_text][et_pb_button button_url=&#8220;#bildungsniveau&#8220; url_new_window=&#8220;on&#8220; button_text=&#8220;Weitere Informationen &#8220; button_alignment=&#8220;center&#8220; _builder_version=&#8220;4.27.3&#8243; _module_preset=&#8220;default&#8220; custom_button=&#8220;on&#8220; button_text_color=&#8220;#FFFFFF&#8220; button_bg_color=&#8220;#1072B8&#8243; button_font=&#8220;||||||||&#8220; button_icon=&#8220;&#xf061;||fa||900&#8243; button_icon_color=&#8220;#FFFFFF&#8220; button_on_hover=&#8220;off&#8220; global_colors_info=&#8220;{}&#8220; button_bg_color__hover=&#8220;#344028&#8243; button_bg_color__hover_enabled=&#8220;on|hover&#8220;][\/et_pb_button][\/et_pb_column][\/et_pb_row][\/et_pb_section][et_pb_section fb_built=&#8220;1&#8243; _builder_version=&#8220;4.27.3&#8243; _module_preset=&#8220;default&#8220; background_color=&#8220;#EAEAEA&#8220; custom_margin=&#8220;||-47px|||&#8220; hover_enabled=&#8220;0&#8243; global_colors_info=&#8220;{}&#8220; sticky_enabled=&#8220;0&#8243;][et_pb_row column_structure=&#8220;1_2,1_2&#8243; use_custom_gutter=&#8220;on&#8220; make_equal=&#8220;on&#8220; custom_padding_last_edited=&#8220;on|phone&#8220; _builder_version=&#8220;4.27.3&#8243; _module_preset=&#8220;default&#8220; width=&#8220;90%&#8220; width_tablet=&#8220;90%&#8220; width_phone=&#8220;85%&#8220; width_last_edited=&#8220;on|phone&#8220; max_width=&#8220;1280px&#8220; custom_margin=&#8220;||||false|false&#8220; custom_padding=&#8220;||40px||false|false&#8220; custom_padding_tablet=&#8220;0px||40px||false|false&#8220; custom_padding_phone=&#8220;0px||||false|false&#8220; global_colors_info=&#8220;{}&#8220;][et_pb_column type=&#8220;1_2&#8243; _builder_version=&#8220;4.23.4&#8243; _module_preset=&#8220;default&#8220; custom_padding=&#8220;3%||3%||false|false&#8220; custom_padding_tablet=&#8220;0%||3%||false|false&#8220; custom_padding_phone=&#8220;3%||3%||false|false&#8220; custom_padding_last_edited=&#8220;on|desktop&#8220; global_colors_info=&#8220;{}&#8220;][et_pb_text module_id=&#8220;bildungsniveau&#8220; _builder_version=&#8220;4.27.4&#8243; _module_preset=&#8220;default&#8220; text_text_color=&#8220;#FFFFFF&#8220; text_line_height=&#8220;1.6em&#8220; header_2_text_color=&#8220;#FFFFFF&#8220; header_2_font_size=&#8220;28px&#8220; width=&#8220;86%&#8220; width_tablet=&#8220;100%&#8220; width_phone=&#8220;100%&#8220; width_last_edited=&#8220;on|phone&#8220; custom_margin=&#8220;||||false|false&#8220; custom_margin_tablet=&#8220;0px||||false|false&#8220; custom_margin_phone=&#8220;0px||||false|false&#8220; custom_margin_last_edited=&#8220;on|tablet&#8220; custom_padding_tablet=&#8220;0px||||false|false&#8220; custom_padding_phone=&#8220;0px||||false|false&#8220; custom_padding_last_edited=&#8220;on|tablet&#8220; text_font_size_tablet=&#8220;&#8220; text_font_size_phone=&#8220;16px&#8220; text_font_size_last_edited=&#8220;on|phone&#8220; header_2_font_size_phone=&#8220;28px&#8220; header_2_font_size_last_edited=&#8220;off|phone&#8220; header_2_line_height_tablet=&#8220;&#8220; header_2_line_height_phone=&#8220;1.3em&#8220; header_2_line_height_last_edited=&#8220;on|phone&#8220; global_colors_info=&#8220;{}&#8220;]<\/p>\n<h2><span style=\"color: #000000;\">Digitale Chancen er\u00f6ffnen<\/span><\/h2>\n<p><span style=\"color: #000000;\">Das Computer-Projekt ist neben unserem <a href=\"https:\/\/starforlife.org\/de\/was-wir-tun\/das-schulprogramm\/\" title=\"Finanzielle und fachliche Unterst\u00fctzung f\u00fcr Schulen in Afrika\">Schulprogramm<\/a> eine wichtige Bildungsma\u00dfnahme von Star for Life. <\/span><span style=\"color: #000000;\"><\/span><\/p>\n<p><span style=\"color: #000000;\">In vielen Regionen S\u00fcdafrikas und Namibias fehlt Kindern und <span style=\"caret-color: #000000;\">Jugendlichen<\/span>\u00a0der Zugang zu Computern und IT-Kenntnissen. Mit dem Computer-Projekt er\u00f6ffnen wir ihnen die digitale Welt \u2013 ein entscheidender Schritt f\u00fcr schulischen Erfolg, berufliche Chancen und ein selbstbestimmtes Leben.<\/span><\/p>\n<p><span style=\"color: #000000;\">Vor jedem neuen Projekt kl\u00e4ren wir gemeinsam mit der Schule alle Voraussetzungen: sichere Aufbewahrung der Laptops, technische Bedingungen und das Engagement, nach dem Workshop eigenst\u00e4ndig weiter zu trainieren.<\/span><br \/><span style=\"color: #000000;\"><\/span><\/p>\n<p><span style=\"color: #000000;\">Ziel des Computer-Projekts: die digitale Kluft \u00fcberwinden und Jugendlichen F\u00e4higkeiten vermitteln, die sie f\u00fcr ihre Zukunft brauchen.<\/span><\/p>\n<p><span style=\"color: #000000;\"><\/span><\/p>\n<p>[\/et_pb_text][\/et_pb_column][et_pb_column type=&#8220;1_2&#8243; _builder_version=&#8220;4.23.4&#8243; _module_preset=&#8220;default&#8220; custom_padding=&#8220;3%||3%||false|false&#8220; custom_padding_tablet=&#8220;0%||3%||false|false&#8220; custom_padding_phone=&#8220;3%||3%||false|false&#8220; custom_padding_last_edited=&#8220;on|desktop&#8220; global_colors_info=&#8220;{}&#8220;][et_pb_image src=&#8220;https:\/\/starforlife.org\/wp-content\/uploads\/2024\/11\/Bild-CWS.jpg&#8220; alt=&#8220;Junge afrikanische Sch\u00fclerin schaut im durch Spenden finanzierten Workshop auf einen Laptop&#8220; title_text=&#8220;Afrikas Jugend erlernt mit uns digitale F\u00e4higkeiten f\u00fcr eine bessere Zukunft&#8220; _builder_version=&#8220;4.27.4&#8243; _module_preset=&#8220;default&#8220; width=&#8220;100%&#8220; max_width=&#8220;100%&#8220; height=&#8220;502px&#8220; custom_padding=&#8220;|224px|0px|||&#8220; border_radii=&#8220;on|7px|7px|7px|7px&#8220; border_width_all=&#8220;0px&#8220; border_color_all=&#8220;#EAEAEA&#8220; global_colors_info=&#8220;{}&#8220;][\/et_pb_image][\/et_pb_column][\/et_pb_row][\/et_pb_section][et_pb_section fb_built=&#8220;1&#8243; _builder_version=&#8220;4.27.3&#8243; _module_preset=&#8220;default&#8220; background_color=&#8220;#1072B8&#8243; min_height=&#8220;280px&#8220; custom_padding=&#8220;||34px|||&#8220; global_colors_info=&#8220;{}&#8220;][et_pb_row _builder_version=&#8220;4.27.3&#8243; _module_preset=&#8220;default&#8220; global_colors_info=&#8220;{}&#8220;][et_pb_column type=&#8220;4_4&#8243; _builder_version=&#8220;4.27.3&#8243; _module_preset=&#8220;default&#8220; global_colors_info=&#8220;{}&#8220;][et_pb_text _builder_version=&#8220;4.27.3&#8243; _module_preset=&#8220;default&#8220; global_colors_info=&#8220;{}&#8220;]<\/p>\n<h3><span style=\"color: #ffffff;\">Wissen in der digitalen Welt<\/span><\/h3>\n<p><span style=\"color: #ffffff;\">Das Projekt haben wir bereits an der Zenzeleni Secondary School in KwaZulu-Natal und der Shumayela Secondary School in Durban umgesetzt:<\/span><span style=\"color: #ffffff;\"> die Schulen erhielten 45 Laptops mit v<span style=\"caret-color: #ffffff;\">orinstallierter<\/span> Microsoft-Software.<\/span><span style=\"color: #ffffff;\"> Jeweils im <span style=\"caret-color: #ffffff;\">Sommer<\/span> 2024 bzw. 2025 wurde eine intensive digitale Schulung in Form eines f\u00fcnft\u00e4gigen Workshops durchgef\u00fchrt.<\/span><\/p>\n<p><span style=\"color: #ffffff;\">Die Jugendlichen arbeiteten fokussiert, motiviert und mit dem klaren Bewusstsein, dass diese Computer f\u00fcr sie eine echte Chance bedeuten.<\/span><\/p>\n<p><span style=\"color: #ffffff;\">Durch die aktive Einbindung der lokalen Lehrkr\u00e4fte wird ein nachhaltiger Wissenstransfer sichergestellt, so dass die digitalen Kompetenzen auch nach Projektabschluss eigenst\u00e4ndig von der Schule weitergef\u00fchrt werden k\u00f6nnen.<\/span><\/p>\n<p><span style=\"color: #ffffff;\"><\/span><\/p>\n<p><span style=\"color: #ffffff;\"><\/span><\/p>\n<p>[\/et_pb_text][\/et_pb_column][\/et_pb_row][\/et_pb_section][et_pb_section fb_built=&#8220;1&#8243; _builder_version=&#8220;4.27.3&#8243; _module_preset=&#8220;default&#8220; min_height=&#8220;548.7px&#8220; custom_margin=&#8220;-39px|||||&#8220; global_colors_info=&#8220;{}&#8220;][et_pb_row column_structure=&#8220;1_2,1_2&#8243; _builder_version=&#8220;4.27.3&#8243; _module_preset=&#8220;default&#8220; global_colors_info=&#8220;{}&#8220;][et_pb_column type=&#8220;1_2&#8243; _builder_version=&#8220;4.27.3&#8243; _module_preset=&#8220;default&#8220; global_colors_info=&#8220;{}&#8220;][et_pb_image src=&#8220;https:\/\/starforlife.org\/wp-content\/uploads\/2024\/11\/Photo-2024-08-05-12-51-45-Bearbeitet.jpg&#8220; alt=&#8220;Sch\u00fcler in einem s\u00fcdafrikanischem Klassenraum lernen mit Laptops&#8220; title_text=&#8220;Im Klassenverband Hardware und Software kennenlernen&#8220; _builder_version=&#8220;4.27.3&#8243; _module_preset=&#8220;default&#8220; width=&#8220;95.1%&#8220; min_height=&#8220;418px&#8220; custom_padding=&#8220;|15px|0px|||&#8220; border_radii=&#8220;on|7px|7px|7px|7px&#8220; border_width_all=&#8220;0px&#8220; border_color_all=&#8220;#FFFFFF&#8220; global_colors_info=&#8220;{}&#8220;][\/et_pb_image][\/et_pb_column][et_pb_column type=&#8220;1_2&#8243; _builder_version=&#8220;4.27.3&#8243; _module_preset=&#8220;default&#8220; global_colors_info=&#8220;{}&#8220;][et_pb_slider _builder_version=&#8220;4.27.3&#8243; _module_preset=&#8220;default&#8220; custom_button=&#8220;on&#8220; button_border_width=&#8220;0px&#8220; button_border_radius=&#8220;32px&#8220; min_height=&#8220;436.4px&#8220; global_colors_info=&#8220;{}&#8220;][et_pb_slide heading=&#8220;Berufliche Vorbereitung &#8220; _builder_version=&#8220;4.27.3&#8243; _module_preset=&#8220;default&#8220; background_color=&#8220;#1072B8&#8243; background_enable_color=&#8220;on&#8220; global_colors_info=&#8220;{}&#8220; sticky_transition=&#8220;on&#8220;]<\/p>\n<p style=\"font-weight: 400;\">94 % der teilnehmenden Sch\u00fcler*innen geben an, sich durch die neu erworbenen IT-Kenntnisse besser auf ihre beruflichen Ziele vorbereitet zu f\u00fchlen. Diese Kenntnisse er\u00f6ffnen ihnen neue Perspektiven und M\u00f6glichkeiten auf dem Arbeitsmarkt.<\/p>\n<p>[\/et_pb_slide][et_pb_slide heading=&#8220;Selbstbewusstsein und Motivation&#8220; _builder_version=&#8220;4.27.3&#8243; _module_preset=&#8220;default&#8220; background_color=&#8220;#1072B8&#8243; background_enable_color=&#8220;on&#8220; global_colors_info=&#8220;{}&#8220; sticky_transition=&#8220;on&#8220;]<\/p>\n<p style=\"font-weight: 400;\">Die Workshops tragen entscheidend zur Steigerung des Selbstbewusstseins und der Motivation der Sch\u00fcler*innen bei. Durch den Zugang zu moderner Technologie und digitale Kompetenz erleben die Teilnehmenden ein gest\u00e4rktes Vertrauen in ihre F\u00e4higkeiten und blicken optimistisch in ihre Zukunft.<\/p>\n<p>[\/et_pb_slide][et_pb_slide heading=&#8220;Nachhaltige Wirkung&#8220; _builder_version=&#8220;4.27.3&#8243; _module_preset=&#8220;default&#8220; background_color=&#8220;#1072B8&#8243; background_enable_color=&#8220;on&#8220; global_colors_info=&#8220;{}&#8220; sticky_transition=&#8220;on&#8220;]<\/p>\n<p style=\"font-weight: 400;\">Die neu erworbenen digitalen Fertigkeiten f\u00f6rdern nicht nur die pers\u00f6nliche Entwicklung, sondern bereichern auch das schulische Umfeld. Die Sch\u00fcler*innen werden zu Vorbildern und inspirieren ihre Mitsch\u00fcler*innen, wodurch eine positive Lerndynamik innerhalb der Schulgemeinschaft entsteht.<\/p>\n<p>[\/et_pb_slide][et_pb_slide heading=&#8220;Wissenstransfer f\u00fcr Lehrkr\u00e4fte &#8220; _builder_version=&#8220;4.27.3&#8243; _module_preset=&#8220;default&#8220; background_color=&#8220;#1072B8&#8243; background_enable_color=&#8220;on&#8220; global_colors_info=&#8220;{}&#8220; sticky_transition=&#8220;on&#8220;]<\/p>\n<div><span lang=\"DE\">Die Einbindung der Lehrkr\u00e4fte in das Programm sorgt f\u00fcr einen nachhaltigen Wissenstransfer, sodass die digitalen Kompetenzen auch nach Abschluss des Projekts weiter gef\u00f6rdert und weitergegeben werden.<\/span><\/div>\n<div><\/div>\n<p>[\/et_pb_slide][\/et_pb_slider][\/et_pb_column][\/et_pb_row][\/et_pb_section][et_pb_section fb_built=&#8220;1&#8243; _builder_version=&#8220;4.27.3&#8243; _module_preset=&#8220;default&#8220; background_color=&#8220;#1072B8&#8243; background_enable_image=&#8220;off&#8220; min_height=&#8220;170.3px&#8220; global_colors_info=&#8220;{}&#8220;][et_pb_row _builder_version=&#8220;4.27.3&#8243; _module_preset=&#8220;default&#8220; global_colors_info=&#8220;{}&#8220;][et_pb_column type=&#8220;4_4&#8243; _builder_version=&#8220;4.27.3&#8243; _module_preset=&#8220;default&#8220; global_colors_info=&#8220;{}&#8220;][et_pb_text _builder_version=&#8220;4.27.3&#8243; _module_preset=&#8220;default&#8220; background_color=&#8220;RGBA(255,255,255,0)&#8220; hover_enabled=&#8220;0&#8243; border_width_all=&#8220;0px&#8220; border_color_all=&#8220;#FFFFFF&#8220; global_colors_info=&#8220;{}&#8220; custom_padding=&#8220;0px|||||&#8220; sticky_enabled=&#8220;0&#8243;]<\/p>\n<p><span style=\"color: #ffffff;\">Zwei Computerprojekte konnten wir bereits dank des Charity-Golfturniers der Transport Ov<span style=\"caret-color: #ffffff;\">erseas<\/span> Group umsetzen \u2013 und das ist erst der Anfang. Mit Ihrer Unterst\u00fctzung wollen wir noch mehr Schulen erreichen und Jugendlichen in S\u00fcdafrika und Namibia den Zugang zur digitalen Welt erm\u00f6glichen.<\/span><\/p>\n<p>[\/et_pb_text][\/et_pb_column][\/et_pb_row][et_pb_row _builder_version=&#8220;4.27.3&#8243; _module_preset=&#8220;default&#8220; global_colors_info=&#8220;{}&#8220;][et_pb_column type=&#8220;4_4&#8243; _builder_version=&#8220;4.27.3&#8243; _module_preset=&#8220;default&#8220; global_colors_info=&#8220;{}&#8220;][et_pb_button button_url=&#8220;https:\/\/starforlife.org\/de\/spende-unterstuetzung\/#jetzt-spenden&#8220; button_text=&#8220;Spenden Sie jetzt! &#8220; button_alignment=&#8220;center&#8220; _builder_version=&#8220;4.27.3&#8243; _module_preset=&#8220;default&#8220; custom_button=&#8220;on&#8220; button_text_size=&#8220;25px&#8220; global_colors_info=&#8220;{}&#8220;][\/et_pb_button][\/et_pb_column][\/et_pb_row][\/et_pb_section]<\/p>\n","protected":false},"excerpt":{"rendered":"<p>Digitales Sprungbrett f\u00fcr Afrikas Jugend: Das Star for Life Computer-ProjektDigitale Chancen er\u00f6ffnen Das Computer-Projekt ist neben unserem Schulprogramm eine wichtige Bildungsma\u00dfnahme von Star for Life. In vielen Regionen S\u00fcdafrikas und Namibias fehlt Kindern und Jugendlichen\u00a0der Zugang zu Computern und IT-Kenntnissen. Mit dem Computer-Projekt er\u00f6ffnen wir ihnen die digitale Welt \u2013 ein entscheidender Schritt f\u00fcr schulischen [&hellip;]<\/p>\n","protected":false},"author":8,"featured_media":0,"parent":37189,"menu_order":1,"comment_status":"closed","ping_status":"closed","template":"","meta":{"_acf_changed":false,"_et_pb_use_builder":"on","_et_pb_old_content":"","_et_gb_content_width":"","inline_featured_image":false,"footnotes":""},"class_list":["post-39512","page","type-page","status-publish","hentry"],"acf":[],"yoast_head":"<!-- This site is optimized with the Yoast SEO plugin v27.5 - https:\/\/yoast.com\/product\/yoast-seo-wordpress\/ -->\n<title>Computer Workshops f\u00fcr s\u00fcdafrikanische Schulen | Star for Life<\/title>\n<meta name=\"description\" content=\"Im Rahmen unseres Schulprogramms haben wir ein Projekt gestartet, das Schulen in Afrika mit Computern und Software ausstattet. Lokale Lehrkr\u00e4fte sichern den Wissenstransfer.\" \/>\n<meta name=\"robots\" content=\"index, follow, max-snippet:-1, max-image-preview:large, max-video-preview:-1\" \/>\n<link rel=\"canonical\" href=\"https:\/\/starforlife.org\/de\/was-wir-tun\/projekt-computer-workshop\/\" \/>\n<meta property=\"og:locale\" content=\"de_DE\" \/>\n<meta property=\"og:type\" content=\"article\" \/>\n<meta property=\"og:title\" content=\"Computer Workshops f\u00fcr s\u00fcdafrikanische Schulen | Star for Life\" \/>\n<meta property=\"og:description\" content=\"Im Rahmen unseres Schulprogramms haben wir ein Projekt gestartet, das Schulen in Afrika mit Computern und Software ausstattet. Lokale Lehrkr\u00e4fte sichern den Wissenstransfer.\" \/>\n<meta property=\"og:site_name\" content=\"Star for Life\" \/>\n<meta property=\"article:publisher\" content=\"https:\/\/www.facebook.com\/starforlifeofficial\" \/>\n<meta property=\"article:modified_time\" content=\"2026-03-31T10:58:05+00:00\" \/>\n<meta property=\"og:image\" content=\"https:\/\/starforlife.org\/wp-content\/uploads\/2023\/08\/kufezekile.webp\" \/>\n\t<meta property=\"og:image:width\" content=\"1920\" \/>\n\t<meta property=\"og:image:height\" content=\"1440\" \/>\n\t<meta property=\"og:image:type\" content=\"image\/webp\" \/>\n<meta name=\"twitter:card\" content=\"summary_large_image\" \/>\n<meta name=\"twitter:label1\" content=\"Gesch\u00e4tzte Lesezeit\" \/>\n\t<meta name=\"twitter:data1\" content=\"2\u00a0Minuten\" \/>\n<script type=\"application\/ld+json\" class=\"yoast-schema-graph\">{\"@context\":\"https:\\\/\\\/schema.org\",\"@graph\":[{\"@type\":\"WebPage\",\"@id\":\"https:\\\/\\\/starforlife.org\\\/de\\\/was-wir-tun\\\/projekt-computer-workshop\\\/\",\"url\":\"https:\\\/\\\/starforlife.org\\\/de\\\/was-wir-tun\\\/projekt-computer-workshop\\\/\",\"name\":\"Computer Workshops f\u00fcr s\u00fcdafrikanische Schulen | Star for Life\",\"isPartOf\":{\"@id\":\"https:\\\/\\\/starforlife.org\\\/#website\"},\"datePublished\":\"2024-11-28T16:03:55+00:00\",\"dateModified\":\"2026-03-31T10:58:05+00:00\",\"description\":\"Im Rahmen unseres Schulprogramms haben wir ein Projekt gestartet, das Schulen in Afrika mit Computern und Software ausstattet. Lokale Lehrkr\u00e4fte sichern den Wissenstransfer.\",\"breadcrumb\":{\"@id\":\"https:\\\/\\\/starforlife.org\\\/de\\\/was-wir-tun\\\/projekt-computer-workshop\\\/#breadcrumb\"},\"inLanguage\":\"de\",\"potentialAction\":[{\"@type\":\"ReadAction\",\"target\":[\"https:\\\/\\\/starforlife.org\\\/de\\\/was-wir-tun\\\/projekt-computer-workshop\\\/\"]}]},{\"@type\":\"BreadcrumbList\",\"@id\":\"https:\\\/\\\/starforlife.org\\\/de\\\/was-wir-tun\\\/projekt-computer-workshop\\\/#breadcrumb\",\"itemListElement\":[{\"@type\":\"ListItem\",\"position\":1,\"name\":\"Was wir tun\",\"item\":\"https:\\\/\\\/starforlife.org\\\/what-we-do\\\/\"},{\"@type\":\"ListItem\",\"position\":2,\"name\":\"Projekt: Computer Workshop\"}]},{\"@type\":\"WebSite\",\"@id\":\"https:\\\/\\\/starforlife.org\\\/#website\",\"url\":\"https:\\\/\\\/starforlife.org\\\/\",\"name\":\"Star for Life\",\"description\":\"Empowering young people\",\"publisher\":{\"@id\":\"https:\\\/\\\/starforlife.org\\\/#organization\"},\"alternateName\":\"SFL\",\"potentialAction\":[{\"@type\":\"SearchAction\",\"target\":{\"@type\":\"EntryPoint\",\"urlTemplate\":\"https:\\\/\\\/starforlife.org\\\/?s={search_term_string}\"},\"query-input\":{\"@type\":\"PropertyValueSpecification\",\"valueRequired\":true,\"valueName\":\"search_term_string\"}}],\"inLanguage\":\"de\"},{\"@type\":\"Organization\",\"@id\":\"https:\\\/\\\/starforlife.org\\\/#organization\",\"name\":\"Star for life\",\"url\":\"https:\\\/\\\/starforlife.org\\\/\",\"logo\":{\"@type\":\"ImageObject\",\"inLanguage\":\"de\",\"@id\":\"https:\\\/\\\/starforlife.org\\\/#\\\/schema\\\/logo\\\/image\\\/\",\"url\":\"https:\\\/\\\/starforlife.org\\\/wp-content\\\/uploads\\\/2024\\\/02\\\/logga.svg\",\"contentUrl\":\"https:\\\/\\\/starforlife.org\\\/wp-content\\\/uploads\\\/2024\\\/02\\\/logga.svg\",\"width\":\"1024\",\"height\":\"1024\",\"caption\":\"Star for life\"},\"image\":{\"@id\":\"https:\\\/\\\/starforlife.org\\\/#\\\/schema\\\/logo\\\/image\\\/\"},\"sameAs\":[\"https:\\\/\\\/www.facebook.com\\\/starforlifeofficial\",\"https:\\\/\\\/www.linkedin.com\\\/company\\\/7063029\\\/\"]}]}<\/script>\n<!-- \/ Yoast SEO plugin. -->","yoast_head_json":{"title":"Computer Workshops f\u00fcr s\u00fcdafrikanische Schulen | Star for Life","description":"Im Rahmen unseres Schulprogramms haben wir ein Projekt gestartet, das Schulen in Afrika mit Computern und Software ausstattet. Lokale Lehrkr\u00e4fte sichern den Wissenstransfer.","robots":{"index":"index","follow":"follow","max-snippet":"max-snippet:-1","max-image-preview":"max-image-preview:large","max-video-preview":"max-video-preview:-1"},"canonical":"https:\/\/starforlife.org\/de\/was-wir-tun\/projekt-computer-workshop\/","og_locale":"de_DE","og_type":"article","og_title":"Computer Workshops f\u00fcr s\u00fcdafrikanische Schulen | Star for Life","og_description":"Im Rahmen unseres Schulprogramms haben wir ein Projekt gestartet, das Schulen in Afrika mit Computern und Software ausstattet. Lokale Lehrkr\u00e4fte sichern den Wissenstransfer.","og_site_name":"Star for Life","article_publisher":"https:\/\/www.facebook.com\/starforlifeofficial","article_modified_time":"2026-03-31T10:58:05+00:00","og_image":[{"width":1920,"height":1440,"url":"https:\/\/starforlife.org\/wp-content\/uploads\/2023\/08\/kufezekile.webp","type":"image\/webp"}],"twitter_card":"summary_large_image","twitter_misc":{"Gesch\u00e4tzte Lesezeit":"2\u00a0Minuten"},"schema":{"@context":"https:\/\/schema.org","@graph":[{"@type":"WebPage","@id":"https:\/\/starforlife.org\/de\/was-wir-tun\/projekt-computer-workshop\/","url":"https:\/\/starforlife.org\/de\/was-wir-tun\/projekt-computer-workshop\/","name":"Computer Workshops f\u00fcr s\u00fcdafrikanische Schulen | Star for Life","isPartOf":{"@id":"https:\/\/starforlife.org\/#website"},"datePublished":"2024-11-28T16:03:55+00:00","dateModified":"2026-03-31T10:58:05+00:00","description":"Im Rahmen unseres Schulprogramms haben wir ein Projekt gestartet, das Schulen in Afrika mit Computern und Software ausstattet. Lokale Lehrkr\u00e4fte sichern den Wissenstransfer.","breadcrumb":{"@id":"https:\/\/starforlife.org\/de\/was-wir-tun\/projekt-computer-workshop\/#breadcrumb"},"inLanguage":"de","potentialAction":[{"@type":"ReadAction","target":["https:\/\/starforlife.org\/de\/was-wir-tun\/projekt-computer-workshop\/"]}]},{"@type":"BreadcrumbList","@id":"https:\/\/starforlife.org\/de\/was-wir-tun\/projekt-computer-workshop\/#breadcrumb","itemListElement":[{"@type":"ListItem","position":1,"name":"Was wir tun","item":"https:\/\/starforlife.org\/what-we-do\/"},{"@type":"ListItem","position":2,"name":"Projekt: Computer Workshop"}]},{"@type":"WebSite","@id":"https:\/\/starforlife.org\/#website","url":"https:\/\/starforlife.org\/","name":"Star for Life","description":"Empowering young people","publisher":{"@id":"https:\/\/starforlife.org\/#organization"},"alternateName":"SFL","potentialAction":[{"@type":"SearchAction","target":{"@type":"EntryPoint","urlTemplate":"https:\/\/starforlife.org\/?s={search_term_string}"},"query-input":{"@type":"PropertyValueSpecification","valueRequired":true,"valueName":"search_term_string"}}],"inLanguage":"de"},{"@type":"Organization","@id":"https:\/\/starforlife.org\/#organization","name":"Star for life","url":"https:\/\/starforlife.org\/","logo":{"@type":"ImageObject","inLanguage":"de","@id":"https:\/\/starforlife.org\/#\/schema\/logo\/image\/","url":"https:\/\/starforlife.org\/wp-content\/uploads\/2024\/02\/logga.svg","contentUrl":"https:\/\/starforlife.org\/wp-content\/uploads\/2024\/02\/logga.svg","width":"1024","height":"1024","caption":"Star for life"},"image":{"@id":"https:\/\/starforlife.org\/#\/schema\/logo\/image\/"},"sameAs":["https:\/\/www.facebook.com\/starforlifeofficial","https:\/\/www.linkedin.com\/company\/7063029\/"]}]}},"_links":{"self":[{"href":"https:\/\/starforlife.org\/de\/wp-json\/wp\/v2\/pages\/39512","targetHints":{"allow":["GET"]}}],"collection":[{"href":"https:\/\/starforlife.org\/de\/wp-json\/wp\/v2\/pages"}],"about":[{"href":"https:\/\/starforlife.org\/de\/wp-json\/wp\/v2\/types\/page"}],"author":[{"embeddable":true,"href":"https:\/\/starforlife.org\/de\/wp-json\/wp\/v2\/users\/8"}],"replies":[{"embeddable":true,"href":"https:\/\/starforlife.org\/de\/wp-json\/wp\/v2\/comments?post=39512"}],"version-history":[{"count":53,"href":"https:\/\/starforlife.org\/de\/wp-json\/wp\/v2\/pages\/39512\/revisions"}],"predecessor-version":[{"id":46174,"href":"https:\/\/starforlife.org\/de\/wp-json\/wp\/v2\/pages\/39512\/revisions\/46174"}],"up":[{"embeddable":true,"href":"https:\/\/starforlife.org\/de\/wp-json\/wp\/v2\/pages\/37189"}],"wp:attachment":[{"href":"https:\/\/starforlife.org\/de\/wp-json\/wp\/v2\/media?parent=39512"}],"curies":[{"name":"wp","href":"https:\/\/api.w.org\/{rel}","templated":true}]}}