{"id":39212,"date":"2024-11-28T17:03:48","date_gmt":"2024-11-28T16:03:48","guid":{"rendered":"https:\/\/starforlife.org\/?page_id=39212"},"modified":"2026-03-31T14:12:22","modified_gmt":"2026-03-31T13:12:22","slug":"projekt-veggie-garden","status":"publish","type":"page","link":"https:\/\/starforlife.org\/de\/was-wir-tun\/projekt-veggie-garden\/","title":{"rendered":"Projekt: Veggie Garden"},"content":{"rendered":"<p>[et_pb_section fb_built=&#8220;1&#8243; custom_padding_last_edited=&#8220;on|desktop&#8220; _builder_version=&#8220;4.27.3&#8243; _module_preset=&#8220;default&#8220; background_color=&#8220;rgba(0,0,0,0)&#8220; background_image=&#8220;https:\/\/starforlife.org\/wp-content\/uploads\/2024\/11\/GH-pic1.jpg&#8220; background_blend=&#8220;multiply&#8220; custom_padding=&#8220;11%||13%||false|false&#8220; custom_padding_tablet=&#8220;11%||13%||false|false&#8220; custom_padding_phone=&#8220;15%||15%||false|false&#8220; background_color_phone=&#8220;rgba(0,0,0,0.24)&#8220; background_last_edited=&#8220;on|phone&#8220; background_enable_color_phone=&#8220;on&#8220; global_colors_info=&#8220;{}&#8220;][et_pb_row _builder_version=&#8220;4.22.0&#8243; _module_preset=&#8220;default&#8220; global_colors_info=&#8220;{}&#8220;][et_pb_column type=&#8220;4_4&#8243; _builder_version=&#8220;4.22.0&#8243; _module_preset=&#8220;default&#8220; global_colors_info=&#8220;{}&#8220;][et_pb_text _builder_version=&#8220;4.27.3&#8243; _module_preset=&#8220;default&#8220; header_text_align=&#8220;center&#8220; header_text_color=&#8220;#FFFFFF&#8220; header_2_text_align=&#8220;center&#8220; width=&#8220;51%&#8220; width_tablet=&#8220;100%&#8220; width_phone=&#8220;100%&#8220; width_last_edited=&#8220;on|phone&#8220; module_alignment=&#8220;center&#8220; header_font_size_tablet=&#8220;30px&#8220; header_font_size_phone=&#8220;25px&#8220; header_font_size_last_edited=&#8220;on|phone&#8220; header_line_height_tablet=&#8220;1.3em&#8220; header_line_height_phone=&#8220;1.3em&#8220; header_line_height_last_edited=&#8220;on|tablet&#8220; header_text_shadow_style=&#8220;preset3&#8243; global_colors_info=&#8220;{}&#8220;]<\/p>\n<h1>Gesundheit ist die Basis f\u00fcr Bildung<\/h1>\n<p>&nbsp;<\/p>\n<p>[\/et_pb_text][et_pb_button button_url=&#8220;#garden-project&#8220; url_new_window=&#8220;on&#8220; button_text=&#8220;Das Star for Life Veggie Garden Projekt&#8220; button_alignment=&#8220;center&#8220; _builder_version=&#8220;4.27.3&#8243; _module_preset=&#8220;default&#8220; custom_button=&#8220;on&#8220; button_text_color=&#8220;#FFFFFF&#8220; button_font=&#8220;||||||||&#8220; button_icon=&#8220;&#xf061;||fa||900&#8243; button_icon_color=&#8220;#FFFFFF&#8220; button_on_hover=&#8220;off&#8220; global_colors_info=&#8220;{}&#8220; button_bg_color__hover=&#8220;#344028&#8243; button_bg_color__hover_enabled=&#8220;on|hover&#8220;][\/et_pb_button][\/et_pb_column][\/et_pb_row][\/et_pb_section][et_pb_section fb_built=&#8220;1&#8243; _builder_version=&#8220;4.22.0&#8243; _module_preset=&#8220;default&#8220; background_color=&#8220;rgba(0,0,0,0.83)&#8220; min_height=&#8220;542.4px&#8220; global_colors_info=&#8220;{}&#8220;][et_pb_row column_structure=&#8220;1_2,1_2&#8243; use_custom_gutter=&#8220;on&#8220; make_equal=&#8220;on&#8220; custom_padding_last_edited=&#8220;on|phone&#8220; _builder_version=&#8220;4.27.3&#8243; _module_preset=&#8220;default&#8220; width=&#8220;90%&#8220; width_tablet=&#8220;90%&#8220; width_phone=&#8220;85%&#8220; width_last_edited=&#8220;on|phone&#8220; max_width=&#8220;1280px&#8220; custom_margin=&#8220;||||false|false&#8220; custom_padding=&#8220;||40px||false|false&#8220; custom_padding_tablet=&#8220;0px||40px||false|false&#8220; custom_padding_phone=&#8220;0px||||false|false&#8220; global_colors_info=&#8220;{}&#8220;][et_pb_column type=&#8220;1_2&#8243; _builder_version=&#8220;4.23.4&#8243; _module_preset=&#8220;default&#8220; custom_padding=&#8220;3%||3%||false|false&#8220; custom_padding_tablet=&#8220;0%||3%||false|false&#8220; custom_padding_phone=&#8220;3%||3%||false|false&#8220; custom_padding_last_edited=&#8220;on|desktop&#8220; global_colors_info=&#8220;{}&#8220;][et_pb_text module_id=&#8220;garden-project&#8220; _builder_version=&#8220;4.27.4&#8243; _module_preset=&#8220;default&#8220; min_height=&#8220;412px&#8220; global_colors_info=&#8220;{}&#8220;]<\/p>\n<h2><span style=\"color: #ffffff;\">Direkt an \u00f6ffentlichen Schulen in S\u00fcdafrika und Namibia &#8211; dort, wo Kinder dringend F\u00f6rderung ben\u00f6tigen<\/span><\/h2>\n<p><span style=\"color: #ffffff;\">Im s\u00fcdlichen Afrika stellt Ern\u00e4hrungssicherheit eine gro\u00dfe Herausforderung dar. Viele Kinder kommen hungrig in die Schule, mit Folgen f\u00fcr Konzentration, Gesundheit und Lernchancen. Um diese Herausforderung zu meistern und gleichzeitig ein Bewusstsein f\u00fcr gesunde Ern\u00e4hrung zu schaffen, haben wir das Veggie Garden-Projekt ins Leben gerufen. <\/span><\/p>\n<p><span style=\"color: #ffffff;\">Hierbei unterst\u00fctzen wir Sch\u00fcler*innen und Eltern in praxisnahen Gartenbau-Workshops und vermitteln ihnen Wissen \u00fcber gesunde Ern\u00e4hrung und den Anbau verschiedenster Gem\u00fcsesorten. Dieses Wissen k\u00f6nnen sie direkt in ihren eigenen G\u00e4rten anwenden &#8211; ein Beitrag, der langfristig die Lebensqualit\u00e4t der Gemeinschaften verbessern wird.\u00a0<\/span><\/p>\n<p><span style=\"color: #ffffff;\">Neben der direkten Unterst\u00fctzung der Ern\u00e4hrung unserer Schulkinder wirkt das Hilfsprojekt dadurch auch als wertvolle Bildungsinitiative, die das Bewusstsein f\u00fcr eine gesunde Lebensweise st\u00e4rkt.\u00a0<\/span><\/p>\n<p><span style=\"color: #ffffff;\">Das Veggie Garden Projekt ist Teil unseres Schulprogramms, mit dem wir <a href=\"https:\/\/starforlife.org\/de\/was-wir-tun\/das-schulprogramm\/\" title=\"Das Star for Life Schulprogramm f\u00fcr benachteiligte Schulen im s\u00fcdlichen Afrika\">Schulen in Afrika unterst\u00fctzen<\/a>.<\/span><\/p>\n<p>[\/et_pb_text][\/et_pb_column][et_pb_column type=&#8220;1_2&#8243; _builder_version=&#8220;4.23.4&#8243; _module_preset=&#8220;default&#8220; custom_padding=&#8220;3%||3%||false|false&#8220; custom_padding_tablet=&#8220;0%||3%||false|false&#8220; custom_padding_phone=&#8220;3%||3%||false|false&#8220; custom_padding_last_edited=&#8220;on|desktop&#8220; global_colors_info=&#8220;{}&#8220;][et_pb_text _builder_version=&#8220;4.27.0&#8243; _module_preset=&#8220;default&#8220; text_text_color=&#8220;#FFFFFF&#8220; text_line_height=&#8220;1.6em&#8220; header_2_text_color=&#8220;#FFFFFF&#8220; header_2_font_size=&#8220;28px&#8220; width=&#8220;86%&#8220; width_tablet=&#8220;100%&#8220; width_phone=&#8220;100%&#8220; width_last_edited=&#8220;on|phone&#8220; custom_margin=&#8220;||||false|false&#8220; custom_margin_tablet=&#8220;0px||||false|false&#8220; custom_margin_phone=&#8220;0px||||false|false&#8220; custom_margin_last_edited=&#8220;on|tablet&#8220; custom_padding_tablet=&#8220;0px||||false|false&#8220; custom_padding_phone=&#8220;0px||||false|false&#8220; custom_padding_last_edited=&#8220;on|tablet&#8220; text_font_size_tablet=&#8220;&#8220; text_font_size_phone=&#8220;16px&#8220; text_font_size_last_edited=&#8220;on|phone&#8220; header_2_font_size_phone=&#8220;28px&#8220; header_2_font_size_last_edited=&#8220;off|phone&#8220; header_2_line_height_tablet=&#8220;&#8220; header_2_line_height_phone=&#8220;1.3em&#8220; header_2_line_height_last_edited=&#8220;on|phone&#8220; global_colors_info=&#8220;{}&#8220;][\/et_pb_text][et_pb_image src=&#8220;https:\/\/starforlife.org\/wp-content\/uploads\/2024\/11\/PHOTO-2024-10-03-14-29-28-3.jpg&#8220; alt=&#8220;S\u00fcdafrikanische Sch\u00fcler stehen in zwei Reihen in einem durch Spenden finanzierten Gew\u00e4chshaus&#8220; title_text=&#8220;Junge Afrikaner lernen durch unser spendenfinanziertes Projekt Gartenbau zur eigenen besseren Ern\u00e4hrung&#8220; _builder_version=&#8220;4.27.4&#8243; _module_preset=&#8220;default&#8220; border_radii=&#8220;on|12px|12px|12px|12px&#8220; global_colors_info=&#8220;{}&#8220;][\/et_pb_image][\/et_pb_column][\/et_pb_row][\/et_pb_section][et_pb_section fb_built=&#8220;1&#8243; _builder_version=&#8220;4.27.3&#8243; _module_preset=&#8220;default&#8220; background_color=&#8220;#47AC3D&#8220; min_height=&#8220;573.2px&#8220; global_colors_info=&#8220;{}&#8220;][et_pb_row column_structure=&#8220;1_2,1_2&#8243; _builder_version=&#8220;4.27.3&#8243; _module_preset=&#8220;default&#8220; width=&#8220;90%&#8220; max_width=&#8220;1280px&#8220; global_colors_info=&#8220;{}&#8220;][et_pb_column type=&#8220;1_2&#8243; _builder_version=&#8220;4.23.4&#8243; _module_preset=&#8220;default&#8220; global_colors_info=&#8220;{}&#8220;][et_pb_image src=&#8220;https:\/\/starforlife.org\/wp-content\/uploads\/2024\/11\/cb88e93d-2c7f-42d5-876f-ede9c6d93c09.jpg&#8220; alt=&#8220;6 s\u00fcdafrikanische Sch\u00fcler*innen pr\u00e4sentieren K\u00f6rbe mit der ersten Ernte aus dem neuen Gew\u00e4chshaus&#8220; title_text=&#8220;Unsere Sch\u00fcler*innen: Zu Recht Stolz auf die erste eigene Ernte&#8220; _builder_version=&#8220;4.27.6&#8243; _module_preset=&#8220;default&#8220; border_radii=&#8220;on|12px|12px|12px|12px&#8220; border_width_all=&#8220;3px&#8220; border_color_all=&#8220;RGBA(255,255,255,0)&#8220; global_colors_info=&#8220;{}&#8220; custom_margin=&#8220;||90px|||&#8220;][\/et_pb_image][\/et_pb_column][et_pb_column type=&#8220;1_2&#8243; _builder_version=&#8220;4.23.4&#8243; _module_preset=&#8220;default&#8220; global_colors_info=&#8220;{}&#8220;][et_pb_text _builder_version=&#8220;4.27.6&#8243; _module_preset=&#8220;default&#8220; text_text_color=&#8220;#344028&#8243; text_font_size=&#8220;16px&#8220; text_line_height=&#8220;1.6em&#8220; link_font=&#8220;||||on|||#47AC3D|&#8220; link_text_color=&#8220;#47AC3D&#8220; header_2_text_color=&#8220;#344028&#8243; header_2_font_size=&#8220;28px&#8220; header_3_text_color=&#8220;#344028&#8243; header_3_font_size=&#8220;19px&#8220; header_3_line_height=&#8220;1.3em&#8220; width=&#8220;100%&#8220; width_tablet=&#8220;90%&#8220; width_phone=&#8220;100%&#8220; width_last_edited=&#8220;on|phone&#8220; min_height=&#8220;402px&#8220; custom_margin=&#8220;0px||||false|false&#8220; custom_margin_tablet=&#8220;0px||||false|false&#8220; custom_margin_phone=&#8220;0px||||false|false&#8220; custom_margin_last_edited=&#8220;on|desktop&#8220; custom_padding=&#8220;||0px|||&#8220; global_colors_info=&#8220;{}&#8220;]<\/p>\n<h1 style=\"font-weight: 400;\"><strong><span style=\"color: #ffffff;\">Veggie-Garden-Projekt \u2013 Kufezekile Secondary School, S\u00fcdafrika<\/span><\/strong><\/h1>\n<p style=\"font-weight: 400;\"><span style=\"color: #ffffff;\">Seit Ende 2024 ist das Veggie-Garden-Projekt fester Bestandteil des Schulalltags an der Kufezekile Secondary School in KwaZulu-Natal.<\/span><\/p>\n<p><span style=\"color: #ffffff;\">Gemeinsam mit Lehrkr\u00e4ften, Sch\u00fcler*innen und Eltern wurden die Voraussetzungen f\u00fcr einen nachhaltigen Gem\u00fcseanbau geschaffen. Im August 2024 entstand mit Unterst\u00fctzung von Star for Life Germany ein schuleigenes Gew\u00e4chshaus.<\/span><\/p>\n<p><span style=\"color: #ffffff;\">Seitdem vermitteln praxisnahe Workshops Wissen zu Anbau, Selbstversorgung und gesunder Ern\u00e4hrung. Das Projekt ist auf drei Jahre mit mehreren Anbauzyklen pro Jahr angelegt. Ergebnis: Regelm\u00e4\u00dfige Ernte von frischem Gem\u00fcse f\u00fcr die Schulk\u00fcche und eine nachhaltige Verbesserung der Ern\u00e4hrungssituation.<\/span><\/p>\n<p><span style=\"color: #ffffff;\">Nach Projektabschluss \u00fcbernimmt die Schule den Betrieb eigenst\u00e4ndig, begleitet durch das Department of Agriculture.<\/span><\/p>\n<p>[\/et_pb_text][\/et_pb_column][\/et_pb_row][\/et_pb_section][et_pb_section fb_built=&#8220;1&#8243; _builder_version=&#8220;4.27.3&#8243; _module_preset=&#8220;default&#8220; background_color=&#8220;#47AC3D&#8220; min_height=&#8220;573.2px&#8220; locked=&#8220;off&#8220; global_colors_info=&#8220;{}&#8220;][et_pb_row column_structure=&#8220;1_2,1_2&#8243; _builder_version=&#8220;4.27.3&#8243; _module_preset=&#8220;default&#8220; width=&#8220;90%&#8220; max_width=&#8220;1280px&#8220; global_colors_info=&#8220;{}&#8220;][et_pb_column type=&#8220;1_2&#8243; _builder_version=&#8220;4.23.4&#8243; _module_preset=&#8220;default&#8220; global_colors_info=&#8220;{}&#8220;][et_pb_image src=&#8220;https:\/\/starforlife.org\/wp-content\/uploads\/2026\/03\/WhatsApp-Image-2026-03-31-at-14.38.31.jpeg&#8220; alt=&#8220;6 s\u00fcdafrikanische Sch\u00fcler*innen pr\u00e4sentieren K\u00f6rbe mit der ersten Ernte aus dem neuen Gew\u00e4chshaus&#8220; title_text=&#8220;WhatsApp Image 2026-03-31 at 14.38.31&#8243; _builder_version=&#8220;4.27.6&#8243; _module_preset=&#8220;default&#8220; border_radii=&#8220;on|12px|12px|12px|12px&#8220; border_width_all=&#8220;3px&#8220; border_color_all=&#8220;RGBA(255,255,255,0)&#8220; global_colors_info=&#8220;{}&#8220;][\/et_pb_image][\/et_pb_column][et_pb_column type=&#8220;1_2&#8243; _builder_version=&#8220;4.23.4&#8243; _module_preset=&#8220;default&#8220; global_colors_info=&#8220;{}&#8220;][et_pb_text _builder_version=&#8220;4.27.3&#8243; _module_preset=&#8220;default&#8220; text_text_color=&#8220;#344028&#8243; text_font_size=&#8220;16px&#8220; text_line_height=&#8220;1.6em&#8220; link_font=&#8220;||||on|||#47AC3D|&#8220; link_text_color=&#8220;#47AC3D&#8220; header_2_text_color=&#8220;#344028&#8243; header_2_font_size=&#8220;28px&#8220; header_3_text_color=&#8220;#344028&#8243; header_3_font_size=&#8220;19px&#8220; header_3_line_height=&#8220;1.3em&#8220; width=&#8220;100%&#8220; width_tablet=&#8220;90%&#8220; width_phone=&#8220;100%&#8220; width_last_edited=&#8220;on|phone&#8220; min_height=&#8220;402px&#8220; custom_margin=&#8220;0px||||false|false&#8220; custom_margin_tablet=&#8220;0px||||false|false&#8220; custom_margin_phone=&#8220;0px||||false|false&#8220; custom_margin_last_edited=&#8220;on|desktop&#8220; custom_padding=&#8220;||0px|||&#8220; global_colors_info=&#8220;{}&#8220;]<\/p>\n<h1 style=\"font-weight: 400;\"><strong><span style=\"color: #ffffff;\">Das n\u00e4chste Projekt \u2013 Eldorado Secondary School, Namibia<\/span><\/strong><\/h1>\n<p><span style=\"color: #ffffff;\">An der Eldorado Secondary School in <span style=\"caret-color: #ffffff;\">Windhoek<\/span>\u00a0besteht bereits ein Gew\u00e4chshaus, das von Sch\u00fcler:innen der Klassen 11 und 12 gemeinsam mit ihren Lehrkr\u00e4ften betrieben wird.<\/span><\/p>\n<p><span style=\"color: #ffffff;\">Im n\u00e4chsten Schritt soll das Projekt ausgebaut und auch f\u00fcr j\u00fcngere Jahrg\u00e4nge ge\u00f6ffnet werden. Ziel ist es, mehr Sch\u00fcler:innen Zugang zu praktischer Bildung, gesunder Ern\u00e4hrung und landwirtschaftlichem Wissen zu erm\u00f6glichen.<\/span><\/p>\n<p>[\/et_pb_text][\/et_pb_column][\/et_pb_row][\/et_pb_section][et_pb_section fb_built=&#8220;1&#8243; _builder_version=&#8220;4.27.3&#8243; _module_preset=&#8220;default&#8220; background_image=&#8220;https:\/\/starforlife.org\/wp-content\/uploads\/2024\/11\/PHOTO-2024-10-03-14-29-27-2.jpg&#8220; min_height=&#8220;408.6px&#8220; global_colors_info=&#8220;{}&#8220;][et_pb_row column_structure=&#8220;1_2,1_2&#8243; _builder_version=&#8220;4.27.3&#8243; _module_preset=&#8220;default&#8220; global_colors_info=&#8220;{}&#8220;][et_pb_column type=&#8220;1_2&#8243; _builder_version=&#8220;4.27.3&#8243; _module_preset=&#8220;default&#8220; global_colors_info=&#8220;{}&#8220;][\/et_pb_column][et_pb_column type=&#8220;1_2&#8243; _builder_version=&#8220;4.27.3&#8243; _module_preset=&#8220;default&#8220; global_colors_info=&#8220;{}&#8220;][et_pb_text admin_label=&#8220;Text&#8220; _builder_version=&#8220;4.27.3&#8243; _module_preset=&#8220;default&#8220; background_color=&#8220;#FFFFFF&#8220; custom_padding=&#8220;||1px|||&#8220; border_radii=&#8220;on|8px|8px|8px|8px&#8220; border_width_all=&#8220;8px&#8220; border_color_all=&#8220;#FFFFFF&#8220; global_colors_info=&#8220;{}&#8220;]<\/p>\n<p><strong>Ein besonderer Dank gilt dem Wilhelmshavener Handball Verein und der Futura Stiftung, die die ersten beiden Projekte m\u00f6glich gemacht haben.<\/strong><\/p>\n<p><strong>Damit wir weitere Veggie-Garden-Projekte umsetzen und die bestehenden G\u00e4rten dauerhaft bepflanzen und erhalten k\u00f6nnen, sind wir auf zus\u00e4tzliche Unterst\u00fctzung angewiesen.<\/strong><\/p>\n<p><strong>Helfen Sie mit, gesunde Ern\u00e4hrung und Zukunftschancen f\u00fcr junge Menschen zu schaffen \u2013 jede Spende z\u00e4hlt.<\/strong><\/p>\n<p>[\/et_pb_text][et_pb_button button_url=&#8220;https:\/\/starforlife.org\/de\/spende-unterstuetzung\/&#8220; button_text=&#8220;Ihre Spende z\u00e4hlt!&#8220; _builder_version=&#8220;4.27.6&#8243; _module_preset=&#8220;default&#8220; custom_button=&#8220;on&#8220; button_text_color=&#8220;#FFFFFF&#8220; button_bg_color=&#8220;#EAEAEA&#8220; custom_padding=&#8220;4px|||||&#8220; hover_enabled=&#8220;0&#8243; locked=&#8220;off&#8220; global_colors_info=&#8220;{}&#8220; sticky_enabled=&#8220;0&#8243;][\/et_pb_button][\/et_pb_column][\/et_pb_row][\/et_pb_section]<\/p>\n","protected":false},"excerpt":{"rendered":"<p>Gesundheit ist die Basis f\u00fcr Bildung &nbsp;Direkt an \u00f6ffentlichen Schulen in S\u00fcdafrika und Namibia &#8211; dort, wo Kinder dringend F\u00f6rderung ben\u00f6tigen Im s\u00fcdlichen Afrika stellt Ern\u00e4hrungssicherheit eine gro\u00dfe Herausforderung dar. Viele Kinder kommen hungrig in die Schule, mit Folgen f\u00fcr Konzentration, Gesundheit und Lernchancen. Um diese Herausforderung zu meistern und gleichzeitig ein Bewusstsein f\u00fcr gesunde [&hellip;]<\/p>\n","protected":false},"author":8,"featured_media":0,"parent":37189,"menu_order":1,"comment_status":"closed","ping_status":"closed","template":"","meta":{"_acf_changed":false,"_et_pb_use_builder":"on","_et_pb_old_content":"","_et_gb_content_width":"","inline_featured_image":false,"footnotes":""},"class_list":["post-39212","page","type-page","status-publish","hentry"],"acf":[],"yoast_head":"<!-- This site is optimized with the Yoast SEO plugin v27.4 - https:\/\/yoast.com\/product\/yoast-seo-wordpress\/ -->\n<title>Schulprojekt gegen Hunger in S\u00fcdafrika: Veggie Garden | Star for Life<\/title>\n<meta name=\"robots\" content=\"index, follow, max-snippet:-1, max-image-preview:large, max-video-preview:-1\" \/>\n<link rel=\"canonical\" href=\"https:\/\/starforlife.org\/de\/was-wir-tun\/projekt-veggie-garden\/\" \/>\n<meta property=\"og:locale\" content=\"de_DE\" \/>\n<meta property=\"og:type\" content=\"article\" \/>\n<meta property=\"og:title\" content=\"Schulprojekt gegen Hunger in S\u00fcdafrika: Veggie Garden | Star for Life\" \/>\n<meta property=\"og:description\" content=\"Gesundheit ist die Basis f\u00fcr Bildung &nbsp;Direkt an \u00f6ffentlichen Schulen in S\u00fcdafrika und Namibia - dort, wo Kinder dringend F\u00f6rderung ben\u00f6tigen Im s\u00fcdlichen Afrika stellt Ern\u00e4hrungssicherheit eine gro\u00dfe Herausforderung dar. Viele Kinder kommen hungrig in die Schule, mit Folgen f\u00fcr Konzentration, Gesundheit und Lernchancen. Um diese Herausforderung zu meistern und gleichzeitig ein Bewusstsein f\u00fcr gesunde [&hellip;]\" \/>\n<meta property=\"og:site_name\" content=\"Star for Life\" \/>\n<meta property=\"article:publisher\" content=\"https:\/\/www.facebook.com\/starforlifeofficial\" \/>\n<meta property=\"article:modified_time\" content=\"2026-03-31T13:12:22+00:00\" \/>\n<meta property=\"og:image\" content=\"https:\/\/starforlife.org\/wp-content\/uploads\/2023\/08\/kufezekile.webp\" \/>\n\t<meta property=\"og:image:width\" content=\"1920\" \/>\n\t<meta property=\"og:image:height\" content=\"1440\" \/>\n\t<meta property=\"og:image:type\" content=\"image\/webp\" \/>\n<meta name=\"twitter:card\" content=\"summary_large_image\" \/>\n<meta name=\"twitter:label1\" content=\"Gesch\u00e4tzte Lesezeit\" \/>\n\t<meta name=\"twitter:data1\" content=\"2\u00a0Minuten\" \/>\n<script type=\"application\/ld+json\" class=\"yoast-schema-graph\">{\"@context\":\"https:\\\/\\\/schema.org\",\"@graph\":[{\"@type\":\"WebPage\",\"@id\":\"https:\\\/\\\/starforlife.org\\\/de\\\/was-wir-tun\\\/projekt-veggie-garden\\\/\",\"url\":\"https:\\\/\\\/starforlife.org\\\/de\\\/was-wir-tun\\\/projekt-veggie-garden\\\/\",\"name\":\"Schulprojekt gegen Hunger in S\u00fcdafrika: Veggie Garden | Star for Life\",\"isPartOf\":{\"@id\":\"https:\\\/\\\/starforlife.org\\\/#website\"},\"datePublished\":\"2024-11-28T16:03:48+00:00\",\"dateModified\":\"2026-03-31T13:12:22+00:00\",\"breadcrumb\":{\"@id\":\"https:\\\/\\\/starforlife.org\\\/de\\\/was-wir-tun\\\/projekt-veggie-garden\\\/#breadcrumb\"},\"inLanguage\":\"de\",\"potentialAction\":[{\"@type\":\"ReadAction\",\"target\":[\"https:\\\/\\\/starforlife.org\\\/de\\\/was-wir-tun\\\/projekt-veggie-garden\\\/\"]}]},{\"@type\":\"BreadcrumbList\",\"@id\":\"https:\\\/\\\/starforlife.org\\\/de\\\/was-wir-tun\\\/projekt-veggie-garden\\\/#breadcrumb\",\"itemListElement\":[{\"@type\":\"ListItem\",\"position\":1,\"name\":\"Was wir tun\",\"item\":\"https:\\\/\\\/starforlife.org\\\/what-we-do\\\/\"},{\"@type\":\"ListItem\",\"position\":2,\"name\":\"Projekt: Veggie Garden\"}]},{\"@type\":\"WebSite\",\"@id\":\"https:\\\/\\\/starforlife.org\\\/#website\",\"url\":\"https:\\\/\\\/starforlife.org\\\/\",\"name\":\"Star for Life\",\"description\":\"Empowering young people\",\"publisher\":{\"@id\":\"https:\\\/\\\/starforlife.org\\\/#organization\"},\"alternateName\":\"SFL\",\"potentialAction\":[{\"@type\":\"SearchAction\",\"target\":{\"@type\":\"EntryPoint\",\"urlTemplate\":\"https:\\\/\\\/starforlife.org\\\/?s={search_term_string}\"},\"query-input\":{\"@type\":\"PropertyValueSpecification\",\"valueRequired\":true,\"valueName\":\"search_term_string\"}}],\"inLanguage\":\"de\"},{\"@type\":\"Organization\",\"@id\":\"https:\\\/\\\/starforlife.org\\\/#organization\",\"name\":\"Star for life\",\"url\":\"https:\\\/\\\/starforlife.org\\\/\",\"logo\":{\"@type\":\"ImageObject\",\"inLanguage\":\"de\",\"@id\":\"https:\\\/\\\/starforlife.org\\\/#\\\/schema\\\/logo\\\/image\\\/\",\"url\":\"https:\\\/\\\/starforlife.org\\\/wp-content\\\/uploads\\\/2024\\\/02\\\/logga.svg\",\"contentUrl\":\"https:\\\/\\\/starforlife.org\\\/wp-content\\\/uploads\\\/2024\\\/02\\\/logga.svg\",\"width\":\"1024\",\"height\":\"1024\",\"caption\":\"Star for life\"},\"image\":{\"@id\":\"https:\\\/\\\/starforlife.org\\\/#\\\/schema\\\/logo\\\/image\\\/\"},\"sameAs\":[\"https:\\\/\\\/www.facebook.com\\\/starforlifeofficial\",\"https:\\\/\\\/www.linkedin.com\\\/company\\\/7063029\\\/\"]}]}<\/script>\n<!-- \/ Yoast SEO plugin. -->","yoast_head_json":{"title":"Schulprojekt gegen Hunger in S\u00fcdafrika: Veggie Garden | Star for Life","robots":{"index":"index","follow":"follow","max-snippet":"max-snippet:-1","max-image-preview":"max-image-preview:large","max-video-preview":"max-video-preview:-1"},"canonical":"https:\/\/starforlife.org\/de\/was-wir-tun\/projekt-veggie-garden\/","og_locale":"de_DE","og_type":"article","og_title":"Schulprojekt gegen Hunger in S\u00fcdafrika: Veggie Garden | Star for Life","og_description":"Gesundheit ist die Basis f\u00fcr Bildung &nbsp;Direkt an \u00f6ffentlichen Schulen in S\u00fcdafrika und Namibia - dort, wo Kinder dringend F\u00f6rderung ben\u00f6tigen Im s\u00fcdlichen Afrika stellt Ern\u00e4hrungssicherheit eine gro\u00dfe Herausforderung dar. Viele Kinder kommen hungrig in die Schule, mit Folgen f\u00fcr Konzentration, Gesundheit und Lernchancen. Um diese Herausforderung zu meistern und gleichzeitig ein Bewusstsein f\u00fcr gesunde [&hellip;]","og_site_name":"Star for Life","article_publisher":"https:\/\/www.facebook.com\/starforlifeofficial","article_modified_time":"2026-03-31T13:12:22+00:00","og_image":[{"width":1920,"height":1440,"url":"https:\/\/starforlife.org\/wp-content\/uploads\/2023\/08\/kufezekile.webp","type":"image\/webp"}],"twitter_card":"summary_large_image","twitter_misc":{"Gesch\u00e4tzte Lesezeit":"2\u00a0Minuten"},"schema":{"@context":"https:\/\/schema.org","@graph":[{"@type":"WebPage","@id":"https:\/\/starforlife.org\/de\/was-wir-tun\/projekt-veggie-garden\/","url":"https:\/\/starforlife.org\/de\/was-wir-tun\/projekt-veggie-garden\/","name":"Schulprojekt gegen Hunger in S\u00fcdafrika: Veggie Garden | Star for Life","isPartOf":{"@id":"https:\/\/starforlife.org\/#website"},"datePublished":"2024-11-28T16:03:48+00:00","dateModified":"2026-03-31T13:12:22+00:00","breadcrumb":{"@id":"https:\/\/starforlife.org\/de\/was-wir-tun\/projekt-veggie-garden\/#breadcrumb"},"inLanguage":"de","potentialAction":[{"@type":"ReadAction","target":["https:\/\/starforlife.org\/de\/was-wir-tun\/projekt-veggie-garden\/"]}]},{"@type":"BreadcrumbList","@id":"https:\/\/starforlife.org\/de\/was-wir-tun\/projekt-veggie-garden\/#breadcrumb","itemListElement":[{"@type":"ListItem","position":1,"name":"Was wir tun","item":"https:\/\/starforlife.org\/what-we-do\/"},{"@type":"ListItem","position":2,"name":"Projekt: Veggie Garden"}]},{"@type":"WebSite","@id":"https:\/\/starforlife.org\/#website","url":"https:\/\/starforlife.org\/","name":"Star for Life","description":"Empowering young people","publisher":{"@id":"https:\/\/starforlife.org\/#organization"},"alternateName":"SFL","potentialAction":[{"@type":"SearchAction","target":{"@type":"EntryPoint","urlTemplate":"https:\/\/starforlife.org\/?s={search_term_string}"},"query-input":{"@type":"PropertyValueSpecification","valueRequired":true,"valueName":"search_term_string"}}],"inLanguage":"de"},{"@type":"Organization","@id":"https:\/\/starforlife.org\/#organization","name":"Star for life","url":"https:\/\/starforlife.org\/","logo":{"@type":"ImageObject","inLanguage":"de","@id":"https:\/\/starforlife.org\/#\/schema\/logo\/image\/","url":"https:\/\/starforlife.org\/wp-content\/uploads\/2024\/02\/logga.svg","contentUrl":"https:\/\/starforlife.org\/wp-content\/uploads\/2024\/02\/logga.svg","width":"1024","height":"1024","caption":"Star for life"},"image":{"@id":"https:\/\/starforlife.org\/#\/schema\/logo\/image\/"},"sameAs":["https:\/\/www.facebook.com\/starforlifeofficial","https:\/\/www.linkedin.com\/company\/7063029\/"]}]}},"_links":{"self":[{"href":"https:\/\/starforlife.org\/de\/wp-json\/wp\/v2\/pages\/39212","targetHints":{"allow":["GET"]}}],"collection":[{"href":"https:\/\/starforlife.org\/de\/wp-json\/wp\/v2\/pages"}],"about":[{"href":"https:\/\/starforlife.org\/de\/wp-json\/wp\/v2\/types\/page"}],"author":[{"embeddable":true,"href":"https:\/\/starforlife.org\/de\/wp-json\/wp\/v2\/users\/8"}],"replies":[{"embeddable":true,"href":"https:\/\/starforlife.org\/de\/wp-json\/wp\/v2\/comments?post=39212"}],"version-history":[{"count":60,"href":"https:\/\/starforlife.org\/de\/wp-json\/wp\/v2\/pages\/39212\/revisions"}],"predecessor-version":[{"id":46199,"href":"https:\/\/starforlife.org\/de\/wp-json\/wp\/v2\/pages\/39212\/revisions\/46199"}],"up":[{"embeddable":true,"href":"https:\/\/starforlife.org\/de\/wp-json\/wp\/v2\/pages\/37189"}],"wp:attachment":[{"href":"https:\/\/starforlife.org\/de\/wp-json\/wp\/v2\/media?parent=39212"}],"curies":[{"name":"wp","href":"https:\/\/api.w.org\/{rel}","templated":true}]}}