{"id":37483,"date":"2024-02-21T18:12:21","date_gmt":"2024-02-21T17:12:21","guid":{"rendered":"https:\/\/starforlife.org\/medien\/"},"modified":"2025-05-27T10:52:59","modified_gmt":"2025-05-27T09:52:59","slug":"medien","status":"publish","type":"page","link":"https:\/\/starforlife.org\/de\/medien\/","title":{"rendered":"Medien"},"content":{"rendered":"<p>[et_pb_section fb_built=&#8220;1&#8243; custom_padding_last_edited=&#8220;on|phone&#8220; _builder_version=&#8220;4.23.4&#8243; _module_preset=&#8220;default&#8220; background_color=&#8220;rgba(0,0,0,0.03)&#8220; background_image=&#8220;https:\/\/starforlife.org\/wp-content\/uploads\/2023\/12\/Communication.gif&#8220; background_position=&#8220;top_center&#8220; background_vertical_offset=&#8220;2%&#8220; background_blend=&#8220;multiply&#8220; custom_padding=&#8220;11%||13%||false|false&#8220; custom_padding_tablet=&#8220;11%||13%||false|false&#8220; custom_padding_phone=&#8220;15%||15%||false|false&#8220; background_color_phone=&#8220;rgba(0,0,0,0)&#8220; background_last_edited=&#8220;on|phone&#8220; background_enable_color_phone=&#8220;on&#8220; global_colors_info=&#8220;{}&#8220;][et_pb_row _builder_version=&#8220;4.23.1&#8243; _module_preset=&#8220;default&#8220; global_colors_info=&#8220;{}&#8220;][et_pb_column type=&#8220;4_4&#8243; _builder_version=&#8220;4.22.0&#8243; _module_preset=&#8220;default&#8220; global_colors_info=&#8220;{}&#8220;][et_pb_text _builder_version=&#8220;4.24.0&#8243; _module_preset=&#8220;default&#8220; header_text_align=&#8220;center&#8220; header_text_color=&#8220;#FFFFFF&#8220; header_2_text_align=&#8220;center&#8220; width=&#8220;48%&#8220; width_tablet=&#8220;74%&#8220; width_phone=&#8220;74%&#8220; width_last_edited=&#8220;on|tablet&#8220; module_alignment=&#8220;center&#8220; header_font_size_tablet=&#8220;30px&#8220; header_font_size_phone=&#8220;25px&#8220; header_font_size_last_edited=&#8220;on|tablet&#8220; header_line_height_tablet=&#8220;1.3em&#8220; header_line_height_phone=&#8220;1.3em&#8220; header_line_height_last_edited=&#8220;on|tablet&#8220; header_2_font_size_tablet=&#8220;24px&#8220; header_2_font_size_phone=&#8220;25px&#8220; header_2_font_size_last_edited=&#8220;on|phone&#8220; header_text_shadow_style=&#8220;preset3&#8243; global_colors_info=&#8220;{}&#8220;]<\/p>\n<h1>Wir kommunizieren die Tr\u00e4ume der Kinder<br \/>\n<\/h1>\n<p>[\/et_pb_text][et_pb_button button_url=&#8220;mailto:philip@starforlife.se&#8220; button_text=&#8220;Eine Frage stellen&#8220; button_alignment=&#8220;center&#8220; _builder_version=&#8220;4.24.0&#8243; _module_preset=&#8220;default&#8220; custom_button=&#8220;on&#8220; button_text_color=&#8220;#FFFFFF&#8220; button_bg_color=&#8220;#FFD405&#8243; button_font=&#8220;||||||||&#8220; button_icon=&#8220;&#xf061;||fa||900&#8243; button_icon_color=&#8220;#FFFFFF&#8220; button_on_hover=&#8220;off&#8220; global_colors_info=&#8220;{}&#8220; button_bg_color__hover_enabled=&#8220;on|desktop&#8220; button_bg_color__hover=&#8220;#000000&#8243; button_bg_enable_color__hover=&#8220;on&#8220;][\/et_pb_button][\/et_pb_column][\/et_pb_row][\/et_pb_section][et_pb_section fb_built=&#8220;1&#8243; _builder_version=&#8220;4.22.0&#8243; _module_preset=&#8220;default&#8220; background_color=&#8220;rgba(0,0,0,0.83)&#8220; global_colors_info=&#8220;{}&#8220;][et_pb_row column_structure=&#8220;1_2,1_2&#8243; use_custom_gutter=&#8220;on&#8220; make_equal=&#8220;on&#8220; custom_padding_last_edited=&#8220;on|phone&#8220; _builder_version=&#8220;4.27.4&#8243; _module_preset=&#8220;default&#8220; width=&#8220;90%&#8220; width_tablet=&#8220;90%&#8220; width_phone=&#8220;85%&#8220; width_last_edited=&#8220;on|phone&#8220; max_width=&#8220;1280px&#8220; custom_margin=&#8220;||50px||false|false&#8220; custom_padding=&#8220;||40px||false|false&#8220; custom_padding_tablet=&#8220;0px||40px||false|false&#8220; custom_padding_phone=&#8220;0px||||false|false&#8220; global_colors_info=&#8220;{}&#8220;][et_pb_column type=&#8220;1_2&#8243; disabled_on=&#8220;on|on|off&#8220; _builder_version=&#8220;4.27.4&#8243; _module_preset=&#8220;default&#8220; background_image=&#8220;https:\/\/starforlife.org\/wp-content\/uploads\/2025\/05\/jessica-philip-1.webp&#8220; custom_padding_tablet=&#8220;|0%|||false|false&#8220; custom_padding_phone=&#8220;|0%|||false|false&#8220; custom_padding_last_edited=&#8220;on|phone&#8220; border_radii=&#8220;on|50px|50px|50px|50px&#8220; global_colors_info=&#8220;{}&#8220; title_text=&#8220;jessica-philip&#8220; background_position=&#8220;top_center&#8220;][\/et_pb_column][et_pb_column type=&#8220;1_2&#8243; _builder_version=&#8220;4.23.4&#8243; _module_preset=&#8220;default&#8220; custom_padding=&#8220;8%||9%||false|false&#8220; custom_padding_tablet=&#8220;0%||||false|false&#8220; custom_padding_phone=&#8220;||||false|false&#8220; custom_padding_last_edited=&#8220;on|tablet&#8220; global_colors_info=&#8220;{}&#8220;][et_pb_text _builder_version=&#8220;4.24.0&#8243; _module_preset=&#8220;default&#8220; text_text_color=&#8220;#FFFFFF&#8220; text_font_size=&#8220;16px&#8220; text_line_height=&#8220;1.6em&#8220; header_2_text_color=&#8220;#FFFFFF&#8220; header_2_font_size=&#8220;28px&#8220; width=&#8220;100%&#8220; width_tablet=&#8220;86%&#8220; width_phone=&#8220;100%&#8220; width_last_edited=&#8220;on|desktop&#8220; custom_margin=&#8220;||40px||false|false&#8220; custom_margin_tablet=&#8220;0px||||false|false&#8220; custom_margin_phone=&#8220;0px||||false|false&#8220; custom_margin_last_edited=&#8220;on|tablet&#8220; header_2_font_size_phone=&#8220;27px&#8220; header_2_font_size_last_edited=&#8220;off|phone&#8220; header_2_line_height_tablet=&#8220;&#8220; header_2_line_height_phone=&#8220;1.3em&#8220; header_2_line_height_last_edited=&#8220;on|phone&#8220; global_colors_info=&#8220;{}&#8220;]<\/p>\n<h2>Medien<\/h2>\n<p>Star for Life wurde 2005 an einer Schule in S\u00fcdafrika gegr\u00fcndet und hat sich seitdem zu einer internationalen Zusammenarbeit rechtlich unabh\u00e4ngiger Organisationen entwickelt, die gemeinsame Werte, Kompetenzen und Konzepte haben. Unser gemeinsames Ziel ist es, Jugendliche in S\u00fcdafrika, der Ukraine, Tansania, Schweden, Jerusalem und Namibia zu bef\u00e4higen, ihr Potenzial voll auszusch\u00f6pfen und Verantwortung f\u00fcr ihre Gesundheit, Bildung und Gesellschaft zu \u00fcbernehmen.<\/p>\n<p>Die Generalsekret\u00e4rin von Star for Life International ist Jessica Grundstr\u00f6m Ahldin und der Vorsitzende ist Dan Olofsson. Wenn Sie als Journalistin oder Journalist mehr \u00fcber unsere T\u00e4tigkeit erfahren m\u00f6chten, mehr \u00fcber unsere Arbeitsweise lesen oder die richtige Person f\u00fcr ein Interview finden m\u00f6chten, wenden Sie sich bitte an unseren Leiter der Kommunikationsabteilung.[\/et_pb_text][et_pb_blurb title=&#8220;Philip de Croy&#8220; image_icon_background_color=&#8220;#FFFFFF&#8220; image=&#8220;https:\/\/starforlife.org\/wp-content\/uploads\/2023\/11\/sfl_white_star_2023-.svg&#8220; icon_placement=&#8220;left&#8220; content_max_width=&#8220;1100px&#8220; _builder_version=&#8220;4.27.3&#8243; _module_preset=&#8220;default&#8220; header_text_color=&#8220;#FFFFFF&#8220; header_font_size=&#8220;19px&#8220; body_text_color=&#8220;#FFFFFF&#8220; body_font_size=&#8220;16px&#8220; body_line_height=&#8220;1.6em&#8220; body_link_font=&#8220;||||on|||#FFD405|&#8220; body_link_text_color=&#8220;#FFD405&#8243; image_icon_custom_padding=&#8220;2px|2px|2px|2px|false|false&#8220; custom_margin=&#8220;||18px||false|false&#8220; custom_margin_tablet=&#8220;||40px||false|false&#8220; custom_margin_phone=&#8220;||40px||false|false&#8220; custom_margin_last_edited=&#8220;on|tablet&#8220; animation=&#8220;off&#8220; custom_css_blurb_title=&#8220;margin-bottom: 0px;||padding-bottom: 0px; ||padding-top: 4px; &#8220; border_radii_image=&#8220;on|100px|100px|100px|100px&#8220; locked=&#8220;off&#8220; global_colors_info=&#8220;{}&#8220;]<\/p>\n<p><em>Deputy Secretary General<br \/>&amp; Head of Communications<\/em><\/p>\n<p><a href=\"mailto:philip@starforlife.se\">philip@starforlife.se<\/a><br \/>+46 (0)72 987 28 72<\/p>\n<p>[\/et_pb_blurb][et_pb_image src=&#8220;https:\/\/starforlife.org\/wp-content\/uploads\/2025\/05\/jessica-philip-1.webp&#8220; title_text=&#8220;jessica-philip&#8220; disabled_on=&#8220;off|off|on&#8220; _builder_version=&#8220;4.27.4&#8243; _module_preset=&#8220;default&#8220; hover_enabled=&#8220;0&#8243; border_radii=&#8220;on|75px|75px|75px|75px&#8220; global_colors_info=&#8220;{}&#8220; sticky_enabled=&#8220;0&#8243;][\/et_pb_image][\/et_pb_column][\/et_pb_row][\/et_pb_section]<\/p>\n","protected":false},"excerpt":{"rendered":"<p>Wir kommunizieren die Tr\u00e4ume der Kinder Medien Star for Life wurde 2005 an einer Schule in S\u00fcdafrika gegr\u00fcndet und hat sich seitdem zu einer internationalen Zusammenarbeit rechtlich unabh\u00e4ngiger Organisationen entwickelt, die gemeinsame Werte, Kompetenzen und Konzepte haben. Unser gemeinsames Ziel ist es, Jugendliche in S\u00fcdafrika, der Ukraine, Tansania, Schweden, Jerusalem und Namibia zu bef\u00e4higen, ihr [&hellip;]<\/p>\n","protected":false},"author":1,"featured_media":0,"parent":0,"menu_order":0,"comment_status":"closed","ping_status":"closed","template":"","meta":{"_acf_changed":false,"_et_pb_use_builder":"on","_et_pb_old_content":"","_et_gb_content_width":"","inline_featured_image":false,"footnotes":""},"class_list":["post-37483","page","type-page","status-publish","hentry"],"acf":[],"yoast_head":"<!-- This site is optimized with the Yoast SEO plugin v27.5 - https:\/\/yoast.com\/product\/yoast-seo-wordpress\/ -->\n<title>Presse- und Medien-Informationen zu Star for Life Germany<\/title>\n<meta name=\"robots\" content=\"index, follow, max-snippet:-1, max-image-preview:large, max-video-preview:-1\" \/>\n<link rel=\"canonical\" href=\"https:\/\/starforlife.org\/de\/medien\/\" \/>\n<meta property=\"og:locale\" content=\"de_DE\" \/>\n<meta property=\"og:type\" content=\"article\" \/>\n<meta property=\"og:title\" content=\"Presse- und Medien-Informationen zu Star for Life Germany\" \/>\n<meta property=\"og:description\" content=\"Wir kommunizieren die Tr\u00e4ume der Kinder Medien Star for Life wurde 2005 an einer Schule in S\u00fcdafrika gegr\u00fcndet und hat sich seitdem zu einer internationalen Zusammenarbeit rechtlich unabh\u00e4ngiger Organisationen entwickelt, die gemeinsame Werte, Kompetenzen und Konzepte haben. Unser gemeinsames Ziel ist es, Jugendliche in S\u00fcdafrika, der Ukraine, Tansania, Schweden, Jerusalem und Namibia zu bef\u00e4higen, ihr [&hellip;]\" \/>\n<meta property=\"og:site_name\" content=\"Star for Life\" \/>\n<meta property=\"article:publisher\" content=\"https:\/\/www.facebook.com\/starforlifeofficial\" \/>\n<meta property=\"article:modified_time\" content=\"2025-05-27T09:52:59+00:00\" \/>\n<meta property=\"og:image\" content=\"https:\/\/starforlife.org\/wp-content\/uploads\/2023\/08\/kufezekile.webp\" \/>\n\t<meta property=\"og:image:width\" content=\"1920\" \/>\n\t<meta property=\"og:image:height\" content=\"1440\" \/>\n\t<meta property=\"og:image:type\" content=\"image\/webp\" \/>\n<meta name=\"twitter:card\" content=\"summary_large_image\" \/>\n<meta name=\"twitter:label1\" content=\"Gesch\u00e4tzte Lesezeit\" \/>\n\t<meta name=\"twitter:data1\" content=\"2\u00a0Minuten\" \/>\n<script type=\"application\/ld+json\" class=\"yoast-schema-graph\">{\"@context\":\"https:\\\/\\\/schema.org\",\"@graph\":[{\"@type\":\"WebPage\",\"@id\":\"https:\\\/\\\/starforlife.org\\\/media\\\/\",\"url\":\"https:\\\/\\\/starforlife.org\\\/de\\\/medien\\\/\",\"name\":\"Presse- und Medien-Informationen zu Star for Life Germany\",\"isPartOf\":{\"@id\":\"https:\\\/\\\/starforlife.org\\\/#website\"},\"datePublished\":\"2024-02-21T17:12:21+00:00\",\"dateModified\":\"2025-05-27T09:52:59+00:00\",\"inLanguage\":\"de\",\"potentialAction\":[{\"@type\":\"ReadAction\",\"target\":[\"https:\\\/\\\/starforlife.org\\\/de\\\/medien\\\/\"]}]},{\"@type\":\"WebSite\",\"@id\":\"https:\\\/\\\/starforlife.org\\\/#website\",\"url\":\"https:\\\/\\\/starforlife.org\\\/\",\"name\":\"Star for Life\",\"description\":\"Empowering young people\",\"publisher\":{\"@id\":\"https:\\\/\\\/starforlife.org\\\/#organization\"},\"alternateName\":\"SFL\",\"potentialAction\":[{\"@type\":\"SearchAction\",\"target\":{\"@type\":\"EntryPoint\",\"urlTemplate\":\"https:\\\/\\\/starforlife.org\\\/?s={search_term_string}\"},\"query-input\":{\"@type\":\"PropertyValueSpecification\",\"valueRequired\":true,\"valueName\":\"search_term_string\"}}],\"inLanguage\":\"de\"},{\"@type\":\"Organization\",\"@id\":\"https:\\\/\\\/starforlife.org\\\/#organization\",\"name\":\"Star for life\",\"url\":\"https:\\\/\\\/starforlife.org\\\/\",\"logo\":{\"@type\":\"ImageObject\",\"inLanguage\":\"de\",\"@id\":\"https:\\\/\\\/starforlife.org\\\/#\\\/schema\\\/logo\\\/image\\\/\",\"url\":\"https:\\\/\\\/starforlife.org\\\/wp-content\\\/uploads\\\/2024\\\/02\\\/logga.svg\",\"contentUrl\":\"https:\\\/\\\/starforlife.org\\\/wp-content\\\/uploads\\\/2024\\\/02\\\/logga.svg\",\"width\":\"1024\",\"height\":\"1024\",\"caption\":\"Star for life\"},\"image\":{\"@id\":\"https:\\\/\\\/starforlife.org\\\/#\\\/schema\\\/logo\\\/image\\\/\"},\"sameAs\":[\"https:\\\/\\\/www.facebook.com\\\/starforlifeofficial\",\"https:\\\/\\\/www.linkedin.com\\\/company\\\/7063029\\\/\"]}]}<\/script>\n<!-- \/ Yoast SEO plugin. -->","yoast_head_json":{"title":"Presse- und Medien-Informationen zu Star for Life Germany","robots":{"index":"index","follow":"follow","max-snippet":"max-snippet:-1","max-image-preview":"max-image-preview:large","max-video-preview":"max-video-preview:-1"},"canonical":"https:\/\/starforlife.org\/de\/medien\/","og_locale":"de_DE","og_type":"article","og_title":"Presse- und Medien-Informationen zu Star for Life Germany","og_description":"Wir kommunizieren die Tr\u00e4ume der Kinder Medien Star for Life wurde 2005 an einer Schule in S\u00fcdafrika gegr\u00fcndet und hat sich seitdem zu einer internationalen Zusammenarbeit rechtlich unabh\u00e4ngiger Organisationen entwickelt, die gemeinsame Werte, Kompetenzen und Konzepte haben. Unser gemeinsames Ziel ist es, Jugendliche in S\u00fcdafrika, der Ukraine, Tansania, Schweden, Jerusalem und Namibia zu bef\u00e4higen, ihr [&hellip;]","og_site_name":"Star for Life","article_publisher":"https:\/\/www.facebook.com\/starforlifeofficial","article_modified_time":"2025-05-27T09:52:59+00:00","og_image":[{"width":1920,"height":1440,"url":"https:\/\/starforlife.org\/wp-content\/uploads\/2023\/08\/kufezekile.webp","type":"image\/webp"}],"twitter_card":"summary_large_image","twitter_misc":{"Gesch\u00e4tzte Lesezeit":"2\u00a0Minuten"},"schema":{"@context":"https:\/\/schema.org","@graph":[{"@type":"WebPage","@id":"https:\/\/starforlife.org\/media\/","url":"https:\/\/starforlife.org\/de\/medien\/","name":"Presse- und Medien-Informationen zu Star for Life Germany","isPartOf":{"@id":"https:\/\/starforlife.org\/#website"},"datePublished":"2024-02-21T17:12:21+00:00","dateModified":"2025-05-27T09:52:59+00:00","inLanguage":"de","potentialAction":[{"@type":"ReadAction","target":["https:\/\/starforlife.org\/de\/medien\/"]}]},{"@type":"WebSite","@id":"https:\/\/starforlife.org\/#website","url":"https:\/\/starforlife.org\/","name":"Star for Life","description":"Empowering young people","publisher":{"@id":"https:\/\/starforlife.org\/#organization"},"alternateName":"SFL","potentialAction":[{"@type":"SearchAction","target":{"@type":"EntryPoint","urlTemplate":"https:\/\/starforlife.org\/?s={search_term_string}"},"query-input":{"@type":"PropertyValueSpecification","valueRequired":true,"valueName":"search_term_string"}}],"inLanguage":"de"},{"@type":"Organization","@id":"https:\/\/starforlife.org\/#organization","name":"Star for life","url":"https:\/\/starforlife.org\/","logo":{"@type":"ImageObject","inLanguage":"de","@id":"https:\/\/starforlife.org\/#\/schema\/logo\/image\/","url":"https:\/\/starforlife.org\/wp-content\/uploads\/2024\/02\/logga.svg","contentUrl":"https:\/\/starforlife.org\/wp-content\/uploads\/2024\/02\/logga.svg","width":"1024","height":"1024","caption":"Star for life"},"image":{"@id":"https:\/\/starforlife.org\/#\/schema\/logo\/image\/"},"sameAs":["https:\/\/www.facebook.com\/starforlifeofficial","https:\/\/www.linkedin.com\/company\/7063029\/"]}]}},"_links":{"self":[{"href":"https:\/\/starforlife.org\/de\/wp-json\/wp\/v2\/pages\/37483","targetHints":{"allow":["GET"]}}],"collection":[{"href":"https:\/\/starforlife.org\/de\/wp-json\/wp\/v2\/pages"}],"about":[{"href":"https:\/\/starforlife.org\/de\/wp-json\/wp\/v2\/types\/page"}],"author":[{"embeddable":true,"href":"https:\/\/starforlife.org\/de\/wp-json\/wp\/v2\/users\/1"}],"replies":[{"embeddable":true,"href":"https:\/\/starforlife.org\/de\/wp-json\/wp\/v2\/comments?post=37483"}],"version-history":[{"count":16,"href":"https:\/\/starforlife.org\/de\/wp-json\/wp\/v2\/pages\/37483\/revisions"}],"predecessor-version":[{"id":40927,"href":"https:\/\/starforlife.org\/de\/wp-json\/wp\/v2\/pages\/37483\/revisions\/40927"}],"wp:attachment":[{"href":"https:\/\/starforlife.org\/de\/wp-json\/wp\/v2\/media?parent=37483"}],"curies":[{"name":"wp","href":"https:\/\/api.w.org\/{rel}","templated":true}]}}