{"id":37437,"date":"2024-02-21T17:22:44","date_gmt":"2024-02-21T16:22:44","guid":{"rendered":"https:\/\/starforlife.org\/unterstutze-uns\/"},"modified":"2025-04-24T09:35:57","modified_gmt":"2025-04-24T08:35:57","slug":"spende-unterstuetzung","status":"publish","type":"page","link":"https:\/\/starforlife.org\/de\/spende-unterstuetzung\/","title":{"rendered":"Unterst\u00fctze uns"},"content":{"rendered":"<p>[et_pb_section fb_built=&#8220;1&#8243; custom_padding_last_edited=&#8220;on|phone&#8220; _builder_version=&#8220;4.23.4&#8243; _module_preset=&#8220;default&#8220; background_enable_color=&#8220;off&#8220; background_image=&#8220;https:\/\/starforlife.org\/wp-content\/uploads\/2023\/12\/ge-en-gava.webp&#8220; custom_padding=&#8220;12%||13%||false|false&#8220; custom_padding_tablet=&#8220;13%||13%||false|false&#8220; custom_padding_phone=&#8220;15%||15%||false|false&#8220; background_color_phone=&#8220;rgba(0,0,0,0.37)&#8220; background_last_edited=&#8220;on|phone&#8220; background_enable_color_phone=&#8220;on&#8220; background_blend_phone=&#8220;multiply&#8220; global_colors_info=&#8220;{}&#8220;][et_pb_row _builder_version=&#8220;4.22.0&#8243; _module_preset=&#8220;default&#8220; global_colors_info=&#8220;{}&#8220;][et_pb_column type=&#8220;4_4&#8243; _builder_version=&#8220;4.22.0&#8243; _module_preset=&#8220;default&#8220; global_colors_info=&#8220;{}&#8220;][et_pb_text _builder_version=&#8220;4.27.0&#8243; _module_preset=&#8220;default&#8220; header_text_align=&#8220;center&#8220; header_text_color=&#8220;#FFFFFF&#8220; header_line_height=&#8220;1.3em&#8220; header_2_text_align=&#8220;center&#8220; width=&#8220;59%&#8220; width_tablet=&#8220;100%&#8220; width_phone=&#8220;100%&#8220; width_last_edited=&#8220;on|phone&#8220; module_alignment=&#8220;center&#8220; header_font_size_tablet=&#8220;30px&#8220; header_font_size_phone=&#8220;25px&#8220; header_font_size_last_edited=&#8220;on|phone&#8220; header_text_shadow_style=&#8220;preset3&#8243; global_colors_info=&#8220;{}&#8220;]<\/p>\n<h1>Der Weg aus der Armut. Bildung, die Mut macht und Chancen schafft.<\/h1>\n<p>[\/et_pb_text][et_pb_button button_url=&#8220;#jetzt-spenden&#8220; button_text=&#8220;Jetzt spenden&#8220; button_alignment=&#8220;center&#8220; _builder_version=&#8220;4.27.0&#8243; _module_preset=&#8220;default&#8220; custom_button=&#8220;on&#8220; button_text_color=&#8220;#FFFFFF&#8220; button_bg_color=&#8220;#47AC3D&#8220; button_font=&#8220;||||||||&#8220; button_icon=&#8220;&#xf061;||fa||900&#8243; button_icon_color=&#8220;#FFFFFF&#8220; button_on_hover=&#8220;off&#8220; global_colors_info=&#8220;{}&#8220;][\/et_pb_button][\/et_pb_column][\/et_pb_row][\/et_pb_section][et_pb_section fb_built=&#8220;1&#8243; _builder_version=&#8220;4.22.0&#8243; _module_preset=&#8220;default&#8220; background_color=&#8220;rgba(221,28,27,0.09)&#8220; custom_padding=&#8220;||80px||false|false&#8220; locked=&#8220;off&#8220; global_colors_info=&#8220;{}&#8220;][et_pb_row column_structure=&#8220;3_5,2_5&#8243; use_custom_gutter=&#8220;on&#8220; custom_padding_last_edited=&#8220;on|tablet&#8220; _builder_version=&#8220;4.27.3&#8243; _module_preset=&#8220;default&#8220; width=&#8220;90%&#8220; width_tablet=&#8220;100%&#8220; width_phone=&#8220;100%&#8220; width_last_edited=&#8220;on|tablet&#8220; max_width=&#8220;1280px&#8220; max_width_tablet=&#8220;90%&#8220; max_width_phone=&#8220;90%&#8220; max_width_last_edited=&#8220;on|tablet&#8220; custom_padding=&#8220;||40px||false|false&#8220; custom_padding_tablet=&#8220;0px||40px||false|false&#8220; custom_padding_phone=&#8220;0px||40px||false|false&#8220; border_radii_tablet=&#8220;&#8220; border_radii_phone=&#8220;&#8220; border_radii_last_edited=&#8220;on|tablet&#8220; global_colors_info=&#8220;{}&#8220;][et_pb_column type=&#8220;3_5&#8243; _builder_version=&#8220;4.24.0&#8243; _module_preset=&#8220;default&#8220; custom_padding=&#8220;0px||0px|0px|false|false&#8220; custom_padding_tablet=&#8220;0px||0px||false|false&#8220; custom_padding_phone=&#8220;0px||0px||false|false&#8220; custom_padding_last_edited=&#8220;on|phone&#8220; global_colors_info=&#8220;{}&#8220;][et_pb_text _builder_version=&#8220;4.27.3&#8243; _module_preset=&#8220;default&#8220; text_text_color=&#8220;#000000&#8243; text_font_size=&#8220;16px&#8220; text_line_height=&#8220;1.6em&#8220; link_font=&#8220;||||on|||#DD1C1B|&#8220; link_text_color=&#8220;#DD1C1B&#8220; header_2_text_color=&#8220;#000000&#8243; header_2_font_size=&#8220;28px&#8220; header_2_line_height=&#8220;1.3em&#8220; header_3_text_color=&#8220;#344028&#8243; header_3_font_size=&#8220;19px&#8220; header_3_line_height=&#8220;1.3em&#8220; width=&#8220;77%&#8220; width_tablet=&#8220;90%&#8220; width_phone=&#8220;100%&#8220; width_last_edited=&#8220;on|desktop&#8220; custom_margin=&#8220;||||false|false&#8220; custom_margin_tablet=&#8220;40px||||false|false&#8220; custom_margin_phone=&#8220;0px||||false|false&#8220; custom_margin_last_edited=&#8220;on|phone&#8220; text_orientation_tablet=&#8220;&#8220; text_orientation_phone=&#8220;center&#8220; text_orientation_last_edited=&#8220;on|phone&#8220; global_colors_info=&#8220;{}&#8220;]<\/p>\n<h2>Helfen Sie mit Ihrer Spende, Zukunft zu gestalten!<\/h2>\n<p>Seit 20 Jahren verbessert die Hilfsorganisation Star for Life die Bildung von Schulkindern im s\u00fcdlichen Afrika. In Gebieten um Johannesburg, Durban, KwaZulu Natal und Windhoek unterst\u00fctzen wir an 86 \u00f6ffentlichen Schulen die Bildungsstandards mit Hilfe von 40 lokalen Sozialarbeitern und Coaches.<\/p>\n<p>J\u00e4hrlich motivieren wir \u00fcber 50.000 junge Menschen, in ihre Ausbildung zu investieren und ihre Zukunft selbstbewusst zu gestalten. So er\u00f6ffnet Bildung einen nachhaltigen Weg raus aus der Armut.<\/p>\n<p>Durch Workshops und regelm\u00e4\u00dfigen Unterrichtseinheiten vermitteln wir essentielles Wissen zu Themen wie Gesundheit, Lernmotivation, Selbstbestimmung, Respekt, Unternehmertum, Computer sowie Ern\u00e4hrung.\u00a0<\/p>\n<h3>F\u00fcr Kinderhilfe in Afrika spenden<\/h3>\n<p>Star for Life Germany ist eine gemeinn\u00fctzige Stiftung f\u00fcr Jugend- und Kinderhilfe in Afrika. Wir garantieren, dass Ihre Spenden direkt in unser Schulprogramm vor Ort flie\u00dfen. So helfen Sie Kindern in Afrika wirksam und nachhaltig.<\/p>\n<p>Ihre Spende ist von der Steuer absetzbar. Star for Life Germany ist berechtigt, Ihnen eine <a href=\"https:\/\/starforlife.org\/de\/transparenz\/\" target=\"_blank\" title=\"Transparenz-Richtlinien der anerkannten gemeinn\u00fctzigen Stiftung\" rel=\"noopener\">offizielle Spendenbescheinigung<\/a> auszustellen (StNr. 69042\/07661).<\/p>\n<p><span><o:p><\/o:p><\/span><\/p>\n<p><strong><span><a id=\"jetzt-spenden\"><\/a>Vielen Dank.<\/span><\/strong><\/p>\n<p>[\/et_pb_text][et_pb_code _builder_version=&#8220;4.24.0&#8243; _module_preset=&#8220;default&#8220; global_colors_info=&#8220;{}&#8220;]<script type=\"text\/javascript\" src=\"https:\/\/secure.fundraisingbox.com\/app\/paymentJS?hash=8qksjt2ug9p4pezi\"><\/script><noscript>Bitte Javascript aktivieren<\/noscript><a target=\"_blank\" href=\"https:\/\/www.fundraisingbox.com\/?utm_source=donation_form\" rel=\"noopener\"><img decoding=\"async\" border=\"0\" style=\"border: 0 !important\" src=\"https:\/\/secure.fundraisingbox.com\/images\/FundraisingBox-Logo-Widget.png\" alt=\"FundraisingBox Logo\" \/><\/a>[\/et_pb_code][et_pb_image src=&#8220;https:\/\/starforlife.org\/wp-content\/uploads\/2024\/07\/logo-initiative-transparente-zivilgesellschaft.png&#8220; alt=&#8220;Logo Initiative Transparente Zivilgesellschaft&#8220; title_text=&#8220;logo-initiative-transparente-zivilgesellschaft&#8220; _builder_version=&#8220;4.25.2&#8243; _module_preset=&#8220;default&#8220; global_colors_info=&#8220;{}&#8220;][\/et_pb_image][\/et_pb_column][et_pb_column type=&#8220;2_5&#8243; _builder_version=&#8220;4.24.0&#8243; _module_preset=&#8220;default&#8220; background_image=&#8220;https:\/\/starforlife.org\/wp-content\/uploads\/2024\/02\/klassrum-manadsgivare.webp&#8220; custom_padding=&#8220;15%||15%||false|false&#8220; custom_padding_tablet=&#8220;20%||20%||false|false&#8220; custom_padding_phone=&#8220;25%||25%||false|false&#8220; custom_padding_last_edited=&#8220;off|desktop&#8220; border_radii=&#8220;on|100px|100px|100px|100px&#8220; border_radii_tablet=&#8220;on|25px|25px|25px|25px&#8220; border_radii_phone=&#8220;on|50px|50px|50px|50px&#8220; border_radii_last_edited=&#8220;on|phone&#8220; global_colors_info=&#8220;{}&#8220;][et_pb_divider show_divider=&#8220;off&#8220; _builder_version=&#8220;4.23.4&#8243; _module_preset=&#8220;default&#8220; custom_margin_tablet=&#8220;&#8220; custom_margin_phone=&#8220;||||false|false&#8220; custom_margin_last_edited=&#8220;on|phone&#8220; custom_padding_tablet=&#8220;10%||10%||false|false&#8220; custom_padding_phone=&#8220;10%||10%||false|false&#8220; custom_padding_last_edited=&#8220;on|tablet&#8220; global_colors_info=&#8220;{}&#8220;][\/et_pb_divider][\/et_pb_column][\/et_pb_row][\/et_pb_section]<\/p>\n","protected":false},"excerpt":{"rendered":"<p>Der Weg aus der Armut. Bildung, die Mut macht und Chancen schafft.Helfen Sie mit Ihrer Spende, Zukunft zu gestalten! Seit 20 Jahren verbessert die Hilfsorganisation Star for Life die Bildung von Schulkindern im s\u00fcdlichen Afrika. In Gebieten um Johannesburg, Durban, KwaZulu Natal und Windhoek unterst\u00fctzen wir an 86 \u00f6ffentlichen Schulen die Bildungsstandards mit Hilfe von [&hellip;]<\/p>\n","protected":false},"author":1,"featured_media":36216,"parent":0,"menu_order":0,"comment_status":"closed","ping_status":"closed","template":"","meta":{"_acf_changed":false,"_et_pb_use_builder":"on","_et_pb_old_content":"","_et_gb_content_width":"","inline_featured_image":false,"footnotes":""},"class_list":["post-37437","page","type-page","status-publish","has-post-thumbnail","hentry"],"acf":[],"yoast_head":"<!-- This site is optimized with the Yoast SEO plugin v27.6 - https:\/\/yoast.com\/product\/yoast-seo-wordpress\/ -->\n<title>Kinderhilfe: Spenden Sie f\u00fcr Bildungs-Chancen im s\u00fcdlichen Afrika - Hilfsorganisation Star for Life Germany<\/title>\n<meta name=\"description\" content=\"Helfen Sie Schulkindern in Afrika mit Ihrer Spende Zukunft zu gestalten. Durch Bildung er\u00f6ffnet sich so ein nachhaltigen Weg raus aus der Armut.\" \/>\n<meta name=\"robots\" content=\"index, follow, max-snippet:-1, max-image-preview:large, max-video-preview:-1\" \/>\n<link rel=\"canonical\" href=\"https:\/\/starforlife.org\/de\/spende-unterstuetzung\/\" \/>\n<meta property=\"og:locale\" content=\"de_DE\" \/>\n<meta property=\"og:type\" content=\"article\" \/>\n<meta property=\"og:title\" content=\"Kinderhilfe: Spenden Sie f\u00fcr Bildungs-Chancen im s\u00fcdlichen Afrika - Hilfsorganisation Star for Life Germany\" \/>\n<meta property=\"og:description\" content=\"Helfen Sie Schulkindern in Afrika mit Ihrer Spende Zukunft zu gestalten. Durch Bildung er\u00f6ffnet sich so ein nachhaltigen Weg raus aus der Armut.\" \/>\n<meta property=\"og:site_name\" content=\"Star for Life\" \/>\n<meta property=\"article:publisher\" content=\"https:\/\/www.facebook.com\/starforlifeofficial\" \/>\n<meta property=\"article:modified_time\" content=\"2025-04-24T08:35:57+00:00\" \/>\n<meta property=\"og:image\" content=\"https:\/\/starforlife.org\/wp-content\/uploads\/2024\/02\/klassrum-manadsgivare.webp\" \/>\n\t<meta property=\"og:image:width\" content=\"1920\" \/>\n\t<meta property=\"og:image:height\" content=\"1440\" \/>\n\t<meta property=\"og:image:type\" content=\"image\/webp\" \/>\n<meta name=\"twitter:card\" content=\"summary_large_image\" \/>\n<meta name=\"twitter:label1\" content=\"Gesch\u00e4tzte Lesezeit\" \/>\n\t<meta name=\"twitter:data1\" content=\"2\u00a0Minuten\" \/>\n<script type=\"application\/ld+json\" class=\"yoast-schema-graph\">{\"@context\":\"https:\\\/\\\/schema.org\",\"@graph\":[{\"@type\":\"WebPage\",\"@id\":\"https:\\\/\\\/starforlife.org\\\/support-us\\\/\",\"url\":\"https:\\\/\\\/starforlife.org\\\/de\\\/spende-unterstuetzung\\\/\",\"name\":\"Kinderhilfe: Spenden Sie f\u00fcr Bildungs-Chancen im s\u00fcdlichen Afrika - Hilfsorganisation Star for Life Germany\",\"isPartOf\":{\"@id\":\"https:\\\/\\\/starforlife.org\\\/#website\"},\"primaryImageOfPage\":{\"@id\":\"https:\\\/\\\/starforlife.org\\\/de\\\/spende-unterstuetzung\\\/#primaryimage\"},\"image\":{\"@id\":\"https:\\\/\\\/starforlife.org\\\/de\\\/spende-unterstuetzung\\\/#primaryimage\"},\"thumbnailUrl\":\"https:\\\/\\\/starforlife.org\\\/wp-content\\\/uploads\\\/2024\\\/02\\\/klassrum-manadsgivare.webp\",\"datePublished\":\"2024-02-21T16:22:44+00:00\",\"dateModified\":\"2025-04-24T08:35:57+00:00\",\"description\":\"Helfen Sie Schulkindern in Afrika mit Ihrer Spende Zukunft zu gestalten. Durch Bildung er\u00f6ffnet sich so ein nachhaltigen Weg raus aus der Armut.\",\"inLanguage\":\"de\",\"potentialAction\":[{\"@type\":\"ReadAction\",\"target\":[\"https:\\\/\\\/starforlife.org\\\/de\\\/spende-unterstuetzung\\\/\"]}]},{\"@type\":\"ImageObject\",\"inLanguage\":\"de\",\"@id\":\"https:\\\/\\\/starforlife.org\\\/de\\\/spende-unterstuetzung\\\/#primaryimage\",\"url\":\"https:\\\/\\\/starforlife.org\\\/wp-content\\\/uploads\\\/2024\\\/02\\\/klassrum-manadsgivare.webp\",\"contentUrl\":\"https:\\\/\\\/starforlife.org\\\/wp-content\\\/uploads\\\/2024\\\/02\\\/klassrum-manadsgivare.webp\",\"width\":1920,\"height\":1440,\"caption\":\"Klassenraum im s\u00fcdlichen Afrika mit zwei fr\u00f6hlichen Sch\u00fclerinnen im Vordergrund\"},{\"@type\":\"WebSite\",\"@id\":\"https:\\\/\\\/starforlife.org\\\/#website\",\"url\":\"https:\\\/\\\/starforlife.org\\\/\",\"name\":\"Star for Life\",\"description\":\"Empowering young people\",\"publisher\":{\"@id\":\"https:\\\/\\\/starforlife.org\\\/#organization\"},\"alternateName\":\"SFL\",\"potentialAction\":[{\"@type\":\"SearchAction\",\"target\":{\"@type\":\"EntryPoint\",\"urlTemplate\":\"https:\\\/\\\/starforlife.org\\\/?s={search_term_string}\"},\"query-input\":{\"@type\":\"PropertyValueSpecification\",\"valueRequired\":true,\"valueName\":\"search_term_string\"}}],\"inLanguage\":\"de\"},{\"@type\":\"Organization\",\"@id\":\"https:\\\/\\\/starforlife.org\\\/#organization\",\"name\":\"Star for life\",\"url\":\"https:\\\/\\\/starforlife.org\\\/\",\"logo\":{\"@type\":\"ImageObject\",\"inLanguage\":\"de\",\"@id\":\"https:\\\/\\\/starforlife.org\\\/#\\\/schema\\\/logo\\\/image\\\/\",\"url\":\"https:\\\/\\\/starforlife.org\\\/wp-content\\\/uploads\\\/2024\\\/02\\\/logga.svg\",\"contentUrl\":\"https:\\\/\\\/starforlife.org\\\/wp-content\\\/uploads\\\/2024\\\/02\\\/logga.svg\",\"width\":\"1024\",\"height\":\"1024\",\"caption\":\"Star for life\"},\"image\":{\"@id\":\"https:\\\/\\\/starforlife.org\\\/#\\\/schema\\\/logo\\\/image\\\/\"},\"sameAs\":[\"https:\\\/\\\/www.facebook.com\\\/starforlifeofficial\",\"https:\\\/\\\/www.linkedin.com\\\/company\\\/7063029\\\/\"]}]}<\/script>\n<!-- \/ Yoast SEO plugin. -->","yoast_head_json":{"title":"Kinderhilfe: Spenden Sie f\u00fcr Bildungs-Chancen im s\u00fcdlichen Afrika - Hilfsorganisation Star for Life Germany","description":"Helfen Sie Schulkindern in Afrika mit Ihrer Spende Zukunft zu gestalten. Durch Bildung er\u00f6ffnet sich so ein nachhaltigen Weg raus aus der Armut.","robots":{"index":"index","follow":"follow","max-snippet":"max-snippet:-1","max-image-preview":"max-image-preview:large","max-video-preview":"max-video-preview:-1"},"canonical":"https:\/\/starforlife.org\/de\/spende-unterstuetzung\/","og_locale":"de_DE","og_type":"article","og_title":"Kinderhilfe: Spenden Sie f\u00fcr Bildungs-Chancen im s\u00fcdlichen Afrika - Hilfsorganisation Star for Life Germany","og_description":"Helfen Sie Schulkindern in Afrika mit Ihrer Spende Zukunft zu gestalten. Durch Bildung er\u00f6ffnet sich so ein nachhaltigen Weg raus aus der Armut.","og_site_name":"Star for Life","article_publisher":"https:\/\/www.facebook.com\/starforlifeofficial","article_modified_time":"2025-04-24T08:35:57+00:00","og_image":[{"width":1920,"height":1440,"url":"https:\/\/starforlife.org\/wp-content\/uploads\/2024\/02\/klassrum-manadsgivare.webp","type":"image\/webp"}],"twitter_card":"summary_large_image","twitter_misc":{"Gesch\u00e4tzte Lesezeit":"2\u00a0Minuten"},"schema":{"@context":"https:\/\/schema.org","@graph":[{"@type":"WebPage","@id":"https:\/\/starforlife.org\/support-us\/","url":"https:\/\/starforlife.org\/de\/spende-unterstuetzung\/","name":"Kinderhilfe: Spenden Sie f\u00fcr Bildungs-Chancen im s\u00fcdlichen Afrika - Hilfsorganisation Star for Life Germany","isPartOf":{"@id":"https:\/\/starforlife.org\/#website"},"primaryImageOfPage":{"@id":"https:\/\/starforlife.org\/de\/spende-unterstuetzung\/#primaryimage"},"image":{"@id":"https:\/\/starforlife.org\/de\/spende-unterstuetzung\/#primaryimage"},"thumbnailUrl":"https:\/\/starforlife.org\/wp-content\/uploads\/2024\/02\/klassrum-manadsgivare.webp","datePublished":"2024-02-21T16:22:44+00:00","dateModified":"2025-04-24T08:35:57+00:00","description":"Helfen Sie Schulkindern in Afrika mit Ihrer Spende Zukunft zu gestalten. Durch Bildung er\u00f6ffnet sich so ein nachhaltigen Weg raus aus der Armut.","inLanguage":"de","potentialAction":[{"@type":"ReadAction","target":["https:\/\/starforlife.org\/de\/spende-unterstuetzung\/"]}]},{"@type":"ImageObject","inLanguage":"de","@id":"https:\/\/starforlife.org\/de\/spende-unterstuetzung\/#primaryimage","url":"https:\/\/starforlife.org\/wp-content\/uploads\/2024\/02\/klassrum-manadsgivare.webp","contentUrl":"https:\/\/starforlife.org\/wp-content\/uploads\/2024\/02\/klassrum-manadsgivare.webp","width":1920,"height":1440,"caption":"Klassenraum im s\u00fcdlichen Afrika mit zwei fr\u00f6hlichen Sch\u00fclerinnen im Vordergrund"},{"@type":"WebSite","@id":"https:\/\/starforlife.org\/#website","url":"https:\/\/starforlife.org\/","name":"Star for Life","description":"Empowering young people","publisher":{"@id":"https:\/\/starforlife.org\/#organization"},"alternateName":"SFL","potentialAction":[{"@type":"SearchAction","target":{"@type":"EntryPoint","urlTemplate":"https:\/\/starforlife.org\/?s={search_term_string}"},"query-input":{"@type":"PropertyValueSpecification","valueRequired":true,"valueName":"search_term_string"}}],"inLanguage":"de"},{"@type":"Organization","@id":"https:\/\/starforlife.org\/#organization","name":"Star for life","url":"https:\/\/starforlife.org\/","logo":{"@type":"ImageObject","inLanguage":"de","@id":"https:\/\/starforlife.org\/#\/schema\/logo\/image\/","url":"https:\/\/starforlife.org\/wp-content\/uploads\/2024\/02\/logga.svg","contentUrl":"https:\/\/starforlife.org\/wp-content\/uploads\/2024\/02\/logga.svg","width":"1024","height":"1024","caption":"Star for life"},"image":{"@id":"https:\/\/starforlife.org\/#\/schema\/logo\/image\/"},"sameAs":["https:\/\/www.facebook.com\/starforlifeofficial","https:\/\/www.linkedin.com\/company\/7063029\/"]}]}},"_links":{"self":[{"href":"https:\/\/starforlife.org\/de\/wp-json\/wp\/v2\/pages\/37437","targetHints":{"allow":["GET"]}}],"collection":[{"href":"https:\/\/starforlife.org\/de\/wp-json\/wp\/v2\/pages"}],"about":[{"href":"https:\/\/starforlife.org\/de\/wp-json\/wp\/v2\/types\/page"}],"author":[{"embeddable":true,"href":"https:\/\/starforlife.org\/de\/wp-json\/wp\/v2\/users\/1"}],"replies":[{"embeddable":true,"href":"https:\/\/starforlife.org\/de\/wp-json\/wp\/v2\/comments?post=37437"}],"version-history":[{"count":50,"href":"https:\/\/starforlife.org\/de\/wp-json\/wp\/v2\/pages\/37437\/revisions"}],"predecessor-version":[{"id":40750,"href":"https:\/\/starforlife.org\/de\/wp-json\/wp\/v2\/pages\/37437\/revisions\/40750"}],"wp:featuredmedia":[{"embeddable":true,"href":"https:\/\/starforlife.org\/de\/wp-json\/wp\/v2\/media\/36216"}],"wp:attachment":[{"href":"https:\/\/starforlife.org\/de\/wp-json\/wp\/v2\/media?parent=37437"}],"curies":[{"name":"wp","href":"https:\/\/api.w.org\/{rel}","templated":true}]}}