{"id":37335,"date":"2024-02-21T14:54:50","date_gmt":"2024-02-21T13:54:50","guid":{"rendered":"https:\/\/starforlife.org\/daughters-of-africa-2\/"},"modified":"2025-11-07T12:59:14","modified_gmt":"2025-11-07T11:59:14","slug":"daughters-of-africa","status":"publish","type":"page","link":"https:\/\/starforlife.org\/de\/was-wir-tun\/daughters-of-africa\/","title":{"rendered":"Daughters of Africa"},"content":{"rendered":"<p>[et_pb_section fb_built=&#8220;1&#8243; custom_padding_last_edited=&#8220;on|desktop&#8220; _builder_version=&#8220;4.23.4&#8243; _module_preset=&#8220;default&#8220; background_color=&#8220;rgba(0,0,0,0)&#8220; background_image=&#8220;https:\/\/starforlife.org\/wp-content\/uploads\/2023\/09\/DSC05908-kopiera-kopia.webp&#8220; background_blend=&#8220;multiply&#8220; custom_padding=&#8220;11%||13%||false|false&#8220; custom_padding_tablet=&#8220;11%||13%||false|false&#8220; custom_padding_phone=&#8220;15%||15%||false|false&#8220; background_color_phone=&#8220;rgba(0,0,0,0.24)&#8220; background_last_edited=&#8220;on|phone&#8220; background_enable_color_phone=&#8220;on&#8220; global_colors_info=&#8220;{}&#8220;][et_pb_row _builder_version=&#8220;4.22.0&#8243; _module_preset=&#8220;default&#8220; global_colors_info=&#8220;{}&#8220;][et_pb_column type=&#8220;4_4&#8243; _builder_version=&#8220;4.22.0&#8243; _module_preset=&#8220;default&#8220; global_colors_info=&#8220;{}&#8220;][et_pb_text _builder_version=&#8220;4.24.0&#8243; _module_preset=&#8220;default&#8220; header_text_align=&#8220;center&#8220; header_text_color=&#8220;#FFFFFF&#8220; header_2_text_align=&#8220;center&#8220; width=&#8220;51%&#8220; width_tablet=&#8220;100%&#8220; width_phone=&#8220;100%&#8220; width_last_edited=&#8220;on|phone&#8220; module_alignment=&#8220;center&#8220; header_font_size_tablet=&#8220;30px&#8220; header_font_size_phone=&#8220;25px&#8220; header_font_size_last_edited=&#8220;on|phone&#8220; header_line_height_tablet=&#8220;1.3em&#8220; header_line_height_phone=&#8220;1.3em&#8220; header_line_height_last_edited=&#8220;on|tablet&#8220; header_text_shadow_style=&#8220;preset3&#8243; global_colors_info=&#8220;{}&#8220;]<\/p>\n<h1>Starke M\u00e4dchen und unabh\u00e4ngige Frauen<br \/>\n<\/h1>\n<p>[\/et_pb_text][et_pb_button button_url=&#8220;https:\/\/starforlife.org\/de\/spende-unterstuetzung\/&#8220; url_new_window=&#8220;on&#8220; button_text=&#8220;Unterst\u00fctzen Sie einen Girls Club&#8220; button_alignment=&#8220;center&#8220; _builder_version=&#8220;4.24.0&#8243; _module_preset=&#8220;default&#8220; custom_button=&#8220;on&#8220; button_text_color=&#8220;#FFFFFF&#8220; button_bg_color=&#8220;#47AC3D&#8220; button_font=&#8220;||||||||&#8220; button_icon=&#8220;&#xf061;||fa||900&#8243; button_icon_color=&#8220;#FFFFFF&#8220; button_on_hover=&#8220;off&#8220; global_colors_info=&#8220;{}&#8220; button_bg_color__hover=&#8220;#344028&#8243; button_bg_color__hover_enabled=&#8220;on|hover&#8220;][\/et_pb_button][\/et_pb_column][\/et_pb_row][\/et_pb_section][et_pb_section fb_built=&#8220;1&#8243; _builder_version=&#8220;4.22.0&#8243; _module_preset=&#8220;default&#8220; background_color=&#8220;rgba(0,0,0,0.83)&#8220; global_colors_info=&#8220;{}&#8220;][et_pb_row column_structure=&#8220;1_2,1_2&#8243; use_custom_gutter=&#8220;on&#8220; make_equal=&#8220;on&#8220; custom_padding_last_edited=&#8220;on|phone&#8220; _builder_version=&#8220;4.23.4&#8243; _module_preset=&#8220;default&#8220; width=&#8220;90%&#8220; width_tablet=&#8220;90%&#8220; width_phone=&#8220;85%&#8220; width_last_edited=&#8220;on|phone&#8220; max_width=&#8220;1280px&#8220; custom_margin=&#8220;||||false|false&#8220; custom_padding=&#8220;||40px||false|false&#8220; custom_padding_tablet=&#8220;0px||40px||false|false&#8220; custom_padding_phone=&#8220;0px||||false|false&#8220; global_colors_info=&#8220;{}&#8220;][et_pb_column type=&#8220;1_2&#8243; _builder_version=&#8220;4.23.4&#8243; _module_preset=&#8220;default&#8220; custom_padding=&#8220;3%||3%||false|false&#8220; custom_padding_tablet=&#8220;0%||3%||false|false&#8220; custom_padding_phone=&#8220;3%||3%||false|false&#8220; custom_padding_last_edited=&#8220;on|desktop&#8220; global_colors_info=&#8220;{}&#8220;][et_pb_text _builder_version=&#8220;4.27.0&#8243; _module_preset=&#8220;default&#8220; text_text_color=&#8220;#FFFFFF&#8220; text_line_height=&#8220;1.6em&#8220; header_2_text_color=&#8220;#FFFFFF&#8220; header_2_font_size=&#8220;28px&#8220; width=&#8220;95%&#8220; width_tablet=&#8220;100%&#8220; width_phone=&#8220;100%&#8220; width_last_edited=&#8220;on|phone&#8220; custom_margin=&#8220;||||false|false&#8220; custom_margin_tablet=&#8220;0px||||false|false&#8220; custom_margin_phone=&#8220;0px||||false|false&#8220; custom_margin_last_edited=&#8220;on|tablet&#8220; custom_padding_tablet=&#8220;0px||||false|false&#8220; custom_padding_phone=&#8220;0px||||false|false&#8220; custom_padding_last_edited=&#8220;on|tablet&#8220; text_font_size_tablet=&#8220;&#8220; text_font_size_phone=&#8220;16px&#8220; text_font_size_last_edited=&#8220;on|phone&#8220; header_2_font_size_phone=&#8220;28px&#8220; header_2_font_size_last_edited=&#8220;off|phone&#8220; header_2_line_height_tablet=&#8220;&#8220; header_2_line_height_phone=&#8220;1.3em&#8220; header_2_line_height_last_edited=&#8220;on|phone&#8220; global_colors_info=&#8220;{}&#8220;]<\/p>\n<h2>Daughters of Africa<\/h2>\n<p>Im s\u00fcdlichen Afrika werden viel zu viele M\u00e4dchen in ein Leben voller Diskriminierung, Vorurteile, mangelndem Wissen und Armut hineingeboren. Mit der speziellen Initiative &#8222;Daughters of Africa Girls Club&#8220; von Star for Life konzentrieren wir uns auf die besondere Situation von M\u00e4dchen.<\/p>\n<p>In gesch\u00fctzten R\u00e4umen und durch spezielle Workshops, die von unseren Coaches geleitet werden, k\u00f6nnen sich die M\u00e4dchen mit Themen wie Gesundheit, Sexualit\u00e4t, Einwilligung, geschlechtsspezifische Gewalt, Gleichberechtigung und Unternehmertum vertraut machen. Das Ziel des Hilfsprojektes ist Empowerment &#8211; f\u00fcr eine neue Generation von starken und unabh\u00e4ngigen Frauen.<\/p>\n<p>[\/et_pb_text][et_pb_button button_url=&#8220;https:\/\/starforlife.org\/de\/spende-unterstuetzung\/&#8220; url_new_window=&#8220;on&#8220; button_text=&#8220;Unterst\u00fctzen Sie einen Girls Club&#8220; button_alignment=&#8220;left&#8220; _builder_version=&#8220;4.24.0&#8243; _module_preset=&#8220;default&#8220; custom_button=&#8220;on&#8220; button_text_color=&#8220;#FFFFFF&#8220; button_bg_color=&#8220;#47AC3D&#8220; button_font=&#8220;||||||||&#8220; button_icon=&#8220;&#xf061;||fa||900&#8243; button_icon_color=&#8220;#FFFFFF&#8220; button_on_hover=&#8220;off&#8220; global_colors_info=&#8220;{}&#8220; button_bg_color__hover=&#8220;#344028&#8243; button_bg_color__hover_enabled=&#8220;on|hover&#8220;][\/et_pb_button][\/et_pb_column][et_pb_column type=&#8220;1_2&#8243; _builder_version=&#8220;4.23.4&#8243; _module_preset=&#8220;default&#8220; background_image=&#8220;https:\/\/starforlife.org\/wp-content\/uploads\/2023\/08\/esiqiwni-girls.webp&#8220; border_radii=&#8220;on|100px|100px|100px|100px&#8220; border_radii_tablet=&#8220;on|50px|50px|50px|50px&#8220; border_radii_phone=&#8220;on|50px|50px|50px|50px&#8220; border_radii_last_edited=&#8220;on|tablet&#8220; global_colors_info=&#8220;{}&#8220;][et_pb_divider show_divider=&#8220;off&#8220; _builder_version=&#8220;4.23.4&#8243; _module_preset=&#8220;default&#8220; custom_padding_tablet=&#8220;30%||30%||false|false&#8220; custom_padding_phone=&#8220;30%||30%||false|false&#8220; custom_padding_last_edited=&#8220;on|tablet&#8220; global_colors_info=&#8220;{}&#8220;][\/et_pb_divider][\/et_pb_column][\/et_pb_row][\/et_pb_section][et_pb_section fb_built=&#8220;1&#8243; _builder_version=&#8220;4.23.4&#8243; _module_preset=&#8220;default&#8220; background_color=&#8220;#ebedea&#8220; global_colors_info=&#8220;{}&#8220;][et_pb_row column_structure=&#8220;3_5,2_5&#8243; _builder_version=&#8220;4.23.4&#8243; _module_preset=&#8220;default&#8220; width=&#8220;90%&#8220; max_width=&#8220;1280px&#8220; global_colors_info=&#8220;{}&#8220;][et_pb_column type=&#8220;3_5&#8243; _builder_version=&#8220;4.23.4&#8243; _module_preset=&#8220;default&#8220; global_colors_info=&#8220;{}&#8220;][et_pb_image src=&#8220;https:\/\/starforlife.org\/wp-content\/uploads\/2025\/05\/IMG_8194-Bearbeitet-1.jpg&#8220; title_text=&#8220;IMG_8194-Bearbeitet&#8220; _builder_version=&#8220;4.27.4&#8243; _module_preset=&#8220;default&#8220; hover_enabled=&#8220;0&#8243; global_colors_info=&#8220;{}&#8220; sticky_enabled=&#8220;0&#8243; border_radii=&#8220;on|17px|17px|17px|17px&#8220;][\/et_pb_image][\/et_pb_column][et_pb_column type=&#8220;2_5&#8243; _builder_version=&#8220;4.23.4&#8243; _module_preset=&#8220;default&#8220; global_colors_info=&#8220;{}&#8220;][et_pb_text _builder_version=&#8220;4.24.0&#8243; _module_preset=&#8220;default&#8220; text_text_color=&#8220;#344028&#8243; text_font_size=&#8220;16px&#8220; text_line_height=&#8220;1.6em&#8220; link_font=&#8220;||||on|||#47AC3D|&#8220; link_text_color=&#8220;#47AC3D&#8220; header_2_text_color=&#8220;#344028&#8243; header_2_font_size=&#8220;28px&#8220; header_3_text_color=&#8220;#344028&#8243; header_3_font_size=&#8220;19px&#8220; header_3_line_height=&#8220;1.3em&#8220; width=&#8220;100%&#8220; width_tablet=&#8220;90%&#8220; width_phone=&#8220;100%&#8220; width_last_edited=&#8220;on|phone&#8220; custom_margin=&#8220;||||false|false&#8220; custom_margin_tablet=&#8220;0px||||false|false&#8220; custom_margin_phone=&#8220;0px||||false|false&#8220; custom_margin_last_edited=&#8220;on|desktop&#8220; global_colors_info=&#8220;{}&#8220;]<\/p>\n<h2>Starke M\u00e4dchen und unabh\u00e4ngige Frauen<\/h2>\n<p><span style=\"color: #333333;\"><b><span>Regelm\u00e4\u00dfige Sessions:<\/span><\/b><br \/><span>Der Girls\u2019 Club findet zweimal im Monat mit 30 M\u00e4dchen statt. Die 45\u201360-min\u00fctigen Einheiten kombinieren Workshops, Rollenspiele und offene Gespr\u00e4che \u2013 stets in einem sicheren, vertrauensvollen Rahmen.<\/span><span><\/span><br \/><b><span>Individuelles Mentoring:<\/span><\/b><span><\/span><br \/><span>Zus\u00e4tzlich finden pers\u00f6nliche Einzelgespr\u00e4che statt, um auf individuelle Herausforderungen gezielt eingehen zu k\u00f6nnen.<\/span><span><\/span><br \/><b><span>Hohe Nachfrage &amp; Vertrauen:<\/span><\/b><span><\/span><br \/><span>Der Girls\u2019 Club ist ein freiwilliges Angebot. Die Teilnahme ist sehr gefragt, vor allem durch das bestehende Vertrauensverh\u00e4ltnis zu den Coaches im Schulalltag.<\/span><span><\/span><br \/><\/span><\/p>\n<p>M\u00f6chten Sie einen Girls Club unterst\u00fctzen?<br \/>Kontaktieren Sie mich <a href=\"mailto:susanne.haumann@starforlife.de\">susanne.haumann@starforlife.de<\/a> +49 175 244 0000<\/p>\n<p>[\/et_pb_text][\/et_pb_column][\/et_pb_row][\/et_pb_section]<\/p>\n","protected":false},"excerpt":{"rendered":"<p>Starke M\u00e4dchen und unabh\u00e4ngige Frauen Daughters of Africa Im s\u00fcdlichen Afrika werden viel zu viele M\u00e4dchen in ein Leben voller Diskriminierung, Vorurteile, mangelndem Wissen und Armut hineingeboren. Mit der speziellen Initiative &#8222;Daughters of Africa Girls Club&#8220; von Star for Life konzentrieren wir uns auf die besondere Situation von M\u00e4dchen. In gesch\u00fctzten R\u00e4umen und durch spezielle [&hellip;]<\/p>\n","protected":false},"author":1,"featured_media":0,"parent":37189,"menu_order":0,"comment_status":"closed","ping_status":"closed","template":"","meta":{"_acf_changed":false,"_et_pb_use_builder":"on","_et_pb_old_content":"","_et_gb_content_width":"","inline_featured_image":false,"footnotes":""},"class_list":["post-37335","page","type-page","status-publish","hentry"],"acf":[],"yoast_head":"<!-- This site is optimized with the Yoast SEO plugin v27.5 - https:\/\/yoast.com\/product\/yoast-seo-wordpress\/ -->\n<title>Empowerment von M\u00e4dchen &amp; jungen Frauen im s\u00fcdlichen Afrika | Star for Life Germany<\/title>\n<meta name=\"description\" content=\"Das Hilfsprojekt &quot;Daughters of Africa Girls Club&quot; zielt auf eine neue Generation von starken und unabh\u00e4ngigen Frauen. Unsere Coaches ermutigen junge Afrikanerinnen ihr Potenzial zu entfalten.\" \/>\n<meta name=\"robots\" content=\"index, follow, max-snippet:-1, max-image-preview:large, max-video-preview:-1\" \/>\n<link rel=\"canonical\" href=\"https:\/\/starforlife.org\/de\/daughters-of-africa\/\" \/>\n<meta property=\"og:locale\" content=\"de_DE\" \/>\n<meta property=\"og:type\" content=\"article\" \/>\n<meta property=\"og:title\" content=\"Empowerment von M\u00e4dchen &amp; jungen Frauen im s\u00fcdlichen Afrika | Star for Life Germany\" \/>\n<meta property=\"og:description\" content=\"Das Hilfsprojekt &quot;Daughters of Africa Girls Club&quot; zielt auf eine neue Generation von starken und unabh\u00e4ngigen Frauen. Unsere Coaches ermutigen junge Afrikanerinnen ihr Potenzial zu entfalten.\" \/>\n<meta property=\"og:site_name\" content=\"Star for Life\" \/>\n<meta property=\"article:publisher\" content=\"https:\/\/www.facebook.com\/starforlifeofficial\" \/>\n<meta property=\"article:modified_time\" content=\"2025-11-07T11:59:14+00:00\" \/>\n<meta property=\"og:image\" content=\"https:\/\/starforlife.org\/wp-content\/uploads\/2023\/08\/kufezekile.webp\" \/>\n\t<meta property=\"og:image:width\" content=\"1920\" \/>\n\t<meta property=\"og:image:height\" content=\"1440\" \/>\n\t<meta property=\"og:image:type\" content=\"image\/webp\" \/>\n<meta name=\"twitter:card\" content=\"summary_large_image\" \/>\n<meta name=\"twitter:label1\" content=\"Gesch\u00e4tzte Lesezeit\" \/>\n\t<meta name=\"twitter:data1\" content=\"1\u00a0Minute\" \/>\n<script type=\"application\/ld+json\" class=\"yoast-schema-graph\">{\"@context\":\"https:\\\/\\\/schema.org\",\"@graph\":[{\"@type\":\"WebPage\",\"@id\":\"https:\\\/\\\/starforlife.org\\\/de\\\/was-wir-tun\\\/daughters-of-africa\\\/\",\"url\":\"https:\\\/\\\/starforlife.org\\\/de\\\/daughters-of-africa\\\/\",\"name\":\"Empowerment von M\u00e4dchen & jungen Frauen im s\u00fcdlichen Afrika | Star for Life Germany\",\"isPartOf\":{\"@id\":\"https:\\\/\\\/starforlife.org\\\/#website\"},\"datePublished\":\"2024-02-21T13:54:50+00:00\",\"dateModified\":\"2025-11-07T11:59:14+00:00\",\"description\":\"Das Hilfsprojekt \\\"Daughters of Africa Girls Club\\\" zielt auf eine neue Generation von starken und unabh\u00e4ngigen Frauen. Unsere Coaches ermutigen junge Afrikanerinnen ihr Potenzial zu entfalten.\",\"breadcrumb\":{\"@id\":\"https:\\\/\\\/starforlife.org\\\/de\\\/daughters-of-africa\\\/#breadcrumb\"},\"inLanguage\":\"de\",\"potentialAction\":[{\"@type\":\"ReadAction\",\"target\":[\"https:\\\/\\\/starforlife.org\\\/de\\\/daughters-of-africa\\\/\"]}]},{\"@type\":\"BreadcrumbList\",\"@id\":\"https:\\\/\\\/starforlife.org\\\/de\\\/daughters-of-africa\\\/#breadcrumb\",\"itemListElement\":[{\"@type\":\"ListItem\",\"position\":1,\"name\":\"Was wir tun\",\"item\":\"https:\\\/\\\/starforlife.org\\\/what-we-do\\\/\"},{\"@type\":\"ListItem\",\"position\":2,\"name\":\"Daughters of Africa\"}]},{\"@type\":\"WebSite\",\"@id\":\"https:\\\/\\\/starforlife.org\\\/#website\",\"url\":\"https:\\\/\\\/starforlife.org\\\/\",\"name\":\"Star for Life\",\"description\":\"Empowering young people\",\"publisher\":{\"@id\":\"https:\\\/\\\/starforlife.org\\\/#organization\"},\"alternateName\":\"SFL\",\"potentialAction\":[{\"@type\":\"SearchAction\",\"target\":{\"@type\":\"EntryPoint\",\"urlTemplate\":\"https:\\\/\\\/starforlife.org\\\/?s={search_term_string}\"},\"query-input\":{\"@type\":\"PropertyValueSpecification\",\"valueRequired\":true,\"valueName\":\"search_term_string\"}}],\"inLanguage\":\"de\"},{\"@type\":\"Organization\",\"@id\":\"https:\\\/\\\/starforlife.org\\\/#organization\",\"name\":\"Star for life\",\"url\":\"https:\\\/\\\/starforlife.org\\\/\",\"logo\":{\"@type\":\"ImageObject\",\"inLanguage\":\"de\",\"@id\":\"https:\\\/\\\/starforlife.org\\\/#\\\/schema\\\/logo\\\/image\\\/\",\"url\":\"https:\\\/\\\/starforlife.org\\\/wp-content\\\/uploads\\\/2024\\\/02\\\/logga.svg\",\"contentUrl\":\"https:\\\/\\\/starforlife.org\\\/wp-content\\\/uploads\\\/2024\\\/02\\\/logga.svg\",\"width\":\"1024\",\"height\":\"1024\",\"caption\":\"Star for life\"},\"image\":{\"@id\":\"https:\\\/\\\/starforlife.org\\\/#\\\/schema\\\/logo\\\/image\\\/\"},\"sameAs\":[\"https:\\\/\\\/www.facebook.com\\\/starforlifeofficial\",\"https:\\\/\\\/www.linkedin.com\\\/company\\\/7063029\\\/\"]}]}<\/script>\n<!-- \/ Yoast SEO plugin. -->","yoast_head_json":{"title":"Empowerment von M\u00e4dchen & jungen Frauen im s\u00fcdlichen Afrika | Star for Life Germany","description":"Das Hilfsprojekt \"Daughters of Africa Girls Club\" zielt auf eine neue Generation von starken und unabh\u00e4ngigen Frauen. Unsere Coaches ermutigen junge Afrikanerinnen ihr Potenzial zu entfalten.","robots":{"index":"index","follow":"follow","max-snippet":"max-snippet:-1","max-image-preview":"max-image-preview:large","max-video-preview":"max-video-preview:-1"},"canonical":"https:\/\/starforlife.org\/de\/daughters-of-africa\/","og_locale":"de_DE","og_type":"article","og_title":"Empowerment von M\u00e4dchen & jungen Frauen im s\u00fcdlichen Afrika | Star for Life Germany","og_description":"Das Hilfsprojekt \"Daughters of Africa Girls Club\" zielt auf eine neue Generation von starken und unabh\u00e4ngigen Frauen. Unsere Coaches ermutigen junge Afrikanerinnen ihr Potenzial zu entfalten.","og_site_name":"Star for Life","article_publisher":"https:\/\/www.facebook.com\/starforlifeofficial","article_modified_time":"2025-11-07T11:59:14+00:00","og_image":[{"width":1920,"height":1440,"url":"https:\/\/starforlife.org\/wp-content\/uploads\/2023\/08\/kufezekile.webp","type":"image\/webp"}],"twitter_card":"summary_large_image","twitter_misc":{"Gesch\u00e4tzte Lesezeit":"1\u00a0Minute"},"schema":{"@context":"https:\/\/schema.org","@graph":[{"@type":"WebPage","@id":"https:\/\/starforlife.org\/de\/was-wir-tun\/daughters-of-africa\/","url":"https:\/\/starforlife.org\/de\/daughters-of-africa\/","name":"Empowerment von M\u00e4dchen & jungen Frauen im s\u00fcdlichen Afrika | Star for Life Germany","isPartOf":{"@id":"https:\/\/starforlife.org\/#website"},"datePublished":"2024-02-21T13:54:50+00:00","dateModified":"2025-11-07T11:59:14+00:00","description":"Das Hilfsprojekt \"Daughters of Africa Girls Club\" zielt auf eine neue Generation von starken und unabh\u00e4ngigen Frauen. Unsere Coaches ermutigen junge Afrikanerinnen ihr Potenzial zu entfalten.","breadcrumb":{"@id":"https:\/\/starforlife.org\/de\/daughters-of-africa\/#breadcrumb"},"inLanguage":"de","potentialAction":[{"@type":"ReadAction","target":["https:\/\/starforlife.org\/de\/daughters-of-africa\/"]}]},{"@type":"BreadcrumbList","@id":"https:\/\/starforlife.org\/de\/daughters-of-africa\/#breadcrumb","itemListElement":[{"@type":"ListItem","position":1,"name":"Was wir tun","item":"https:\/\/starforlife.org\/what-we-do\/"},{"@type":"ListItem","position":2,"name":"Daughters of Africa"}]},{"@type":"WebSite","@id":"https:\/\/starforlife.org\/#website","url":"https:\/\/starforlife.org\/","name":"Star for Life","description":"Empowering young people","publisher":{"@id":"https:\/\/starforlife.org\/#organization"},"alternateName":"SFL","potentialAction":[{"@type":"SearchAction","target":{"@type":"EntryPoint","urlTemplate":"https:\/\/starforlife.org\/?s={search_term_string}"},"query-input":{"@type":"PropertyValueSpecification","valueRequired":true,"valueName":"search_term_string"}}],"inLanguage":"de"},{"@type":"Organization","@id":"https:\/\/starforlife.org\/#organization","name":"Star for life","url":"https:\/\/starforlife.org\/","logo":{"@type":"ImageObject","inLanguage":"de","@id":"https:\/\/starforlife.org\/#\/schema\/logo\/image\/","url":"https:\/\/starforlife.org\/wp-content\/uploads\/2024\/02\/logga.svg","contentUrl":"https:\/\/starforlife.org\/wp-content\/uploads\/2024\/02\/logga.svg","width":"1024","height":"1024","caption":"Star for life"},"image":{"@id":"https:\/\/starforlife.org\/#\/schema\/logo\/image\/"},"sameAs":["https:\/\/www.facebook.com\/starforlifeofficial","https:\/\/www.linkedin.com\/company\/7063029\/"]}]}},"_links":{"self":[{"href":"https:\/\/starforlife.org\/de\/wp-json\/wp\/v2\/pages\/37335","targetHints":{"allow":["GET"]}}],"collection":[{"href":"https:\/\/starforlife.org\/de\/wp-json\/wp\/v2\/pages"}],"about":[{"href":"https:\/\/starforlife.org\/de\/wp-json\/wp\/v2\/types\/page"}],"author":[{"embeddable":true,"href":"https:\/\/starforlife.org\/de\/wp-json\/wp\/v2\/users\/1"}],"replies":[{"embeddable":true,"href":"https:\/\/starforlife.org\/de\/wp-json\/wp\/v2\/comments?post=37335"}],"version-history":[{"count":23,"href":"https:\/\/starforlife.org\/de\/wp-json\/wp\/v2\/pages\/37335\/revisions"}],"predecessor-version":[{"id":40806,"href":"https:\/\/starforlife.org\/de\/wp-json\/wp\/v2\/pages\/37335\/revisions\/40806"}],"up":[{"embeddable":true,"href":"https:\/\/starforlife.org\/de\/wp-json\/wp\/v2\/pages\/37189"}],"wp:attachment":[{"href":"https:\/\/starforlife.org\/de\/wp-json\/wp\/v2\/media?parent=37335"}],"curies":[{"name":"wp","href":"https:\/\/api.w.org\/{rel}","templated":true}]}}