{"id":37198,"date":"2024-02-13T15:32:55","date_gmt":"2024-02-13T14:32:55","guid":{"rendered":"https:\/\/starforlife.org\/unsere-geschichte\/"},"modified":"2025-11-07T13:00:34","modified_gmt":"2025-11-07T12:00:34","slug":"unsere-geschichte","status":"publish","type":"page","link":"https:\/\/starforlife.org\/de\/was-wir-tun\/unsere-geschichte\/","title":{"rendered":"Unsere Geschichte"},"content":{"rendered":"<p>[et_pb_section fb_built=&#8220;1&#8243; custom_padding_last_edited=&#8220;on|phone&#8220; _builder_version=&#8220;4.23.4&#8243; _module_preset=&#8220;default&#8220; background_color=&#8220;rgba(0,0,0,0.19)&#8220; background_image=&#8220;https:\/\/starforlife.org\/wp-content\/uploads\/2023\/08\/nkanyiso-1.webp&#8220; background_position=&#8220;top_center&#8220; background_vertical_offset=&#8220;31%&#8220; background_blend=&#8220;multiply&#8220; custom_padding=&#8220;11%||13%||false|false&#8220; custom_padding_tablet=&#8220;7%||9%||false|false&#8220; custom_padding_phone=&#8220;15%||15%||false|false&#8220; background_color_phone=&#8220;rgba(0,0,0,0.39)&#8220; background_last_edited=&#8220;on|phone&#8220; background_enable_color_phone=&#8220;on&#8220; global_colors_info=&#8220;{}&#8220;][et_pb_row _builder_version=&#8220;4.22.0&#8243; _module_preset=&#8220;default&#8220; global_colors_info=&#8220;{}&#8220;][et_pb_column type=&#8220;4_4&#8243; _builder_version=&#8220;4.22.0&#8243; _module_preset=&#8220;default&#8220; global_colors_info=&#8220;{}&#8220;][et_pb_text _builder_version=&#8220;4.24.0&#8243; _module_preset=&#8220;default&#8220; header_text_align=&#8220;center&#8220; header_text_color=&#8220;#FFFFFF&#8220; header_2_text_align=&#8220;center&#8220; width=&#8220;71%&#8220; width_tablet=&#8220;73%&#8220; width_phone=&#8220;100%&#8220; width_last_edited=&#8220;on|phone&#8220; module_alignment=&#8220;center&#8220; header_font_size_tablet=&#8220;30px&#8220; header_font_size_phone=&#8220;25px&#8220; header_font_size_last_edited=&#8220;on|phone&#8220; header_2_font_size_tablet=&#8220;&#8220; header_2_font_size_phone=&#8220;25px&#8220; header_2_font_size_last_edited=&#8220;on|phone&#8220; header_text_shadow_style=&#8220;preset3&#8243; global_colors_info=&#8220;{}&#8220;]<\/p>\n<h1>Wir ermutigen junge Menschen, an ihre Tr\u00e4ume zu glauben<\/h1>\n<p>[\/et_pb_text][et_pb_button button_url=&#8220;https:\/\/starforlife.org\/de\/werde-partner\/&#8220; button_text=&#8220;Werde Partner&#8220; button_alignment=&#8220;center&#8220; _builder_version=&#8220;4.24.0&#8243; _module_preset=&#8220;default&#8220; custom_button=&#8220;on&#8220; button_text_color=&#8220;#FFFFFF&#8220; button_bg_color=&#8220;#47AC3D&#8220; button_font=&#8220;||||||||&#8220; button_icon=&#8220;&#xf061;||fa||900&#8243; button_icon_color=&#8220;#FFFFFF&#8220; button_on_hover=&#8220;off&#8220; global_colors_info=&#8220;{}&#8220; button_bg_color__hover=&#8220;#344028&#8243; button_bg_color__hover_enabled=&#8220;on|hover&#8220;][\/et_pb_button][\/et_pb_column][\/et_pb_row][\/et_pb_section][et_pb_section fb_built=&#8220;1&#8243; _builder_version=&#8220;4.23.4&#8243; _module_preset=&#8220;default&#8220; background_color=&#8220;#ebedea&#8220; custom_padding=&#8220;||70px|||&#8220; global_colors_info=&#8220;{}&#8220;][et_pb_row column_structure=&#8220;1_2,1_2&#8243; custom_padding_last_edited=&#8220;on|tablet&#8220; _builder_version=&#8220;4.23.4&#8243; _module_preset=&#8220;default&#8220; width=&#8220;85%&#8220; max_width=&#8220;1280px&#8220; custom_padding_tablet=&#8220;0px||||false|false&#8220; custom_padding_phone=&#8220;0px||||false|false&#8220; global_colors_info=&#8220;{}&#8220;][et_pb_column type=&#8220;1_2&#8243; _builder_version=&#8220;4.23.4&#8243; _module_preset=&#8220;default&#8220; global_colors_info=&#8220;{}&#8220;][et_pb_text _builder_version=&#8220;4.27.0&#8243; _module_preset=&#8220;default&#8220; text_text_color=&#8220;#344028&#8243; text_line_height=&#8220;1.6em&#8220; header_2_text_color=&#8220;#344028&#8243; header_2_font_size=&#8220;28px&#8220; header_2_line_height=&#8220;1.3em&#8220; header_3_text_color=&#8220;#344028&#8243; header_3_font_size=&#8220;19px&#8220; header_3_line_height=&#8220;1.3em&#8220; width=&#8220;95%&#8220; width_tablet=&#8220;100%&#8220; width_phone=&#8220;100%&#8220; width_last_edited=&#8220;on|phone&#8220; custom_margin_tablet=&#8220;0px||30px||false|false&#8220; custom_margin_phone=&#8220;0px||||false|false&#8220; custom_margin_last_edited=&#8220;on|tablet&#8220; hover_enabled=&#8220;0&#8243; text_font_size_tablet=&#8220;&#8220; text_font_size_phone=&#8220;16px&#8220; text_font_size_last_edited=&#8220;on|phone&#8220; header_2_font_size_tablet=&#8220;28px&#8220; header_2_font_size_phone=&#8220;28px&#8220; header_2_font_size_last_edited=&#8220;on|phone&#8220; text_orientation_tablet=&#8220;&#8220; text_orientation_phone=&#8220;left&#8220; text_orientation_last_edited=&#8220;on|phone&#8220; global_colors_info=&#8220;{}&#8220; sticky_enabled=&#8220;0&#8243;]<\/p>\n<h2>Star for Life &#8211; Unsere Geschichte<\/h2>\n<p>Als der Unternehmer Dan Olofsson und seine Frau Christin ein neues Unternehmen in S\u00fcdafrika gr\u00fcndeten, stellten sie bald fest, wie stark Kinder und Jugendliche in diesem Land von HIV und AIDS betroffen waren. Daher startete das Paar 2005 ein Programm an der Siphosabadletshe High School in der Provinz KwaZulu-Natal. Ziel war es, Kinder und Jugendliche darin zu unterst\u00fctzen, Verantwortung f\u00fcr ihr eigenes Leben, ihre Gesundheit und ihre Sexualit\u00e4t zu \u00fcbernehmen.<\/p>\n<p>Da das Programm bei Lehrern, Kindern und Eltern Anklang fand, verbreitete es sich schnell und wurde im Laufe der Jahre weiterentwickelt. Heute ist HIV im s\u00fcdlichen Afrika nach wie vor eine Herausforderung, aber dank antiretroviraler Medikamente hat sich die Situation deutlich verbessert. Der Schwerpunkt von Star for Life liegt nun auf der Gesundheit, Motivation und Verantwortung junger Menschen.<\/p>\n<p>Seit den Anf\u00e4ngen haben \u00fcber 500.000 Sch\u00fcler das Programm von Star for Life durchlaufen. Heute sind wir in 169 Schulen in S\u00fcdafrika, Namibia, Tansania, Schweden, der Ukraine und Jerusalem t\u00e4tig. Evaluierungen zeigen, dass wir f\u00fcr M\u00e4dchen in den \u00e4rmsten Gegenden den gr\u00f6\u00dften Unterschied machen. Gemeinsam bauen wir eine bessere Zukunft.<\/p>\n<p>[\/et_pb_text][\/et_pb_column][et_pb_column type=&#8220;1_2&#8243; _builder_version=&#8220;4.23.4&#8243; _module_preset=&#8220;default&#8220; global_colors_info=&#8220;{}&#8220;][et_pb_image src=&#8220;https:\/\/starforlife.org\/wp-content\/uploads\/2021\/02\/12791160814_d7dce96ccc_o-scaled.jpeg&#8220; title_text=&#8220;12791160814_d7dce96ccc_o&#8220; _builder_version=&#8220;4.23.4&#8243; _module_preset=&#8220;default&#8220; border_radii=&#8220;on|100px|100px|100px|100px&#8220; border_radii_tablet=&#8220;on|50px|50px|50px|50px&#8220; border_radii_phone=&#8220;on|50px|50px|50px|50px&#8220; border_radii_last_edited=&#8220;on|desktop&#8220; global_colors_info=&#8220;{}&#8220;][\/et_pb_image][\/et_pb_column][\/et_pb_row][\/et_pb_section]<\/p>\n","protected":false},"excerpt":{"rendered":"<p>Wir ermutigen junge Menschen, an ihre Tr\u00e4ume zu glaubenStar for Life &#8211; Unsere Geschichte Als der Unternehmer Dan Olofsson und seine Frau Christin ein neues Unternehmen in S\u00fcdafrika gr\u00fcndeten, stellten sie bald fest, wie stark Kinder und Jugendliche in diesem Land von HIV und AIDS betroffen waren. Daher startete das Paar 2005 ein Programm an [&hellip;]<\/p>\n","protected":false},"author":1,"featured_media":0,"parent":37189,"menu_order":0,"comment_status":"closed","ping_status":"closed","template":"","meta":{"_acf_changed":false,"_et_pb_use_builder":"on","_et_pb_old_content":"","_et_gb_content_width":"","inline_featured_image":false,"footnotes":""},"class_list":["post-37198","page","type-page","status-publish","hentry"],"acf":[],"yoast_head":"<!-- This site is optimized with the Yoast SEO plugin v27.4 - https:\/\/yoast.com\/product\/yoast-seo-wordpress\/ -->\n<title>Programm f\u00fcr Gesundheit, Motivation &amp; Verantwortung junger Menschen in Afrika | Star for Life Germany<\/title>\n<meta name=\"robots\" content=\"index, follow, max-snippet:-1, max-image-preview:large, max-video-preview:-1\" \/>\n<link rel=\"canonical\" href=\"https:\/\/starforlife.org\/de\/unsere-geschichte\/\" \/>\n<meta property=\"og:locale\" content=\"de_DE\" \/>\n<meta property=\"og:type\" content=\"article\" \/>\n<meta property=\"og:title\" content=\"Programm f\u00fcr Gesundheit, Motivation &amp; Verantwortung junger Menschen in Afrika | Star for Life Germany\" \/>\n<meta property=\"og:description\" content=\"Wir ermutigen junge Menschen, an ihre Tr\u00e4ume zu glaubenStar for Life - Unsere Geschichte Als der Unternehmer Dan Olofsson und seine Frau Christin ein neues Unternehmen in S\u00fcdafrika gr\u00fcndeten, stellten sie bald fest, wie stark Kinder und Jugendliche in diesem Land von HIV und AIDS betroffen waren. Daher startete das Paar 2005 ein Programm an [&hellip;]\" \/>\n<meta property=\"og:site_name\" content=\"Star for Life\" \/>\n<meta property=\"article:publisher\" content=\"https:\/\/www.facebook.com\/starforlifeofficial\" \/>\n<meta property=\"article:modified_time\" content=\"2025-11-07T12:00:34+00:00\" \/>\n<meta property=\"og:image\" content=\"https:\/\/starforlife.org\/wp-content\/uploads\/2023\/08\/kufezekile.webp\" \/>\n\t<meta property=\"og:image:width\" content=\"1920\" \/>\n\t<meta property=\"og:image:height\" content=\"1440\" \/>\n\t<meta property=\"og:image:type\" content=\"image\/webp\" \/>\n<meta name=\"twitter:card\" content=\"summary_large_image\" \/>\n<meta name=\"twitter:label1\" content=\"Gesch\u00e4tzte Lesezeit\" \/>\n\t<meta name=\"twitter:data1\" content=\"2\u00a0Minuten\" \/>\n<script type=\"application\/ld+json\" class=\"yoast-schema-graph\">{\"@context\":\"https:\\\/\\\/schema.org\",\"@graph\":[{\"@type\":\"WebPage\",\"@id\":\"https:\\\/\\\/starforlife.org\\\/de\\\/was-wir-tun\\\/unsere-geschichte\\\/\",\"url\":\"https:\\\/\\\/starforlife.org\\\/de\\\/unsere-geschichte\\\/\",\"name\":\"Programm f\u00fcr Gesundheit, Motivation & Verantwortung junger Menschen in Afrika | Star for Life Germany\",\"isPartOf\":{\"@id\":\"https:\\\/\\\/starforlife.org\\\/#website\"},\"datePublished\":\"2024-02-13T14:32:55+00:00\",\"dateModified\":\"2025-11-07T12:00:34+00:00\",\"breadcrumb\":{\"@id\":\"https:\\\/\\\/starforlife.org\\\/de\\\/unsere-geschichte\\\/#breadcrumb\"},\"inLanguage\":\"de\",\"potentialAction\":[{\"@type\":\"ReadAction\",\"target\":[\"https:\\\/\\\/starforlife.org\\\/de\\\/unsere-geschichte\\\/\"]}]},{\"@type\":\"BreadcrumbList\",\"@id\":\"https:\\\/\\\/starforlife.org\\\/de\\\/unsere-geschichte\\\/#breadcrumb\",\"itemListElement\":[{\"@type\":\"ListItem\",\"position\":1,\"name\":\"Was wir tun\",\"item\":\"https:\\\/\\\/starforlife.org\\\/what-we-do\\\/\"},{\"@type\":\"ListItem\",\"position\":2,\"name\":\"Unsere Geschichte\"}]},{\"@type\":\"WebSite\",\"@id\":\"https:\\\/\\\/starforlife.org\\\/#website\",\"url\":\"https:\\\/\\\/starforlife.org\\\/\",\"name\":\"Star for Life\",\"description\":\"Empowering young people\",\"publisher\":{\"@id\":\"https:\\\/\\\/starforlife.org\\\/#organization\"},\"alternateName\":\"SFL\",\"potentialAction\":[{\"@type\":\"SearchAction\",\"target\":{\"@type\":\"EntryPoint\",\"urlTemplate\":\"https:\\\/\\\/starforlife.org\\\/?s={search_term_string}\"},\"query-input\":{\"@type\":\"PropertyValueSpecification\",\"valueRequired\":true,\"valueName\":\"search_term_string\"}}],\"inLanguage\":\"de\"},{\"@type\":\"Organization\",\"@id\":\"https:\\\/\\\/starforlife.org\\\/#organization\",\"name\":\"Star for life\",\"url\":\"https:\\\/\\\/starforlife.org\\\/\",\"logo\":{\"@type\":\"ImageObject\",\"inLanguage\":\"de\",\"@id\":\"https:\\\/\\\/starforlife.org\\\/#\\\/schema\\\/logo\\\/image\\\/\",\"url\":\"https:\\\/\\\/starforlife.org\\\/wp-content\\\/uploads\\\/2024\\\/02\\\/logga.svg\",\"contentUrl\":\"https:\\\/\\\/starforlife.org\\\/wp-content\\\/uploads\\\/2024\\\/02\\\/logga.svg\",\"width\":\"1024\",\"height\":\"1024\",\"caption\":\"Star for life\"},\"image\":{\"@id\":\"https:\\\/\\\/starforlife.org\\\/#\\\/schema\\\/logo\\\/image\\\/\"},\"sameAs\":[\"https:\\\/\\\/www.facebook.com\\\/starforlifeofficial\",\"https:\\\/\\\/www.linkedin.com\\\/company\\\/7063029\\\/\"]}]}<\/script>\n<!-- \/ Yoast SEO plugin. -->","yoast_head_json":{"title":"Programm f\u00fcr Gesundheit, Motivation & Verantwortung junger Menschen in Afrika | Star for Life Germany","robots":{"index":"index","follow":"follow","max-snippet":"max-snippet:-1","max-image-preview":"max-image-preview:large","max-video-preview":"max-video-preview:-1"},"canonical":"https:\/\/starforlife.org\/de\/unsere-geschichte\/","og_locale":"de_DE","og_type":"article","og_title":"Programm f\u00fcr Gesundheit, Motivation & Verantwortung junger Menschen in Afrika | Star for Life Germany","og_description":"Wir ermutigen junge Menschen, an ihre Tr\u00e4ume zu glaubenStar for Life - Unsere Geschichte Als der Unternehmer Dan Olofsson und seine Frau Christin ein neues Unternehmen in S\u00fcdafrika gr\u00fcndeten, stellten sie bald fest, wie stark Kinder und Jugendliche in diesem Land von HIV und AIDS betroffen waren. Daher startete das Paar 2005 ein Programm an [&hellip;]","og_site_name":"Star for Life","article_publisher":"https:\/\/www.facebook.com\/starforlifeofficial","article_modified_time":"2025-11-07T12:00:34+00:00","og_image":[{"width":1920,"height":1440,"url":"https:\/\/starforlife.org\/wp-content\/uploads\/2023\/08\/kufezekile.webp","type":"image\/webp"}],"twitter_card":"summary_large_image","twitter_misc":{"Gesch\u00e4tzte Lesezeit":"2\u00a0Minuten"},"schema":{"@context":"https:\/\/schema.org","@graph":[{"@type":"WebPage","@id":"https:\/\/starforlife.org\/de\/was-wir-tun\/unsere-geschichte\/","url":"https:\/\/starforlife.org\/de\/unsere-geschichte\/","name":"Programm f\u00fcr Gesundheit, Motivation & Verantwortung junger Menschen in Afrika | Star for Life Germany","isPartOf":{"@id":"https:\/\/starforlife.org\/#website"},"datePublished":"2024-02-13T14:32:55+00:00","dateModified":"2025-11-07T12:00:34+00:00","breadcrumb":{"@id":"https:\/\/starforlife.org\/de\/unsere-geschichte\/#breadcrumb"},"inLanguage":"de","potentialAction":[{"@type":"ReadAction","target":["https:\/\/starforlife.org\/de\/unsere-geschichte\/"]}]},{"@type":"BreadcrumbList","@id":"https:\/\/starforlife.org\/de\/unsere-geschichte\/#breadcrumb","itemListElement":[{"@type":"ListItem","position":1,"name":"Was wir tun","item":"https:\/\/starforlife.org\/what-we-do\/"},{"@type":"ListItem","position":2,"name":"Unsere Geschichte"}]},{"@type":"WebSite","@id":"https:\/\/starforlife.org\/#website","url":"https:\/\/starforlife.org\/","name":"Star for Life","description":"Empowering young people","publisher":{"@id":"https:\/\/starforlife.org\/#organization"},"alternateName":"SFL","potentialAction":[{"@type":"SearchAction","target":{"@type":"EntryPoint","urlTemplate":"https:\/\/starforlife.org\/?s={search_term_string}"},"query-input":{"@type":"PropertyValueSpecification","valueRequired":true,"valueName":"search_term_string"}}],"inLanguage":"de"},{"@type":"Organization","@id":"https:\/\/starforlife.org\/#organization","name":"Star for life","url":"https:\/\/starforlife.org\/","logo":{"@type":"ImageObject","inLanguage":"de","@id":"https:\/\/starforlife.org\/#\/schema\/logo\/image\/","url":"https:\/\/starforlife.org\/wp-content\/uploads\/2024\/02\/logga.svg","contentUrl":"https:\/\/starforlife.org\/wp-content\/uploads\/2024\/02\/logga.svg","width":"1024","height":"1024","caption":"Star for life"},"image":{"@id":"https:\/\/starforlife.org\/#\/schema\/logo\/image\/"},"sameAs":["https:\/\/www.facebook.com\/starforlifeofficial","https:\/\/www.linkedin.com\/company\/7063029\/"]}]}},"_links":{"self":[{"href":"https:\/\/starforlife.org\/de\/wp-json\/wp\/v2\/pages\/37198","targetHints":{"allow":["GET"]}}],"collection":[{"href":"https:\/\/starforlife.org\/de\/wp-json\/wp\/v2\/pages"}],"about":[{"href":"https:\/\/starforlife.org\/de\/wp-json\/wp\/v2\/types\/page"}],"author":[{"embeddable":true,"href":"https:\/\/starforlife.org\/de\/wp-json\/wp\/v2\/users\/1"}],"replies":[{"embeddable":true,"href":"https:\/\/starforlife.org\/de\/wp-json\/wp\/v2\/comments?post=37198"}],"version-history":[{"count":15,"href":"https:\/\/starforlife.org\/de\/wp-json\/wp\/v2\/pages\/37198\/revisions"}],"predecessor-version":[{"id":39037,"href":"https:\/\/starforlife.org\/de\/wp-json\/wp\/v2\/pages\/37198\/revisions\/39037"}],"up":[{"embeddable":true,"href":"https:\/\/starforlife.org\/de\/wp-json\/wp\/v2\/pages\/37189"}],"wp:attachment":[{"href":"https:\/\/starforlife.org\/de\/wp-json\/wp\/v2\/media?parent=37198"}],"curies":[{"name":"wp","href":"https:\/\/api.w.org\/{rel}","templated":true}]}}