{"id":37192,"date":"2024-02-13T13:04:21","date_gmt":"2024-02-13T12:04:21","guid":{"rendered":"https:\/\/starforlife.org\/unsere-lander\/"},"modified":"2025-11-07T13:05:58","modified_gmt":"2025-11-07T12:05:58","slug":"nationales-laender-netzwerk","status":"publish","type":"page","link":"https:\/\/starforlife.org\/de\/was-wir-tun\/nationales-laender-netzwerk\/","title":{"rendered":"Wo wir arbeiten"},"content":{"rendered":"<p>[et_pb_section fb_built=&#8220;1&#8243; custom_padding_last_edited=&#8220;on|phone&#8220; _builder_version=&#8220;4.24.0&#8243; _module_preset=&#8220;default&#8220; background_color=&#8220;rgba(0,0,0,0.14)&#8220; background_image=&#8220;https:\/\/starforlife.org\/wp-content\/uploads\/2024\/01\/jessica.webp&#8220; background_position=&#8220;top_center&#8220; background_vertical_offset=&#8220;37%&#8220; background_blend=&#8220;multiply&#8220; custom_padding=&#8220;11%||13%||false|false&#8220; custom_padding_tablet=&#8220;7%||9%||false|false&#8220; custom_padding_phone=&#8220;15%||15%||false|false&#8220; background_color_phone=&#8220;rgba(0,0,0,0.37)&#8220; background_last_edited=&#8220;on|phone&#8220; background_enable_color_phone=&#8220;on&#8220; global_colors_info=&#8220;{}&#8220;][et_pb_row _builder_version=&#8220;4.23.1&#8243; _module_preset=&#8220;default&#8220; global_colors_info=&#8220;{}&#8220;][et_pb_column type=&#8220;4_4&#8243; _builder_version=&#8220;4.22.0&#8243; _module_preset=&#8220;default&#8220; global_colors_info=&#8220;{}&#8220;][et_pb_text _builder_version=&#8220;4.24.0&#8243; _module_preset=&#8220;default&#8220; header_text_align=&#8220;center&#8220; header_text_color=&#8220;#FFFFFF&#8220; header_2_text_align=&#8220;center&#8220; width=&#8220;67%&#8220; width_tablet=&#8220;69%&#8220; width_phone=&#8220;100%&#8220; width_last_edited=&#8220;on|phone&#8220; module_alignment=&#8220;center&#8220; header_font_size_tablet=&#8220;30px&#8220; header_font_size_phone=&#8220;25px&#8220; header_font_size_last_edited=&#8220;on|desktop&#8220; header_2_font_size_tablet=&#8220;&#8220; header_2_font_size_phone=&#8220;25px&#8220; header_2_font_size_last_edited=&#8220;on|phone&#8220; header_text_shadow_style=&#8220;preset3&#8243; global_colors_info=&#8220;{}&#8220;]<\/p>\n<h1>Wir ermutigen junge Menschen, an ihre Tr\u00e4ume zu glauben<br \/>\n<\/h1>\n<p>[\/et_pb_text][et_pb_button button_url=&#8220;https:\/\/starforlife.org\/de\/werde-partner\/&#8220; button_text=&#8220;Werde Partner&#8220; button_alignment=&#8220;center&#8220; _builder_version=&#8220;4.24.0&#8243; _module_preset=&#8220;default&#8220; custom_button=&#8220;on&#8220; button_text_color=&#8220;#FFFFFF&#8220; button_bg_color=&#8220;#47AC3D&#8220; button_font=&#8220;||||||||&#8220; button_icon=&#8220;&#xf061;||fa||900&#8243; button_icon_color=&#8220;#FFFFFF&#8220; button_on_hover=&#8220;off&#8220; global_colors_info=&#8220;{}&#8220; button_bg_color__hover=&#8220;#344028&#8243; button_bg_color__hover_enabled=&#8220;on|hover&#8220;][\/et_pb_button][\/et_pb_column][\/et_pb_row][\/et_pb_section][et_pb_section fb_built=&#8220;1&#8243; _builder_version=&#8220;4.23.4&#8243; _module_preset=&#8220;default&#8220; background_color=&#8220;#ebedea&#8220; global_colors_info=&#8220;{}&#8220;][et_pb_row column_structure=&#8220;1_2,1_2&#8243; make_equal=&#8220;on&#8220; custom_padding_last_edited=&#8220;on|tablet&#8220; _builder_version=&#8220;4.23.4&#8243; _module_preset=&#8220;default&#8220; width=&#8220;90%&#8220; max_width=&#8220;1280px&#8220; custom_padding_tablet=&#8220;0px||||false|false&#8220; custom_padding_phone=&#8220;0px||||false|false&#8220; border_radii_tablet=&#8220;&#8220; border_radii_phone=&#8220;&#8220; border_radii_last_edited=&#8220;on|desktop&#8220; global_colors_info=&#8220;{}&#8220; border_radii__hover_enabled=&#8220;on|desktop&#8220;][et_pb_column type=&#8220;1_2&#8243; _builder_version=&#8220;4.23.4&#8243; _module_preset=&#8220;default&#8220; custom_padding=&#8220;3%||3%||false|false&#8220; custom_padding_tablet=&#8220;0%||0%||false|false&#8220; custom_padding_phone=&#8220;0%||0%||false|false&#8220; custom_padding_last_edited=&#8220;on|tablet&#8220; global_colors_info=&#8220;{}&#8220;][et_pb_text _builder_version=&#8220;4.27.3&#8243; _module_preset=&#8220;default&#8220; text_text_color=&#8220;#344028&#8243; text_line_height=&#8220;1.6em&#8220; header_2_text_color=&#8220;#344028&#8243; header_2_font_size=&#8220;28px&#8220; header_2_line_height=&#8220;1.3em&#8220; header_3_text_color=&#8220;#344028&#8243; header_3_font_size=&#8220;19px&#8220; header_3_line_height=&#8220;1.3em&#8220; width=&#8220;90%&#8220; width_tablet=&#8220;90%&#8220; width_phone=&#8220;100%&#8220; width_last_edited=&#8220;on|phone&#8220; custom_margin_tablet=&#8220;0px||||false|false&#8220; custom_margin_phone=&#8220;0px||||false|false&#8220; custom_margin_last_edited=&#8220;on|tablet&#8220; custom_padding_tablet=&#8220;&#8220; custom_padding_phone=&#8220;0px||||false|false&#8220; custom_padding_last_edited=&#8220;on|phone&#8220; text_orientation_tablet=&#8220;&#8220; text_orientation_phone=&#8220;&#8220; text_orientation_last_edited=&#8220;on|phone&#8220; global_colors_info=&#8220;{}&#8220;]<\/p>\n<h2>Unsere L\u00e4nder<\/h2>\n<p><span>Die NGO\/NPO Star <\/span><span>for<\/span><span> Life wurde 2005 als Hilfsorganisation in S\u00fcdafrika gegr\u00fcndet. Sie hat sich seither zu einer internationalen Zusammenarbeit rechtlich unabh\u00e4ngiger Organisationen entwickelt, die gemeinsame Werte, F\u00e4higkeiten und Konzepte haben.<\/span><\/p>\n<p><span>Der gemeinn\u00fctzigen Organisation SFL International obliegt die Management- und Koordinationsverantwortung f\u00fcr die gesamte internationale T\u00e4tigkeit in S\u00fcdafrika, Namibia, Tansania, Schweden, der Ukraine, Jerusalem, Deutschland und Norwegen.<\/span><\/p>\n<p><span>Die Generalsekret\u00e4rin von SFL International ist Jessica Grundstr\u00f6m <\/span><span>Ahldin<\/span><span> und der Vorsitzende ist Dan <\/span><span>Olofsson<\/span><span>.<\/span><\/p>\n<p><span>Wenn Sie Star <\/span><span>for<\/span><span> Life Germany eine <a href=\"https:\/\/starforlife.org\/de\/spende-unterstuetzung\/\" title=\"Kindern im s\u00fcdlichen Afrika durch bessere Bildung nachhaltig helfen\">Spende f\u00fcr Kinderhilfe in Afrika<\/a> zukommen lassen, k\u00f6nnen Sie w\u00e4hlen, ob Sie allgemein f\u00fcr unsere Arbeit spenden oder ob Sie Ihre Unterst\u00fctzung f\u00fcr ein bestimmtes Land und\/oder ein Projekt, das Ihnen besonders am Herzen liegt, vormerken m\u00f6chten.<\/span><\/p>\n<p>[\/et_pb_text][et_pb_button button_url=&#8220;https:\/\/starforlife.org\/de\/spende-unterstuetzung\/&#8220; button_text=&#8220;Unterst\u00fctze uns&#8220; button_alignment=&#8220;left&#8220; button_alignment_tablet=&#8220;left&#8220; button_alignment_phone=&#8220;center&#8220; button_alignment_last_edited=&#8220;on|phone&#8220; _builder_version=&#8220;4.24.0&#8243; _module_preset=&#8220;default&#8220; custom_button=&#8220;on&#8220; button_text_color=&#8220;#FFFFFF&#8220; button_bg_color=&#8220;#47AC3D&#8220; button_font=&#8220;||||||||&#8220; button_icon=&#8220;&#xf061;||fa||900&#8243; button_icon_color=&#8220;#FFFFFF&#8220; button_on_hover=&#8220;off&#8220; custom_margin_tablet=&#8220;||40px||false|false&#8220; custom_margin_phone=&#8220;||40px||false|false&#8220; custom_margin_last_edited=&#8220;on|tablet&#8220; hover_enabled=&#8220;0&#8243; global_colors_info=&#8220;{}&#8220; button_bg_color__hover=&#8220;#344028&#8243; button_bg_color__hover_enabled=&#8220;on|hover&#8220; sticky_enabled=&#8220;0&#8243;][\/et_pb_button][\/et_pb_column][et_pb_column type=&#8220;1_2&#8243; _builder_version=&#8220;4.23.4&#8243; _module_preset=&#8220;default&#8220; background_enable_color=&#8220;off&#8220; background_enable_image=&#8220;off&#8220; custom_padding=&#8220;||||false|false&#8220; border_radii_tablet=&#8220;on|50px|50px|50px|50px&#8220; border_radii_phone=&#8220;on|50px|50px|50px|50px&#8220; border_radii_last_edited=&#8220;on|tablet&#8220; global_colors_info=&#8220;{}&#8220;][et_pb_image src=&#8220;https:\/\/starforlife.org\/wp-content\/uploads\/2024\/01\/karta-sfl-green-01.svg&#8220; alt=&#8220;\u00dcbersicht der L\u00e4nder, in denen die gemeinn\u00fctzige Organisation Star for Life aktiv ist&#8220; title_text=&#8220;Star for Life hilft in L\u00e4ndern des s\u00fcdlichen Afrikas&#8220; force_fullwidth=&#8220;on&#8220; _builder_version=&#8220;4.25.2&#8243; _module_preset=&#8220;default&#8220; background_enable_color=&#8220;off&#8220; border_radii=&#8220;on|75px|75px|75px|75px&#8220; global_colors_info=&#8220;{}&#8220;][\/et_pb_image][et_pb_divider show_divider=&#8220;off&#8220; _builder_version=&#8220;4.23.4&#8243; _module_preset=&#8220;default&#8220; custom_padding=&#8220;||||false|false&#8220; custom_padding_tablet=&#8220;40%||40%||false|false&#8220; custom_padding_phone=&#8220;50%||50%||false|false&#8220; custom_padding_last_edited=&#8220;on|tablet&#8220; global_colors_info=&#8220;{}&#8220;][\/et_pb_divider][\/et_pb_column][\/et_pb_row][\/et_pb_section]<\/p>\n","protected":false},"excerpt":{"rendered":"<p>Wir ermutigen junge Menschen, an ihre Tr\u00e4ume zu glauben Unsere L\u00e4nder Die NGO\/NPO Star for Life wurde 2005 als Hilfsorganisation in S\u00fcdafrika gegr\u00fcndet. Sie hat sich seither zu einer internationalen Zusammenarbeit rechtlich unabh\u00e4ngiger Organisationen entwickelt, die gemeinsame Werte, F\u00e4higkeiten und Konzepte haben. Der gemeinn\u00fctzigen Organisation SFL International obliegt die Management- und Koordinationsverantwortung f\u00fcr die gesamte [&hellip;]<\/p>\n","protected":false},"author":1,"featured_media":0,"parent":37189,"menu_order":0,"comment_status":"closed","ping_status":"closed","template":"","meta":{"_acf_changed":false,"_et_pb_use_builder":"on","_et_pb_old_content":"","_et_gb_content_width":"","inline_featured_image":false,"footnotes":""},"class_list":["post-37192","page","type-page","status-publish","hentry"],"acf":[],"yoast_head":"<!-- This site is optimized with the Yoast SEO plugin v27.5 - https:\/\/yoast.com\/product\/yoast-seo-wordpress\/ -->\n<title>Star for Life International: NGO\/NPO Hilfsorganisation f\u00fcr das s\u00fcdliche Afrika<\/title>\n<meta name=\"robots\" content=\"index, follow, max-snippet:-1, max-image-preview:large, max-video-preview:-1\" \/>\n<link rel=\"canonical\" href=\"https:\/\/starforlife.org\/de\/nationales-laender-netzwerk\/\" \/>\n<meta property=\"og:locale\" content=\"de_DE\" \/>\n<meta property=\"og:type\" content=\"article\" \/>\n<meta property=\"og:title\" content=\"Star for Life International: NGO\/NPO Hilfsorganisation f\u00fcr das s\u00fcdliche Afrika\" \/>\n<meta property=\"og:description\" content=\"Wir ermutigen junge Menschen, an ihre Tr\u00e4ume zu glauben Unsere L\u00e4nder Die NGO\/NPO Star for Life wurde 2005 als Hilfsorganisation in S\u00fcdafrika gegr\u00fcndet. Sie hat sich seither zu einer internationalen Zusammenarbeit rechtlich unabh\u00e4ngiger Organisationen entwickelt, die gemeinsame Werte, F\u00e4higkeiten und Konzepte haben. Der gemeinn\u00fctzigen Organisation SFL International obliegt die Management- und Koordinationsverantwortung f\u00fcr die gesamte [&hellip;]\" \/>\n<meta property=\"og:site_name\" content=\"Star for Life\" \/>\n<meta property=\"article:publisher\" content=\"https:\/\/www.facebook.com\/starforlifeofficial\" \/>\n<meta property=\"article:modified_time\" content=\"2025-11-07T12:05:58+00:00\" \/>\n<meta property=\"og:image\" content=\"https:\/\/starforlife.org\/wp-content\/uploads\/2023\/08\/kufezekile.webp\" \/>\n\t<meta property=\"og:image:width\" content=\"1920\" \/>\n\t<meta property=\"og:image:height\" content=\"1440\" \/>\n\t<meta property=\"og:image:type\" content=\"image\/webp\" \/>\n<meta name=\"twitter:card\" content=\"summary_large_image\" \/>\n<meta name=\"twitter:label1\" content=\"Gesch\u00e4tzte Lesezeit\" \/>\n\t<meta name=\"twitter:data1\" content=\"1\u00a0Minute\" \/>\n<script type=\"application\/ld+json\" class=\"yoast-schema-graph\">{\"@context\":\"https:\\\/\\\/schema.org\",\"@graph\":[{\"@type\":\"WebPage\",\"@id\":\"https:\\\/\\\/starforlife.org\\\/de\\\/was-wir-tun\\\/nationales-laender-netzwerk\\\/\",\"url\":\"https:\\\/\\\/starforlife.org\\\/de\\\/nationales-laender-netzwerk\\\/\",\"name\":\"Star for Life International: NGO\\\/NPO Hilfsorganisation f\u00fcr das s\u00fcdliche Afrika\",\"isPartOf\":{\"@id\":\"https:\\\/\\\/starforlife.org\\\/#website\"},\"datePublished\":\"2024-02-13T12:04:21+00:00\",\"dateModified\":\"2025-11-07T12:05:58+00:00\",\"breadcrumb\":{\"@id\":\"https:\\\/\\\/starforlife.org\\\/de\\\/nationales-laender-netzwerk\\\/#breadcrumb\"},\"inLanguage\":\"de\",\"potentialAction\":[{\"@type\":\"ReadAction\",\"target\":[\"https:\\\/\\\/starforlife.org\\\/de\\\/nationales-laender-netzwerk\\\/\"]}]},{\"@type\":\"BreadcrumbList\",\"@id\":\"https:\\\/\\\/starforlife.org\\\/de\\\/nationales-laender-netzwerk\\\/#breadcrumb\",\"itemListElement\":[{\"@type\":\"ListItem\",\"position\":1,\"name\":\"Was wir tun\",\"item\":\"https:\\\/\\\/starforlife.org\\\/what-we-do\\\/\"},{\"@type\":\"ListItem\",\"position\":2,\"name\":\"Wo wir arbeiten\"}]},{\"@type\":\"WebSite\",\"@id\":\"https:\\\/\\\/starforlife.org\\\/#website\",\"url\":\"https:\\\/\\\/starforlife.org\\\/\",\"name\":\"Star for Life\",\"description\":\"Empowering young people\",\"publisher\":{\"@id\":\"https:\\\/\\\/starforlife.org\\\/#organization\"},\"alternateName\":\"SFL\",\"potentialAction\":[{\"@type\":\"SearchAction\",\"target\":{\"@type\":\"EntryPoint\",\"urlTemplate\":\"https:\\\/\\\/starforlife.org\\\/?s={search_term_string}\"},\"query-input\":{\"@type\":\"PropertyValueSpecification\",\"valueRequired\":true,\"valueName\":\"search_term_string\"}}],\"inLanguage\":\"de\"},{\"@type\":\"Organization\",\"@id\":\"https:\\\/\\\/starforlife.org\\\/#organization\",\"name\":\"Star for life\",\"url\":\"https:\\\/\\\/starforlife.org\\\/\",\"logo\":{\"@type\":\"ImageObject\",\"inLanguage\":\"de\",\"@id\":\"https:\\\/\\\/starforlife.org\\\/#\\\/schema\\\/logo\\\/image\\\/\",\"url\":\"https:\\\/\\\/starforlife.org\\\/wp-content\\\/uploads\\\/2024\\\/02\\\/logga.svg\",\"contentUrl\":\"https:\\\/\\\/starforlife.org\\\/wp-content\\\/uploads\\\/2024\\\/02\\\/logga.svg\",\"width\":\"1024\",\"height\":\"1024\",\"caption\":\"Star for life\"},\"image\":{\"@id\":\"https:\\\/\\\/starforlife.org\\\/#\\\/schema\\\/logo\\\/image\\\/\"},\"sameAs\":[\"https:\\\/\\\/www.facebook.com\\\/starforlifeofficial\",\"https:\\\/\\\/www.linkedin.com\\\/company\\\/7063029\\\/\"]}]}<\/script>\n<!-- \/ Yoast SEO plugin. -->","yoast_head_json":{"title":"Star for Life International: NGO\/NPO Hilfsorganisation f\u00fcr das s\u00fcdliche Afrika","robots":{"index":"index","follow":"follow","max-snippet":"max-snippet:-1","max-image-preview":"max-image-preview:large","max-video-preview":"max-video-preview:-1"},"canonical":"https:\/\/starforlife.org\/de\/nationales-laender-netzwerk\/","og_locale":"de_DE","og_type":"article","og_title":"Star for Life International: NGO\/NPO Hilfsorganisation f\u00fcr das s\u00fcdliche Afrika","og_description":"Wir ermutigen junge Menschen, an ihre Tr\u00e4ume zu glauben Unsere L\u00e4nder Die NGO\/NPO Star for Life wurde 2005 als Hilfsorganisation in S\u00fcdafrika gegr\u00fcndet. Sie hat sich seither zu einer internationalen Zusammenarbeit rechtlich unabh\u00e4ngiger Organisationen entwickelt, die gemeinsame Werte, F\u00e4higkeiten und Konzepte haben. Der gemeinn\u00fctzigen Organisation SFL International obliegt die Management- und Koordinationsverantwortung f\u00fcr die gesamte [&hellip;]","og_site_name":"Star for Life","article_publisher":"https:\/\/www.facebook.com\/starforlifeofficial","article_modified_time":"2025-11-07T12:05:58+00:00","og_image":[{"width":1920,"height":1440,"url":"https:\/\/starforlife.org\/wp-content\/uploads\/2023\/08\/kufezekile.webp","type":"image\/webp"}],"twitter_card":"summary_large_image","twitter_misc":{"Gesch\u00e4tzte Lesezeit":"1\u00a0Minute"},"schema":{"@context":"https:\/\/schema.org","@graph":[{"@type":"WebPage","@id":"https:\/\/starforlife.org\/de\/was-wir-tun\/nationales-laender-netzwerk\/","url":"https:\/\/starforlife.org\/de\/nationales-laender-netzwerk\/","name":"Star for Life International: NGO\/NPO Hilfsorganisation f\u00fcr das s\u00fcdliche Afrika","isPartOf":{"@id":"https:\/\/starforlife.org\/#website"},"datePublished":"2024-02-13T12:04:21+00:00","dateModified":"2025-11-07T12:05:58+00:00","breadcrumb":{"@id":"https:\/\/starforlife.org\/de\/nationales-laender-netzwerk\/#breadcrumb"},"inLanguage":"de","potentialAction":[{"@type":"ReadAction","target":["https:\/\/starforlife.org\/de\/nationales-laender-netzwerk\/"]}]},{"@type":"BreadcrumbList","@id":"https:\/\/starforlife.org\/de\/nationales-laender-netzwerk\/#breadcrumb","itemListElement":[{"@type":"ListItem","position":1,"name":"Was wir tun","item":"https:\/\/starforlife.org\/what-we-do\/"},{"@type":"ListItem","position":2,"name":"Wo wir arbeiten"}]},{"@type":"WebSite","@id":"https:\/\/starforlife.org\/#website","url":"https:\/\/starforlife.org\/","name":"Star for Life","description":"Empowering young people","publisher":{"@id":"https:\/\/starforlife.org\/#organization"},"alternateName":"SFL","potentialAction":[{"@type":"SearchAction","target":{"@type":"EntryPoint","urlTemplate":"https:\/\/starforlife.org\/?s={search_term_string}"},"query-input":{"@type":"PropertyValueSpecification","valueRequired":true,"valueName":"search_term_string"}}],"inLanguage":"de"},{"@type":"Organization","@id":"https:\/\/starforlife.org\/#organization","name":"Star for life","url":"https:\/\/starforlife.org\/","logo":{"@type":"ImageObject","inLanguage":"de","@id":"https:\/\/starforlife.org\/#\/schema\/logo\/image\/","url":"https:\/\/starforlife.org\/wp-content\/uploads\/2024\/02\/logga.svg","contentUrl":"https:\/\/starforlife.org\/wp-content\/uploads\/2024\/02\/logga.svg","width":"1024","height":"1024","caption":"Star for life"},"image":{"@id":"https:\/\/starforlife.org\/#\/schema\/logo\/image\/"},"sameAs":["https:\/\/www.facebook.com\/starforlifeofficial","https:\/\/www.linkedin.com\/company\/7063029\/"]}]}},"_links":{"self":[{"href":"https:\/\/starforlife.org\/de\/wp-json\/wp\/v2\/pages\/37192","targetHints":{"allow":["GET"]}}],"collection":[{"href":"https:\/\/starforlife.org\/de\/wp-json\/wp\/v2\/pages"}],"about":[{"href":"https:\/\/starforlife.org\/de\/wp-json\/wp\/v2\/types\/page"}],"author":[{"embeddable":true,"href":"https:\/\/starforlife.org\/de\/wp-json\/wp\/v2\/users\/1"}],"replies":[{"embeddable":true,"href":"https:\/\/starforlife.org\/de\/wp-json\/wp\/v2\/comments?post=37192"}],"version-history":[{"count":27,"href":"https:\/\/starforlife.org\/de\/wp-json\/wp\/v2\/pages\/37192\/revisions"}],"predecessor-version":[{"id":41211,"href":"https:\/\/starforlife.org\/de\/wp-json\/wp\/v2\/pages\/37192\/revisions\/41211"}],"up":[{"embeddable":true,"href":"https:\/\/starforlife.org\/de\/wp-json\/wp\/v2\/pages\/37189"}],"wp:attachment":[{"href":"https:\/\/starforlife.org\/de\/wp-json\/wp\/v2\/media?parent=37192"}],"curies":[{"name":"wp","href":"https:\/\/api.w.org\/{rel}","templated":true}]}}