{"id":37180,"date":"2024-02-13T12:40:56","date_gmt":"2024-02-13T11:40:56","guid":{"rendered":"https:\/\/starforlife.org\/star-for-life-3\/"},"modified":"2025-04-08T15:32:59","modified_gmt":"2025-04-08T14:32:59","slug":"star-for-life-3","status":"publish","type":"page","link":"https:\/\/starforlife.org\/de\/","title":{"rendered":"Star for Life"},"content":{"rendered":"<p>[et_pb_section fb_built=&#8220;1&#8243; _builder_version=&#8220;4.24.0&#8243; _module_preset=&#8220;default&#8220; custom_margin=&#8220;0px||0px||false|false&#8220; custom_padding=&#8220;0px||0px||false|false&#8220; global_colors_info=&#8220;{}&#8220;][et_pb_row _builder_version=&#8220;4.24.0&#8243; _module_preset=&#8220;default&#8220; custom_margin=&#8220;0px||0px||false|false&#8220; custom_padding=&#8220;0px||0px||false|false&#8220; global_colors_info=&#8220;{}&#8220;][et_pb_column type=&#8220;4_4&#8243; _builder_version=&#8220;4.24.0&#8243; _module_preset=&#8220;default&#8220; global_colors_info=&#8220;{}&#8220;][\/et_pb_column][\/et_pb_row][\/et_pb_section]<\/p>\n","protected":false},"excerpt":{"rendered":"","protected":false},"author":1,"featured_media":0,"parent":0,"menu_order":0,"comment_status":"closed","ping_status":"closed","template":"","meta":{"_acf_changed":false,"_et_pb_use_builder":"on","_et_pb_old_content":"","_et_gb_content_width":"","inline_featured_image":false,"footnotes":""},"class_list":["post-37180","page","type-page","status-publish","hentry"],"acf":[],"yoast_head":"<!-- This site is optimized with the Yoast SEO plugin v27.5 - https:\/\/yoast.com\/product\/yoast-seo-wordpress\/ -->\n<title>Wir f\u00f6rdern Schulkinder im s\u00fcdlichen Afrika | Gemeinn\u00fctzige Hilfsorganisation Star for Life Germany<\/title>\n<meta name=\"description\" content=\"Star for Life Germany f\u00f6rdert Selbstwertgef\u00fchl und Gesundheit von benachteiligten Kindern &amp; Jugendlichen im im s\u00fcdlichen Afrika. So helfen wir ihnen kluge Lebensentscheidungen zu treffen.\" \/>\n<meta name=\"robots\" content=\"index, follow, max-snippet:-1, max-image-preview:large, max-video-preview:-1\" \/>\n<link rel=\"canonical\" href=\"https:\/\/starforlife.org\/de\/\" \/>\n<meta property=\"og:locale\" content=\"de_DE\" \/>\n<meta property=\"og:type\" content=\"article\" \/>\n<meta property=\"og:title\" content=\"Wir f\u00f6rdern Schulkinder im s\u00fcdlichen Afrika | Gemeinn\u00fctzige Hilfsorganisation Star for Life Germany\" \/>\n<meta property=\"og:description\" content=\"Star for Life Germany f\u00f6rdert Selbstwertgef\u00fchl und Gesundheit von benachteiligten Kindern &amp; Jugendlichen im im s\u00fcdlichen Afrika. So helfen wir ihnen kluge Lebensentscheidungen zu treffen.\" \/>\n<meta property=\"og:site_name\" content=\"Star for Life\" \/>\n<meta property=\"article:publisher\" content=\"https:\/\/www.facebook.com\/starforlifeofficial\" \/>\n<meta property=\"article:modified_time\" content=\"2025-04-08T14:32:59+00:00\" \/>\n<meta property=\"og:image\" content=\"https:\/\/starforlife.org\/wp-content\/uploads\/2023\/08\/kufezekile.webp\" \/>\n\t<meta property=\"og:image:width\" content=\"1920\" \/>\n\t<meta property=\"og:image:height\" content=\"1440\" \/>\n\t<meta property=\"og:image:type\" content=\"image\/webp\" \/>\n<meta name=\"twitter:card\" content=\"summary_large_image\" \/>\n<script type=\"application\/ld+json\" class=\"yoast-schema-graph\">{\"@context\":\"https:\\\/\\\/schema.org\",\"@graph\":[{\"@type\":\"WebPage\",\"@id\":\"https:\\\/\\\/starforlife.org\\\/\",\"url\":\"https:\\\/\\\/starforlife.org\\\/de\\\/\",\"name\":\"Wir f\u00f6rdern Schulkinder im s\u00fcdlichen Afrika | Gemeinn\u00fctzige Hilfsorganisation Star for Life Germany\",\"isPartOf\":{\"@id\":\"https:\\\/\\\/starforlife.org\\\/#website\"},\"datePublished\":\"2024-02-13T11:40:56+00:00\",\"dateModified\":\"2025-04-08T14:32:59+00:00\",\"description\":\"Star for Life Germany f\u00f6rdert Selbstwertgef\u00fchl und Gesundheit von benachteiligten Kindern & Jugendlichen im im s\u00fcdlichen Afrika. So helfen wir ihnen kluge Lebensentscheidungen zu treffen.\",\"inLanguage\":\"de\",\"potentialAction\":[{\"@type\":\"ReadAction\",\"target\":[\"https:\\\/\\\/starforlife.org\\\/de\\\/\"]}]},{\"@type\":\"WebSite\",\"@id\":\"https:\\\/\\\/starforlife.org\\\/#website\",\"url\":\"https:\\\/\\\/starforlife.org\\\/\",\"name\":\"Star for Life\",\"description\":\"Empowering young people\",\"publisher\":{\"@id\":\"https:\\\/\\\/starforlife.org\\\/#organization\"},\"alternateName\":\"SFL\",\"potentialAction\":[{\"@type\":\"SearchAction\",\"target\":{\"@type\":\"EntryPoint\",\"urlTemplate\":\"https:\\\/\\\/starforlife.org\\\/?s={search_term_string}\"},\"query-input\":{\"@type\":\"PropertyValueSpecification\",\"valueRequired\":true,\"valueName\":\"search_term_string\"}}],\"inLanguage\":\"de\"},{\"@type\":\"Organization\",\"@id\":\"https:\\\/\\\/starforlife.org\\\/#organization\",\"name\":\"Star for life\",\"url\":\"https:\\\/\\\/starforlife.org\\\/\",\"logo\":{\"@type\":\"ImageObject\",\"inLanguage\":\"de\",\"@id\":\"https:\\\/\\\/starforlife.org\\\/#\\\/schema\\\/logo\\\/image\\\/\",\"url\":\"https:\\\/\\\/starforlife.org\\\/wp-content\\\/uploads\\\/2024\\\/02\\\/logga.svg\",\"contentUrl\":\"https:\\\/\\\/starforlife.org\\\/wp-content\\\/uploads\\\/2024\\\/02\\\/logga.svg\",\"width\":\"1024\",\"height\":\"1024\",\"caption\":\"Star for life\"},\"image\":{\"@id\":\"https:\\\/\\\/starforlife.org\\\/#\\\/schema\\\/logo\\\/image\\\/\"},\"sameAs\":[\"https:\\\/\\\/www.facebook.com\\\/starforlifeofficial\",\"https:\\\/\\\/www.linkedin.com\\\/company\\\/7063029\\\/\"]}]}<\/script>\n<!-- \/ Yoast SEO plugin. -->","yoast_head_json":{"title":"Wir f\u00f6rdern Schulkinder im s\u00fcdlichen Afrika | Gemeinn\u00fctzige Hilfsorganisation Star for Life Germany","description":"Star for Life Germany f\u00f6rdert Selbstwertgef\u00fchl und Gesundheit von benachteiligten Kindern & Jugendlichen im im s\u00fcdlichen Afrika. So helfen wir ihnen kluge Lebensentscheidungen zu treffen.","robots":{"index":"index","follow":"follow","max-snippet":"max-snippet:-1","max-image-preview":"max-image-preview:large","max-video-preview":"max-video-preview:-1"},"canonical":"https:\/\/starforlife.org\/de\/","og_locale":"de_DE","og_type":"article","og_title":"Wir f\u00f6rdern Schulkinder im s\u00fcdlichen Afrika | Gemeinn\u00fctzige Hilfsorganisation Star for Life Germany","og_description":"Star for Life Germany f\u00f6rdert Selbstwertgef\u00fchl und Gesundheit von benachteiligten Kindern & Jugendlichen im im s\u00fcdlichen Afrika. So helfen wir ihnen kluge Lebensentscheidungen zu treffen.","og_site_name":"Star for Life","article_publisher":"https:\/\/www.facebook.com\/starforlifeofficial","article_modified_time":"2025-04-08T14:32:59+00:00","og_image":[{"width":1920,"height":1440,"url":"https:\/\/starforlife.org\/wp-content\/uploads\/2023\/08\/kufezekile.webp","type":"image\/webp"}],"twitter_card":"summary_large_image","schema":{"@context":"https:\/\/schema.org","@graph":[{"@type":"WebPage","@id":"https:\/\/starforlife.org\/","url":"https:\/\/starforlife.org\/de\/","name":"Wir f\u00f6rdern Schulkinder im s\u00fcdlichen Afrika | Gemeinn\u00fctzige Hilfsorganisation Star for Life Germany","isPartOf":{"@id":"https:\/\/starforlife.org\/#website"},"datePublished":"2024-02-13T11:40:56+00:00","dateModified":"2025-04-08T14:32:59+00:00","description":"Star for Life Germany f\u00f6rdert Selbstwertgef\u00fchl und Gesundheit von benachteiligten Kindern & Jugendlichen im im s\u00fcdlichen Afrika. So helfen wir ihnen kluge Lebensentscheidungen zu treffen.","inLanguage":"de","potentialAction":[{"@type":"ReadAction","target":["https:\/\/starforlife.org\/de\/"]}]},{"@type":"WebSite","@id":"https:\/\/starforlife.org\/#website","url":"https:\/\/starforlife.org\/","name":"Star for Life","description":"Empowering young people","publisher":{"@id":"https:\/\/starforlife.org\/#organization"},"alternateName":"SFL","potentialAction":[{"@type":"SearchAction","target":{"@type":"EntryPoint","urlTemplate":"https:\/\/starforlife.org\/?s={search_term_string}"},"query-input":{"@type":"PropertyValueSpecification","valueRequired":true,"valueName":"search_term_string"}}],"inLanguage":"de"},{"@type":"Organization","@id":"https:\/\/starforlife.org\/#organization","name":"Star for life","url":"https:\/\/starforlife.org\/","logo":{"@type":"ImageObject","inLanguage":"de","@id":"https:\/\/starforlife.org\/#\/schema\/logo\/image\/","url":"https:\/\/starforlife.org\/wp-content\/uploads\/2024\/02\/logga.svg","contentUrl":"https:\/\/starforlife.org\/wp-content\/uploads\/2024\/02\/logga.svg","width":"1024","height":"1024","caption":"Star for life"},"image":{"@id":"https:\/\/starforlife.org\/#\/schema\/logo\/image\/"},"sameAs":["https:\/\/www.facebook.com\/starforlifeofficial","https:\/\/www.linkedin.com\/company\/7063029\/"]}]}},"_links":{"self":[{"href":"https:\/\/starforlife.org\/de\/wp-json\/wp\/v2\/pages\/37180","targetHints":{"allow":["GET"]}}],"collection":[{"href":"https:\/\/starforlife.org\/de\/wp-json\/wp\/v2\/pages"}],"about":[{"href":"https:\/\/starforlife.org\/de\/wp-json\/wp\/v2\/types\/page"}],"author":[{"embeddable":true,"href":"https:\/\/starforlife.org\/de\/wp-json\/wp\/v2\/users\/1"}],"replies":[{"embeddable":true,"href":"https:\/\/starforlife.org\/de\/wp-json\/wp\/v2\/comments?post=37180"}],"version-history":[{"count":12,"href":"https:\/\/starforlife.org\/de\/wp-json\/wp\/v2\/pages\/37180\/revisions"}],"predecessor-version":[{"id":39141,"href":"https:\/\/starforlife.org\/de\/wp-json\/wp\/v2\/pages\/37180\/revisions\/39141"}],"wp:attachment":[{"href":"https:\/\/starforlife.org\/de\/wp-json\/wp\/v2\/media?parent=37180"}],"curies":[{"name":"wp","href":"https:\/\/api.w.org\/{rel}","templated":true}]}}