{"id":29963,"date":"2022-10-11T13:39:00","date_gmt":"2022-10-11T12:39:00","guid":{"rendered":"https:\/\/starforlife.org\/?page_id=29963"},"modified":"2024-10-09T11:18:51","modified_gmt":"2024-10-09T10:18:51","slug":"impressum","status":"publish","type":"page","link":"https:\/\/starforlife.org\/de\/impressum\/","title":{"rendered":"Impressum"},"content":{"rendered":"<p>[et_pb_section fb_built=&#8220;1&#8243; custom_padding_last_edited=&#8220;on|phone&#8220; admin_label=&#8220;Sektion Text&#8220; _builder_version=&#8220;4.16&#8243; _module_preset=&#8220;default&#8220; background_color=&#8220;#FFFFFF&#8220; custom_margin=&#8220;0px||||false|false&#8220; custom_margin_tablet=&#8220;&#8220; custom_margin_phone=&#8220;0px||||false|false&#8220; custom_margin_last_edited=&#8220;on|phone&#8220; custom_padding=&#8220;30px||80px||false|false&#8220; custom_padding_tablet=&#8220;&#8220; custom_padding_phone=&#8220;15px||||false|false&#8220; locked=&#8220;off&#8220; global_colors_info=&#8220;{}&#8220;][et_pb_row custom_padding_last_edited=&#8220;on|phone&#8220; _builder_version=&#8220;4.16&#8243; _module_preset=&#8220;default&#8220; custom_padding_tablet=&#8220;||0px||false|false&#8220; custom_padding_phone=&#8220;&#8220; global_colors_info=&#8220;{}&#8220;][et_pb_column type=&#8220;4_4&#8243; _builder_version=&#8220;4.16&#8243; _module_preset=&#8220;default&#8220; global_colors_info=&#8220;{}&#8220;][et_pb_text admin_label=&#8220;Rubrik&#8220; _builder_version=&#8220;4.18.0&#8243; _module_preset=&#8220;default&#8220; header_text_align=&#8220;left&#8220; header_line_height=&#8220;1.3em&#8220; header_2_line_height=&#8220;1.3em&#8220; width=&#8220;94%&#8220; header_font_size_tablet=&#8220;35px&#8220; header_font_size_phone=&#8220;25px&#8220; header_font_size_last_edited=&#8220;on|phone&#8220; locked=&#8220;off&#8220; global_colors_info=&#8220;{}&#8220;]<\/p>\n<h1><strong>Impressum<\/strong><\/h1>\n<p>[\/et_pb_text][\/et_pb_column][\/et_pb_row][et_pb_row column_structure=&#8220;3_5,2_5&#8243; custom_padding_last_edited=&#8220;on|phone&#8220; _builder_version=&#8220;4.16&#8243; _module_preset=&#8220;default&#8220; custom_padding=&#8220;10px||||false|false&#8220; custom_padding_tablet=&#8220;10px||||false|false&#8220; custom_padding_phone=&#8220;10px||||false|false&#8220; global_colors_info=&#8220;{}&#8220;][et_pb_column type=&#8220;3_5&#8243; _builder_version=&#8220;4.16&#8243; _module_preset=&#8220;default&#8220; global_colors_info=&#8220;{}&#8220;][et_pb_text ul_item_indent=&#8220;25px&#8220; _builder_version=&#8220;4.27.0&#8243; _module_preset=&#8220;default&#8220; header_2_font_size=&#8220;23px&#8220; header_3_font_size=&#8220;19px&#8220; custom_margin=&#8220;|3%|||false|false&#8220; custom_margin_tablet=&#8220;&#8220; custom_margin_phone=&#8220;|0%|||false|false&#8220; custom_margin_last_edited=&#8220;on|phone&#8220; global_colors_info=&#8220;{}&#8220;]<\/p>\n<p style=\"font-weight: 400;\">Angaben gem\u00e4\u00df \u00a7 5 TMG i.V.m. \u00a7 18 MStV<br \/>\nStand: <span>16.05.2023<\/span><\/p>\n<p style=\"font-weight: 400;\"><strong>Star for Life Germany<br \/>\n<\/strong>Gemeinn\u00fctzige Stiftung des B\u00fcrgerlichen Rechts<br \/>\nDettinger Str. 157-159<br \/>\n73230 Kirchheim\/Teck<br \/>\nDeutschland<br \/>\n<a href=\"mailto:info@starforlife.de\">info@starforlife.de<\/a><\/p>\n<p style=\"font-weight: 400;\"><em><strong>Spendenkonto<br \/>\n<\/strong><\/em>Kreissparkasse Esslingen-N\u00fcrtingen<br \/>\nIBAN DE42 6115 0020 0104 0910 49<em>\u00a0<\/em><\/p>\n<p style=\"font-weight: 400;\"><strong>Stifter\/ Stiftungsvorsitz:<\/strong><br \/>\nHerr Dr. J\u00f6rg Mosolf<\/p>\n<p style=\"font-weight: 400;\"><strong>Stiftungsrat:<\/strong><br \/>\nDetthold Aden (Vorsitz)<br \/>\nProf. Dr.-Ing. Frank Straube<br \/>\nProf. Dr.-Ing. Thomas Wimmer<br \/>\nAndreas Hoetzel<\/p>\n<p style=\"font-weight: 400;\"><em><strong>Verantwortlich gem. \u00a7 18 Abs. 2 MStV<\/strong><\/em><span><br \/>\n<\/span><span><\/span><\/p>\n<div>Susanne Haumann<\/div>\n<div><span style=\"color: #000000;\"><a href=\"mailto:susanne.haumann@starforlife.de\">susanne.haumann@starforlife.de<\/a><\/span><\/div>\n<p style=\"font-weight: 400;\"><span>\u00a0<\/span><\/p>\n<p style=\"font-weight: 400;\">Das Copyright der verwendete Bilder- und Grafikmaterial liegt bei Star for Life Schweden. Andere Quellen werden direkt am Bild-\/ Video-Material angegeben.<\/p>\n<p style=\"font-weight: 400;\"><em>Disclaimer:<\/em><\/p>\n<p style=\"font-weight: 400;\"><strong>Inhalte dieser Website<\/strong><br \/>\nDie Inhalte dieser Website werden mit gr\u00f6\u00dftm\u00f6glicher Sorgfalt verfasst. Wir versuchen richtige, vollst\u00e4ndige und aktuelle Inhalte bereitzustellen. Wir \u00fcbernehmen keine Haftung f\u00fcr fremde Inhalte, z.B. namentlich gekennzeichnete Beitr\u00e4ge in unserem Pressecenter.<\/p>\n<p style=\"font-weight: 400;\"><strong>Urheberrechtshinweis<\/strong><br \/>\nDie Inhalte auf dieser und den \u00fcbrigen Seiten (einschlie\u00dflich der Texte, Bilder, Graphiken- und Animationsdateien) sowie die Gestaltung der Seiten unterliegen dem Urheberrecht der\u00a0Star for Life Sweden, bzw. den namentlich genannten Firmen. Die Verbreitung ist nur mit unserer schriftlichen Genehmigung zul\u00e4ssig.<\/p>\n<p>[\/et_pb_text][\/et_pb_column][et_pb_column type=&#8220;2_5&#8243; _builder_version=&#8220;4.16&#8243; _module_preset=&#8220;default&#8220; global_colors_info=&#8220;{}&#8220;][\/et_pb_column][\/et_pb_row][\/et_pb_section]<\/p>\n","protected":false},"excerpt":{"rendered":"<p>ImpressumAngaben gem\u00e4\u00df \u00a7 5 TMG i.V.m. \u00a7 18 MStV Stand: 16.05.2023 Star for Life Germany Gemeinn\u00fctzige Stiftung des B\u00fcrgerlichen Rechts Dettinger Str. 157-159 73230 Kirchheim\/Teck Deutschland info@starforlife.de Spendenkonto Kreissparkasse Esslingen-N\u00fcrtingen IBAN DE42 6115 0020 0104 0910 49\u00a0 Stifter\/ Stiftungsvorsitz: Herr Dr. J\u00f6rg Mosolf Stiftungsrat: Detthold Aden (Vorsitz) Prof. Dr.-Ing. Frank Straube Prof. Dr.-Ing. Thomas Wimmer [&hellip;]<\/p>\n","protected":false},"author":1,"featured_media":0,"parent":0,"menu_order":0,"comment_status":"closed","ping_status":"closed","template":"","meta":{"_acf_changed":false,"_et_pb_use_builder":"on","_et_pb_old_content":"","_et_gb_content_width":"","inline_featured_image":false,"footnotes":""},"class_list":["post-29963","page","type-page","status-publish","hentry"],"acf":[],"yoast_head":"<!-- This site is optimized with the Yoast SEO plugin v27.4 - https:\/\/yoast.com\/product\/yoast-seo-wordpress\/ -->\n<title>Impressum | Star for Life Germany<\/title>\n<meta name=\"robots\" content=\"index, follow, max-snippet:-1, max-image-preview:large, max-video-preview:-1\" \/>\n<link rel=\"canonical\" href=\"https:\/\/starforlife.org\/de\/impressum\/\" \/>\n<meta property=\"og:locale\" content=\"de_DE\" \/>\n<meta property=\"og:type\" content=\"article\" \/>\n<meta property=\"og:title\" content=\"Impressum | Star for Life Germany\" \/>\n<meta property=\"og:description\" content=\"ImpressumAngaben gem\u00e4\u00df \u00a7 5 TMG i.V.m. \u00a7 18 MStV Stand: 16.05.2023 Star for Life Germany Gemeinn\u00fctzige Stiftung des B\u00fcrgerlichen Rechts Dettinger Str. 157-159 73230 Kirchheim\/Teck Deutschland info@starforlife.de Spendenkonto Kreissparkasse Esslingen-N\u00fcrtingen IBAN DE42 6115 0020 0104 0910 49\u00a0 Stifter\/ Stiftungsvorsitz: Herr Dr. J\u00f6rg Mosolf Stiftungsrat: Detthold Aden (Vorsitz) Prof. Dr.-Ing. Frank Straube Prof. Dr.-Ing. Thomas Wimmer [&hellip;]\" \/>\n<meta property=\"og:site_name\" content=\"Star for Life\" \/>\n<meta property=\"article:publisher\" content=\"https:\/\/www.facebook.com\/starforlifeofficial\" \/>\n<meta property=\"article:modified_time\" content=\"2024-10-09T10:18:51+00:00\" \/>\n<meta property=\"og:image\" content=\"https:\/\/starforlife.org\/wp-content\/uploads\/2023\/08\/kufezekile.webp\" \/>\n\t<meta property=\"og:image:width\" content=\"1920\" \/>\n\t<meta property=\"og:image:height\" content=\"1440\" \/>\n\t<meta property=\"og:image:type\" content=\"image\/webp\" \/>\n<meta name=\"twitter:card\" content=\"summary_large_image\" \/>\n<meta name=\"twitter:label1\" content=\"Gesch\u00e4tzte Lesezeit\" \/>\n\t<meta name=\"twitter:data1\" content=\"1\u00a0Minute\" \/>\n<script type=\"application\/ld+json\" class=\"yoast-schema-graph\">{\"@context\":\"https:\\\/\\\/schema.org\",\"@graph\":[{\"@type\":\"WebPage\",\"@id\":\"https:\\\/\\\/starforlife.org\\\/de\\\/impressum\\\/\",\"url\":\"https:\\\/\\\/starforlife.org\\\/de\\\/impressum\\\/\",\"name\":\"Impressum | Star for Life Germany\",\"isPartOf\":{\"@id\":\"https:\\\/\\\/starforlife.org\\\/#website\"},\"datePublished\":\"2022-10-11T12:39:00+00:00\",\"dateModified\":\"2024-10-09T10:18:51+00:00\",\"inLanguage\":\"de\",\"potentialAction\":[{\"@type\":\"ReadAction\",\"target\":[\"https:\\\/\\\/starforlife.org\\\/de\\\/impressum\\\/\"]}]},{\"@type\":\"WebSite\",\"@id\":\"https:\\\/\\\/starforlife.org\\\/#website\",\"url\":\"https:\\\/\\\/starforlife.org\\\/\",\"name\":\"Star for Life\",\"description\":\"Empowering young people\",\"publisher\":{\"@id\":\"https:\\\/\\\/starforlife.org\\\/#organization\"},\"alternateName\":\"SFL\",\"potentialAction\":[{\"@type\":\"SearchAction\",\"target\":{\"@type\":\"EntryPoint\",\"urlTemplate\":\"https:\\\/\\\/starforlife.org\\\/?s={search_term_string}\"},\"query-input\":{\"@type\":\"PropertyValueSpecification\",\"valueRequired\":true,\"valueName\":\"search_term_string\"}}],\"inLanguage\":\"de\"},{\"@type\":\"Organization\",\"@id\":\"https:\\\/\\\/starforlife.org\\\/#organization\",\"name\":\"Star for life\",\"url\":\"https:\\\/\\\/starforlife.org\\\/\",\"logo\":{\"@type\":\"ImageObject\",\"inLanguage\":\"de\",\"@id\":\"https:\\\/\\\/starforlife.org\\\/#\\\/schema\\\/logo\\\/image\\\/\",\"url\":\"https:\\\/\\\/starforlife.org\\\/wp-content\\\/uploads\\\/2024\\\/02\\\/logga.svg\",\"contentUrl\":\"https:\\\/\\\/starforlife.org\\\/wp-content\\\/uploads\\\/2024\\\/02\\\/logga.svg\",\"width\":\"1024\",\"height\":\"1024\",\"caption\":\"Star for life\"},\"image\":{\"@id\":\"https:\\\/\\\/starforlife.org\\\/#\\\/schema\\\/logo\\\/image\\\/\"},\"sameAs\":[\"https:\\\/\\\/www.facebook.com\\\/starforlifeofficial\",\"https:\\\/\\\/www.linkedin.com\\\/company\\\/7063029\\\/\"]}]}<\/script>\n<!-- \/ Yoast SEO plugin. -->","yoast_head_json":{"title":"Impressum | Star for Life Germany","robots":{"index":"index","follow":"follow","max-snippet":"max-snippet:-1","max-image-preview":"max-image-preview:large","max-video-preview":"max-video-preview:-1"},"canonical":"https:\/\/starforlife.org\/de\/impressum\/","og_locale":"de_DE","og_type":"article","og_title":"Impressum | Star for Life Germany","og_description":"ImpressumAngaben gem\u00e4\u00df \u00a7 5 TMG i.V.m. \u00a7 18 MStV Stand: 16.05.2023 Star for Life Germany Gemeinn\u00fctzige Stiftung des B\u00fcrgerlichen Rechts Dettinger Str. 157-159 73230 Kirchheim\/Teck Deutschland info@starforlife.de Spendenkonto Kreissparkasse Esslingen-N\u00fcrtingen IBAN DE42 6115 0020 0104 0910 49\u00a0 Stifter\/ Stiftungsvorsitz: Herr Dr. J\u00f6rg Mosolf Stiftungsrat: Detthold Aden (Vorsitz) Prof. Dr.-Ing. Frank Straube Prof. Dr.-Ing. Thomas Wimmer [&hellip;]","og_site_name":"Star for Life","article_publisher":"https:\/\/www.facebook.com\/starforlifeofficial","article_modified_time":"2024-10-09T10:18:51+00:00","og_image":[{"width":1920,"height":1440,"url":"https:\/\/starforlife.org\/wp-content\/uploads\/2023\/08\/kufezekile.webp","type":"image\/webp"}],"twitter_card":"summary_large_image","twitter_misc":{"Gesch\u00e4tzte Lesezeit":"1\u00a0Minute"},"schema":{"@context":"https:\/\/schema.org","@graph":[{"@type":"WebPage","@id":"https:\/\/starforlife.org\/de\/impressum\/","url":"https:\/\/starforlife.org\/de\/impressum\/","name":"Impressum | Star for Life Germany","isPartOf":{"@id":"https:\/\/starforlife.org\/#website"},"datePublished":"2022-10-11T12:39:00+00:00","dateModified":"2024-10-09T10:18:51+00:00","inLanguage":"de","potentialAction":[{"@type":"ReadAction","target":["https:\/\/starforlife.org\/de\/impressum\/"]}]},{"@type":"WebSite","@id":"https:\/\/starforlife.org\/#website","url":"https:\/\/starforlife.org\/","name":"Star for Life","description":"Empowering young people","publisher":{"@id":"https:\/\/starforlife.org\/#organization"},"alternateName":"SFL","potentialAction":[{"@type":"SearchAction","target":{"@type":"EntryPoint","urlTemplate":"https:\/\/starforlife.org\/?s={search_term_string}"},"query-input":{"@type":"PropertyValueSpecification","valueRequired":true,"valueName":"search_term_string"}}],"inLanguage":"de"},{"@type":"Organization","@id":"https:\/\/starforlife.org\/#organization","name":"Star for life","url":"https:\/\/starforlife.org\/","logo":{"@type":"ImageObject","inLanguage":"de","@id":"https:\/\/starforlife.org\/#\/schema\/logo\/image\/","url":"https:\/\/starforlife.org\/wp-content\/uploads\/2024\/02\/logga.svg","contentUrl":"https:\/\/starforlife.org\/wp-content\/uploads\/2024\/02\/logga.svg","width":"1024","height":"1024","caption":"Star for life"},"image":{"@id":"https:\/\/starforlife.org\/#\/schema\/logo\/image\/"},"sameAs":["https:\/\/www.facebook.com\/starforlifeofficial","https:\/\/www.linkedin.com\/company\/7063029\/"]}]}},"_links":{"self":[{"href":"https:\/\/starforlife.org\/de\/wp-json\/wp\/v2\/pages\/29963","targetHints":{"allow":["GET"]}}],"collection":[{"href":"https:\/\/starforlife.org\/de\/wp-json\/wp\/v2\/pages"}],"about":[{"href":"https:\/\/starforlife.org\/de\/wp-json\/wp\/v2\/types\/page"}],"author":[{"embeddable":true,"href":"https:\/\/starforlife.org\/de\/wp-json\/wp\/v2\/users\/1"}],"replies":[{"embeddable":true,"href":"https:\/\/starforlife.org\/de\/wp-json\/wp\/v2\/comments?post=29963"}],"version-history":[{"count":12,"href":"https:\/\/starforlife.org\/de\/wp-json\/wp\/v2\/pages\/29963\/revisions"}],"predecessor-version":[{"id":39194,"href":"https:\/\/starforlife.org\/de\/wp-json\/wp\/v2\/pages\/29963\/revisions\/39194"}],"wp:attachment":[{"href":"https:\/\/starforlife.org\/de\/wp-json\/wp\/v2\/media?parent=29963"}],"curies":[{"name":"wp","href":"https:\/\/api.w.org\/{rel}","templated":true}]}}